{"id":1117,"date":"2020-05-25T15:18:36","date_gmt":"2020-05-25T13:18:36","guid":{"rendered":"http:\/\/www.arcon-software.de\/?page_id=1117"},"modified":"2020-08-29T17:46:40","modified_gmt":"2020-08-29T15:46:40","slug":"galerie","status":"publish","type":"page","link":"https:\/\/www.arcon-software.com\/de\/galerie\/","title":{"rendered":"Galerie"},"content":{"rendered":"<section class=\"l-section wpb_row as-headerbackground0 height_medium\"><div class=\"l-section-h i-cf\"><div class=\"g-cols vc_row via_grid cols_1 laptops-cols_inherit tablets-cols_inherit mobiles-cols_1 valign_bottom type_default stacking_default\"><div class=\"wpb_column vc_column_container\"><div class=\"vc_column-inner\"><\/div><\/div><\/div><\/div><\/section><section class=\"l-section wpb_row height_auto\"><div class=\"l-section-h i-cf\"><div class=\"g-cols vc_row via_grid cols_1 laptops-cols_inherit tablets-cols_inherit mobiles-cols_1 valign_top type_default stacking_default\"><div class=\"wpb_column vc_column_container\"><div class=\"vc_column-inner\"><\/div><\/div><\/div><\/div><\/section><section class=\"l-section wpb_row as-headerbg height_small\" id=\"begin\"><div class=\"l-section-h i-cf\"><div class=\"g-cols vc_row via_grid cols_1 laptops-cols_inherit tablets-cols_inherit mobiles-cols_1 valign_top type_default stacking_default\"><div class=\"wpb_column vc_column_container\"><div class=\"vc_column-inner\"><div class=\"wpb_text_column as-heading1\"><div class=\"wpb_wrapper\"><h1>Beispielbilder aus ArCon planTEK und cadvilla<\/h1>\n<\/div><\/div><\/div><\/div><\/div><\/div><\/section><section class=\"l-section wpb_row height_medium\" id=\"arcon\"><div class=\"l-section-h i-cf\"><div class=\"g-cols vc_row via_grid cols_1 laptops-cols_inherit tablets-cols_inherit mobiles-cols_1 valign_top type_default stacking_default\"><div class=\"wpb_column vc_column_container\"><div class=\"vc_column-inner\"><div class=\"wpb_text_column\"><div class=\"wpb_wrapper\"><h2>Bilder zur Benutzeroberfl\u00e4che von ArCon<\/h2>\n<\/div><\/div><div class=\"wpb_text_column\"><div class=\"wpb_wrapper\"><p>Die Eingabe des Grundrisses erfolgt in ArCon im sogenannten Konstruktionsmodus (in der 2D Draufsicht). Die Texturierung einzelner Fl\u00e4chen und die M\u00f6blierung erfolgt vorzugsweise im Designmodus (direkt in der 3D Ansicht \/ 3D Draufsicht). Definierte Schnitte und Seitenansichten werden automatisch berechnet und k\u00f6nnen entweder im Vollbildmodus oder als Fenster in der 2D Planung dargestellt werden. Ein zus\u00e4tzliches Konstruieren in Schnitten und Seitenansichten ist jedoch nicht m\u00f6glich.<\/p>\n<p>Hinweis: Nachfolgende Screenshots der Benutzeroberfl\u00e4che wurden mit einem <strong>Musterhaus aus ArCon<\/strong> erstellt.<\/p>\n<\/div><\/div><div class=\"w-grid us_grid type_grid layout_gallery_default cols_2 preload_style_spinner\" id=\"us_grid_1\" style=\"--columns:2;--gap:1.5rem;\" data-filterable=\"true\"><style>@media (max-width:600px){#us_grid_1{--columns:1!important}}.layout_gallery_default .w-grid-item-h{}<\/style><div class=\"w-grid-list\">\t<article class=\"w-grid-item size_1x1 post-1141 attachment type-attachment status-inherit hentry\" data-id=\"1141\">\r\n\t\t<div class=\"w-grid-item-h\">\r\n\t\t\t\t\t\t\t<a ref=\"magnificPopupGrid\" href=\"https:\/\/www.arcon-software.com\/wp-content\/uploads\/arcon-konstruktionsmodus-2.png\" class=\"w-grid-item-anchor\" aria-label=\"Konstruktionsmodus mit Darstellung aktiven Geschosses\"><\/a>\r\n\t\t\t\t\t\t<div class=\"w-post-elm post_image usg_post_image_1 stretched\"><img loading=\"lazy\" decoding=\"async\" width=\"1680\" height=\"1010\" src=\"https:\/\/www.arcon-software.com\/wp-content\/uploads\/arcon-konstruktionsmodus-2.png\" class=\"attachment-large size-large\" alt=\"Konstruktionsmodus mit Darstellung aktiven Geschosses\" srcset=\"https:\/\/www.arcon-software.com\/wp-content\/uploads\/arcon-konstruktionsmodus-2.png 1680w, https:\/\/www.arcon-software.com\/wp-content\/uploads\/arcon-konstruktionsmodus-2-80x48.png 80w\" sizes=\"auto, (max-width: 1680px) 100vw, 1680px\" \/><\/div>\t\t<\/div>\r\n\t\t\t<\/article>\r\n\t<article class=\"w-grid-item size_1x1 post-1121 attachment type-attachment status-inherit hentry\" data-id=\"1121\">\r\n\t\t<div class=\"w-grid-item-h\">\r\n\t\t\t\t\t\t\t<a ref=\"magnificPopupGrid\" href=\"https:\/\/www.arcon-software.com\/wp-content\/uploads\/arcon-designmodus.jpg\" class=\"w-grid-item-anchor\" aria-label=\"Designmodus mit der Ansicht des Geb\u00e4udes in 3D\"><\/a>\r\n\t\t\t\t\t\t<div class=\"w-post-elm post_image usg_post_image_1 stretched\"><img loading=\"lazy\" decoding=\"async\" width=\"1680\" height=\"1010\" src=\"https:\/\/www.arcon-software.com\/wp-content\/uploads\/arcon-designmodus.jpg\" class=\"attachment-large size-large\" alt=\"Designmodus mit der Ansicht des Geb\u00e4udes in 3D\" srcset=\"https:\/\/www.arcon-software.com\/wp-content\/uploads\/arcon-designmodus.jpg 1680w, https:\/\/www.arcon-software.com\/wp-content\/uploads\/arcon-designmodus-80x48.jpg 80w\" sizes=\"auto, (max-width: 1680px) 100vw, 1680px\" \/><\/div>\t\t<\/div>\r\n\t\t\t<\/article>\r\n\t<article class=\"w-grid-item size_1x1 post-1138 attachment type-attachment status-inherit hentry\" data-id=\"1138\">\r\n\t\t<div class=\"w-grid-item-h\">\r\n\t\t\t\t\t\t\t<a ref=\"magnificPopupGrid\" href=\"https:\/\/www.arcon-software.com\/wp-content\/uploads\/arcon-schnitte.png\" class=\"w-grid-item-anchor\" aria-label=\"Darstellung von Seitenansichten im gesamten Fenster\"><\/a>\r\n\t\t\t\t\t\t<div class=\"w-post-elm post_image usg_post_image_1 stretched\"><img loading=\"lazy\" decoding=\"async\" width=\"1680\" height=\"1010\" src=\"https:\/\/www.arcon-software.com\/wp-content\/uploads\/arcon-schnitte.png\" class=\"attachment-large size-large\" alt=\"Darstellung von Seitenansichten im gesamten Fenster\" srcset=\"https:\/\/www.arcon-software.com\/wp-content\/uploads\/arcon-schnitte.png 1680w, https:\/\/www.arcon-software.com\/wp-content\/uploads\/arcon-schnitte-80x48.png 80w\" sizes=\"auto, (max-width: 1680px) 100vw, 1680px\" \/><\/div>\t\t<\/div>\r\n\t\t\t<\/article>\r\n\t<article class=\"w-grid-item size_1x1 post-1118 attachment type-attachment status-inherit hentry\" data-id=\"1118\">\r\n\t\t<div class=\"w-grid-item-h\">\r\n\t\t\t\t\t\t\t<a ref=\"magnificPopupGrid\" href=\"https:\/\/www.arcon-software.com\/wp-content\/uploads\/arcon-konstruktionsmodus.png\" class=\"w-grid-item-anchor\" aria-label=\"Darstellung von Schnittfensters als Rechteck in der Planung\"><\/a>\r\n\t\t\t\t\t\t<div class=\"w-post-elm post_image usg_post_image_1 stretched\"><img loading=\"lazy\" decoding=\"async\" width=\"1680\" height=\"1010\" src=\"https:\/\/www.arcon-software.com\/wp-content\/uploads\/arcon-konstruktionsmodus.png\" class=\"attachment-large size-large\" alt=\"Darstellung von Schnittfensters als Rechteck in der Planung\" srcset=\"https:\/\/www.arcon-software.com\/wp-content\/uploads\/arcon-konstruktionsmodus.png 1680w, https:\/\/www.arcon-software.com\/wp-content\/uploads\/arcon-konstruktionsmodus-80x48.png 80w\" sizes=\"auto, (max-width: 1680px) 100vw, 1680px\" \/><\/div>\t\t<\/div>\r\n\t\t\t<\/article>\r\n<\/div>\t<div class=\"w-grid-preloader\">\r\n\t\t<div class=\"g-preloader type_1\">\r\n\t\t\t<div><\/div>\r\n\t\t<\/div>\r\n\t<\/div>\r\n\t\t<div class=\"w-grid-json hidden\" onclick='return {&quot;action&quot;:&quot;us_ajax_grid&quot;,&quot;infinite_scroll&quot;:0,&quot;max_num_pages&quot;:1,&quot;pagination&quot;:&quot;none&quot;,&quot;template_vars&quot;:{&quot;columns&quot;:&quot;2&quot;,&quot;exclude_items&quot;:&quot;none&quot;,&quot;img_size&quot;:&quot;default&quot;,&quot;ignore_items_size&quot;:0,&quot;items_layout&quot;:&quot;gallery_default&quot;,&quot;items_offset&quot;:&quot;1&quot;,&quot;load_animation&quot;:&quot;none&quot;,&quot;overriding_link&quot;:&quot;%7B%22type%22%3A%22popup_image%22%7D&quot;,&quot;post_id&quot;:0,&quot;query_args&quot;:{&quot;post_type&quot;:[&quot;attachment&quot;],&quot;post__in&quot;:[&quot;1141&quot;,&quot;1121&quot;,&quot;1138&quot;,&quot;1118&quot;],&quot;post_status&quot;:&quot;inherit&quot;,&quot;post_mime_type&quot;:&quot;image&quot;,&quot;posts_per_page&quot;:&quot;4&quot;},&quot;orderby_query_args&quot;:{&quot;orderby&quot;:{&quot;post__in&quot;:&quot;ASC&quot;},&quot;order&quot;:&quot;ASC&quot;},&quot;type&quot;:&quot;grid&quot;,&quot;us_grid_post_type&quot;:&quot;attachment&quot;,&quot;us_grid_ajax_index&quot;:1,&quot;us_grid_filter_query_string&quot;:null,&quot;us_grid_index&quot;:1,&quot;page_args&quot;:[]}}'><\/div>\r\n\t<\/div><\/div><\/div><\/div><\/div><\/section><section class=\"l-section wpb_row height_small\" id=\"cadvilla\"><div class=\"l-section-h i-cf\"><div class=\"g-cols vc_row via_grid cols_1 laptops-cols_inherit tablets-cols_inherit mobiles-cols_1 valign_top type_default stacking_default\"><div class=\"wpb_column vc_column_container\"><div class=\"vc_column-inner\"><div class=\"wpb_text_column\"><div class=\"wpb_wrapper\"><h2>Bilder zur moderneren Benutzeroberfl\u00e4che von cadvilla<\/h2>\n<\/div><\/div><div class=\"wpb_text_column\"><div class=\"wpb_wrapper\"><p>Prinzipiell ist es in cadvilla so, dass immer s\u00e4mtliche Eingaben direkt am (im Hintergrund erstellten) 3D Modell des Projekts erfolgen. Zur vereinfachten Erfassung des Grundrisses und weiterer Details erfolgt die Eingabe der Elemente (z.B. W\u00e4nde, Fenster, T\u00fcren, M\u00f6blierung &#8230;) dabei \u00fcber unterschiedliche Sichten auf das 3D Modell. Eine Sicht auf das Modell kann dabei beispielsweise eine 2D Draufsicht, eine 2D Seitenansicht, ein 2D Schnitt oder eine 3D Ansicht sein.<\/p>\n<p><span class=\"as-headertext-functions\"><strong>Hinweis:<\/strong> Zum Vergleich zwischen den Benutzeroberfl\u00e4chen von ArCon und cadvilla haben wir das komplette <strong>Musterprojekt aus ArCon<\/strong> in cadvilla importiert (ab cadvilla professional m\u00f6glich). Alle im Projekt dargestellten Texturen und M\u00f6blierungen stammen daher direkt aus ArCon und <strong>zeigen noch nicht die erweiterten M\u00f6glichkeiten<\/strong> und Kataloginhalte <strong>von cadvilla<\/strong>.<\/span><\/p>\n<\/div><\/div><div class=\"w-grid us_grid type_grid layout_gallery_default cols_2 preload_style_spinner\" id=\"us_grid_2\" style=\"--columns:2;--gap:1.5rem;\" data-filterable=\"true\"><style>@media (max-width:600px){#us_grid_2{--columns:1!important}}<\/style><div class=\"w-grid-list\">\t<article class=\"w-grid-item size_1x1 post-1205 attachment type-attachment status-inherit hentry\" data-id=\"1205\">\r\n\t\t<div class=\"w-grid-item-h\">\r\n\t\t\t\t\t\t\t<a ref=\"magnificPopupGrid\" href=\"https:\/\/www.arcon-software.com\/wp-content\/uploads\/boehne-cadvilla1.png\" class=\"w-grid-item-anchor\" aria-label=\"2D Ansicht mit Darstellung des aktiven Geschosses\"><\/a>\r\n\t\t\t\t\t\t<div class=\"w-post-elm post_image usg_post_image_1 stretched\"><img loading=\"lazy\" decoding=\"async\" width=\"1680\" height=\"1011\" src=\"https:\/\/www.arcon-software.com\/wp-content\/uploads\/boehne-cadvilla1.png\" class=\"attachment-large size-large\" alt=\"2D Ansicht mit Darstellung des aktiven Geschosses\" srcset=\"https:\/\/www.arcon-software.com\/wp-content\/uploads\/boehne-cadvilla1.png 1680w, https:\/\/www.arcon-software.com\/wp-content\/uploads\/boehne-cadvilla1-80x48.png 80w\" sizes=\"auto, (max-width: 1680px) 100vw, 1680px\" \/><\/div>\t\t<\/div>\r\n\t\t\t<\/article>\r\n\t<article class=\"w-grid-item size_1x1 post-1211 attachment type-attachment status-inherit hentry\" data-id=\"1211\">\r\n\t\t<div class=\"w-grid-item-h\">\r\n\t\t\t\t\t\t\t<a ref=\"magnificPopupGrid\" href=\"https:\/\/www.arcon-software.com\/wp-content\/uploads\/boehne-cadvilla2.jpg\" class=\"w-grid-item-anchor\" aria-label=\"Darstellung des gesamten Projekts in einer 3D Ansicht\"><\/a>\r\n\t\t\t\t\t\t<div class=\"w-post-elm post_image usg_post_image_1 stretched\"><img loading=\"lazy\" decoding=\"async\" width=\"1680\" height=\"1011\" src=\"https:\/\/www.arcon-software.com\/wp-content\/uploads\/boehne-cadvilla2.jpg\" class=\"attachment-large size-large\" alt=\"Darstellung des gesamten Projekts in einer 3D Ansicht\" srcset=\"https:\/\/www.arcon-software.com\/wp-content\/uploads\/boehne-cadvilla2.jpg 1680w, https:\/\/www.arcon-software.com\/wp-content\/uploads\/boehne-cadvilla2-80x48.jpg 80w\" sizes=\"auto, (max-width: 1680px) 100vw, 1680px\" \/><\/div>\t\t<\/div>\r\n\t\t\t<\/article>\r\n\t<article class=\"w-grid-item size_1x1 post-1208 attachment type-attachment status-inherit hentry\" data-id=\"1208\">\r\n\t\t<div class=\"w-grid-item-h\">\r\n\t\t\t\t\t\t\t<a ref=\"magnificPopupGrid\" href=\"https:\/\/www.arcon-software.com\/wp-content\/uploads\/boehne-cadvilla3.jpg\" class=\"w-grid-item-anchor\" aria-label=\"Zwei Sichten auf das Projekt (Draufsicht, 3D Ansicht). S\u00e4mtliche Eingaben und Selektionen von Elementen werden in allen Ansichten in Echtzeit dargestellt.\"><\/a>\r\n\t\t\t\t\t\t<div class=\"w-post-elm post_image usg_post_image_1 stretched\"><img loading=\"lazy\" decoding=\"async\" width=\"1680\" height=\"1011\" src=\"https:\/\/www.arcon-software.com\/wp-content\/uploads\/boehne-cadvilla3.jpg\" class=\"attachment-large size-large\" alt=\"Zwei Sichten auf das Projekt (Draufsicht, 3D Ansicht). S\u00e4mtliche Eingaben und Selektionen von Elementen werden in allen Ansichten in Echtzeit dargestellt.\" srcset=\"https:\/\/www.arcon-software.com\/wp-content\/uploads\/boehne-cadvilla3.jpg 1680w, https:\/\/www.arcon-software.com\/wp-content\/uploads\/boehne-cadvilla3-80x48.jpg 80w\" sizes=\"auto, (max-width: 1680px) 100vw, 1680px\" \/><\/div>\t\t<\/div>\r\n\t\t\t<\/article>\r\n\t<article class=\"w-grid-item size_1x1 post-1202 attachment type-attachment status-inherit hentry\" data-id=\"1202\">\r\n\t\t<div class=\"w-grid-item-h\">\r\n\t\t\t\t\t\t\t<a ref=\"magnificPopupGrid\" href=\"https:\/\/www.arcon-software.com\/wp-content\/uploads\/boehne-cadvilla4.png\" class=\"w-grid-item-anchor\" aria-label=\"Bearbeiten eines selektierten Fensters im Fensterdialog. Das selektierte Element wird zur Kontrolle gleichzeitig in allen Ansichten rot dargestellt.\"><\/a>\r\n\t\t\t\t\t\t<div class=\"w-post-elm post_image usg_post_image_1 stretched\"><img loading=\"lazy\" decoding=\"async\" width=\"1680\" height=\"1011\" src=\"https:\/\/www.arcon-software.com\/wp-content\/uploads\/boehne-cadvilla4.png\" class=\"attachment-large size-large\" alt=\"Bearbeiten eines selektierten Fensters im Fensterdialog. Das selektierte Element wird zur Kontrolle gleichzeitig in allen Ansichten rot dargestellt.\" srcset=\"https:\/\/www.arcon-software.com\/wp-content\/uploads\/boehne-cadvilla4.png 1680w, https:\/\/www.arcon-software.com\/wp-content\/uploads\/boehne-cadvilla4-80x48.png 80w\" sizes=\"auto, (max-width: 1680px) 100vw, 1680px\" \/><\/div>\t\t<\/div>\r\n\t\t\t<\/article>\r\n\t<article class=\"w-grid-item size_1x1 post-1199 attachment type-attachment status-inherit hentry\" data-id=\"1199\">\r\n\t\t<div class=\"w-grid-item-h\">\r\n\t\t\t\t\t\t\t<a ref=\"magnificPopupGrid\" href=\"https:\/\/www.arcon-software.com\/wp-content\/uploads\/boehne-cadvilla5.png\" class=\"w-grid-item-anchor\" aria-label=\"Bearbeiten eines Projekts mit Hilfe mehrerer Sichten auf das Projekt (Draufsichten auf einzelne Geschosse, Seitenansichten, 3D Ansicht). Ein Element kann in jeder beliebigen Ansicht eingegeben und weiter bearbeitet werden. Das (selektierte) Element wird dabei immer in Echtzeit in jeder ge\u00f6ffneten Ansicht dargestellt.\"><\/a>\r\n\t\t\t\t\t\t<div class=\"w-post-elm post_image usg_post_image_1 stretched\"><img loading=\"lazy\" decoding=\"async\" width=\"1680\" height=\"1011\" src=\"https:\/\/www.arcon-software.com\/wp-content\/uploads\/boehne-cadvilla5.png\" class=\"attachment-large size-large\" alt=\"Bearbeiten eines Projekts mit Hilfe mehrerer Sichten auf das Projekt (Draufsichten auf einzelne Geschosse, Seitenansichten, 3D Ansicht). Ein Element kann in jeder beliebigen Ansicht eingegeben und weiter bearbeitet werden. Das (selektierte) Element wird dabei immer in Echtzeit in jeder ge\u00f6ffneten Ansicht dargestellt.\" srcset=\"https:\/\/www.arcon-software.com\/wp-content\/uploads\/boehne-cadvilla5.png 1680w, https:\/\/www.arcon-software.com\/wp-content\/uploads\/boehne-cadvilla5-80x48.png 80w\" sizes=\"auto, (max-width: 1680px) 100vw, 1680px\" \/><\/div>\t\t<\/div>\r\n\t\t\t<\/article>\r\n\t<article class=\"w-grid-item size_1x1 post-1196 attachment type-attachment status-inherit hentry\" data-id=\"1196\">\r\n\t\t<div class=\"w-grid-item-h\">\r\n\t\t\t\t\t\t\t<a ref=\"magnificPopupGrid\" href=\"https:\/\/www.arcon-software.com\/wp-content\/uploads\/boehne-cadvilla6.png\" class=\"w-grid-item-anchor\" aria-label=\"Planzusammenstellung f\u00fcr das Musterhaus. Alle Geschosse, Seitenansichten, Schnitte und 3D Ansichten k\u00f6nnen damit auf einem Gesamtplan positioniert werden. Das Modul f\u00fcr die Planzusammenstellung ist in den Versionen ab cadvilla professional mit enthalten.\"><\/a>\r\n\t\t\t\t\t\t<div class=\"w-post-elm post_image usg_post_image_1 stretched\"><img loading=\"lazy\" decoding=\"async\" width=\"1680\" height=\"1011\" src=\"https:\/\/www.arcon-software.com\/wp-content\/uploads\/boehne-cadvilla6.png\" class=\"attachment-large size-large\" alt=\"Planzusammenstellung f\u00fcr das Musterhaus. Alle Geschosse, Seitenansichten, Schnitte und 3D Ansichten k\u00f6nnen damit auf einem Gesamtplan positioniert werden. Das Modul f\u00fcr die Planzusammenstellung ist in den Versionen ab cadvilla professional mit enthalten.\" srcset=\"https:\/\/www.arcon-software.com\/wp-content\/uploads\/boehne-cadvilla6.png 1680w, https:\/\/www.arcon-software.com\/wp-content\/uploads\/boehne-cadvilla6-80x48.png 80w\" sizes=\"auto, (max-width: 1680px) 100vw, 1680px\" \/><\/div>\t\t<\/div>\r\n\t\t\t<\/article>\r\n<\/div>\t<div class=\"w-grid-preloader\">\r\n\t\t<div class=\"g-preloader type_1\">\r\n\t\t\t<div><\/div>\r\n\t\t<\/div>\r\n\t<\/div>\r\n\t\t<div class=\"w-grid-json hidden\" onclick='return {&quot;action&quot;:&quot;us_ajax_grid&quot;,&quot;infinite_scroll&quot;:0,&quot;max_num_pages&quot;:1,&quot;pagination&quot;:&quot;none&quot;,&quot;template_vars&quot;:{&quot;columns&quot;:&quot;2&quot;,&quot;exclude_items&quot;:&quot;none&quot;,&quot;img_size&quot;:&quot;default&quot;,&quot;ignore_items_size&quot;:0,&quot;items_layout&quot;:&quot;gallery_default&quot;,&quot;items_offset&quot;:&quot;1&quot;,&quot;load_animation&quot;:&quot;none&quot;,&quot;overriding_link&quot;:&quot;%7B%22type%22%3A%22popup_image%22%7D&quot;,&quot;post_id&quot;:0,&quot;query_args&quot;:{&quot;post_type&quot;:[&quot;attachment&quot;],&quot;post__in&quot;:[&quot;1205&quot;,&quot;1211&quot;,&quot;1208&quot;,&quot;1202&quot;,&quot;1199&quot;,&quot;1196&quot;],&quot;post_status&quot;:&quot;inherit&quot;,&quot;post_mime_type&quot;:&quot;image&quot;,&quot;posts_per_page&quot;:&quot;6&quot;},&quot;orderby_query_args&quot;:{&quot;orderby&quot;:{&quot;post__in&quot;:&quot;ASC&quot;},&quot;order&quot;:&quot;ASC&quot;},&quot;type&quot;:&quot;grid&quot;,&quot;us_grid_post_type&quot;:&quot;attachment&quot;,&quot;us_grid_ajax_index&quot;:2,&quot;us_grid_filter_query_string&quot;:null,&quot;us_grid_index&quot;:2,&quot;page_args&quot;:[]}}'><\/div>\r\n\t<\/div><\/div><\/div><\/div><\/div><\/section>\n","protected":false},"excerpt":{"rendered":"","protected":false},"author":1,"featured_media":0,"parent":0,"menu_order":0,"comment_status":"closed","ping_status":"closed","template":"","meta":{"footnotes":""},"class_list":["post-1117","page","type-page","status-publish","hentry"],"yoast_head":"<!-- This site is optimized with the Yoast SEO plugin v27.5 - https:\/\/yoast.com\/product\/yoast-seo-wordpress\/ -->\n<title>Galerie<\/title>\n<meta name=\"description\" content=\"Hier finden sie Beispielbilder der Benutzeroberfl\u00e4che von ArCon planTEK und cadvilla im Vergleich.\" \/>\n<meta name=\"robots\" content=\"index, follow, max-snippet:-1, max-image-preview:large, max-video-preview:-1\" \/>\n<link rel=\"canonical\" href=\"https:\/\/www.arcon-software.com\/de\/galerie\/\" \/>\n<meta property=\"og:locale\" content=\"de_DE\" \/>\n<meta property=\"og:type\" content=\"article\" \/>\n<meta property=\"og:title\" content=\"Galerie\" \/>\n<meta property=\"og:description\" content=\"Hier finden sie Beispielbilder der Benutzeroberfl\u00e4che von ArCon planTEK und cadvilla im Vergleich.\" \/>\n<meta property=\"og:url\" content=\"https:\/\/www.arcon-software.com\/de\/galerie\/\" \/>\n<meta property=\"og:site_name\" content=\"ArCon Software\" \/>\n<meta property=\"article:modified_time\" content=\"2020-08-29T15:46:40+00:00\" \/>\n<meta name=\"twitter:card\" content=\"summary_large_image\" \/>\n<meta name=\"twitter:label1\" content=\"Gesch\u00e4tzte Lesezeit\" \/>\n\t<meta name=\"twitter:data1\" content=\"2\u00a0Minuten\" \/>\n<script type=\"application\/ld+json\" class=\"yoast-schema-graph\">{\"@context\":\"https:\\\/\\\/schema.org\",\"@graph\":[{\"@type\":\"WebPage\",\"@id\":\"https:\\\/\\\/www.arcon-software.com\\\/de\\\/galerie\\\/\",\"url\":\"https:\\\/\\\/www.arcon-software.com\\\/de\\\/galerie\\\/\",\"name\":\"Galerie\",\"isPartOf\":{\"@id\":\"https:\\\/\\\/www.arcon-software.com\\\/de\\\/#website\"},\"datePublished\":\"2020-05-25T13:18:36+00:00\",\"dateModified\":\"2020-08-29T15:46:40+00:00\",\"description\":\"Hier finden sie Beispielbilder der Benutzeroberfl\u00e4che von ArCon planTEK und cadvilla im Vergleich.\",\"breadcrumb\":{\"@id\":\"https:\\\/\\\/www.arcon-software.com\\\/de\\\/galerie\\\/#breadcrumb\"},\"inLanguage\":\"de\",\"potentialAction\":[{\"@type\":\"ReadAction\",\"target\":[\"https:\\\/\\\/www.arcon-software.com\\\/de\\\/galerie\\\/\"]}]},{\"@type\":\"BreadcrumbList\",\"@id\":\"https:\\\/\\\/www.arcon-software.com\\\/de\\\/galerie\\\/#breadcrumb\",\"itemListElement\":[{\"@type\":\"ListItem\",\"position\":1,\"name\":\"Startseite\",\"item\":\"https:\\\/\\\/www.arcon-software.com\\\/de\\\/\"},{\"@type\":\"ListItem\",\"position\":2,\"name\":\"Galerie\"}]},{\"@type\":\"WebSite\",\"@id\":\"https:\\\/\\\/www.arcon-software.com\\\/de\\\/#website\",\"url\":\"https:\\\/\\\/www.arcon-software.com\\\/de\\\/\",\"name\":\"ArCon Software\",\"description\":\"\",\"publisher\":{\"@id\":\"https:\\\/\\\/www.arcon-software.com\\\/de\\\/#organization\"},\"potentialAction\":[{\"@type\":\"SearchAction\",\"target\":{\"@type\":\"EntryPoint\",\"urlTemplate\":\"https:\\\/\\\/www.arcon-software.com\\\/de\\\/?s={search_term_string}\"},\"query-input\":{\"@type\":\"PropertyValueSpecification\",\"valueRequired\":true,\"valueName\":\"search_term_string\"}}],\"inLanguage\":\"de\"},{\"@type\":\"Organization\",\"@id\":\"https:\\\/\\\/www.arcon-software.com\\\/de\\\/#organization\",\"name\":\"ArCon Software\",\"url\":\"https:\\\/\\\/www.arcon-software.com\\\/de\\\/\",\"logo\":{\"@type\":\"ImageObject\",\"inLanguage\":\"de\",\"@id\":\"https:\\\/\\\/www.arcon-software.com\\\/de\\\/#\\\/schema\\\/logo\\\/image\\\/\",\"url\":\"https:\\\/\\\/www.arcon-software.com\\\/wp-content\\\/uploads\\\/arcon_plantek24.png\",\"contentUrl\":\"https:\\\/\\\/www.arcon-software.com\\\/wp-content\\\/uploads\\\/arcon_plantek24.png\",\"width\":24,\"height\":24,\"caption\":\"ArCon Software\"},\"image\":{\"@id\":\"https:\\\/\\\/www.arcon-software.com\\\/de\\\/#\\\/schema\\\/logo\\\/image\\\/\"}}]}<\/script>\n<!-- \/ Yoast SEO plugin. -->","yoast_head_json":{"title":"Galerie","description":"Hier finden sie Beispielbilder der Benutzeroberfl\u00e4che von ArCon planTEK und cadvilla im Vergleich.","robots":{"index":"index","follow":"follow","max-snippet":"max-snippet:-1","max-image-preview":"max-image-preview:large","max-video-preview":"max-video-preview:-1"},"canonical":"https:\/\/www.arcon-software.com\/de\/galerie\/","og_locale":"de_DE","og_type":"article","og_title":"Galerie","og_description":"Hier finden sie Beispielbilder der Benutzeroberfl\u00e4che von ArCon planTEK und cadvilla im Vergleich.","og_url":"https:\/\/www.arcon-software.com\/de\/galerie\/","og_site_name":"ArCon Software","article_modified_time":"2020-08-29T15:46:40+00:00","twitter_card":"summary_large_image","twitter_misc":{"Gesch\u00e4tzte Lesezeit":"2\u00a0Minuten"},"schema":{"@context":"https:\/\/schema.org","@graph":[{"@type":"WebPage","@id":"https:\/\/www.arcon-software.com\/de\/galerie\/","url":"https:\/\/www.arcon-software.com\/de\/galerie\/","name":"Galerie","isPartOf":{"@id":"https:\/\/www.arcon-software.com\/de\/#website"},"datePublished":"2020-05-25T13:18:36+00:00","dateModified":"2020-08-29T15:46:40+00:00","description":"Hier finden sie Beispielbilder der Benutzeroberfl\u00e4che von ArCon planTEK und cadvilla im Vergleich.","breadcrumb":{"@id":"https:\/\/www.arcon-software.com\/de\/galerie\/#breadcrumb"},"inLanguage":"de","potentialAction":[{"@type":"ReadAction","target":["https:\/\/www.arcon-software.com\/de\/galerie\/"]}]},{"@type":"BreadcrumbList","@id":"https:\/\/www.arcon-software.com\/de\/galerie\/#breadcrumb","itemListElement":[{"@type":"ListItem","position":1,"name":"Startseite","item":"https:\/\/www.arcon-software.com\/de\/"},{"@type":"ListItem","position":2,"name":"Galerie"}]},{"@type":"WebSite","@id":"https:\/\/www.arcon-software.com\/de\/#website","url":"https:\/\/www.arcon-software.com\/de\/","name":"ArCon Software","description":"","publisher":{"@id":"https:\/\/www.arcon-software.com\/de\/#organization"},"potentialAction":[{"@type":"SearchAction","target":{"@type":"EntryPoint","urlTemplate":"https:\/\/www.arcon-software.com\/de\/?s={search_term_string}"},"query-input":{"@type":"PropertyValueSpecification","valueRequired":true,"valueName":"search_term_string"}}],"inLanguage":"de"},{"@type":"Organization","@id":"https:\/\/www.arcon-software.com\/de\/#organization","name":"ArCon Software","url":"https:\/\/www.arcon-software.com\/de\/","logo":{"@type":"ImageObject","inLanguage":"de","@id":"https:\/\/www.arcon-software.com\/de\/#\/schema\/logo\/image\/","url":"https:\/\/www.arcon-software.com\/wp-content\/uploads\/arcon_plantek24.png","contentUrl":"https:\/\/www.arcon-software.com\/wp-content\/uploads\/arcon_plantek24.png","width":24,"height":24,"caption":"ArCon Software"},"image":{"@id":"https:\/\/www.arcon-software.com\/de\/#\/schema\/logo\/image\/"}}]}},"_links":{"self":[{"href":"https:\/\/www.arcon-software.com\/de\/wp-json\/wp\/v2\/pages\/1117","targetHints":{"allow":["GET"]}}],"collection":[{"href":"https:\/\/www.arcon-software.com\/de\/wp-json\/wp\/v2\/pages"}],"about":[{"href":"https:\/\/www.arcon-software.com\/de\/wp-json\/wp\/v2\/types\/page"}],"author":[{"embeddable":true,"href":"https:\/\/www.arcon-software.com\/de\/wp-json\/wp\/v2\/users\/1"}],"replies":[{"embeddable":true,"href":"https:\/\/www.arcon-software.com\/de\/wp-json\/wp\/v2\/comments?post=1117"}],"version-history":[{"count":0,"href":"https:\/\/www.arcon-software.com\/de\/wp-json\/wp\/v2\/pages\/1117\/revisions"}],"wp:attachment":[{"href":"https:\/\/www.arcon-software.com\/de\/wp-json\/wp\/v2\/media?parent=1117"}],"curies":[{"name":"wp","href":"https:\/\/api.w.org\/{rel}","templated":true}]}}