{"id":204,"date":"2020-04-30T13:57:16","date_gmt":"2020-04-30T11:57:16","guid":{"rendered":"http:\/\/www.arcon-software.de\/?page_id=204"},"modified":"2022-03-28T16:27:36","modified_gmt":"2022-03-28T14:27:36","slug":"arcon_objekte-demag","status":"publish","type":"page","link":"https:\/\/www.arcon-software.com\/de\/arcon_objekte-demag\/","title":{"rendered":"Demag Laufkran &#8211; 3D Objekte f\u00fcr ArCon"},"content":{"rendered":"<section class=\"l-section wpb_row as-headerbackground0 height_medium\"><div class=\"l-section-h i-cf\"><div class=\"g-cols vc_row via_grid cols_1 laptops-cols_inherit tablets-cols_inherit mobiles-cols_1 valign_bottom type_default stacking_default\"><div class=\"wpb_column vc_column_container\"><div class=\"vc_column-inner\"><\/div><\/div><\/div><\/div><\/section><section class=\"l-section wpb_row height_auto\"><div class=\"l-section-h i-cf\"><div class=\"g-cols vc_row via_grid cols_1 laptops-cols_inherit tablets-cols_inherit mobiles-cols_1 valign_top type_default stacking_default\"><div class=\"wpb_column vc_column_container\"><div class=\"vc_column-inner\"><\/div><\/div><\/div><\/div><\/section><section class=\"l-section wpb_row as-headerbg height_small\" id=\"begin\"><div class=\"l-section-h i-cf\"><div class=\"g-cols vc_row via_grid cols_1 laptops-cols_inherit tablets-cols_inherit mobiles-cols_1 valign_top type_default stacking_default\"><div class=\"wpb_column vc_column_container\"><div class=\"vc_column-inner\"><div class=\"wpb_text_column as-heading1\"><div class=\"wpb_wrapper\"><h1>Demag Laufkran &#8211; 3D Objekte f\u00fcr ArCon<\/h1>\n<\/div><\/div><\/div><\/div><\/div><\/div><\/section><section class=\"l-section wpb_row height_medium\"><div class=\"l-section-overlay\" style=\"background:#eeeeee\"><\/div><div class=\"l-section-h i-cf\"><div class=\"g-cols vc_row via_grid cols_1-2-1 laptops-cols_inherit tablets-cols_inherit mobiles-cols_1 valign_top type_default stacking_default\"><div class=\"wpb_column vc_column_container us_custom_ddbf5b25 has_bg_color\"><div class=\"vc_column-inner\"><div class=\"wpb_text_column as-product-small_info\"><div class=\"wpb_wrapper\"><p><img loading=\"lazy\" decoding=\"async\" class=\"alignnone wp-image-735\" src=\"\/wp-content\/uploads\/zusatz-objekte.png\" alt=\"Zus\u00e4tzliche 3D Objekte f\u00fcr ArCon\" width=\"200\" height=\"259\" \/><br \/>\nAuslieferung als Download<br \/>\n(ca. 4 MB)<\/p>\n<p><img loading=\"lazy\" decoding=\"async\" class=\"alignnone wp-image-735\" src=\"\/objekte-texturen\/beispielbilder\/Beispiele Demag\/TN_demag_zweitraeger.jpg\" alt=\"Zus\u00e4tzliche 3D Objekte f\u00fcr ArCon\" width=\"144\" height=\"100\" \/><\/p>\n<\/div><\/div><\/div><\/div><div class=\"wpb_column vc_column_container\"><div class=\"vc_column-inner\"><div class=\"g-cols wpb_row via_grid cols_1 laptops-cols_inherit tablets-cols_inherit mobiles-cols_1 valign_top type_default stacking_default\" style=\"--columns-gap:3rem;\"><div class=\"wpb_column vc_column_container\"><div class=\"vc_column-inner\"><div class=\"wpb_text_column\"><div class=\"wpb_wrapper\"><p class=\"as-h2style\"><strong>Objekte-Sammlung &#8211; Demag Laufkran<br \/>\n<\/strong><\/p>\n<p class=\"as-h4style\"><strong><span style=\"color: #ff9900;\">100,00 \u20ac *<br \/>\n<\/span><\/strong><\/p>\n<p><span style=\"color: #999999;\">(Der empfohlene Listenpreis betr\u00e4gt 120,00 \u20ac )<br \/>\n<\/span><\/p>\n<p>&#8211; alle Preisangaben sind inkl. der gesetzlich vorgeschriebenen MwSt.<br \/>\n&#8211; zus\u00e4tzliche 3D Objekte f\u00fcr ArCon und ArCon (planTEK)<br \/>\n&#8211; BACKUP-DVD ist optional im Warenkorb verf\u00fcgbar<\/p>\n<\/div><\/div><div class=\"wpb_text_column us_custom_821ea863 as-advtext1_de\"><div class=\"wpb_wrapper\"><p style=\"margin-top: 0px; margin-bottom: 0px;\"><img loading=\"lazy\" decoding=\"async\" src=\"https:\/\/www.arcon-software.com\/wp-content\/uploads\/leerzeichen.png\" alt=\"\" width=\"1\" height=\"1\" \/><\/p>\n<\/div><\/div><div class=\"wpb_text_column us_custom_36724591 as-advtext2_de\"><div class=\"wpb_wrapper\"><p><span style=\"color: #ff9900;\"><strong>* <\/strong><\/span><\/p>\n<\/div><\/div><div class=\"w-btn-wrapper align_justify\"><a class=\"w-btn us-btn-style_1\" href=\"https:\/\/www.cleverbridge.com\/1106\/?tracking=arcon&amp;cookie=true&amp;currency=EUR&amp;language=de&amp;cfg=design_2020&amp;scope=checkout&amp;cart=134030\"><span class=\"w-btn-label\">KAUFEN und zum DOWNLOAD<\/span><\/a><\/div><\/div><\/div><\/div><\/div><\/div><div class=\"wpb_column vc_column_container\"><div class=\"vc_column-inner\"><div class=\"wpb_text_column\"><div class=\"wpb_wrapper\"><p class=\"as-h5style\"><span class=\"as-headertext-seitenleiste\">Kaufabwicklung<\/span><\/p>\n<\/div><\/div><div class=\"wpb_text_column\"><div class=\"wpb_wrapper\"><p style=\"text-align: center;\"><span style=\"color: #999999;\">Die Kaufabwicklung und Auslieferung des Produktes erfolgt \u00fcber unseren Vertragspartner <span style=\"color: #808080;\">cleverbridge AG<span style=\"color: #999999;\"> mit Sitz in K\u00f6ln<\/span><\/span>.<\/span><\/p>\n<\/div><\/div><div class=\"w-separator size_small\"><\/div><div class=\"wpb_text_column\"><div class=\"wpb_wrapper\"><p class=\"as-h5style\"><span class=\"as-headertext-seitenleiste\">Zahlungsoptionen<\/span><\/p>\n<\/div><\/div><div class=\"w-image align_center\"><div class=\"w-image-h\"><img decoding=\"async\" width=\"300\" height=\"105\" src=\"https:\/\/www.arcon-software.com\/wp-content\/uploads\/de-pp_plus-logo-hoch_ohne_PUI_300x105px.png\" class=\"attachment-full size-full\" alt=\"\" loading=\"lazy\" srcset=\"https:\/\/www.arcon-software.com\/wp-content\/uploads\/de-pp_plus-logo-hoch_ohne_PUI_300x105px.png 300w, https:\/\/www.arcon-software.com\/wp-content\/uploads\/de-pp_plus-logo-hoch_ohne_PUI_300x105px-80x28.png 80w\" sizes=\"auto, (max-width: 300px) 100vw, 300px\" \/><\/div><\/div><div class=\"w-image align_center\"><div class=\"w-image-h\"><img decoding=\"async\" width=\"300\" height=\"62\" src=\"https:\/\/www.arcon-software.com\/wp-content\/uploads\/vorkasse.png\" class=\"attachment-full size-full\" alt=\"\" loading=\"lazy\" srcset=\"https:\/\/www.arcon-software.com\/wp-content\/uploads\/vorkasse.png 300w, https:\/\/www.arcon-software.com\/wp-content\/uploads\/vorkasse-80x17.png 80w\" sizes=\"auto, (max-width: 300px) 100vw, 300px\" \/><\/div><\/div><\/div><\/div><\/div><\/div><\/section><section class=\"l-section wpb_row height_medium\"><div class=\"l-section-h i-cf\"><div class=\"g-cols vc_row via_grid cols_1 laptops-cols_inherit tablets-cols_inherit mobiles-cols_1 valign_top type_default stacking_default\"><div class=\"wpb_column vc_column_container\"><div class=\"vc_column-inner\"><div class=\"g-cols wpb_row via_grid cols_1 laptops-cols_inherit tablets-cols_inherit mobiles-cols_1 valign_top type_default stacking_default\" style=\"--columns-gap:3rem;\"><div class=\"wpb_column vc_column_container\"><div class=\"vc_column-inner\"><div class=\"wpb_text_column\"><div class=\"wpb_wrapper\"><h2>Demag Laufkran &#8211; 3D Objektsammlung f\u00fcr ArCon<\/h2>\n<p>Bei den von uns angebotenen Hausplaner &#8211; Paketen von <a href=\"https:\/\/www.arcon-software.com\/de\/arcon_plantek\/\">ArCon open (planTEK)<\/a> sind \u00fcber 3000 Objekte und Texturen enthalten.<\/p>\n<p>Bei nachstehendem Zusatzmodul handelt es sich um zus\u00e4tzliche Objekte f\u00fcr ArCon und ArCon (planTEK).<\/p>\n<p>In dieser Objektsammlung finden sie 4 unterschiedliche Krantypen mit jeweils entsprechendem Zubeh\u00f6r.<\/p>\n<p>Bilder sehen Sie weiter unten.<\/p>\n<p>Folgende Objekte sind in der Objektsammlung f\u00fcr <a href=\"https:\/\/www.arcon-software.com\/de\/\">ArCon<\/a> enthalten:<\/p>\n<ul>\n<li>DEMAG Deckenkran<\/li>\n<li>DEMAG Eintr\u00e4gerlaufkran mit Walzprofiltr\u00e4ger<\/li>\n<li>DEMAG Eintr\u00e4gerlaufkran mit Kastentr\u00e4ger<\/li>\n<li>DEMAG Zweitr\u00e4gerlaufkran<\/li>\n<li>F\u00fchrungen<\/li>\n<li>Haken<\/li>\n<li>Leitungstaster<\/li>\n<li>Motor<\/li>\n<li>Seitentr\u00e4ger<\/li>\n<li>Diverses Zubeh\u00f6r<\/li>\n<\/ul>\n<\/div><\/div><\/div><\/div><\/div><\/div><\/div><\/div><\/div><\/section><section class=\"l-section wpb_row us_custom_3840dee4 height_medium\"><div class=\"l-section-h i-cf\"><div class=\"g-cols vc_row via_grid cols_1 laptops-cols_inherit tablets-cols_inherit mobiles-cols_1 valign_top type_default stacking_default\"><div class=\"wpb_column vc_column_container\"><div class=\"vc_column-inner\"><div class=\"wpb_text_column\"><div class=\"wpb_wrapper\"><h2>Beispiele aus der 3D Objekte-Sammlung f\u00fcr DEMAG Laufkr\u00e4ne<\/h2>\n<\/div><\/div><div class=\"wpb_text_column\"><div class=\"wpb_wrapper\"><p><a ref=\"magnificPopup\" href=\"\/objekte-texturen\/beispielbilder\/Beispiele Demag\/demag_decken.jpg\"><img loading=\"lazy\" decoding=\"async\" class=\"as-object-library_sample-pics alignnone\" src=\"\/objekte-texturen\/beispielbilder\/Beispiele Demag\/TN_demag_decken.jpg\" alt=\"DEMAG Deckenkran als 3D Objekt\" width=\"144\" height=\"100\" \/><\/a><a ref=\"magnificPopup\" href=\"\/objekte-texturen\/beispielbilder\/Beispiele Demag\/demag_eintraeger.jpg\"><img loading=\"lazy\" decoding=\"async\" class=\"as-object-library_sample-pics alignnone\" src=\"\/objekte-texturen\/beispielbilder\/Beispiele Demag\/TN_demag_eintraeger.jpg\" alt=\"DEMAG Eintr\u00e4gerlaufkran als 3D Objekt\" width=\"144\" height=\"100\" \/><\/a><a ref=\"magnificPopup\" href=\"\/objekte-texturen\/beispielbilder\/Beispiele Demag\/demag_eintraeger_kasten.jpg\"><img loading=\"lazy\" decoding=\"async\" class=\"as-object-library_sample-pics alignnone\" src=\"\/objekte-texturen\/beispielbilder\/Beispiele Demag\/TN_demag_eintraeger_kasten.jpg\" alt=\"DEMAG Eintr\u00e4gerlaufkran mit Kastentr\u00e4ger als 3D Objekt\" width=\"144\" height=\"100\" \/><\/a><a ref=\"magnificPopup\" href=\"\/objekte-texturen\/beispielbilder\/Beispiele Demag\/demag_zubehoer.jpg\"><img loading=\"lazy\" decoding=\"async\" class=\"as-object-library_sample-pics alignnone\" src=\"\/objekte-texturen\/beispielbilder\/Beispiele Demag\/TN_demag_zubehoer.jpg\" alt=\"Zubeh\u00f6r f\u00fcr DEMAG Kr\u00e4ne in 3D\" width=\"144\" height=\"100\" \/><\/a><a ref=\"magnificPopup\" href=\"\/objekte-texturen\/beispielbilder\/Beispiele Demag\/TN_demag_zweitraeger.jpg\"><img loading=\"lazy\" decoding=\"async\" class=\"as-object-library_sample-pics alignnone\" src=\"\/objekte-texturen\/beispielbilder\/Beispiele Demag\/TN_demag_zweitraeger.jpg\" alt=\"DEMAG Zweitr\u00e4gerlaufkran als 3D Objekt\" width=\"144\" height=\"100\" \/><\/a><\/p>\n<\/div><\/div><\/div><\/div><\/div><\/div><\/section>\n","protected":false},"excerpt":{"rendered":"Demag Laufkran &#8211; 3D Objekte f\u00fcr ArCon Auslieferung als Download (ca. 4 MB) Objekte-Sammlung &#8211; Demag Laufkran 100,00 \u20ac * (Der empfohlene Listenpreis betr\u00e4gt 120,00 \u20ac ) &#8211; alle Preisangaben sind inkl. der gesetzlich vorgeschriebenen MwSt. &#8211; zus\u00e4tzliche 3D Objekte f\u00fcr ArCon und ArCon (planTEK) &#8211; BACKUP-DVD ist optional im Warenkorb verf\u00fcgbar * KAUFEN und...","protected":false},"author":1,"featured_media":0,"parent":0,"menu_order":0,"comment_status":"closed","ping_status":"closed","template":"","meta":{"footnotes":""},"class_list":["post-204","page","type-page","status-publish","hentry"],"yoast_head":"<!-- This site is optimized with the Yoast SEO plugin v27.4 - https:\/\/yoast.com\/product\/yoast-seo-wordpress\/ -->\n<title>Demag Laufkran - zus\u00e4tzliche 3D Objekte f\u00fcr ArCon<\/title>\n<meta name=\"description\" content=\"Die 3D Objektsammlung beinhaltet 4 unterschiedliche Krantypen von Demag mit jeweils entsprechendem Zubeh\u00f6r. Die Objekte sind f\u00fcr die Architektur-Software von ArCon.\" \/>\n<meta name=\"robots\" content=\"index, follow, max-snippet:-1, max-image-preview:large, max-video-preview:-1\" \/>\n<link rel=\"canonical\" href=\"https:\/\/www.arcon-software.com\/de\/arcon_objekte-demag\/\" \/>\n<meta property=\"og:locale\" content=\"de_DE\" \/>\n<meta property=\"og:type\" content=\"article\" \/>\n<meta property=\"og:title\" content=\"Demag Laufkran - zus\u00e4tzliche 3D Objekte f\u00fcr ArCon\" \/>\n<meta property=\"og:description\" content=\"Die 3D Objektsammlung beinhaltet 4 unterschiedliche Krantypen von Demag mit jeweils entsprechendem Zubeh\u00f6r. Die Objekte sind f\u00fcr die Architektur-Software von ArCon.\" \/>\n<meta property=\"og:url\" content=\"https:\/\/www.arcon-software.com\/de\/arcon_objekte-demag\/\" \/>\n<meta property=\"og:site_name\" content=\"ArCon Software\" \/>\n<meta property=\"article:modified_time\" content=\"2022-03-28T14:27:36+00:00\" \/>\n<meta property=\"og:image\" content=\"https:\/\/www.arcon-software.com\/wp-content\/uploads\/zusatz-objekte.png\" \/>\n<meta name=\"twitter:card\" content=\"summary_large_image\" \/>\n<meta name=\"twitter:label1\" content=\"Gesch\u00e4tzte Lesezeit\" \/>\n\t<meta name=\"twitter:data1\" content=\"3\u00a0Minuten\" \/>\n<script type=\"application\/ld+json\" class=\"yoast-schema-graph\">{\"@context\":\"https:\\\/\\\/schema.org\",\"@graph\":[{\"@type\":\"WebPage\",\"@id\":\"https:\\\/\\\/www.arcon-software.com\\\/de\\\/arcon_objekte-demag\\\/\",\"url\":\"https:\\\/\\\/www.arcon-software.com\\\/de\\\/arcon_objekte-demag\\\/\",\"name\":\"Demag Laufkran - zus\u00e4tzliche 3D Objekte f\u00fcr ArCon\",\"isPartOf\":{\"@id\":\"https:\\\/\\\/www.arcon-software.com\\\/de\\\/#website\"},\"primaryImageOfPage\":{\"@id\":\"https:\\\/\\\/www.arcon-software.com\\\/de\\\/arcon_objekte-demag\\\/#primaryimage\"},\"image\":{\"@id\":\"https:\\\/\\\/www.arcon-software.com\\\/de\\\/arcon_objekte-demag\\\/#primaryimage\"},\"thumbnailUrl\":\"https:\\\/\\\/www.arcon-software.com\\\/wp-content\\\/uploads\\\/leerzeichen.png\",\"datePublished\":\"2020-04-30T11:57:16+00:00\",\"dateModified\":\"2022-03-28T14:27:36+00:00\",\"description\":\"Die 3D Objektsammlung beinhaltet 4 unterschiedliche Krantypen von Demag mit jeweils entsprechendem Zubeh\u00f6r. Die Objekte sind f\u00fcr die Architektur-Software von ArCon.\",\"breadcrumb\":{\"@id\":\"https:\\\/\\\/www.arcon-software.com\\\/de\\\/arcon_objekte-demag\\\/#breadcrumb\"},\"inLanguage\":\"de\",\"potentialAction\":[{\"@type\":\"ReadAction\",\"target\":[\"https:\\\/\\\/www.arcon-software.com\\\/de\\\/arcon_objekte-demag\\\/\"]}]},{\"@type\":\"ImageObject\",\"inLanguage\":\"de\",\"@id\":\"https:\\\/\\\/www.arcon-software.com\\\/de\\\/arcon_objekte-demag\\\/#primaryimage\",\"url\":\"https:\\\/\\\/www.arcon-software.com\\\/wp-content\\\/uploads\\\/leerzeichen.png\",\"contentUrl\":\"https:\\\/\\\/www.arcon-software.com\\\/wp-content\\\/uploads\\\/leerzeichen.png\"},{\"@type\":\"BreadcrumbList\",\"@id\":\"https:\\\/\\\/www.arcon-software.com\\\/de\\\/arcon_objekte-demag\\\/#breadcrumb\",\"itemListElement\":[{\"@type\":\"ListItem\",\"position\":1,\"name\":\"Startseite\",\"item\":\"https:\\\/\\\/www.arcon-software.com\\\/de\\\/\"},{\"@type\":\"ListItem\",\"position\":2,\"name\":\"Demag Laufkran &#8211; 3D Objekte f\u00fcr ArCon\"}]},{\"@type\":\"WebSite\",\"@id\":\"https:\\\/\\\/www.arcon-software.com\\\/de\\\/#website\",\"url\":\"https:\\\/\\\/www.arcon-software.com\\\/de\\\/\",\"name\":\"ArCon Software\",\"description\":\"\",\"publisher\":{\"@id\":\"https:\\\/\\\/www.arcon-software.com\\\/de\\\/#organization\"},\"potentialAction\":[{\"@type\":\"SearchAction\",\"target\":{\"@type\":\"EntryPoint\",\"urlTemplate\":\"https:\\\/\\\/www.arcon-software.com\\\/de\\\/?s={search_term_string}\"},\"query-input\":{\"@type\":\"PropertyValueSpecification\",\"valueRequired\":true,\"valueName\":\"search_term_string\"}}],\"inLanguage\":\"de\"},{\"@type\":\"Organization\",\"@id\":\"https:\\\/\\\/www.arcon-software.com\\\/de\\\/#organization\",\"name\":\"ArCon Software\",\"url\":\"https:\\\/\\\/www.arcon-software.com\\\/de\\\/\",\"logo\":{\"@type\":\"ImageObject\",\"inLanguage\":\"de\",\"@id\":\"https:\\\/\\\/www.arcon-software.com\\\/de\\\/#\\\/schema\\\/logo\\\/image\\\/\",\"url\":\"https:\\\/\\\/www.arcon-software.com\\\/wp-content\\\/uploads\\\/arcon_plantek24.png\",\"contentUrl\":\"https:\\\/\\\/www.arcon-software.com\\\/wp-content\\\/uploads\\\/arcon_plantek24.png\",\"width\":24,\"height\":24,\"caption\":\"ArCon Software\"},\"image\":{\"@id\":\"https:\\\/\\\/www.arcon-software.com\\\/de\\\/#\\\/schema\\\/logo\\\/image\\\/\"}}]}<\/script>\n<!-- \/ Yoast SEO plugin. -->","yoast_head_json":{"title":"Demag Laufkran - zus\u00e4tzliche 3D Objekte f\u00fcr ArCon","description":"Die 3D Objektsammlung beinhaltet 4 unterschiedliche Krantypen von Demag mit jeweils entsprechendem Zubeh\u00f6r. Die Objekte sind f\u00fcr die Architektur-Software von ArCon.","robots":{"index":"index","follow":"follow","max-snippet":"max-snippet:-1","max-image-preview":"max-image-preview:large","max-video-preview":"max-video-preview:-1"},"canonical":"https:\/\/www.arcon-software.com\/de\/arcon_objekte-demag\/","og_locale":"de_DE","og_type":"article","og_title":"Demag Laufkran - zus\u00e4tzliche 3D Objekte f\u00fcr ArCon","og_description":"Die 3D Objektsammlung beinhaltet 4 unterschiedliche Krantypen von Demag mit jeweils entsprechendem Zubeh\u00f6r. Die Objekte sind f\u00fcr die Architektur-Software von ArCon.","og_url":"https:\/\/www.arcon-software.com\/de\/arcon_objekte-demag\/","og_site_name":"ArCon Software","article_modified_time":"2022-03-28T14:27:36+00:00","og_image":[{"url":"https:\/\/www.arcon-software.com\/wp-content\/uploads\/zusatz-objekte.png","type":"","width":"","height":""}],"twitter_card":"summary_large_image","twitter_misc":{"Gesch\u00e4tzte Lesezeit":"3\u00a0Minuten"},"schema":{"@context":"https:\/\/schema.org","@graph":[{"@type":"WebPage","@id":"https:\/\/www.arcon-software.com\/de\/arcon_objekte-demag\/","url":"https:\/\/www.arcon-software.com\/de\/arcon_objekte-demag\/","name":"Demag Laufkran - zus\u00e4tzliche 3D Objekte f\u00fcr ArCon","isPartOf":{"@id":"https:\/\/www.arcon-software.com\/de\/#website"},"primaryImageOfPage":{"@id":"https:\/\/www.arcon-software.com\/de\/arcon_objekte-demag\/#primaryimage"},"image":{"@id":"https:\/\/www.arcon-software.com\/de\/arcon_objekte-demag\/#primaryimage"},"thumbnailUrl":"https:\/\/www.arcon-software.com\/wp-content\/uploads\/leerzeichen.png","datePublished":"2020-04-30T11:57:16+00:00","dateModified":"2022-03-28T14:27:36+00:00","description":"Die 3D Objektsammlung beinhaltet 4 unterschiedliche Krantypen von Demag mit jeweils entsprechendem Zubeh\u00f6r. Die Objekte sind f\u00fcr die Architektur-Software von ArCon.","breadcrumb":{"@id":"https:\/\/www.arcon-software.com\/de\/arcon_objekte-demag\/#breadcrumb"},"inLanguage":"de","potentialAction":[{"@type":"ReadAction","target":["https:\/\/www.arcon-software.com\/de\/arcon_objekte-demag\/"]}]},{"@type":"ImageObject","inLanguage":"de","@id":"https:\/\/www.arcon-software.com\/de\/arcon_objekte-demag\/#primaryimage","url":"https:\/\/www.arcon-software.com\/wp-content\/uploads\/leerzeichen.png","contentUrl":"https:\/\/www.arcon-software.com\/wp-content\/uploads\/leerzeichen.png"},{"@type":"BreadcrumbList","@id":"https:\/\/www.arcon-software.com\/de\/arcon_objekte-demag\/#breadcrumb","itemListElement":[{"@type":"ListItem","position":1,"name":"Startseite","item":"https:\/\/www.arcon-software.com\/de\/"},{"@type":"ListItem","position":2,"name":"Demag Laufkran &#8211; 3D Objekte f\u00fcr ArCon"}]},{"@type":"WebSite","@id":"https:\/\/www.arcon-software.com\/de\/#website","url":"https:\/\/www.arcon-software.com\/de\/","name":"ArCon Software","description":"","publisher":{"@id":"https:\/\/www.arcon-software.com\/de\/#organization"},"potentialAction":[{"@type":"SearchAction","target":{"@type":"EntryPoint","urlTemplate":"https:\/\/www.arcon-software.com\/de\/?s={search_term_string}"},"query-input":{"@type":"PropertyValueSpecification","valueRequired":true,"valueName":"search_term_string"}}],"inLanguage":"de"},{"@type":"Organization","@id":"https:\/\/www.arcon-software.com\/de\/#organization","name":"ArCon Software","url":"https:\/\/www.arcon-software.com\/de\/","logo":{"@type":"ImageObject","inLanguage":"de","@id":"https:\/\/www.arcon-software.com\/de\/#\/schema\/logo\/image\/","url":"https:\/\/www.arcon-software.com\/wp-content\/uploads\/arcon_plantek24.png","contentUrl":"https:\/\/www.arcon-software.com\/wp-content\/uploads\/arcon_plantek24.png","width":24,"height":24,"caption":"ArCon Software"},"image":{"@id":"https:\/\/www.arcon-software.com\/de\/#\/schema\/logo\/image\/"}}]}},"_links":{"self":[{"href":"https:\/\/www.arcon-software.com\/de\/wp-json\/wp\/v2\/pages\/204","targetHints":{"allow":["GET"]}}],"collection":[{"href":"https:\/\/www.arcon-software.com\/de\/wp-json\/wp\/v2\/pages"}],"about":[{"href":"https:\/\/www.arcon-software.com\/de\/wp-json\/wp\/v2\/types\/page"}],"author":[{"embeddable":true,"href":"https:\/\/www.arcon-software.com\/de\/wp-json\/wp\/v2\/users\/1"}],"replies":[{"embeddable":true,"href":"https:\/\/www.arcon-software.com\/de\/wp-json\/wp\/v2\/comments?post=204"}],"version-history":[{"count":0,"href":"https:\/\/www.arcon-software.com\/de\/wp-json\/wp\/v2\/pages\/204\/revisions"}],"wp:attachment":[{"href":"https:\/\/www.arcon-software.com\/de\/wp-json\/wp\/v2\/media?parent=204"}],"curies":[{"name":"wp","href":"https:\/\/api.w.org\/{rel}","templated":true}]}}