{"id":249,"date":"2020-04-30T17:04:11","date_gmt":"2020-04-30T15:04:11","guid":{"rendered":"http:\/\/www.arcon-software.de\/?page_id=249"},"modified":"2022-03-28T16:27:09","modified_gmt":"2022-03-28T14:27:09","slug":"arcon_texturen-betonstruktur","status":"publish","type":"page","link":"https:\/\/www.arcon-software.com\/de\/arcon_texturen-betonstruktur\/","title":{"rendered":"Betonstruktur Texturen \u2013 Texturensammlung f\u00fcr ArCon"},"content":{"rendered":"<section class=\"l-section wpb_row as-headerbackground0 height_medium\"><div class=\"l-section-h i-cf\"><div class=\"g-cols vc_row via_grid cols_1 laptops-cols_inherit tablets-cols_inherit mobiles-cols_1 valign_bottom type_default stacking_default\"><div class=\"wpb_column vc_column_container\"><div class=\"vc_column-inner\"><\/div><\/div><\/div><\/div><\/section><section class=\"l-section wpb_row height_auto\"><div class=\"l-section-h i-cf\"><div class=\"g-cols vc_row via_grid cols_1 laptops-cols_inherit tablets-cols_inherit mobiles-cols_1 valign_top type_default stacking_default\"><div class=\"wpb_column vc_column_container\"><div class=\"vc_column-inner\"><\/div><\/div><\/div><\/div><\/section><section class=\"l-section wpb_row as-headerbg height_small\" id=\"begin\"><div class=\"l-section-h i-cf\"><div class=\"g-cols vc_row via_grid cols_1 laptops-cols_inherit tablets-cols_inherit mobiles-cols_1 valign_top type_default stacking_default\"><div class=\"wpb_column vc_column_container\"><div class=\"vc_column-inner\"><div class=\"wpb_text_column as-heading1\"><div class=\"wpb_wrapper\"><h1>Betonstruktur Texturen &#8211; Texturensammlung f\u00fcr ArCon<\/h1>\n<\/div><\/div><\/div><\/div><\/div><\/div><\/section><section class=\"l-section wpb_row height_medium\"><div class=\"l-section-overlay\" style=\"background:#eeeeee\"><\/div><div class=\"l-section-h i-cf\"><div class=\"g-cols vc_row via_grid cols_1-2-1 laptops-cols_inherit tablets-cols_inherit mobiles-cols_1 valign_top type_default stacking_default\"><div class=\"wpb_column vc_column_container us_custom_ddbf5b25 has_bg_color\"><div class=\"vc_column-inner\"><div class=\"wpb_text_column as-product-small_info\"><div class=\"wpb_wrapper\"><p><img loading=\"lazy\" decoding=\"async\" class=\"alignnone wp-image-735\" src=\"\/wp-content\/uploads\/zusatz-texturen.png\" alt=\"Zus\u00e4tzliche 3D Objekte f\u00fcr ArCon\" width=\"200\" height=\"259\" \/><br \/>\nAuslieferung als Download<br \/>\n(ca. 208 MB)<\/p>\n<p><img loading=\"lazy\" decoding=\"async\" class=\"alignnone wp-image-735\" title=\"Beton-Textur f\u00fcr ArCon\" src=\"\/objekte-texturen\/beispielbilder\/Beispiele Betonstrukturtexturen\/TN_561000.jpg\" alt=\"Beton-Textur f\u00fcr ArCon\" width=\"100\" height=\"100\" \/><\/p>\n<\/div><\/div><\/div><\/div><div class=\"wpb_column vc_column_container\"><div class=\"vc_column-inner\"><div class=\"wpb_text_column\"><div class=\"wpb_wrapper\"><p class=\"as-h2style\"><strong>Texturen-Sammlung &#8211; Betonstruktur<br \/>\n<\/strong><\/p>\n<p class=\"as-h4style\"><strong><span style=\"color: #ff9900;\">60,00 \u20ac *<br \/>\n<\/span><\/strong><\/p>\n<p><span style=\"color: #999999;\">(Der empfohlene Listenpreis betr\u00e4gt 75,00 \u20ac)<br \/>\n<\/span><\/p>\n<p>&#8211; alle Preisangaben sind inkl. der gesetzlich vorgeschriebenen MwSt.<br \/>\n&#8211; zus\u00e4tzliche Texturen f\u00fcr ArCon und ArCon (planTEK)<br \/>\n&#8211; BACKUP-DVD ist optional im Warenkorb verf\u00fcgbar<\/p>\n<\/div><\/div><div class=\"wpb_text_column us_custom_821ea863 as-advtext1_de\"><div class=\"wpb_wrapper\"><p style=\"margin-top: 0px; margin-bottom: 0px;\"><img loading=\"lazy\" decoding=\"async\" src=\"https:\/\/www.arcon-software.com\/wp-content\/uploads\/leerzeichen.png\" alt=\"\" width=\"1\" height=\"1\" \/><\/p>\n<\/div><\/div><div class=\"wpb_text_column us_custom_36724591 as-advtext2_de\"><div class=\"wpb_wrapper\"><p><span style=\"color: #ff9900;\"><strong>* <\/strong><\/span><\/p>\n<\/div><\/div><div class=\"w-btn-wrapper align_justify\"><a class=\"w-btn us-btn-style_1\" href=\"https:\/\/www.cleverbridge.com\/1106\/?tracking=arcon&amp;cookie=true&amp;currency=EUR&amp;language=de&amp;cfg=design_2020&amp;scope=checkout&amp;cart=134037\"><span class=\"w-btn-label\">KAUFEN und zum DOWNLOAD<\/span><\/a><\/div><\/div><\/div><div class=\"wpb_column vc_column_container\"><div class=\"vc_column-inner\"><div class=\"wpb_text_column\"><div class=\"wpb_wrapper\"><p class=\"as-h5style\"><span class=\"as-headertext-seitenleiste\">Kaufabwicklung<\/span><\/p>\n<\/div><\/div><div class=\"wpb_text_column\"><div class=\"wpb_wrapper\"><p style=\"text-align: center;\"><span style=\"color: #999999;\">Die Kaufabwicklung und Auslieferung des Produktes erfolgt \u00fcber unseren Vertragspartner <span style=\"color: #808080;\">cleverbridge AG<span style=\"color: #999999;\"> mit Sitz in K\u00f6ln<\/span><\/span>.<\/span><\/p>\n<\/div><\/div><div class=\"w-separator size_small\"><\/div><div class=\"wpb_text_column\"><div class=\"wpb_wrapper\"><p class=\"as-h5style\"><span class=\"as-headertext-seitenleiste\">Zahlungsoptionen<\/span><\/p>\n<\/div><\/div><div class=\"w-image align_center\"><div class=\"w-image-h\"><img decoding=\"async\" width=\"300\" height=\"105\" src=\"https:\/\/www.arcon-software.com\/wp-content\/uploads\/de-pp_plus-logo-hoch_ohne_PUI_300x105px.png\" class=\"attachment-full size-full\" alt=\"\" loading=\"lazy\" srcset=\"https:\/\/www.arcon-software.com\/wp-content\/uploads\/de-pp_plus-logo-hoch_ohne_PUI_300x105px.png 300w, https:\/\/www.arcon-software.com\/wp-content\/uploads\/de-pp_plus-logo-hoch_ohne_PUI_300x105px-80x28.png 80w\" sizes=\"auto, (max-width: 300px) 100vw, 300px\" \/><\/div><\/div><div class=\"w-image align_center\"><div class=\"w-image-h\"><img decoding=\"async\" width=\"300\" height=\"62\" src=\"https:\/\/www.arcon-software.com\/wp-content\/uploads\/vorkasse.png\" class=\"attachment-full size-full\" alt=\"\" loading=\"lazy\" srcset=\"https:\/\/www.arcon-software.com\/wp-content\/uploads\/vorkasse.png 300w, https:\/\/www.arcon-software.com\/wp-content\/uploads\/vorkasse-80x17.png 80w\" sizes=\"auto, (max-width: 300px) 100vw, 300px\" \/><\/div><\/div><\/div><\/div><\/div><\/div><\/section><section class=\"l-section wpb_row height_medium\"><div class=\"l-section-h i-cf\"><div class=\"g-cols vc_row via_grid cols_1 laptops-cols_inherit tablets-cols_inherit mobiles-cols_1 valign_top type_default stacking_default\"><div class=\"wpb_column vc_column_container\"><div class=\"vc_column-inner\"><div class=\"g-cols wpb_row via_grid cols_1 laptops-cols_inherit tablets-cols_inherit mobiles-cols_1 valign_top type_default stacking_default\" style=\"--columns-gap:3rem;\"><div class=\"wpb_column vc_column_container\"><div class=\"vc_column-inner\"><div class=\"wpb_text_column\"><div class=\"wpb_wrapper\"><h2>Betonstruktur Texturen f\u00fcr ArCon<\/h2>\n<p>Bei den von uns angebotenen Hausplaner &#8211; Paketen von ArCon (planTEK) sind \u00fcber 3000 Objekte und Texturen enthalten.<\/p>\n<p>Bei nachstehendem Zusatzmodul handelt es sich um zus\u00e4tzliche Objekte f\u00fcr ArCon und ArCon (planTEK).<\/p>\n<p>Auf dieser Texturensammlung finden Sie ca. 64 fotorealistische Betonstrukturtexturen. F\u00fcr jede gute ArCon Visualisierung ein Mu\u00df.<br \/>\nAlle Teturen sind so vorbereitet, das sie kachelbar sind.<\/p>\n<p>Die Betontexturen sind im Bildformat JPG\/BMP enthalten und lassen sich neben <a href=\"https:\/\/www.arcon-software.com\/de\/\">ArCon<\/a> auch in anderen CAD-Programmen integrieren,<\/p>\n<p>Beispiele dazu finden Sie weiter unten.<\/p>\n<\/div><\/div><\/div><\/div><\/div><\/div><\/div><\/div><\/div><\/section><section class=\"l-section wpb_row us_custom_3840dee4 height_medium\"><div class=\"l-section-h i-cf\"><div class=\"g-cols vc_row via_grid cols_1 laptops-cols_inherit tablets-cols_inherit mobiles-cols_1 valign_top type_default stacking_default\"><div class=\"wpb_column vc_column_container\"><div class=\"vc_column-inner\"><div class=\"wpb_text_column\"><div class=\"wpb_wrapper\"><h2>Beispiele aus der Texturen-Sammlung f\u00fcr Betonstrukturen<\/h2>\n<p>Nachstehend finden sie ein einige Beispiele aus der oben angebotenen Texturen-Sammlung.<\/p>\n<\/div><\/div><div class=\"wpb_text_column\"><div class=\"wpb_wrapper\"><p><a ref=\"magnificPopup\" href=\"\/objekte-texturen\/beispielbilder\/Beispiele Betonstrukturtexturen\/560600.jpg\"><img loading=\"lazy\" decoding=\"async\" class=\"as-object-library_sample-pics alignnone\" title=\"feine Beton-Textur\" src=\"\/objekte-texturen\/beispielbilder\/Beispiele Betonstrukturtexturen\/TN_560600.jpg\" alt=\"feine Beton-Textur\" width=\"100\" height=\"100\" \/><\/a><a ref=\"magnificPopup\" href=\"\/objekte-texturen\/beispielbilder\/Beispiele Betonstrukturtexturen\/561000.jpg\"><img loading=\"lazy\" decoding=\"async\" class=\"as-object-library_sample-pics alignnone\" title=\"Beton-Muster - Textur\" src=\"\/objekte-texturen\/beispielbilder\/Beispiele Betonstrukturtexturen\/TN_561000.jpg\" alt=\"Beton-Muster - Textur\" width=\"100\" height=\"100\" \/><\/a><a ref=\"magnificPopup\" href=\"\/objekte-texturen\/beispielbilder\/Beispiele Betonstrukturtexturen\/564900.jpg\"><img loading=\"lazy\" decoding=\"async\" class=\"as-object-library_sample-pics alignnone\" title=\"Mauersteine Beton-Textur\" src=\"\/objekte-texturen\/beispielbilder\/Beispiele Betonstrukturtexturen\/TN_564900.jpg\" alt=\"Mauersteine Beton-Textur\" width=\"100\" height=\"100\" \/><\/a><a ref=\"magnificPopup\" href=\"\/objekte-texturen\/beispielbilder\/Beispiele Betonstrukturtexturen\/569120.jpg\"><img loading=\"lazy\" decoding=\"async\" class=\"as-object-library_sample-pics alignnone\" title=\"syetrisches Muster einer Beton-Textur\" src=\"\/objekte-texturen\/beispielbilder\/Beispiele Betonstrukturtexturen\/TN_569120.jpg\" alt=\"syetrisches Muster einer Beton-Textur\" width=\"100\" height=\"100\" \/><\/a><\/p>\n<\/div><\/div><\/div><\/div><\/div><\/div><\/section>\n","protected":false},"excerpt":{"rendered":"Betonstruktur Texturen &#8211; Texturensammlung f\u00fcr ArCon Auslieferung als Download (ca. 208 MB) Texturen-Sammlung &#8211; Betonstruktur 60,00 \u20ac * (Der empfohlene Listenpreis betr\u00e4gt 75,00 \u20ac) &#8211; alle Preisangaben sind inkl. der gesetzlich vorgeschriebenen MwSt. &#8211; zus\u00e4tzliche Texturen f\u00fcr ArCon und ArCon (planTEK) &#8211; BACKUP-DVD ist optional im Warenkorb verf\u00fcgbar * KAUFEN und zum DOWNLOADKaufabwicklung Die Kaufabwicklung...","protected":false},"author":1,"featured_media":0,"parent":0,"menu_order":0,"comment_status":"closed","ping_status":"closed","template":"","meta":{"footnotes":""},"class_list":["post-249","page","type-page","status-publish","hentry"],"yoast_head":"<!-- This site is optimized with the Yoast SEO plugin v27.6 - https:\/\/yoast.com\/product\/yoast-seo-wordpress\/ -->\n<title>Betonstruktur Texturen - Texturensammlung f\u00fcr ArCon<\/title>\n<meta name=\"description\" content=\"Auf dieser Texturensammlung finden Sie ca. 64 fotorealistische Betonstrukturtexturen f\u00fcr ArCon. Alle Teturen sind so vorbereitet, das sie kachelbar sind.\" \/>\n<meta name=\"robots\" content=\"index, follow, max-snippet:-1, max-image-preview:large, max-video-preview:-1\" \/>\n<link rel=\"canonical\" href=\"https:\/\/www.arcon-software.com\/de\/arcon_texturen-betonstruktur\/\" \/>\n<meta property=\"og:locale\" content=\"de_DE\" \/>\n<meta property=\"og:type\" content=\"article\" \/>\n<meta property=\"og:title\" content=\"Betonstruktur Texturen - Texturensammlung f\u00fcr ArCon\" \/>\n<meta property=\"og:description\" content=\"Auf dieser Texturensammlung finden Sie ca. 64 fotorealistische Betonstrukturtexturen f\u00fcr ArCon. Alle Teturen sind so vorbereitet, das sie kachelbar sind.\" \/>\n<meta property=\"og:url\" content=\"https:\/\/www.arcon-software.com\/de\/arcon_texturen-betonstruktur\/\" \/>\n<meta property=\"og:site_name\" content=\"ArCon Software\" \/>\n<meta property=\"article:modified_time\" content=\"2022-03-28T14:27:09+00:00\" \/>\n<meta property=\"og:image\" content=\"https:\/\/www.arcon-software.com\/wp-content\/uploads\/zusatz-texturen.png\" \/>\n<meta name=\"twitter:card\" content=\"summary_large_image\" \/>\n<meta name=\"twitter:label1\" content=\"Gesch\u00e4tzte Lesezeit\" \/>\n\t<meta name=\"twitter:data1\" content=\"3\u00a0Minuten\" \/>\n<script type=\"application\/ld+json\" class=\"yoast-schema-graph\">{\"@context\":\"https:\\\/\\\/schema.org\",\"@graph\":[{\"@type\":\"WebPage\",\"@id\":\"https:\\\/\\\/www.arcon-software.com\\\/de\\\/arcon_texturen-betonstruktur\\\/\",\"url\":\"https:\\\/\\\/www.arcon-software.com\\\/de\\\/arcon_texturen-betonstruktur\\\/\",\"name\":\"Betonstruktur Texturen - Texturensammlung f\u00fcr ArCon\",\"isPartOf\":{\"@id\":\"https:\\\/\\\/www.arcon-software.com\\\/de\\\/#website\"},\"primaryImageOfPage\":{\"@id\":\"https:\\\/\\\/www.arcon-software.com\\\/de\\\/arcon_texturen-betonstruktur\\\/#primaryimage\"},\"image\":{\"@id\":\"https:\\\/\\\/www.arcon-software.com\\\/de\\\/arcon_texturen-betonstruktur\\\/#primaryimage\"},\"thumbnailUrl\":\"https:\\\/\\\/www.arcon-software.com\\\/wp-content\\\/uploads\\\/leerzeichen.png\",\"datePublished\":\"2020-04-30T15:04:11+00:00\",\"dateModified\":\"2022-03-28T14:27:09+00:00\",\"description\":\"Auf dieser Texturensammlung finden Sie ca. 64 fotorealistische Betonstrukturtexturen f\u00fcr ArCon. Alle Teturen sind so vorbereitet, das sie kachelbar sind.\",\"breadcrumb\":{\"@id\":\"https:\\\/\\\/www.arcon-software.com\\\/de\\\/arcon_texturen-betonstruktur\\\/#breadcrumb\"},\"inLanguage\":\"de\",\"potentialAction\":[{\"@type\":\"ReadAction\",\"target\":[\"https:\\\/\\\/www.arcon-software.com\\\/de\\\/arcon_texturen-betonstruktur\\\/\"]}]},{\"@type\":\"ImageObject\",\"inLanguage\":\"de\",\"@id\":\"https:\\\/\\\/www.arcon-software.com\\\/de\\\/arcon_texturen-betonstruktur\\\/#primaryimage\",\"url\":\"https:\\\/\\\/www.arcon-software.com\\\/wp-content\\\/uploads\\\/leerzeichen.png\",\"contentUrl\":\"https:\\\/\\\/www.arcon-software.com\\\/wp-content\\\/uploads\\\/leerzeichen.png\"},{\"@type\":\"BreadcrumbList\",\"@id\":\"https:\\\/\\\/www.arcon-software.com\\\/de\\\/arcon_texturen-betonstruktur\\\/#breadcrumb\",\"itemListElement\":[{\"@type\":\"ListItem\",\"position\":1,\"name\":\"Startseite\",\"item\":\"https:\\\/\\\/www.arcon-software.com\\\/de\\\/\"},{\"@type\":\"ListItem\",\"position\":2,\"name\":\"Betonstruktur Texturen \u2013 Texturensammlung f\u00fcr ArCon\"}]},{\"@type\":\"WebSite\",\"@id\":\"https:\\\/\\\/www.arcon-software.com\\\/de\\\/#website\",\"url\":\"https:\\\/\\\/www.arcon-software.com\\\/de\\\/\",\"name\":\"ArCon Software\",\"description\":\"\",\"publisher\":{\"@id\":\"https:\\\/\\\/www.arcon-software.com\\\/de\\\/#organization\"},\"potentialAction\":[{\"@type\":\"SearchAction\",\"target\":{\"@type\":\"EntryPoint\",\"urlTemplate\":\"https:\\\/\\\/www.arcon-software.com\\\/de\\\/?s={search_term_string}\"},\"query-input\":{\"@type\":\"PropertyValueSpecification\",\"valueRequired\":true,\"valueName\":\"search_term_string\"}}],\"inLanguage\":\"de\"},{\"@type\":\"Organization\",\"@id\":\"https:\\\/\\\/www.arcon-software.com\\\/de\\\/#organization\",\"name\":\"ArCon Software\",\"url\":\"https:\\\/\\\/www.arcon-software.com\\\/de\\\/\",\"logo\":{\"@type\":\"ImageObject\",\"inLanguage\":\"de\",\"@id\":\"https:\\\/\\\/www.arcon-software.com\\\/de\\\/#\\\/schema\\\/logo\\\/image\\\/\",\"url\":\"https:\\\/\\\/www.arcon-software.com\\\/wp-content\\\/uploads\\\/arcon_plantek24.png\",\"contentUrl\":\"https:\\\/\\\/www.arcon-software.com\\\/wp-content\\\/uploads\\\/arcon_plantek24.png\",\"width\":24,\"height\":24,\"caption\":\"ArCon Software\"},\"image\":{\"@id\":\"https:\\\/\\\/www.arcon-software.com\\\/de\\\/#\\\/schema\\\/logo\\\/image\\\/\"}}]}<\/script>\n<!-- \/ Yoast SEO plugin. -->","yoast_head_json":{"title":"Betonstruktur Texturen - Texturensammlung f\u00fcr ArCon","description":"Auf dieser Texturensammlung finden Sie ca. 64 fotorealistische Betonstrukturtexturen f\u00fcr ArCon. Alle Teturen sind so vorbereitet, das sie kachelbar sind.","robots":{"index":"index","follow":"follow","max-snippet":"max-snippet:-1","max-image-preview":"max-image-preview:large","max-video-preview":"max-video-preview:-1"},"canonical":"https:\/\/www.arcon-software.com\/de\/arcon_texturen-betonstruktur\/","og_locale":"de_DE","og_type":"article","og_title":"Betonstruktur Texturen - Texturensammlung f\u00fcr ArCon","og_description":"Auf dieser Texturensammlung finden Sie ca. 64 fotorealistische Betonstrukturtexturen f\u00fcr ArCon. Alle Teturen sind so vorbereitet, das sie kachelbar sind.","og_url":"https:\/\/www.arcon-software.com\/de\/arcon_texturen-betonstruktur\/","og_site_name":"ArCon Software","article_modified_time":"2022-03-28T14:27:09+00:00","og_image":[{"url":"https:\/\/www.arcon-software.com\/wp-content\/uploads\/zusatz-texturen.png","type":"","width":"","height":""}],"twitter_card":"summary_large_image","twitter_misc":{"Gesch\u00e4tzte Lesezeit":"3\u00a0Minuten"},"schema":{"@context":"https:\/\/schema.org","@graph":[{"@type":"WebPage","@id":"https:\/\/www.arcon-software.com\/de\/arcon_texturen-betonstruktur\/","url":"https:\/\/www.arcon-software.com\/de\/arcon_texturen-betonstruktur\/","name":"Betonstruktur Texturen - Texturensammlung f\u00fcr ArCon","isPartOf":{"@id":"https:\/\/www.arcon-software.com\/de\/#website"},"primaryImageOfPage":{"@id":"https:\/\/www.arcon-software.com\/de\/arcon_texturen-betonstruktur\/#primaryimage"},"image":{"@id":"https:\/\/www.arcon-software.com\/de\/arcon_texturen-betonstruktur\/#primaryimage"},"thumbnailUrl":"https:\/\/www.arcon-software.com\/wp-content\/uploads\/leerzeichen.png","datePublished":"2020-04-30T15:04:11+00:00","dateModified":"2022-03-28T14:27:09+00:00","description":"Auf dieser Texturensammlung finden Sie ca. 64 fotorealistische Betonstrukturtexturen f\u00fcr ArCon. Alle Teturen sind so vorbereitet, das sie kachelbar sind.","breadcrumb":{"@id":"https:\/\/www.arcon-software.com\/de\/arcon_texturen-betonstruktur\/#breadcrumb"},"inLanguage":"de","potentialAction":[{"@type":"ReadAction","target":["https:\/\/www.arcon-software.com\/de\/arcon_texturen-betonstruktur\/"]}]},{"@type":"ImageObject","inLanguage":"de","@id":"https:\/\/www.arcon-software.com\/de\/arcon_texturen-betonstruktur\/#primaryimage","url":"https:\/\/www.arcon-software.com\/wp-content\/uploads\/leerzeichen.png","contentUrl":"https:\/\/www.arcon-software.com\/wp-content\/uploads\/leerzeichen.png"},{"@type":"BreadcrumbList","@id":"https:\/\/www.arcon-software.com\/de\/arcon_texturen-betonstruktur\/#breadcrumb","itemListElement":[{"@type":"ListItem","position":1,"name":"Startseite","item":"https:\/\/www.arcon-software.com\/de\/"},{"@type":"ListItem","position":2,"name":"Betonstruktur Texturen \u2013 Texturensammlung f\u00fcr ArCon"}]},{"@type":"WebSite","@id":"https:\/\/www.arcon-software.com\/de\/#website","url":"https:\/\/www.arcon-software.com\/de\/","name":"ArCon Software","description":"","publisher":{"@id":"https:\/\/www.arcon-software.com\/de\/#organization"},"potentialAction":[{"@type":"SearchAction","target":{"@type":"EntryPoint","urlTemplate":"https:\/\/www.arcon-software.com\/de\/?s={search_term_string}"},"query-input":{"@type":"PropertyValueSpecification","valueRequired":true,"valueName":"search_term_string"}}],"inLanguage":"de"},{"@type":"Organization","@id":"https:\/\/www.arcon-software.com\/de\/#organization","name":"ArCon Software","url":"https:\/\/www.arcon-software.com\/de\/","logo":{"@type":"ImageObject","inLanguage":"de","@id":"https:\/\/www.arcon-software.com\/de\/#\/schema\/logo\/image\/","url":"https:\/\/www.arcon-software.com\/wp-content\/uploads\/arcon_plantek24.png","contentUrl":"https:\/\/www.arcon-software.com\/wp-content\/uploads\/arcon_plantek24.png","width":24,"height":24,"caption":"ArCon Software"},"image":{"@id":"https:\/\/www.arcon-software.com\/de\/#\/schema\/logo\/image\/"}}]}},"_links":{"self":[{"href":"https:\/\/www.arcon-software.com\/de\/wp-json\/wp\/v2\/pages\/249","targetHints":{"allow":["GET"]}}],"collection":[{"href":"https:\/\/www.arcon-software.com\/de\/wp-json\/wp\/v2\/pages"}],"about":[{"href":"https:\/\/www.arcon-software.com\/de\/wp-json\/wp\/v2\/types\/page"}],"author":[{"embeddable":true,"href":"https:\/\/www.arcon-software.com\/de\/wp-json\/wp\/v2\/users\/1"}],"replies":[{"embeddable":true,"href":"https:\/\/www.arcon-software.com\/de\/wp-json\/wp\/v2\/comments?post=249"}],"version-history":[{"count":0,"href":"https:\/\/www.arcon-software.com\/de\/wp-json\/wp\/v2\/pages\/249\/revisions"}],"wp:attachment":[{"href":"https:\/\/www.arcon-software.com\/de\/wp-json\/wp\/v2\/media?parent=249"}],"curies":[{"name":"wp","href":"https:\/\/api.w.org\/{rel}","templated":true}]}}