{"id":284,"date":"2020-05-01T12:15:50","date_gmt":"2020-05-01T10:15:50","guid":{"rendered":"http:\/\/www.arcon-software.de\/?page_id=284"},"modified":"2020-06-16T17:44:15","modified_gmt":"2020-06-16T15:44:15","slug":"arcon_tastenbelegung","status":"publish","type":"page","link":"https:\/\/www.arcon-software.com\/de\/arcon_tastenbelegung\/","title":{"rendered":"Kurztastenbelegungen bei ArCon Architektursoftware"},"content":{"rendered":"<section class=\"l-section wpb_row as-headerbackground0 height_medium\"><div class=\"l-section-h i-cf\"><div class=\"g-cols vc_row via_grid cols_1 laptops-cols_inherit tablets-cols_inherit mobiles-cols_1 valign_bottom type_default stacking_default\"><div class=\"wpb_column vc_column_container\"><div class=\"vc_column-inner\"><\/div><\/div><\/div><\/div><\/section><section class=\"l-section wpb_row height_auto\"><div class=\"l-section-h i-cf\"><div class=\"g-cols vc_row via_grid cols_1 laptops-cols_inherit tablets-cols_inherit mobiles-cols_1 valign_top type_default stacking_default\"><div class=\"wpb_column vc_column_container\"><div class=\"vc_column-inner\"><\/div><\/div><\/div><\/div><\/section><section class=\"l-section wpb_row as-headerbg height_small\" id=\"begin\"><div class=\"l-section-h i-cf\"><div class=\"g-cols vc_row via_grid cols_1 laptops-cols_inherit tablets-cols_inherit mobiles-cols_1 valign_top type_default stacking_default\"><div class=\"wpb_column vc_column_container\"><div class=\"vc_column-inner\"><div class=\"wpb_text_column as-heading1\"><div class=\"wpb_wrapper\"><h1>Kurztastenbelegungen bei ArCon Architektursoftware<\/h1>\n<\/div><\/div><\/div><\/div><\/div><\/div><\/section><section class=\"l-section wpb_row height_medium\"><div class=\"l-section-h i-cf\"><div class=\"g-cols vc_row via_grid cols_1 laptops-cols_inherit tablets-cols_inherit mobiles-cols_1 valign_top type_default stacking_default\"><div class=\"wpb_column vc_column_container\"><div class=\"vc_column-inner\"><div class=\"g-cols wpb_row via_grid cols_1 laptops-cols_inherit tablets-cols_inherit mobiles-cols_1 valign_top type_default stacking_default\" style=\"--columns-gap:3rem;\"><div class=\"wpb_column vc_column_container\"><div class=\"vc_column-inner\"><div class=\"wpb_text_column\"><div class=\"wpb_wrapper\"><h2>Kurztastenbelegung bei ArCon (planTEK)<\/h2>\n<p>Anbei finden sie eine Zusammenfassung der verschiedenen Tastenbelegungen bei ArCon (planTEK).<\/p>\n<h3>Tastenbelegungen im Konstruktionsmodus<\/h3>\n<ul>\n<li><strong>Funktionstasten<\/strong>\n<ul>\n<li>F1 &#8211; Hilfe<\/li>\n<li>F2 &#8211; Aktivieren \/ Deaktivieren des num. Eingabefensters des aktuellen Werkzeugs<\/li>\n<li>F3 &#8211; Ausschalten des Fangens bis zum n\u00e4chsten Mausklick<\/li>\n<li>F4 &#8211; Umschalten zwischen Tastatur- und Mauseingabe, wenn numerische Eingabe aktiviert ist<\/li>\n<li>F12 &#8211; Umschalten zwischen Konstruktionsmodus und Designmodus<\/li>\n<\/ul>\n<\/li>\n<li><strong>bei eingeschaltetem Lineal<\/strong>\n<ul>\n<li>F5 &#8211; Umschalten zwischen abgehobenen und abgesenktem Lineal<\/li>\n<li>F6 &#8211; Umschalten zwischen Linealkante unten und oben<\/li>\n<li>F7 &#8211; Lineal parallel versetzen<\/li>\n<li>F8 &#8211; Lineal um einen relativen Winkel drehen<\/li>\n<li>F9 &#8211; Lineal um 90\u00b0 drehen<\/li>\n<li>F10 &#8211; Lineal waagrecht ausrichten<\/li>\n<\/ul>\n<\/li>\n<li><strong>weitere Kurztasten\u00a0(CTRL entspricht STRG)<\/strong>\n<ul>\n<li>CTRL &#8211; Erweiterte Eingabe beim Verschieben von W\u00e4nden<br \/>\nVerhindern von Dialogboxen bei der Eingabe<\/li>\n<li>SHIFT &#8211; Erweiterte Eingabe beim Verlegen von Elementen<\/li>\n<li>CTRL+W &#8211; Bei Elementen: Umschalten von Referenzpunkten<\/li>\n<li>CTRL+W &#8211; Bei der Wandeingabe: Umschalten der Referenzlinie zwischen Achse,<br \/>\nlinker Seite, rechter Seite<\/li>\n<li>CTRL+Q &#8211; Umschalten des Referenzpunktes am Anfang der zu verlegenden Wand<br \/>\nzwischen Wandachse \/ linker Seite \/ rechter Seite<\/li>\n<li>CTRL+E &#8211; Umschalten des Referenzpunktes am Ende der zu verlegenden Wand<br \/>\nzwischen Wandachse \/ linker Seite \/ rechter Seite<\/li>\n<li>CTRL+F &#8211; N\u00e4chstm\u00f6glichen Fangpunkt ausw\u00e4hlen<\/li>\n<\/ul>\n<\/li>\n<\/ul>\n<h3>Tastenbelegungen im Designmodus<\/h3>\n<ul>\n<li><strong>Kurztasten (CTRL entspricht STRG)<\/strong>\n<ul>\n<li>CTRL &#8211; Kollisionsverhinderung beim Verschieben von Objekten<\/li>\n<li>CTRL &#8211; Beschleunigung um Faktor 4 beim Durchwandern<\/li>\n<li>SHIFT &#8211; Selektion mehrerer Objekte<\/li>\n<li>CTRL+SHIFT &#8211; Beschleunigung um Faktor 16 beim Durchwandern<\/li>\n<\/ul>\n<\/li>\n<li><strong>Sichtbarkeit von Geschossen<\/strong>\n<ul>\n<li>CTRL+G &#8211; Umschalten zwischen &#8222;aktuelles Gescho\u00df&#8220;\/&#8220;alle Geschosse&#8220;\/&#8220;aktuelles und ausgew\u00e4hltes Gescho\u00df&#8220;<\/li>\n<li>CTRL+ALT+G &#8211; Umschalten auf aktuelles Gescho\u00df, oder wenn ArCon bereits in diesem Sichtbarkeitsmodus ist, n\u00e4chstes zum aktuellen machen<\/li>\n<\/ul>\n<\/li>\n<li><strong>Sichtbarkeit von Geb\u00e4uden<\/strong>\n<ul>\n<li>CTRL+B &#8211; Umschalten zwischen &#8222;aktuelles Geb\u00e4ude&#8220;\/&#8220;alle Geb\u00e4ude&#8220;\/&#8220;aktuelles und ausgew\u00e4hltes Geb\u00e4ude&#8220;<\/li>\n<li>CTRL+ALT+B &#8211; Umschalten auf aktuelles Geb\u00e4ude, oder wenn ArCon bereits in diesem Sichtbarkeitsmodus ist, n\u00e4chstes zum aktuellen machen<\/li>\n<\/ul>\n<\/li>\n<\/ul>\n<\/div><\/div><\/div><\/div><\/div><\/div><\/div><\/div><\/div><\/section>\n","protected":false},"excerpt":{"rendered":"Kurztastenbelegungen bei ArCon Architektursoftware Kurztastenbelegung bei ArCon (planTEK) Anbei finden sie eine Zusammenfassung der verschiedenen Tastenbelegungen bei ArCon (planTEK). Tastenbelegungen im Konstruktionsmodus Funktionstasten F1 &#8211; Hilfe F2 &#8211; Aktivieren \/ Deaktivieren des num. Eingabefensters des aktuellen Werkzeugs F3 &#8211; Ausschalten des Fangens bis zum n\u00e4chsten Mausklick F4 &#8211; Umschalten zwischen Tastatur- und Mauseingabe, wenn numerische...","protected":false},"author":1,"featured_media":0,"parent":0,"menu_order":0,"comment_status":"closed","ping_status":"closed","template":"","meta":{"footnotes":""},"class_list":["post-284","page","type-page","status-publish","hentry"],"yoast_head":"<!-- This site is optimized with the Yoast SEO plugin v27.5 - https:\/\/yoast.com\/product\/yoast-seo-wordpress\/ -->\n<title>Kurztastenbelegungen bei ArCon Architektursoftware<\/title>\n<meta name=\"robots\" content=\"index, follow, max-snippet:-1, max-image-preview:large, max-video-preview:-1\" \/>\n<link rel=\"canonical\" href=\"https:\/\/www.arcon-software.com\/de\/arcon_tastenbelegung\/\" \/>\n<meta property=\"og:locale\" content=\"de_DE\" \/>\n<meta property=\"og:type\" content=\"article\" \/>\n<meta property=\"og:title\" content=\"Kurztastenbelegungen bei ArCon Architektursoftware\" \/>\n<meta property=\"og:url\" content=\"https:\/\/www.arcon-software.com\/de\/arcon_tastenbelegung\/\" \/>\n<meta property=\"og:site_name\" content=\"ArCon Software\" \/>\n<meta property=\"article:modified_time\" content=\"2020-06-16T15:44:15+00:00\" \/>\n<meta name=\"twitter:card\" content=\"summary_large_image\" \/>\n<meta name=\"twitter:label1\" content=\"Gesch\u00e4tzte Lesezeit\" \/>\n\t<meta name=\"twitter:data1\" content=\"2\u00a0Minuten\" \/>\n<script type=\"application\/ld+json\" class=\"yoast-schema-graph\">{\"@context\":\"https:\\\/\\\/schema.org\",\"@graph\":[{\"@type\":\"WebPage\",\"@id\":\"https:\\\/\\\/www.arcon-software.com\\\/de\\\/arcon_tastenbelegung\\\/\",\"url\":\"https:\\\/\\\/www.arcon-software.com\\\/de\\\/arcon_tastenbelegung\\\/\",\"name\":\"Kurztastenbelegungen bei ArCon Architektursoftware\",\"isPartOf\":{\"@id\":\"https:\\\/\\\/www.arcon-software.com\\\/de\\\/#website\"},\"datePublished\":\"2020-05-01T10:15:50+00:00\",\"dateModified\":\"2020-06-16T15:44:15+00:00\",\"breadcrumb\":{\"@id\":\"https:\\\/\\\/www.arcon-software.com\\\/de\\\/arcon_tastenbelegung\\\/#breadcrumb\"},\"inLanguage\":\"de\",\"potentialAction\":[{\"@type\":\"ReadAction\",\"target\":[\"https:\\\/\\\/www.arcon-software.com\\\/de\\\/arcon_tastenbelegung\\\/\"]}]},{\"@type\":\"BreadcrumbList\",\"@id\":\"https:\\\/\\\/www.arcon-software.com\\\/de\\\/arcon_tastenbelegung\\\/#breadcrumb\",\"itemListElement\":[{\"@type\":\"ListItem\",\"position\":1,\"name\":\"Startseite\",\"item\":\"https:\\\/\\\/www.arcon-software.com\\\/de\\\/\"},{\"@type\":\"ListItem\",\"position\":2,\"name\":\"Kurztastenbelegungen bei ArCon Architektursoftware\"}]},{\"@type\":\"WebSite\",\"@id\":\"https:\\\/\\\/www.arcon-software.com\\\/de\\\/#website\",\"url\":\"https:\\\/\\\/www.arcon-software.com\\\/de\\\/\",\"name\":\"ArCon Software\",\"description\":\"\",\"publisher\":{\"@id\":\"https:\\\/\\\/www.arcon-software.com\\\/de\\\/#organization\"},\"potentialAction\":[{\"@type\":\"SearchAction\",\"target\":{\"@type\":\"EntryPoint\",\"urlTemplate\":\"https:\\\/\\\/www.arcon-software.com\\\/de\\\/?s={search_term_string}\"},\"query-input\":{\"@type\":\"PropertyValueSpecification\",\"valueRequired\":true,\"valueName\":\"search_term_string\"}}],\"inLanguage\":\"de\"},{\"@type\":\"Organization\",\"@id\":\"https:\\\/\\\/www.arcon-software.com\\\/de\\\/#organization\",\"name\":\"ArCon Software\",\"url\":\"https:\\\/\\\/www.arcon-software.com\\\/de\\\/\",\"logo\":{\"@type\":\"ImageObject\",\"inLanguage\":\"de\",\"@id\":\"https:\\\/\\\/www.arcon-software.com\\\/de\\\/#\\\/schema\\\/logo\\\/image\\\/\",\"url\":\"https:\\\/\\\/www.arcon-software.com\\\/wp-content\\\/uploads\\\/arcon_plantek24.png\",\"contentUrl\":\"https:\\\/\\\/www.arcon-software.com\\\/wp-content\\\/uploads\\\/arcon_plantek24.png\",\"width\":24,\"height\":24,\"caption\":\"ArCon Software\"},\"image\":{\"@id\":\"https:\\\/\\\/www.arcon-software.com\\\/de\\\/#\\\/schema\\\/logo\\\/image\\\/\"}}]}<\/script>\n<!-- \/ Yoast SEO plugin. -->","yoast_head_json":{"title":"Kurztastenbelegungen bei ArCon Architektursoftware","robots":{"index":"index","follow":"follow","max-snippet":"max-snippet:-1","max-image-preview":"max-image-preview:large","max-video-preview":"max-video-preview:-1"},"canonical":"https:\/\/www.arcon-software.com\/de\/arcon_tastenbelegung\/","og_locale":"de_DE","og_type":"article","og_title":"Kurztastenbelegungen bei ArCon Architektursoftware","og_url":"https:\/\/www.arcon-software.com\/de\/arcon_tastenbelegung\/","og_site_name":"ArCon Software","article_modified_time":"2020-06-16T15:44:15+00:00","twitter_card":"summary_large_image","twitter_misc":{"Gesch\u00e4tzte Lesezeit":"2\u00a0Minuten"},"schema":{"@context":"https:\/\/schema.org","@graph":[{"@type":"WebPage","@id":"https:\/\/www.arcon-software.com\/de\/arcon_tastenbelegung\/","url":"https:\/\/www.arcon-software.com\/de\/arcon_tastenbelegung\/","name":"Kurztastenbelegungen bei ArCon Architektursoftware","isPartOf":{"@id":"https:\/\/www.arcon-software.com\/de\/#website"},"datePublished":"2020-05-01T10:15:50+00:00","dateModified":"2020-06-16T15:44:15+00:00","breadcrumb":{"@id":"https:\/\/www.arcon-software.com\/de\/arcon_tastenbelegung\/#breadcrumb"},"inLanguage":"de","potentialAction":[{"@type":"ReadAction","target":["https:\/\/www.arcon-software.com\/de\/arcon_tastenbelegung\/"]}]},{"@type":"BreadcrumbList","@id":"https:\/\/www.arcon-software.com\/de\/arcon_tastenbelegung\/#breadcrumb","itemListElement":[{"@type":"ListItem","position":1,"name":"Startseite","item":"https:\/\/www.arcon-software.com\/de\/"},{"@type":"ListItem","position":2,"name":"Kurztastenbelegungen bei ArCon Architektursoftware"}]},{"@type":"WebSite","@id":"https:\/\/www.arcon-software.com\/de\/#website","url":"https:\/\/www.arcon-software.com\/de\/","name":"ArCon Software","description":"","publisher":{"@id":"https:\/\/www.arcon-software.com\/de\/#organization"},"potentialAction":[{"@type":"SearchAction","target":{"@type":"EntryPoint","urlTemplate":"https:\/\/www.arcon-software.com\/de\/?s={search_term_string}"},"query-input":{"@type":"PropertyValueSpecification","valueRequired":true,"valueName":"search_term_string"}}],"inLanguage":"de"},{"@type":"Organization","@id":"https:\/\/www.arcon-software.com\/de\/#organization","name":"ArCon Software","url":"https:\/\/www.arcon-software.com\/de\/","logo":{"@type":"ImageObject","inLanguage":"de","@id":"https:\/\/www.arcon-software.com\/de\/#\/schema\/logo\/image\/","url":"https:\/\/www.arcon-software.com\/wp-content\/uploads\/arcon_plantek24.png","contentUrl":"https:\/\/www.arcon-software.com\/wp-content\/uploads\/arcon_plantek24.png","width":24,"height":24,"caption":"ArCon Software"},"image":{"@id":"https:\/\/www.arcon-software.com\/de\/#\/schema\/logo\/image\/"}}]}},"_links":{"self":[{"href":"https:\/\/www.arcon-software.com\/de\/wp-json\/wp\/v2\/pages\/284","targetHints":{"allow":["GET"]}}],"collection":[{"href":"https:\/\/www.arcon-software.com\/de\/wp-json\/wp\/v2\/pages"}],"about":[{"href":"https:\/\/www.arcon-software.com\/de\/wp-json\/wp\/v2\/types\/page"}],"author":[{"embeddable":true,"href":"https:\/\/www.arcon-software.com\/de\/wp-json\/wp\/v2\/users\/1"}],"replies":[{"embeddable":true,"href":"https:\/\/www.arcon-software.com\/de\/wp-json\/wp\/v2\/comments?post=284"}],"version-history":[{"count":0,"href":"https:\/\/www.arcon-software.com\/de\/wp-json\/wp\/v2\/pages\/284\/revisions"}],"wp:attachment":[{"href":"https:\/\/www.arcon-software.com\/de\/wp-json\/wp\/v2\/media?parent=284"}],"curies":[{"name":"wp","href":"https:\/\/api.w.org\/{rel}","templated":true}]}}