{"id":293,"date":"2020-05-01T16:22:55","date_gmt":"2020-05-01T14:22:55","guid":{"rendered":"http:\/\/www.arcon-software.de\/?page_id=293"},"modified":"2020-05-05T14:40:50","modified_gmt":"2020-05-05T12:40:50","slug":"haus-zeichnen","status":"publish","type":"page","link":"https:\/\/www.arcon-software.com\/de\/haus-zeichnen\/","title":{"rendered":"Haus zeichnen &#8211; Mit 3D Software den Grundriss selber erstellen"},"content":{"rendered":"<section class=\"l-section wpb_row as-headerbackground0 height_medium\"><div class=\"l-section-h i-cf\"><div class=\"g-cols vc_row via_grid cols_1 laptops-cols_inherit tablets-cols_inherit mobiles-cols_1 valign_bottom type_default stacking_default\"><div class=\"wpb_column vc_column_container\"><div class=\"vc_column-inner\"><\/div><\/div><\/div><\/div><\/section><section class=\"l-section wpb_row height_auto\"><div class=\"l-section-h i-cf\"><div class=\"g-cols vc_row via_grid cols_1 laptops-cols_inherit tablets-cols_inherit mobiles-cols_1 valign_top type_default stacking_default\"><div class=\"wpb_column vc_column_container\"><div class=\"vc_column-inner\"><\/div><\/div><\/div><\/div><\/section><section class=\"l-section wpb_row as-headerbg height_small\" id=\"begin\"><div class=\"l-section-h i-cf\"><div class=\"g-cols vc_row via_grid cols_1 laptops-cols_inherit tablets-cols_inherit mobiles-cols_1 valign_top type_default stacking_default\"><div class=\"wpb_column vc_column_container\"><div class=\"vc_column-inner\"><div class=\"wpb_text_column as-heading1\"><div class=\"wpb_wrapper\"><h1>Haus zeichnen &#8211; Mit 3D Software den Grundriss selber erstellen<\/h1>\n<\/div><\/div><\/div><\/div><\/div><\/div><\/section><section class=\"l-section wpb_row height_medium\"><div class=\"l-section-h i-cf\"><div class=\"g-cols vc_row via_grid cols_1 laptops-cols_inherit tablets-cols_inherit mobiles-cols_1 valign_top type_default stacking_default\"><div class=\"wpb_column vc_column_container\"><div class=\"vc_column-inner\"><div class=\"g-cols wpb_row via_grid cols_1 laptops-cols_inherit tablets-cols_inherit mobiles-cols_1 valign_top type_default stacking_default\" style=\"--columns-gap:3rem;\"><div class=\"wpb_column vc_column_container\"><div class=\"vc_column-inner\"><div class=\"wpb_text_column\"><div class=\"wpb_wrapper\"><h2>Haus zeichnen leicht gemacht &#8211; Wichtige Funktionen und worauf sie vor Beginn der Planung achten sollten<\/h2>\n<p>Sie m\u00f6chten ihr Haus selber zeichnen, in 3D einrichten und virtuell durchwandern? Hier finden Sie die <strong>richtige Herangehensweise<\/strong>, weitere Tipps und <strong>Hinweise worauf sie vor Beginn der Grundrisserstellung achten sollten<\/strong>.<br \/>\nLassen sie eigene Vorstellungen mit einflie\u00dfen und planen ihr perfektes Traumhaus!<\/p>\n<p>In ihnen w\u00e4chst der Wunsch nach den eigenen vier W\u00e4nden? Planen Sie ein Haus, das so besonders und individuell ist, wie Sie selbst. Der erste Schritt zum Eigenheim ist sich dar\u00fcber im Klaren zu werden, welches Haus Sie bauen m\u00f6chten.<\/p>\n<p>Unsere 3D Hausplaner Software unterst\u00fctzt dabei die unterschiedlichsten Haustypen. Egal ob Fertighaus, Ausbauhaus, Massivhaus oder Niedrig-Energiehaus, zeichnen sie Ihr Haus mit der richtigen CAD Software einfach nach Ihren Vorstellungen.<\/p>\n<h2>Schritt f\u00fcr Schritt zum eigenen Zuhause \u2013 Der erste Entwurf vom Haus<\/h2>\n<p><img loading=\"lazy\" decoding=\"async\" class=\"alignright wp-image-294 size-full\" src=\"https:\/\/www.arcon-software.com\/wp-content\/uploads\/haus_planen.jpg\" alt=\"Haus planen\" width=\"270\" height=\"190\" srcset=\"https:\/\/www.arcon-software.com\/wp-content\/uploads\/haus_planen.jpg 270w, https:\/\/www.arcon-software.com\/wp-content\/uploads\/haus_planen-80x56.jpg 80w\" sizes=\"auto, (max-width: 270px) 100vw, 270px\" \/>Sie haben bereits einen Entwurf im Kopf? Dann ist die erste Station auf dem Weg zu Ihrem ganz pers\u00f6nlichen Traumhaus bereits gemeistert.<\/p>\n<p>Wenn Sie auch schon ein passendes Grundst\u00fcck gefunden haben und wissen, welche Voraussetzungen f\u00fcr den Bau gegeben sind (nat\u00fcrliche Beschaffenheit, gesetzliche Vorgaben), kann der wirklich lustige Teil der Hausplanung beginnen. Die Planung und das Zeichnen des Eigenheims sind eine der sch\u00f6nsten und aufregendsten Phasen im Leben einer jungen Familie.<\/p>\n<p>Zeichnen Sie mit unserem 3D Hausplaner Programm die Grundrisse von Ihrem Haus ganz nach Ihren Vorstellungen und planen gleich die gesamte Einrichtung dazu. Von Hausform- und -gr\u00f6\u00dfe bis zu Ausrichtung, Dachform und Aufteilung der R\u00e4ume gilt es nun abzuw\u00e4gen, welche Kriterien ihr perfektes Haus erf\u00fcllen soll.<\/p>\n<h3>Bevor sie mit dem Zeichnen beginnen &#8211; Kriterien die auf den Grundriss Einfluss nehmen<\/h3>\n<p>Bevor Sie mit der Erstellung der Zeichnung vom neuen Zuhause beginnen, gilt es eine Vielzahl an Fragen zu kl\u00e4ren.<\/p>\n<ul>\n<li>Welcher Haustyp und welche Hausform sollte gew\u00e4hlt werden?<\/li>\n<li>Welche Materialien sollten verwendet werden?<\/li>\n<li>Sollten Kunststofffenster oder Fenster aus Holz zum Einsatz kommen?<\/li>\n<li>Wie sollte der Schichtaufbau der W\u00e4nde gestaltet sein?<\/li>\n<li>Welches Dach sollte zum Einsatz kommen und welche Funktionen sollte es erf\u00fcllen?<\/li>\n<li>Welches Budget wird ben\u00f6tigt und ist die Finanzierung inkl. der Nebenkosten gesichert?<\/li>\n<li>Wie gro\u00df soll das Eigenheim sein?<\/li>\n<li>Wie viele Personen werden im Haus leben?<\/li>\n<li>Soll das Haus einen Mittelpunkt wie beispielsweise eine gro\u00dfe Wohnk\u00fcche haben?<\/li>\n<li>Sollte auch ein Arbeitszimmer eingeplant werden?<\/li>\n<li>Wird es einen Abstellbereich geben?<\/li>\n<li>Wie soll das Haus nach den Himmelsrichtungen stehen?<\/li>\n<li>Welche Grundrisse von Beispielh\u00e4usern gefallen mir besonders gut?<\/li>\n<li>\u2026<\/li>\n<\/ul>\n<p>Vergessen Sie nicht auf den Au\u00dfenbereich! Wie m\u00f6chten Sie Fassade und Garten gestalten? Auch hier gilt es m\u00f6gliche St\u00f6rfaktoren zu beachten. Befindet sich das Grundst\u00fcck in einem Schutzgebiet oder steht es gar unter Denkmalpflege? Bei der Hausplanung ist es au\u00dferdem immer ratsam, die Zukunft im Hinterkopf zu behalten. So m\u00fcssen Sie sich sp\u00e4ter, wenn die Familie vielleicht unerwartet gewachsen ist, nicht \u00fcber ein zu klein geratenes Haus \u00e4rgern. Barrierefreiheit ist ebenfalls ein Aspekt, der Ihnen im Alter sehr zugute kommen kann.<\/p>\n<h2>Haus zeichnen &#8211; Jetzt nehmen Sie die Planung selbst in die Hand<\/h2>\n<p>In der zweiten Phase der Bauplanung gilt es, all diese Aspekte festzulegen und zu optimieren. Entscheiden Sie nicht aus einem Impuls heraus, sondern nehmen Sie sich die Zeit, die Sie brauchen.<\/p>\n<p>Heute tendieren Sie zu einem schicken Walmdach, morgen scheint Ihnen doch ein niedriges Satteldach oder ein Flachdach passender? Probieren sie die verschiedenen Dachformen an ihrem Grundriss einfach aus. Zeichnen sie ihr Haus mit einer unserer speziell auf die Hausplanung zugeschnittenen Software Pakete und nehmen bei der Gestaltung des Daches solange \u00c4nderungen vor bis die die optimale Dachform gefunden haben.<\/p>\n<p>Tipps zum Dach: Obwohl Flachd\u00e4cher mit gr\u00fcnem Garten drauf, sehr beliebt und angesagt sind, werden sie nicht immer genehmigt. Der Grund? Geneigte D\u00e4cher bieten zus\u00e4tzlichen Raum, der zu einem sp\u00e4teren Zeitpunkt ausgebaut werden kann. Dies soll der Entwicklung, dass es zu wenig Wohnfl\u00e4che f\u00fcr zu viele Menschen gibt, entgegenwirken.<\/p>\n<h2>3D Grundriss selber zeichnen: So machen sie es richtig<\/h2>\n<p><img loading=\"lazy\" decoding=\"async\" class=\"alignright wp-image-297 size-full\" src=\"https:\/\/www.arcon-software.com\/wp-content\/uploads\/grundriss-zeichnen.png\" alt=\"Grundriss von einem Haus zeichnen\" width=\"350\" height=\"235\" srcset=\"https:\/\/www.arcon-software.com\/wp-content\/uploads\/grundriss-zeichnen.png 350w, https:\/\/www.arcon-software.com\/wp-content\/uploads\/grundriss-zeichnen-80x54.png 80w\" sizes=\"auto, (max-width: 350px) 100vw, 350px\" \/>Der entscheidende Vorteil an der eigenen Planung ist, dass genug Zeit ist, um alles gr\u00fcndlich zu \u00fcberlegen. Wenn Sie Ihr Haus selbst zeichnen und nicht \u00fcber einen Architekten planen, haben Sie zum einen die M\u00f6glichkeit, jedes noch so kleine Detail selbst zu bestimmen und zum anderen k\u00f6nnen Planungskosten f\u00fcr einen Architekt oder Bauzeichner eingespart werden.<\/p>\n<p>Sie beginnen sie beim Konstruieren des Grundrisses mit dem Umriss und zeichnen danach die W\u00e4nde, Fenster, T\u00fcren und Treppen ein. Der Grundriss wird idealerweise in einer 2D Draufsicht erstellt, in machen F\u00e4llen kommen zum Zeichnen auch Schnitte und Seitenansichten zum Einsatz. Parallel dazu k\u00f6nnen sie Ihr Haus in jeder Phase der Konstruktion in 3D betrachten. Gew\u00fcnschte nachtr\u00e4gliche \u00c4nderungen am Grundriss sind schnell durchgef\u00fchrt.<\/p>\n<p>Die weiteren Geschosse vom Haus zeichnen sie in \u00e4hnlicher Vorgehensweise. Sie k\u00f6nnen nat\u00fcrlich auch ein bereits gezeichnetes Gescho\u00df in ein Neues \u00fcbernehmen und gegebenenfalls ab\u00e4ndern. F\u00fcr die Fertigstellung der Planung wird dann noch ein Dach nach Ihren Vorstellungen eingef\u00fcgt und die Gestaltung des Aussenbereichs vorgenommen.<\/p>\n<h3>Planen Sie die Einrichtung von Ihrem Haus virtuell vorab am PC<\/h3>\n<p>Nachdem sie alle R\u00e4ume gezeichnet haben und die Grundrissplanung abgeschlossen ist, geht\u00b4s zur Planung der Einrichtung. Per Drag and Drop zeichnen sie die M\u00f6bel in die R\u00e4ume ein und sehen dabei sofort ob sie auch in das Zimmer passen. Neben tausenden im Programm enthaltenen 3D Elementen k\u00f6nnen auch M\u00f6bel von Drittanbietern \u00fcber die im Programm enthaltenen 3D Schnittstellen in den Grundriss mit eingebunden werden. Neben 3D Elementen k\u00f6nnen nat\u00fcrlich auch 2D Symbole in die Zeichnung mit eingef\u00fcgt werden um diese zu vervollst\u00e4ndigen.<\/p>\n<h3>Zeichnen Sie den Bauplan f\u00fcr den Bauantrag<\/h3>\n<p>Um einen Bauplan f\u00fcr den Bauantrag zu erstellen, ben\u00f6tigen sie jeweils einen Plan mit den Grundrissen der einzelnen Geschosse, Seitenansichten von den einzelnen Himmelsrichtungen und eventuell eine 3D Visualisierung. Diese Funktionen sind in unserer 3D Hausplaner Software mit enthalten. Eine normgerechte Darstellung nach DIN wird dabei ber\u00fccksichtigt.<\/p>\n<h3>Plan f\u00fcr Ihr Smart Home zeichnen<\/h3>\n<p>Das sogenannte Smart Home stehen hoch im Kurs. Die Verkn\u00fcpfung aller technischen Systeme erm\u00f6glicht es Heizung mit Steuerung, elektrische Roll\u00e4den und Beleuchtung vom Smartphone aus zu steuern. Zeichnen sie mit unserer CAD Software gleich bei der Hausplanung die einzelnen Steuerungselemente unter Verwendung von 2D Elementen und 2D Symbolen in den Grundriss mit ein und erstellen den Plan f\u00fcr ihr Smart Home am eigenen PC.<\/p>\n<h3>Garten planen und in 3D visualisieren<\/h3>\n<p>F\u00fcgen sie ein Hintergrundbild von ihrem bestehenden Grundst\u00fcck in die Zeichnung ein und erg\u00e4nzen den Garten mit B\u00e4umen, Pflanzen, Blumen, T\u00f6pfen uvm. Zum Modellieren des Gel\u00e4ndes stehen H\u00f6henpunkte und H\u00f6henlinien zur Verf\u00fcgung. Zeichnen sie Wege und eine Terrasse f\u00fcr Ihr Traumhaus ein und betrachten die fertige Gartengestaltung in 3D.<\/p>\n<p>Virtueller Rundgang durch das Haus und Erstellung von foto-realistischen Bildern<br \/>\nNachdem das Haus mit Garten gezeichnet und eingerichtet ist, geht es zur Pr\u00e4sentation. Durchwandern sie ihr Traumhaus in 3D und erstellen foto-realistische Bilder der Aussenansicht und einzelner R\u00e4ume im Innenbereich. Beim Berechnen der Bilder werden f\u00fcr eine zu w\u00e4hlende Uhrzeit der Sonnenstand und die sich daraus ergebenden Schatten und Reflexionen mit ber\u00fccksichtigt.<\/p>\n<p>Weitere Infos mit Tipps zum Thema Hausplanung finden sie unter &#8222;<a href=\"\/de\/grundriss-zeichnen\/\">Grundriss zeichen mit einer 3D Grundrissplaner Software<\/a>&#8220;<\/p>\n<h2>Zwei verschiedene CAD Software Pakete &#8211; Entscheiden sie selbst<\/h2>\n<p><a href=\"https:\/\/www.cadvilla.com\/de\/\"><img loading=\"lazy\" decoding=\"async\" class=\"alignright wp-image-300 size-full\" src=\"https:\/\/www.arcon-software.com\/wp-content\/uploads\/cadvilla_website.png\" alt=\"cadvilla Website\" width=\"202\" height=\"100\" srcset=\"https:\/\/www.arcon-software.com\/wp-content\/uploads\/cadvilla_website.png 202w, https:\/\/www.arcon-software.com\/wp-content\/uploads\/cadvilla_website-80x40.png 80w\" sizes=\"auto, (max-width: 202px) 100vw, 202px\" \/><\/a>Zum Zeichnen der Grundrisse k\u00f6nnen wir ihnen zwei verschiedene Programme in unterschiedlichen Ausf\u00fchrungen anbieten.<\/p>\n<p>Vergleichen sie den Leistungsumfang der einzelnen Hausplaner- und Architektur-Software Produkte von <a href=\"\/de\/\">ArCon<\/a> und <a href=\"https:\/\/www.cadvilla.com\/de\/\">cadvilla<\/a>!<\/p>\n<p>Eine \u00dcbersicht der wichtigsten Versionen im Vergleich finden sie <a href=\"https:\/\/www.cadvilla.com\/de\/arcon_plantek\/\">hier<\/a>.<\/p>\n<h2>Achten sie beim Zeichnen der Grundrisse auf eine zukunftsorientierte Planung<\/h2>\n<p>Wenn es um Bautrends geht, ist Zukunftssicher das essentielle Stichwort. Barrierefrei, \u00f6kologisch vertretbar und praktisch soll es sein. Bereits bei der Planung sind viele Bauherren so clever, an die Zukunft und eine sparsame Lebensweise zu denken. Das bereits erw\u00e4hnte altersgerechte Bauen ist dieser Tage gefragter denn je. Auch junge Leute machen sich Gedanken \u00fcber die Zeit im Ruhestand. Die ebenerdige Dusche \u00fcberzeugt nicht nur optisch, sondern ist auch ausgesprochen praktisch f\u00fcr Menschen mit Handicap. Auch das Bad im Erdgeschoss hat seinen berechtigten Platz. So k\u00f6nnen B\u00fcror\u00e4ume im Fall der F\u00e4lle problemlos zum Schlafbereich umfunktioniert werden. Barrierefreies Bauen erfordert viel Platz.<\/p>\n<h3>\u00d6kologisch und nachhaltig<\/h3>\n<p>\u00d6kologisches Bauen und energiesparender Umgang mit den Ressourcen ist heute vielen Bauherren ein Anliegen. Nat\u00fcrliche Materialien, wie beispielsweise Naturstein und Holz sind derzeit die beliebtesten Baustoffe. Gro\u00dfe Fenster sind bei sogenannten Passivh\u00e4usern eher nach S\u00fcden, als in andere Himmelsrichtungen ausgerichtet. In diesem Bereich werden auch gerne einbruchsichere Materialien verwendet. Sicherheit und Komfort ist sowohl f\u00fcr Jung- als auch Alt wichtig.<\/p>\n<p>Die Frage nach der Wahl des Materials erfordert gr\u00fcndliche Information und beste Beratung. Hier sollten Sie nicht auf Ihren eigenen Instinkt vertrauen, sondern einen Experten konsultieren.<\/p>\n<h2>Einsatz einer 3D Hausplaner Software f\u00fcr die Planung von Ihrem Haus<\/h2>\n<p><a href=\"https:\/\/www.cadvilla.com\/de\/\"><img loading=\"lazy\" decoding=\"async\" class=\"alignright wp-image-300 size-full\" src=\"https:\/\/www.arcon-software.com\/wp-content\/uploads\/cadvilla_website.png\" alt=\"cadvilla Website\" width=\"202\" height=\"100\" srcset=\"https:\/\/www.arcon-software.com\/wp-content\/uploads\/cadvilla_website.png 202w, https:\/\/www.arcon-software.com\/wp-content\/uploads\/cadvilla_website-80x40.png 80w\" sizes=\"auto, (max-width: 202px) 100vw, 202px\" \/><\/a>Wir sind schon seit \u00fcber 20 Jahren in dem Bereich Software f\u00fcr Hausplanung t\u00e4tig. Egal ob sie <strong>Architekt<\/strong>, professioneller Planer oder <strong>privater Bauherr<\/strong> sind der sein Haus selber zeichnen m\u00f6chte &#8211; unsere Programme kommen aus der Praxis und beinhalten alle Funktionen um einen professionellen Plan zu erstellen.<\/p>\n<p>Alle unsere Produkte sind neben anderen Sprachen <strong>in Deutsch verf\u00fcgbar<\/strong>. Mittlerweile haben wir zwei verschiedene Software-Pakete die wir ihnen anbieten k\u00f6nnen.<\/p>\n<p>Neben dem CAD Programm von <a href=\"\/de\/arcon_plantek\/\">ArCon planTEK<\/a> k\u00f6nnen sie mit der <strong>professionellen <a href=\"https:\/\/www.cadvilla.com\/de\/hausplanung_software\/\">Hausplaner Software von Cadvilla<\/a><\/strong> Ihre Hausplanung am PC zuhause selbst erstellen! Einen <a href=\"https:\/\/www.cadvilla.com\/de\/arcon_plantek\/\">Leistungsvergleich<\/a> dieser beiden Programme finden sie auf der Internetseite von cadvilla.<\/p>\n<\/div><\/div><\/div><\/div><\/div><\/div><\/div><\/div><\/div><\/section>\n","protected":false},"excerpt":{"rendered":"Haus zeichnen &#8211; Mit 3D Software den Grundriss selber erstellen Haus zeichnen leicht gemacht &#8211; Wichtige Funktionen und worauf sie vor Beginn der Planung achten sollten Sie m\u00f6chten ihr Haus selber zeichnen, in 3D einrichten und virtuell durchwandern? Hier finden Sie die richtige Herangehensweise, weitere Tipps und Hinweise worauf sie vor Beginn der Grundrisserstellung achten...","protected":false},"author":1,"featured_media":0,"parent":0,"menu_order":0,"comment_status":"closed","ping_status":"closed","template":"","meta":{"footnotes":""},"class_list":["post-293","page","type-page","status-publish","hentry"],"yoast_head":"<!-- This site is optimized with the Yoast SEO plugin v27.5 - https:\/\/yoast.com\/product\/yoast-seo-wordpress\/ -->\n<title>Haus zeichnen - Mit 3D Software den Grundriss selber erstellen<\/title>\n<meta name=\"description\" content=\"Hausplanung leicht gemacht \u27a4 Diese Funktionen ben\u00f6tigen sie \u2714 Jetzt Hausplaner Software herunterladen \u2714 Das eigene Haus selber zeichnen\" \/>\n<meta name=\"robots\" content=\"index, follow, max-snippet:-1, max-image-preview:large, max-video-preview:-1\" \/>\n<link rel=\"canonical\" href=\"https:\/\/www.arcon-software.com\/de\/haus-zeichnen\/\" \/>\n<meta property=\"og:locale\" content=\"de_DE\" \/>\n<meta property=\"og:type\" content=\"article\" \/>\n<meta property=\"og:title\" content=\"Haus zeichnen - Mit 3D Software den Grundriss selber erstellen\" \/>\n<meta property=\"og:description\" content=\"Hausplanung leicht gemacht \u27a4 Diese Funktionen ben\u00f6tigen sie \u2714 Jetzt Hausplaner Software herunterladen \u2714 Das eigene Haus selber zeichnen\" \/>\n<meta property=\"og:url\" content=\"https:\/\/www.arcon-software.com\/de\/haus-zeichnen\/\" \/>\n<meta property=\"og:site_name\" content=\"ArCon Software\" \/>\n<meta property=\"article:modified_time\" content=\"2020-05-05T12:40:50+00:00\" \/>\n<meta property=\"og:image\" content=\"https:\/\/www.arcon-software.com\/wp-content\/uploads\/haus_planen.jpg\" \/>\n<meta name=\"twitter:card\" content=\"summary_large_image\" \/>\n<meta name=\"twitter:label1\" content=\"Gesch\u00e4tzte Lesezeit\" \/>\n\t<meta name=\"twitter:data1\" content=\"9\u00a0Minuten\" \/>\n<script type=\"application\/ld+json\" class=\"yoast-schema-graph\">{\"@context\":\"https:\\\/\\\/schema.org\",\"@graph\":[{\"@type\":\"WebPage\",\"@id\":\"https:\\\/\\\/www.arcon-software.com\\\/de\\\/haus-zeichnen\\\/\",\"url\":\"https:\\\/\\\/www.arcon-software.com\\\/de\\\/haus-zeichnen\\\/\",\"name\":\"Haus zeichnen - Mit 3D Software den Grundriss selber erstellen\",\"isPartOf\":{\"@id\":\"https:\\\/\\\/www.arcon-software.com\\\/de\\\/#website\"},\"primaryImageOfPage\":{\"@id\":\"https:\\\/\\\/www.arcon-software.com\\\/de\\\/haus-zeichnen\\\/#primaryimage\"},\"image\":{\"@id\":\"https:\\\/\\\/www.arcon-software.com\\\/de\\\/haus-zeichnen\\\/#primaryimage\"},\"thumbnailUrl\":\"https:\\\/\\\/www.arcon-software.com\\\/wp-content\\\/uploads\\\/haus_planen.jpg\",\"datePublished\":\"2020-05-01T14:22:55+00:00\",\"dateModified\":\"2020-05-05T12:40:50+00:00\",\"description\":\"Hausplanung leicht gemacht \u27a4 Diese Funktionen ben\u00f6tigen sie \u2714 Jetzt Hausplaner Software herunterladen \u2714 Das eigene Haus selber zeichnen\",\"breadcrumb\":{\"@id\":\"https:\\\/\\\/www.arcon-software.com\\\/de\\\/haus-zeichnen\\\/#breadcrumb\"},\"inLanguage\":\"de\",\"potentialAction\":[{\"@type\":\"ReadAction\",\"target\":[\"https:\\\/\\\/www.arcon-software.com\\\/de\\\/haus-zeichnen\\\/\"]}]},{\"@type\":\"ImageObject\",\"inLanguage\":\"de\",\"@id\":\"https:\\\/\\\/www.arcon-software.com\\\/de\\\/haus-zeichnen\\\/#primaryimage\",\"url\":\"https:\\\/\\\/www.arcon-software.com\\\/wp-content\\\/uploads\\\/haus_planen.jpg\",\"contentUrl\":\"https:\\\/\\\/www.arcon-software.com\\\/wp-content\\\/uploads\\\/haus_planen.jpg\"},{\"@type\":\"BreadcrumbList\",\"@id\":\"https:\\\/\\\/www.arcon-software.com\\\/de\\\/haus-zeichnen\\\/#breadcrumb\",\"itemListElement\":[{\"@type\":\"ListItem\",\"position\":1,\"name\":\"Startseite\",\"item\":\"https:\\\/\\\/www.arcon-software.com\\\/de\\\/\"},{\"@type\":\"ListItem\",\"position\":2,\"name\":\"Haus zeichnen &#8211; Mit 3D Software den Grundriss selber erstellen\"}]},{\"@type\":\"WebSite\",\"@id\":\"https:\\\/\\\/www.arcon-software.com\\\/de\\\/#website\",\"url\":\"https:\\\/\\\/www.arcon-software.com\\\/de\\\/\",\"name\":\"ArCon Software\",\"description\":\"\",\"publisher\":{\"@id\":\"https:\\\/\\\/www.arcon-software.com\\\/de\\\/#organization\"},\"potentialAction\":[{\"@type\":\"SearchAction\",\"target\":{\"@type\":\"EntryPoint\",\"urlTemplate\":\"https:\\\/\\\/www.arcon-software.com\\\/de\\\/?s={search_term_string}\"},\"query-input\":{\"@type\":\"PropertyValueSpecification\",\"valueRequired\":true,\"valueName\":\"search_term_string\"}}],\"inLanguage\":\"de\"},{\"@type\":\"Organization\",\"@id\":\"https:\\\/\\\/www.arcon-software.com\\\/de\\\/#organization\",\"name\":\"ArCon Software\",\"url\":\"https:\\\/\\\/www.arcon-software.com\\\/de\\\/\",\"logo\":{\"@type\":\"ImageObject\",\"inLanguage\":\"de\",\"@id\":\"https:\\\/\\\/www.arcon-software.com\\\/de\\\/#\\\/schema\\\/logo\\\/image\\\/\",\"url\":\"https:\\\/\\\/www.arcon-software.com\\\/wp-content\\\/uploads\\\/arcon_plantek24.png\",\"contentUrl\":\"https:\\\/\\\/www.arcon-software.com\\\/wp-content\\\/uploads\\\/arcon_plantek24.png\",\"width\":24,\"height\":24,\"caption\":\"ArCon Software\"},\"image\":{\"@id\":\"https:\\\/\\\/www.arcon-software.com\\\/de\\\/#\\\/schema\\\/logo\\\/image\\\/\"}}]}<\/script>\n<!-- \/ Yoast SEO plugin. -->","yoast_head_json":{"title":"Haus zeichnen - Mit 3D Software den Grundriss selber erstellen","description":"Hausplanung leicht gemacht \u27a4 Diese Funktionen ben\u00f6tigen sie \u2714 Jetzt Hausplaner Software herunterladen \u2714 Das eigene Haus selber zeichnen","robots":{"index":"index","follow":"follow","max-snippet":"max-snippet:-1","max-image-preview":"max-image-preview:large","max-video-preview":"max-video-preview:-1"},"canonical":"https:\/\/www.arcon-software.com\/de\/haus-zeichnen\/","og_locale":"de_DE","og_type":"article","og_title":"Haus zeichnen - Mit 3D Software den Grundriss selber erstellen","og_description":"Hausplanung leicht gemacht \u27a4 Diese Funktionen ben\u00f6tigen sie \u2714 Jetzt Hausplaner Software herunterladen \u2714 Das eigene Haus selber zeichnen","og_url":"https:\/\/www.arcon-software.com\/de\/haus-zeichnen\/","og_site_name":"ArCon Software","article_modified_time":"2020-05-05T12:40:50+00:00","og_image":[{"url":"https:\/\/www.arcon-software.com\/wp-content\/uploads\/haus_planen.jpg","type":"","width":"","height":""}],"twitter_card":"summary_large_image","twitter_misc":{"Gesch\u00e4tzte Lesezeit":"9\u00a0Minuten"},"schema":{"@context":"https:\/\/schema.org","@graph":[{"@type":"WebPage","@id":"https:\/\/www.arcon-software.com\/de\/haus-zeichnen\/","url":"https:\/\/www.arcon-software.com\/de\/haus-zeichnen\/","name":"Haus zeichnen - Mit 3D Software den Grundriss selber erstellen","isPartOf":{"@id":"https:\/\/www.arcon-software.com\/de\/#website"},"primaryImageOfPage":{"@id":"https:\/\/www.arcon-software.com\/de\/haus-zeichnen\/#primaryimage"},"image":{"@id":"https:\/\/www.arcon-software.com\/de\/haus-zeichnen\/#primaryimage"},"thumbnailUrl":"https:\/\/www.arcon-software.com\/wp-content\/uploads\/haus_planen.jpg","datePublished":"2020-05-01T14:22:55+00:00","dateModified":"2020-05-05T12:40:50+00:00","description":"Hausplanung leicht gemacht \u27a4 Diese Funktionen ben\u00f6tigen sie \u2714 Jetzt Hausplaner Software herunterladen \u2714 Das eigene Haus selber zeichnen","breadcrumb":{"@id":"https:\/\/www.arcon-software.com\/de\/haus-zeichnen\/#breadcrumb"},"inLanguage":"de","potentialAction":[{"@type":"ReadAction","target":["https:\/\/www.arcon-software.com\/de\/haus-zeichnen\/"]}]},{"@type":"ImageObject","inLanguage":"de","@id":"https:\/\/www.arcon-software.com\/de\/haus-zeichnen\/#primaryimage","url":"https:\/\/www.arcon-software.com\/wp-content\/uploads\/haus_planen.jpg","contentUrl":"https:\/\/www.arcon-software.com\/wp-content\/uploads\/haus_planen.jpg"},{"@type":"BreadcrumbList","@id":"https:\/\/www.arcon-software.com\/de\/haus-zeichnen\/#breadcrumb","itemListElement":[{"@type":"ListItem","position":1,"name":"Startseite","item":"https:\/\/www.arcon-software.com\/de\/"},{"@type":"ListItem","position":2,"name":"Haus zeichnen &#8211; Mit 3D Software den Grundriss selber erstellen"}]},{"@type":"WebSite","@id":"https:\/\/www.arcon-software.com\/de\/#website","url":"https:\/\/www.arcon-software.com\/de\/","name":"ArCon Software","description":"","publisher":{"@id":"https:\/\/www.arcon-software.com\/de\/#organization"},"potentialAction":[{"@type":"SearchAction","target":{"@type":"EntryPoint","urlTemplate":"https:\/\/www.arcon-software.com\/de\/?s={search_term_string}"},"query-input":{"@type":"PropertyValueSpecification","valueRequired":true,"valueName":"search_term_string"}}],"inLanguage":"de"},{"@type":"Organization","@id":"https:\/\/www.arcon-software.com\/de\/#organization","name":"ArCon Software","url":"https:\/\/www.arcon-software.com\/de\/","logo":{"@type":"ImageObject","inLanguage":"de","@id":"https:\/\/www.arcon-software.com\/de\/#\/schema\/logo\/image\/","url":"https:\/\/www.arcon-software.com\/wp-content\/uploads\/arcon_plantek24.png","contentUrl":"https:\/\/www.arcon-software.com\/wp-content\/uploads\/arcon_plantek24.png","width":24,"height":24,"caption":"ArCon Software"},"image":{"@id":"https:\/\/www.arcon-software.com\/de\/#\/schema\/logo\/image\/"}}]}},"_links":{"self":[{"href":"https:\/\/www.arcon-software.com\/de\/wp-json\/wp\/v2\/pages\/293","targetHints":{"allow":["GET"]}}],"collection":[{"href":"https:\/\/www.arcon-software.com\/de\/wp-json\/wp\/v2\/pages"}],"about":[{"href":"https:\/\/www.arcon-software.com\/de\/wp-json\/wp\/v2\/types\/page"}],"author":[{"embeddable":true,"href":"https:\/\/www.arcon-software.com\/de\/wp-json\/wp\/v2\/users\/1"}],"replies":[{"embeddable":true,"href":"https:\/\/www.arcon-software.com\/de\/wp-json\/wp\/v2\/comments?post=293"}],"version-history":[{"count":0,"href":"https:\/\/www.arcon-software.com\/de\/wp-json\/wp\/v2\/pages\/293\/revisions"}],"wp:attachment":[{"href":"https:\/\/www.arcon-software.com\/de\/wp-json\/wp\/v2\/media?parent=293"}],"curies":[{"name":"wp","href":"https:\/\/api.w.org\/{rel}","templated":true}]}}