{"id":322,"date":"2020-05-01T18:11:14","date_gmt":"2020-05-01T16:11:14","guid":{"rendered":"http:\/\/www.arcon-software.de\/?page_id=322"},"modified":"2020-05-19T15:49:30","modified_gmt":"2020-05-19T13:49:30","slug":"grundriss-zeichnen","status":"publish","type":"page","link":"https:\/\/www.arcon-software.com\/de\/grundriss-zeichnen\/","title":{"rendered":"Grundriss zeichnen &#8211; Tipps und Anleitung &#8211; Grundrissplaner-Software"},"content":{"rendered":"<section class=\"l-section wpb_row as-headerbackground0 height_medium\"><div class=\"l-section-h i-cf\"><div class=\"g-cols vc_row via_grid cols_1 laptops-cols_inherit tablets-cols_inherit mobiles-cols_1 valign_bottom type_default stacking_default\"><div class=\"wpb_column vc_column_container\"><div class=\"vc_column-inner\"><\/div><\/div><\/div><\/div><\/section><section class=\"l-section wpb_row height_auto\"><div class=\"l-section-h i-cf\"><div class=\"g-cols vc_row via_grid cols_1 laptops-cols_inherit tablets-cols_inherit mobiles-cols_1 valign_top type_default stacking_default\"><div class=\"wpb_column vc_column_container\"><div class=\"vc_column-inner\"><\/div><\/div><\/div><\/div><\/section><section class=\"l-section wpb_row as-headerbg height_small\" id=\"begin\"><div class=\"l-section-h i-cf\"><div class=\"g-cols vc_row via_grid cols_1 laptops-cols_inherit tablets-cols_inherit mobiles-cols_1 valign_top type_default stacking_default\"><div class=\"wpb_column vc_column_container\"><div class=\"vc_column-inner\"><div class=\"wpb_text_column as-heading1\"><div class=\"wpb_wrapper\"><h1>Grundriss zeichnen \u2013 mit der Grundrissplaner Software 2D Plan erstellen und in 3D durchwandern<\/h1>\n<\/div><\/div><\/div><\/div><\/div><\/div><\/section><section class=\"l-section wpb_row height_medium\"><div class=\"l-section-h i-cf\"><div class=\"g-cols vc_row via_grid cols_1 laptops-cols_inherit tablets-cols_inherit mobiles-cols_1 valign_top type_default stacking_default\"><div class=\"wpb_column vc_column_container\"><div class=\"vc_column-inner\"><div class=\"g-cols wpb_row via_grid cols_1 laptops-cols_inherit tablets-cols_inherit mobiles-cols_1 valign_top type_default stacking_default\" style=\"--columns-gap:3rem;\"><div class=\"wpb_column vc_column_container\"><div class=\"vc_column-inner\"><div class=\"wpb_text_column\"><div class=\"wpb_wrapper\"><p>Hier finden Sie eine <strong>Anleitung zum Zeichnen eines Grundrisses<\/strong> unter Verwendung von cadvilla oder ArCon. Das CAD Programm f\u00fcr Architektur dient dabei als reiner Grundrissplaner zum Erstellen von einem Grundriss f\u00fcr Ihr Haus oder ihre Wohnung.<\/p>\n<h2>Die ersten Schritte bei der Grundriss-Eingabe<\/h2>\n<p>Sie haben sich auf einen <strong>Grundriss<\/strong> festgelegt \u2013 nun ist alles in Stein gemei\u00dfelt und zwar buchst\u00e4blich! Ganz so endg\u00fcltig ist es nat\u00fcrlich nicht, f\u00fcr Ihre Zukunft ist es aber essentiell, dass Sie sich Zeit nehmen um sich intensiv in das \u201eProjekt-Hausplanung\u201c einzudenken. Denn gut durchdachte Grundrisse vermeiden unerw\u00fcnschte \u00dcberraschungen beim Hausbau.<\/p>\n<p>Neben der Hausplanungssoftware von <a href=\"https:\/\/www.arcon-software.com\/de\/arcon_plantek\/\">ArCon planTEK<\/a> k\u00f6nnen sie mit der <strong>professionellen <a href=\"https:\/\/www.cadvilla.com\/de\/cadvilla_basic\/\">Hausplaner und Grundrissplaner Software von Cadvilla<\/a><\/strong> Ihren Grundriss am PC zuhause selbst erstellen!<\/p>\n<p>Die intuitive Bedienung beim Zeichnen der Grundrisse, das einfache Gestalten und Einrichten im <strong>3D<\/strong> Modus und das Erstellen professioneller Pl\u00e4ne in <strong>2D<\/strong> machen das Architektur Programm ArCon planTEK und das Hausplaner Programm cadvilla nicht nur f\u00fcr den Architekt und professionellen Planer, sondern auch f\u00fcr den privaten Bauherrn und Laien zu den besten am Markt erh\u00e4ltlichen CAD Programmen.<\/p>\n<h2>Der Grundriss des Hauses oder der Wohnung<\/h2>\n<p><img loading=\"lazy\" decoding=\"async\" class=\"alignright wp-image-1072 size-full\" src=\"https:\/\/www.arcon-software.com\/wp-content\/uploads\/hausplanung.jpg\" alt=\"Hausplanung - Grundriss zeichnen\" width=\"300\" height=\"180\" srcset=\"https:\/\/www.arcon-software.com\/wp-content\/uploads\/hausplanung.jpg 300w, https:\/\/www.arcon-software.com\/wp-content\/uploads\/hausplanung-80x48.jpg 80w\" sizes=\"auto, (max-width: 300px) 100vw, 300px\" \/>Der Grundriss ist einer der wichtigsten Bausteine bei der Planung von ihrem Haus und die Aufteilung der eigenen vier W\u00e4nde ist enorm wichtig. Welcher Raum ist wie gro\u00df? Wie sollten die Zimmer angeordnet werden? Sollten gewisse R\u00e4ume miteinander verbunden sein? Wie gelangt man von einem Raum in den n\u00e4chsten? Auf welcher Etage befinden sich Badezimmer und WC? Gibt es einen Keller, ein Dachgescho\u00df oder andere Abstellr\u00e4ume f\u00fcr Krimskrams?<\/p>\n<p>Auch die Anordnung der M\u00f6bel wird hier bereits relevant. Wenn Sie bereits die Ma\u00dfe Ihrer M\u00f6bel kennen, besteht die M\u00f6glichkeit, den Grundriss danach auszurichten. Auf gro\u00dfe Elemente, wie eine Schrankwand, ein Kingsize Bett oder einen Fl\u00fcgel sollte hier unbedingt Acht gegeben werden. Das erspart Ihnen sp\u00e4ter beim Einrichten \u00c4rger und Verdruss. Eine optimale Einteilung setzt sich aus viel Platz in den Zimmern und wenig Platz auf den G\u00e4ngen zusammen. Idealerweise sollten alle Zimmer vom Flur aus erreichbar und mit gro\u00dfen Fenstern ausgestattet sein. Lichtdurchflutete Zimmer sorgen f\u00fcr ein unvergleichlich gem\u00fctliches Ambiente. Dies gilt auch f\u00fcr K\u00fcchen und B\u00e4der.<\/p>\n<p>Die R\u00e4ume sollten in Bezug auf die Gr\u00f6\u00dfe nicht stark variieren, sondern \u00e4hnlich gro\u00df sein. Mit dieser Raumaufteilung sind Ihnen alle M\u00f6glichkeiten freigestellt. Zus\u00e4tzliche R\u00e4ume k\u00f6nnen zu Kinder-, Arbeits- oder G\u00e4stezimmern umfunktioniert werden. Mit der \u00fcblichen Aufteilung \u2013 gro\u00dfes Wohnzimmer, mittelgro\u00dfes Schlafzimmer und kleines Kinderzimmer schr\u00e4nkt man sich im Falle eines Verkaufes zu sehr auf einen bestimmten Familientyp ein. Nat\u00fcrlich besteht die M\u00f6glichkeit, nach ein paar Jahren eine Wand einzurei\u00dfen \u2013 doch dies ist mit viel Arbeit verbunden.<\/p>\n<h2>Grundriss selber zeichnen \u2013 was gilt es zu beachten?<\/h2>\n<p><img loading=\"lazy\" decoding=\"async\" class=\"alignright wp-image-328 size-full\" title=\"Einfacher Grundriss\" src=\"https:\/\/www.arcon-software.com\/wp-content\/uploads\/einfacher-grundriss.png\" alt=\"Einfacher Grundriss\" width=\"350\" height=\"263\" srcset=\"https:\/\/www.arcon-software.com\/wp-content\/uploads\/einfacher-grundriss.png 350w, https:\/\/www.arcon-software.com\/wp-content\/uploads\/einfacher-grundriss-80x60.png 80w\" sizes=\"auto, (max-width: 350px) 100vw, 350px\" \/>Erstellen Sie selbst einen Grundriss, der auf Ihre Bed\u00fcrfnisse perfekt abgestimmt ist. Mittlerweile gibt es tolle Zeichen-Programme, welche auf die Erstellung von Grundriss und Hausplanung im Allgemeinen spezialisiert sind. Es ist kinderleicht eine solche Software zu installieren und auch die Bedienung ist durch ein intuitives Bedienkonzept bereits relativ einfach. Mit dem Programm k\u00f6nnen Sie unterschiedliche Varianten ausprobieren um zu sehen, welche Form vom Grundriss schlie\u00dflich f\u00fcr Sie passend ist und wenn sie die Zimmer danach virtuell einrichten wird sofort ersichtlich ob noch was am Grundriss klemmt. Vorhandene W\u00e4nde und eingebundene Objekte k\u00f6nnen beliebig oft verschoben und ausgetauscht werden &#8211; solange bis die Grundrissplanung perfekt ist.<\/p>\n<p>Bei dieser modernen Art und Weise, einen Grundriss zu zeichnen, sind Fehler und Ungenauigkeiten praktisch ausgeschlossen. Der Entwurf kann beliebig oft ausgedruckt und mit Freunden und Familie besprochen werden. Setzen Sie farbliche Akzente, um die \u00dcbersichtlichkeit zu gew\u00e4hren und einzelne Elemente voneinander zu unterscheiden. Um nicht sp\u00e4ter beim Hausbau eine b\u00f6se \u00dcberraschung zu erleben, tun Sie gut daran sich gr\u00fcndlich dar\u00fcber zu informieren, welche Aspekte hierbei zu beachten sind. Wenn Sie Ihren Grundriss m\u00f6glichst pr\u00e4zise und detailreich planen m\u00f6chten, empfiehlt sich ein gro\u00dfer Bildschirm mit m\u00f6glichst hoher Aufl\u00f6sung. Per Drag &amp; Drop k\u00f6nnen unterschiedliche Bestandteile des Hauses wie z.B. Fenster und T\u00fcren \u2013 ebenfalls in unterschiedlichen Formen vorhanden \u2013 in das potentielle Bauobjekt eingef\u00fcgt werden.<\/p>\n<h2>Mit Grundrissplaner Software am PC den Grundriss selber planen<\/h2>\n<p>Aller Anfang ist schwer. Vielleicht hilft es Ihnen vorerst einen Plan mit Bleistift und Papier zu zeichnen. Bei einem Ma\u00dfstab von 1:100, wo ein Zentimeter einem Meter entspricht, erstellen Sie einen Vorentwurf. Beginnen Sie beim Zeichnen vom Grundriss mit dem Raum, der den Mittelpunkt in Ihrem Haus darstellen soll \u2013 meist das Esszimmer und bauen Sie die anderen Zimmer drum herum. Denken Sie auch daran, wie Ihr Haus oder ihre Wohnung logistisch gesehen am besten aufgebaut werden soll. Wenn Sie \u00fcber mehrere Stockwerke verf\u00fcgen, ist es beispielsweise sinnvoll, das Badezimmer im ersten Stock, direkt \u00fcber die K\u00fcche im Erdgeschoss zu planen.<\/p>\n<p>R\u00e4umlichkeiten in denen es etwas lauter werden kann, beispielsweise die Waschk\u00fcche oder das Wohnzimmer, wo man Besuch empf\u00e4ngt, sollten m\u00f6glichst weit von den Schlafr\u00e4umen entfernt liegen. Fenster und Balkon sollten nach S\u00fcden ausgerichtet sein. Achten Sie beim Planen der T\u00fcren auf barrierefreies Wohnen. Die Phase der Hausplanung kann sich \u00fcber einen l\u00e4ngeren Zeitraum hinziehen. Vergessen Sie nicht Ihre Entw\u00fcrfe mit dem jeweiligen Datum zu versehen und Grundrisse mit unterschiedliche Varianten getrennt zu speichern.<\/p>\n<p>Wenn Sie einen Grundriss entwickelt haben, der Ihnen perfekt erscheint, sollten Sie auf jeden Fall einen Profi um Rat fragen. Lassen sie die Statik des Geb\u00e4udes \u00fcberpr\u00fcfen. Eventuell haben einige W\u00e4nde tragende Funktionen und ben\u00f6tigen dadurch eine dickere Wandst\u00e4rke.<\/p>\n<p>Auch der Einbau von Wasser- und Stromanschl\u00fcssen sowie Kabelausl\u00e4ssen an den passenden Stellen ist von gro\u00dfer Wichtigkeit. Darauf sollten Sie jedoch beim zeichnen des Grundrisses nicht allzu viel Zeit verschwenden. Sobald die Planung und Raumaufteilung weitestgehend abgeschlossen ist, lohnt es sich mit einem Mann vom Fach die technischen Fragen zu kl\u00e4ren und den Plan danach zu erg\u00e4nzen.<\/p>\n<p>Wenn Sie unschl\u00fcssig sind, wie Ihr Haus aussehen sollte, besuchen Sie eine Fertighausausstellung. Hier k\u00f6nnen Sie sich wertvolle Tipps f\u00fcr den Hausbau und Ideen f\u00fcr Grundrisse holen.<\/p>\n<p>Werden sie noch heute ihr eigener Architekt und zeichnen ihr neues Zuhause selber. Durchwandern sie den Grundriss in der 3D Darstellung und verschaffen sich den besten \u00dcberblick mit Hilfe unserer 3D CAD Grundrissplaner Programme. Unsere Software-Produkte sind sowohl f\u00fcr den Profi als auch den Laien und privaten Planer bestens geeignet.<\/p>\n<p>Hier finden Sie weitere Informationen zum <a href=\"https:\/\/www.arcon-software.com\/de\/arcon_leistungsumfang\/\">Leistungsumfang<\/a> der Hausplaner- und Architektur-Software von <a href=\"https:\/\/www.arcon-software.com\/de\/\">ArCon<\/a> und <a href=\"https:\/\/www.cadvilla.com\/de\/\">cadvilla<\/a>!<\/p>\n<p>Unter nachfolgendem Link finden Sie weitere Infos zum Thema &#8222;<a href=\"https:\/\/www.arcon-software.com\/de\/haus-zeichnen\/\">Richtige Hausplanung mit einer 3D Hausplaner Software<\/a>&#8222;<\/p>\n<\/div><\/div><\/div><\/div><\/div><\/div><\/div><\/div><\/div><\/section>\n","protected":false},"excerpt":{"rendered":"Grundriss zeichnen \u2013 mit der Grundrissplaner Software 2D Plan erstellen und in 3D durchwandern Hier finden Sie eine Anleitung zum Zeichnen eines Grundrisses unter Verwendung von cadvilla oder ArCon. Das CAD Programm f\u00fcr Architektur dient dabei als reiner Grundrissplaner zum Erstellen von einem Grundriss f\u00fcr Ihr Haus oder ihre Wohnung. Die ersten Schritte bei der...","protected":false},"author":1,"featured_media":0,"parent":0,"menu_order":0,"comment_status":"closed","ping_status":"closed","template":"","meta":{"footnotes":""},"class_list":["post-322","page","type-page","status-publish","hentry"],"yoast_head":"<!-- This site is optimized with the Yoast SEO plugin v27.5 - https:\/\/yoast.com\/product\/yoast-seo-wordpress\/ -->\n<title>Grundriss zeichnen - Tipps und Anleitung - Grundrissplaner-Software<\/title>\n<meta name=\"description\" content=\"Grundriss zeichnen \u27a4 So erstellen und zeichnen Sie den Grundriss Ihres Hauses und Ihrer Wohnung! \u2714 Jetzt Grundrissplaner herunterladen!\" \/>\n<meta name=\"robots\" content=\"index, follow, max-snippet:-1, max-image-preview:large, max-video-preview:-1\" \/>\n<link rel=\"canonical\" href=\"https:\/\/www.arcon-software.com\/de\/grundriss-zeichnen\/\" \/>\n<meta property=\"og:locale\" content=\"de_DE\" \/>\n<meta property=\"og:type\" content=\"article\" \/>\n<meta property=\"og:title\" content=\"Grundriss zeichnen - Tipps und Anleitung - Grundrissplaner-Software\" \/>\n<meta property=\"og:description\" content=\"Grundriss zeichnen \u27a4 So erstellen und zeichnen Sie den Grundriss Ihres Hauses und Ihrer Wohnung! \u2714 Jetzt Grundrissplaner herunterladen!\" \/>\n<meta property=\"og:url\" content=\"https:\/\/www.arcon-software.com\/de\/grundriss-zeichnen\/\" \/>\n<meta property=\"og:site_name\" content=\"ArCon Software\" \/>\n<meta property=\"article:modified_time\" content=\"2020-05-19T13:49:30+00:00\" \/>\n<meta property=\"og:image\" content=\"https:\/\/www.arcon-software.com\/wp-content\/uploads\/hausplanung.jpg\" \/>\n<meta name=\"twitter:card\" content=\"summary_large_image\" \/>\n<meta name=\"twitter:label1\" content=\"Gesch\u00e4tzte Lesezeit\" \/>\n\t<meta name=\"twitter:data1\" content=\"6\u00a0Minuten\" \/>\n<script type=\"application\/ld+json\" class=\"yoast-schema-graph\">{\"@context\":\"https:\\\/\\\/schema.org\",\"@graph\":[{\"@type\":\"WebPage\",\"@id\":\"https:\\\/\\\/www.arcon-software.com\\\/de\\\/grundriss-zeichnen\\\/\",\"url\":\"https:\\\/\\\/www.arcon-software.com\\\/de\\\/grundriss-zeichnen\\\/\",\"name\":\"Grundriss zeichnen - Tipps und Anleitung - Grundrissplaner-Software\",\"isPartOf\":{\"@id\":\"https:\\\/\\\/www.arcon-software.com\\\/de\\\/#website\"},\"primaryImageOfPage\":{\"@id\":\"https:\\\/\\\/www.arcon-software.com\\\/de\\\/grundriss-zeichnen\\\/#primaryimage\"},\"image\":{\"@id\":\"https:\\\/\\\/www.arcon-software.com\\\/de\\\/grundriss-zeichnen\\\/#primaryimage\"},\"thumbnailUrl\":\"https:\\\/\\\/www.arcon-software.com\\\/wp-content\\\/uploads\\\/hausplanung.jpg\",\"datePublished\":\"2020-05-01T16:11:14+00:00\",\"dateModified\":\"2020-05-19T13:49:30+00:00\",\"description\":\"Grundriss zeichnen \u27a4 So erstellen und zeichnen Sie den Grundriss Ihres Hauses und Ihrer Wohnung! \u2714 Jetzt Grundrissplaner herunterladen!\",\"breadcrumb\":{\"@id\":\"https:\\\/\\\/www.arcon-software.com\\\/de\\\/grundriss-zeichnen\\\/#breadcrumb\"},\"inLanguage\":\"de\",\"potentialAction\":[{\"@type\":\"ReadAction\",\"target\":[\"https:\\\/\\\/www.arcon-software.com\\\/de\\\/grundriss-zeichnen\\\/\"]}]},{\"@type\":\"ImageObject\",\"inLanguage\":\"de\",\"@id\":\"https:\\\/\\\/www.arcon-software.com\\\/de\\\/grundriss-zeichnen\\\/#primaryimage\",\"url\":\"https:\\\/\\\/www.arcon-software.com\\\/wp-content\\\/uploads\\\/hausplanung.jpg\",\"contentUrl\":\"https:\\\/\\\/www.arcon-software.com\\\/wp-content\\\/uploads\\\/hausplanung.jpg\"},{\"@type\":\"BreadcrumbList\",\"@id\":\"https:\\\/\\\/www.arcon-software.com\\\/de\\\/grundriss-zeichnen\\\/#breadcrumb\",\"itemListElement\":[{\"@type\":\"ListItem\",\"position\":1,\"name\":\"Startseite\",\"item\":\"https:\\\/\\\/www.arcon-software.com\\\/de\\\/\"},{\"@type\":\"ListItem\",\"position\":2,\"name\":\"Grundriss zeichnen &#8211; Tipps und Anleitung &#8211; Grundrissplaner-Software\"}]},{\"@type\":\"WebSite\",\"@id\":\"https:\\\/\\\/www.arcon-software.com\\\/de\\\/#website\",\"url\":\"https:\\\/\\\/www.arcon-software.com\\\/de\\\/\",\"name\":\"ArCon Software\",\"description\":\"\",\"publisher\":{\"@id\":\"https:\\\/\\\/www.arcon-software.com\\\/de\\\/#organization\"},\"potentialAction\":[{\"@type\":\"SearchAction\",\"target\":{\"@type\":\"EntryPoint\",\"urlTemplate\":\"https:\\\/\\\/www.arcon-software.com\\\/de\\\/?s={search_term_string}\"},\"query-input\":{\"@type\":\"PropertyValueSpecification\",\"valueRequired\":true,\"valueName\":\"search_term_string\"}}],\"inLanguage\":\"de\"},{\"@type\":\"Organization\",\"@id\":\"https:\\\/\\\/www.arcon-software.com\\\/de\\\/#organization\",\"name\":\"ArCon Software\",\"url\":\"https:\\\/\\\/www.arcon-software.com\\\/de\\\/\",\"logo\":{\"@type\":\"ImageObject\",\"inLanguage\":\"de\",\"@id\":\"https:\\\/\\\/www.arcon-software.com\\\/de\\\/#\\\/schema\\\/logo\\\/image\\\/\",\"url\":\"https:\\\/\\\/www.arcon-software.com\\\/wp-content\\\/uploads\\\/arcon_plantek24.png\",\"contentUrl\":\"https:\\\/\\\/www.arcon-software.com\\\/wp-content\\\/uploads\\\/arcon_plantek24.png\",\"width\":24,\"height\":24,\"caption\":\"ArCon Software\"},\"image\":{\"@id\":\"https:\\\/\\\/www.arcon-software.com\\\/de\\\/#\\\/schema\\\/logo\\\/image\\\/\"}}]}<\/script>\n<!-- \/ Yoast SEO plugin. -->","yoast_head_json":{"title":"Grundriss zeichnen - Tipps und Anleitung - Grundrissplaner-Software","description":"Grundriss zeichnen \u27a4 So erstellen und zeichnen Sie den Grundriss Ihres Hauses und Ihrer Wohnung! \u2714 Jetzt Grundrissplaner herunterladen!","robots":{"index":"index","follow":"follow","max-snippet":"max-snippet:-1","max-image-preview":"max-image-preview:large","max-video-preview":"max-video-preview:-1"},"canonical":"https:\/\/www.arcon-software.com\/de\/grundriss-zeichnen\/","og_locale":"de_DE","og_type":"article","og_title":"Grundriss zeichnen - Tipps und Anleitung - Grundrissplaner-Software","og_description":"Grundriss zeichnen \u27a4 So erstellen und zeichnen Sie den Grundriss Ihres Hauses und Ihrer Wohnung! \u2714 Jetzt Grundrissplaner herunterladen!","og_url":"https:\/\/www.arcon-software.com\/de\/grundriss-zeichnen\/","og_site_name":"ArCon Software","article_modified_time":"2020-05-19T13:49:30+00:00","og_image":[{"url":"https:\/\/www.arcon-software.com\/wp-content\/uploads\/hausplanung.jpg","type":"","width":"","height":""}],"twitter_card":"summary_large_image","twitter_misc":{"Gesch\u00e4tzte Lesezeit":"6\u00a0Minuten"},"schema":{"@context":"https:\/\/schema.org","@graph":[{"@type":"WebPage","@id":"https:\/\/www.arcon-software.com\/de\/grundriss-zeichnen\/","url":"https:\/\/www.arcon-software.com\/de\/grundriss-zeichnen\/","name":"Grundriss zeichnen - Tipps und Anleitung - Grundrissplaner-Software","isPartOf":{"@id":"https:\/\/www.arcon-software.com\/de\/#website"},"primaryImageOfPage":{"@id":"https:\/\/www.arcon-software.com\/de\/grundriss-zeichnen\/#primaryimage"},"image":{"@id":"https:\/\/www.arcon-software.com\/de\/grundriss-zeichnen\/#primaryimage"},"thumbnailUrl":"https:\/\/www.arcon-software.com\/wp-content\/uploads\/hausplanung.jpg","datePublished":"2020-05-01T16:11:14+00:00","dateModified":"2020-05-19T13:49:30+00:00","description":"Grundriss zeichnen \u27a4 So erstellen und zeichnen Sie den Grundriss Ihres Hauses und Ihrer Wohnung! \u2714 Jetzt Grundrissplaner herunterladen!","breadcrumb":{"@id":"https:\/\/www.arcon-software.com\/de\/grundriss-zeichnen\/#breadcrumb"},"inLanguage":"de","potentialAction":[{"@type":"ReadAction","target":["https:\/\/www.arcon-software.com\/de\/grundriss-zeichnen\/"]}]},{"@type":"ImageObject","inLanguage":"de","@id":"https:\/\/www.arcon-software.com\/de\/grundriss-zeichnen\/#primaryimage","url":"https:\/\/www.arcon-software.com\/wp-content\/uploads\/hausplanung.jpg","contentUrl":"https:\/\/www.arcon-software.com\/wp-content\/uploads\/hausplanung.jpg"},{"@type":"BreadcrumbList","@id":"https:\/\/www.arcon-software.com\/de\/grundriss-zeichnen\/#breadcrumb","itemListElement":[{"@type":"ListItem","position":1,"name":"Startseite","item":"https:\/\/www.arcon-software.com\/de\/"},{"@type":"ListItem","position":2,"name":"Grundriss zeichnen &#8211; Tipps und Anleitung &#8211; Grundrissplaner-Software"}]},{"@type":"WebSite","@id":"https:\/\/www.arcon-software.com\/de\/#website","url":"https:\/\/www.arcon-software.com\/de\/","name":"ArCon Software","description":"","publisher":{"@id":"https:\/\/www.arcon-software.com\/de\/#organization"},"potentialAction":[{"@type":"SearchAction","target":{"@type":"EntryPoint","urlTemplate":"https:\/\/www.arcon-software.com\/de\/?s={search_term_string}"},"query-input":{"@type":"PropertyValueSpecification","valueRequired":true,"valueName":"search_term_string"}}],"inLanguage":"de"},{"@type":"Organization","@id":"https:\/\/www.arcon-software.com\/de\/#organization","name":"ArCon Software","url":"https:\/\/www.arcon-software.com\/de\/","logo":{"@type":"ImageObject","inLanguage":"de","@id":"https:\/\/www.arcon-software.com\/de\/#\/schema\/logo\/image\/","url":"https:\/\/www.arcon-software.com\/wp-content\/uploads\/arcon_plantek24.png","contentUrl":"https:\/\/www.arcon-software.com\/wp-content\/uploads\/arcon_plantek24.png","width":24,"height":24,"caption":"ArCon Software"},"image":{"@id":"https:\/\/www.arcon-software.com\/de\/#\/schema\/logo\/image\/"}}]}},"_links":{"self":[{"href":"https:\/\/www.arcon-software.com\/de\/wp-json\/wp\/v2\/pages\/322","targetHints":{"allow":["GET"]}}],"collection":[{"href":"https:\/\/www.arcon-software.com\/de\/wp-json\/wp\/v2\/pages"}],"about":[{"href":"https:\/\/www.arcon-software.com\/de\/wp-json\/wp\/v2\/types\/page"}],"author":[{"embeddable":true,"href":"https:\/\/www.arcon-software.com\/de\/wp-json\/wp\/v2\/users\/1"}],"replies":[{"embeddable":true,"href":"https:\/\/www.arcon-software.com\/de\/wp-json\/wp\/v2\/comments?post=322"}],"version-history":[{"count":0,"href":"https:\/\/www.arcon-software.com\/de\/wp-json\/wp\/v2\/pages\/322\/revisions"}],"wp:attachment":[{"href":"https:\/\/www.arcon-software.com\/de\/wp-json\/wp\/v2\/media?parent=322"}],"curies":[{"name":"wp","href":"https:\/\/api.w.org\/{rel}","templated":true}]}}