{"id":366,"date":"2020-05-03T11:26:17","date_gmt":"2020-05-03T09:26:17","guid":{"rendered":"http:\/\/www.arcon-software.de\/?page_id=366"},"modified":"2020-07-07T15:11:24","modified_gmt":"2020-07-07T13:11:24","slug":"grundriss_zeichnen_service","status":"publish","type":"page","link":"https:\/\/www.arcon-software.com\/de\/grundriss_zeichnen_service\/","title":{"rendered":"Grundriss zeichnen &#8211; Expos\u00e9pl\u00e4ne zeichnen"},"content":{"rendered":"<section class=\"l-section wpb_row as-headerbackground0 height_medium\"><div class=\"l-section-h i-cf\"><div class=\"g-cols vc_row via_grid cols_1 laptops-cols_inherit tablets-cols_inherit mobiles-cols_1 valign_bottom type_default stacking_default\"><div class=\"wpb_column vc_column_container\"><div class=\"vc_column-inner\"><\/div><\/div><\/div><\/div><\/section><section class=\"l-section wpb_row height_auto\"><div class=\"l-section-h i-cf\"><div class=\"g-cols vc_row via_grid cols_1 laptops-cols_inherit tablets-cols_inherit mobiles-cols_1 valign_top type_default stacking_default\"><div class=\"wpb_column vc_column_container\"><div class=\"vc_column-inner\"><\/div><\/div><\/div><\/div><\/section><section class=\"l-section wpb_row as-headerbg height_small\" id=\"begin\"><div class=\"l-section-h i-cf\"><div class=\"g-cols vc_row via_grid cols_1 laptops-cols_inherit tablets-cols_inherit mobiles-cols_1 valign_top type_default stacking_default\"><div class=\"wpb_column vc_column_container\"><div class=\"vc_column-inner\"><div class=\"wpb_text_column as-heading1\"><div class=\"wpb_wrapper\"><h1>Grundriss zeichnen und Expos\u00e9pl\u00e4ne als Dienstleistung<\/h1>\n<\/div><\/div><\/div><\/div><\/div><\/div><\/section><section class=\"l-section wpb_row height_medium\"><div class=\"l-section-h i-cf\"><div class=\"g-cols vc_row via_grid cols_1 laptops-cols_inherit tablets-cols_inherit mobiles-cols_1 valign_top type_default stacking_default\"><div class=\"wpb_column vc_column_container\"><div class=\"vc_column-inner\"><div class=\"g-cols wpb_row via_grid cols_1 laptops-cols_inherit tablets-cols_inherit mobiles-cols_1 valign_top type_default stacking_default\" style=\"--columns-gap:3rem;\"><div class=\"wpb_column vc_column_container\"><div class=\"vc_column-inner\"><div class=\"wpb_text_column\"><div class=\"wpb_wrapper\"><h2>Grundrisse zeichnen und aufbereiten f\u00fcr Expos\u00e9pl\u00e4ne<\/h2>\n<p><a ref=\"magnificPopup\" href=\"https:\/\/www.arcon-software.com\/wp-content\/uploads\/fp_colored_fix.gif\"><img loading=\"lazy\" decoding=\"async\" class=\"alignright wp-image-370 size-us_350_350\" title=\"Grundrissplan\" src=\"https:\/\/www.arcon-software.com\/wp-content\/uploads\/fp_colored_fix-350x263.gif\" alt=\"Grundrissplan\" width=\"350\" height=\"263\" srcset=\"https:\/\/www.arcon-software.com\/wp-content\/uploads\/fp_colored_fix-350x263.gif 350w, https:\/\/www.arcon-software.com\/wp-content\/uploads\/fp_colored_fix-80x60.gif 80w, https:\/\/www.arcon-software.com\/wp-content\/uploads\/fp_colored_fix-600x450.gif 600w, https:\/\/www.arcon-software.com\/wp-content\/uploads\/fp_colored_fix-768x576.gif 768w\" sizes=\"auto, (max-width: 350px) 100vw, 350px\" \/><\/a><a href=\"https:\/\/www.arcon-software.com\/de\/arcon_plantek\/\">ArCon open [planTEK]<\/a> und <a href=\"https:\/\/www.cadvilla.com\/de\/\">cadvilla<\/a> sind moderne und umfangreiche Planungs- und Designsoftware-Pakete zum Erstellen von 2D-Pl\u00e4nen und 3D-Ansichten bis hin zur Kostensch\u00e4tzung und zum Durchwandern der Projekte und beinhalten um vieles mehr als nur das Erstellen von Expos\u00e9pl\u00e4nen.<\/p>\n<p>Aber auch, wenn sie nur mal schnell einen <a href=\"https:\/\/www.arcon-software.com\/de\/grundriss-zeichnen\/\">Grundriss zeichnen<\/a> m\u00f6chten, ist <a href=\"https:\/\/www.arcon-software.com\/de\/arcon_plantek\/\">ArCon open [planTEK]<\/a> und das Hausplaner-Programm <a href=\"https:\/\/www.cadvilla.com\/de\/\">cadvilla<\/a> die ideale Wahl. Zugleich sind unsere Software-Pakete kosteng\u00fcnstig und ber\u00fccksichtigen f\u00fcr die Planung geltende Normen und Vorschriften in der Darstellung.<\/p>\n<p>Falls sie zum Erstellen von Grundrissen und Expos\u00e9pl\u00e4nen nicht die entsprechende Kapazit\u00e4t haben und sich auch nicht in eines unserer umfangreichen Softwareprogramme einzuarbeiten m\u00f6chten, k\u00f6nnen sie bei uns das Erstellen von Grundrisspl\u00e4nen und Expos\u00e9pl\u00e4nen als Dienstleistung zukaufen.<\/p>\n<p>Handgezeichnete Skizzen oder Kopien von Grundrissen \/ Einreichpl\u00e4nen f\u00fcr die Pr\u00e4sentation wirken nicht besonders verkaufsf\u00f6rdernd.<\/p>\n<p>Bei uns k\u00f6nnen sie das Digitalisieren von Grundrissen \/ Einreichpl\u00e4nen zu Expos\u00e9pl\u00e4nen als Dienstleistung zukaufen.<br \/>\nWir erstellen auf Basis der von Ihnen \u00fcbermittelten Planunterlagen (z. B. Handzeichnungen, Plankopien) \u00fcbersichtliche <strong>2D-Expos\u00e9pl\u00e4ne<\/strong> zu einem ansprechenden Preis. Diese Expos\u00e9pl\u00e4ne werden als hochaufl\u00f6sende JPG-Bilddateien bereitgestellt und k\u00f6nnen somit z. B. auf Ihrer Online-Plattform oder auch f\u00fcr den Ausdruck eines Expos\u00e9s verwendet werden.<\/p>\n<p>Kunden die <strong>mehrere Expos\u00e9grundrisse<\/strong> ben\u00f6tigen bekommen als Mengenrabatt <strong>jeden zehnten<\/strong> Grundriss <strong>kostenlos<\/strong>!<\/p>\n<\/div><\/div><\/div><\/div><\/div><\/div><\/div><\/div><\/div><\/section><section class=\"l-section wpb_row us_custom_8965dd23 height_medium\"><div class=\"l-section-h i-cf\"><div class=\"g-cols vc_row via_grid cols_1 laptops-cols_inherit tablets-cols_inherit mobiles-cols_1 valign_top type_default stacking_default\"><div class=\"wpb_column vc_column_container\"><div class=\"vc_column-inner\"><div class=\"wpb_text_column\"><div class=\"wpb_wrapper\"><h2>M\u00f6gliche Expos\u00e9 &#8211; Darstellungen, die wir Ihnen anbieten k\u00f6nnen:<\/h2>\n<p>Nachstehend finden sie die einzelnen M\u00f6glichkeiten wie der Plan f\u00fcr Sie aufbereitet werden kann.<\/p>\n<p><em>Klicken sie einfach auf eines der nachstehenden Bilder, um dieses zu vergr\u00f6\u00dfern. Falls das Bild danach nicht ganz angezeigt wird, k\u00f6nnen sie es durch Dr\u00fccken der linken Maustaste und Bewegen der Maus verschieben. Um das darauffolgende Fenster wieder zu schlie\u00dfen, klicken sie einfach auf Fenster schlie\u00dfen (x)<\/em><\/p>\n<\/div><\/div><div class=\"wpb_text_column\"><div class=\"wpb_wrapper\"><p><a ref=\"magnificPopup\" href=\"https:\/\/www.arcon-software.com\/wp-content\/uploads\/fp_no_interior.gif\"><img loading=\"lazy\" decoding=\"async\" class=\"as-object-library_sample-pics alignnone wp-image-383 size-us_350_350\" title=\"Expos\u00e9plan mit Verma\u00dfung der R\u00e4ume\" src=\"https:\/\/www.arcon-software.com\/wp-content\/uploads\/fp_no_interior-350x263.gif\" alt=\"Expos\u00e9plan mit Verma\u00dfung der R\u00e4ume\" width=\"350\" height=\"263\" srcset=\"https:\/\/www.arcon-software.com\/wp-content\/uploads\/fp_no_interior-350x263.gif 350w, https:\/\/www.arcon-software.com\/wp-content\/uploads\/fp_no_interior-80x60.gif 80w, https:\/\/www.arcon-software.com\/wp-content\/uploads\/fp_no_interior-600x450.gif 600w, https:\/\/www.arcon-software.com\/wp-content\/uploads\/fp_no_interior-768x576.gif 768w\" sizes=\"auto, (max-width: 350px) 100vw, 350px\" \/><\/a><a ref=\"magnificPopup\" href=\"https:\/\/www.arcon-software.com\/wp-content\/uploads\/fp_no_colored_fix.gif\"><img loading=\"lazy\" decoding=\"async\" class=\"as-object-library_sample-pics alignnone wp-image-377 size-us_350_350\" title=\"Expos\u00e9plan mit Verma\u00dfung, Raumfl\u00e4chenberechnung und Muster-Einrichtung\" src=\"https:\/\/www.arcon-software.com\/wp-content\/uploads\/fp_no_colored_fix-350x263.gif\" alt=\"Expos\u00e9plan mit Verma\u00dfung, Raumfl\u00e4chenberechnung und Muster-Einrichtung\" width=\"350\" height=\"263\" srcset=\"https:\/\/www.arcon-software.com\/wp-content\/uploads\/fp_no_colored_fix-350x263.gif 350w, https:\/\/www.arcon-software.com\/wp-content\/uploads\/fp_no_colored_fix-80x60.gif 80w, https:\/\/www.arcon-software.com\/wp-content\/uploads\/fp_no_colored_fix-600x450.gif 600w, https:\/\/www.arcon-software.com\/wp-content\/uploads\/fp_no_colored_fix-768x576.gif 768w\" sizes=\"auto, (max-width: 350px) 100vw, 350px\" \/><\/a><\/p>\n<p><a ref=\"magnificPopup\" href=\"https:\/\/www.arcon-software.com\/wp-content\/uploads\/fp_bw.gif\"><img loading=\"lazy\" decoding=\"async\" class=\"as-object-library_sample-pics alignnone wp-image-392 size-us_350_350\" title=\"Expos\u00e9plan mit Raumfl\u00e4chenberechnung\" src=\"https:\/\/www.arcon-software.com\/wp-content\/uploads\/fp_bw-350x263.gif\" alt=\"Expos\u00e9plan mit Raumfl\u00e4chenberechnung\" width=\"350\" height=\"263\" srcset=\"https:\/\/www.arcon-software.com\/wp-content\/uploads\/fp_bw-350x263.gif 350w, https:\/\/www.arcon-software.com\/wp-content\/uploads\/fp_bw-80x60.gif 80w, https:\/\/www.arcon-software.com\/wp-content\/uploads\/fp_bw-600x450.gif 600w, https:\/\/www.arcon-software.com\/wp-content\/uploads\/fp_bw-768x576.gif 768w\" sizes=\"auto, (max-width: 350px) 100vw, 350px\" \/><\/a><a ref=\"magnificPopup\" href=\"https:\/\/www.arcon-software.com\/wp-content\/uploads\/fp_colored_fix.gif\"><img loading=\"lazy\" decoding=\"async\" class=\"as-object-library_sample-pics alignnone wp-image-370 size-us_350_350\" title=\"Expos\u00e9plan mit Verma\u00dfung, Raumfl\u00e4chenberechnung, Muster-Einrichtung, W\u00e4nde coloriert, Raumfl\u00e4chen coloriert\" src=\"https:\/\/www.arcon-software.com\/wp-content\/uploads\/fp_colored_fix-350x263.gif\" alt=\"Expos\u00e9plan mit Verma\u00dfung, Raumfl\u00e4chenberechnung, Muster-Einrichtung, W\u00e4nde coloriert, Raumfl\u00e4chen coloriert\" width=\"350\" height=\"263\" srcset=\"https:\/\/www.arcon-software.com\/wp-content\/uploads\/fp_colored_fix-350x263.gif 350w, https:\/\/www.arcon-software.com\/wp-content\/uploads\/fp_colored_fix-80x60.gif 80w, https:\/\/www.arcon-software.com\/wp-content\/uploads\/fp_colored_fix-600x450.gif 600w, https:\/\/www.arcon-software.com\/wp-content\/uploads\/fp_colored_fix-768x576.gif 768w\" sizes=\"auto, (max-width: 350px) 100vw, 350px\" \/><\/a><\/p>\n<\/div><\/div><\/div><\/div><\/div><\/div><\/section><section class=\"l-section wpb_row height_medium\"><div class=\"l-section-h i-cf\"><div class=\"g-cols vc_row via_grid cols_1 laptops-cols_inherit tablets-cols_inherit mobiles-cols_1 valign_top type_default stacking_default\"><div class=\"wpb_column vc_column_container\"><div class=\"vc_column-inner\"><div class=\"wpb_text_column us_custom_81b6f5e0\"><div class=\"wpb_wrapper\"><div id=\"mf_placeholder\" data-formurl=\"\/\/www.arcon-software.com\/formpruefer\/embed.php?id=3\" data-formheight=\"1500\" data-formtitle=\"Preisanfrage - Zeichnen von Expos\u00e9pl\u00e4nen\" data-paddingbottom=\"10\"><\/div>\n<p><script>\n\t(function(f,o,r,m){\n\t\tr=f.createElement('script');r.async=1;r.src=o+'js\/mf.js';\n\t\tm=f.getElementById('mf_placeholder'); m.parentNode.insertBefore(r, m);\n\t})(document,'\/\/www.arcon-software.com\/formpruefer\/');\n<\/script><\/p>\n<\/div><\/div><\/div><\/div><\/div><\/div><\/section>\n","protected":false},"excerpt":{"rendered":"Grundriss zeichnen und Expos\u00e9pl\u00e4ne als Dienstleistung Grundrisse zeichnen und aufbereiten f\u00fcr Expos\u00e9pl\u00e4ne ArCon open [planTEK] und cadvilla sind moderne und umfangreiche Planungs- und Designsoftware-Pakete zum Erstellen von 2D-Pl\u00e4nen und 3D-Ansichten bis hin zur Kostensch\u00e4tzung und zum Durchwandern der Projekte und beinhalten um vieles mehr als nur das Erstellen von Expos\u00e9pl\u00e4nen. Aber auch, wenn sie nur...","protected":false},"author":1,"featured_media":0,"parent":0,"menu_order":0,"comment_status":"closed","ping_status":"closed","template":"","meta":{"footnotes":""},"class_list":["post-366","page","type-page","status-publish","hentry"],"yoast_head":"<!-- This site is optimized with the Yoast SEO plugin v27.6 - https:\/\/yoast.com\/product\/yoast-seo-wordpress\/ -->\n<title>Grundriss zeichnen - Expos\u00e9pl\u00e4ne zeichnen<\/title>\n<meta name=\"description\" content=\"Zeichnen sie Ihre Grundrisse selbst oder lassen ihre Expos\u00e9pl\u00e4ne durch uns erstellen - alle Infos dazu hier\" \/>\n<meta name=\"robots\" content=\"index, follow, max-snippet:-1, max-image-preview:large, max-video-preview:-1\" \/>\n<link rel=\"canonical\" href=\"https:\/\/www.arcon-software.com\/de\/grundriss_zeichnen_service\/\" \/>\n<meta property=\"og:locale\" content=\"de_DE\" \/>\n<meta property=\"og:type\" content=\"article\" \/>\n<meta property=\"og:title\" content=\"Grundriss zeichnen - Expos\u00e9pl\u00e4ne zeichnen\" \/>\n<meta property=\"og:description\" content=\"Zeichnen sie Ihre Grundrisse selbst oder lassen ihre Expos\u00e9pl\u00e4ne durch uns erstellen - alle Infos dazu hier\" \/>\n<meta property=\"og:url\" content=\"https:\/\/www.arcon-software.com\/de\/grundriss_zeichnen_service\/\" \/>\n<meta property=\"og:site_name\" content=\"ArCon Software\" \/>\n<meta property=\"article:modified_time\" content=\"2020-07-07T13:11:24+00:00\" \/>\n<meta property=\"og:image\" content=\"https:\/\/www.arcon-software.com\/wp-content\/uploads\/fp_colored_fix-350x263.gif\" \/>\n<meta name=\"twitter:card\" content=\"summary_large_image\" \/>\n<meta name=\"twitter:label1\" content=\"Gesch\u00e4tzte Lesezeit\" \/>\n\t<meta name=\"twitter:data1\" content=\"2\u00a0Minuten\" \/>\n<script type=\"application\/ld+json\" class=\"yoast-schema-graph\">{\"@context\":\"https:\\\/\\\/schema.org\",\"@graph\":[{\"@type\":\"WebPage\",\"@id\":\"https:\\\/\\\/www.arcon-software.com\\\/de\\\/grundriss_zeichnen_service\\\/\",\"url\":\"https:\\\/\\\/www.arcon-software.com\\\/de\\\/grundriss_zeichnen_service\\\/\",\"name\":\"Grundriss zeichnen - Expos\u00e9pl\u00e4ne zeichnen\",\"isPartOf\":{\"@id\":\"https:\\\/\\\/www.arcon-software.com\\\/de\\\/#website\"},\"primaryImageOfPage\":{\"@id\":\"https:\\\/\\\/www.arcon-software.com\\\/de\\\/grundriss_zeichnen_service\\\/#primaryimage\"},\"image\":{\"@id\":\"https:\\\/\\\/www.arcon-software.com\\\/de\\\/grundriss_zeichnen_service\\\/#primaryimage\"},\"thumbnailUrl\":\"https:\\\/\\\/www.arcon-software.com\\\/wp-content\\\/uploads\\\/fp_colored_fix-350x263.gif\",\"datePublished\":\"2020-05-03T09:26:17+00:00\",\"dateModified\":\"2020-07-07T13:11:24+00:00\",\"description\":\"Zeichnen sie Ihre Grundrisse selbst oder lassen ihre Expos\u00e9pl\u00e4ne durch uns erstellen - alle Infos dazu hier\",\"breadcrumb\":{\"@id\":\"https:\\\/\\\/www.arcon-software.com\\\/de\\\/grundriss_zeichnen_service\\\/#breadcrumb\"},\"inLanguage\":\"de\",\"potentialAction\":[{\"@type\":\"ReadAction\",\"target\":[\"https:\\\/\\\/www.arcon-software.com\\\/de\\\/grundriss_zeichnen_service\\\/\"]}]},{\"@type\":\"ImageObject\",\"inLanguage\":\"de\",\"@id\":\"https:\\\/\\\/www.arcon-software.com\\\/de\\\/grundriss_zeichnen_service\\\/#primaryimage\",\"url\":\"https:\\\/\\\/www.arcon-software.com\\\/wp-content\\\/uploads\\\/fp_colored_fix-350x263.gif\",\"contentUrl\":\"https:\\\/\\\/www.arcon-software.com\\\/wp-content\\\/uploads\\\/fp_colored_fix-350x263.gif\"},{\"@type\":\"BreadcrumbList\",\"@id\":\"https:\\\/\\\/www.arcon-software.com\\\/de\\\/grundriss_zeichnen_service\\\/#breadcrumb\",\"itemListElement\":[{\"@type\":\"ListItem\",\"position\":1,\"name\":\"Startseite\",\"item\":\"https:\\\/\\\/www.arcon-software.com\\\/de\\\/\"},{\"@type\":\"ListItem\",\"position\":2,\"name\":\"Grundriss zeichnen &#8211; Expos\u00e9pl\u00e4ne zeichnen\"}]},{\"@type\":\"WebSite\",\"@id\":\"https:\\\/\\\/www.arcon-software.com\\\/de\\\/#website\",\"url\":\"https:\\\/\\\/www.arcon-software.com\\\/de\\\/\",\"name\":\"ArCon Software\",\"description\":\"\",\"publisher\":{\"@id\":\"https:\\\/\\\/www.arcon-software.com\\\/de\\\/#organization\"},\"potentialAction\":[{\"@type\":\"SearchAction\",\"target\":{\"@type\":\"EntryPoint\",\"urlTemplate\":\"https:\\\/\\\/www.arcon-software.com\\\/de\\\/?s={search_term_string}\"},\"query-input\":{\"@type\":\"PropertyValueSpecification\",\"valueRequired\":true,\"valueName\":\"search_term_string\"}}],\"inLanguage\":\"de\"},{\"@type\":\"Organization\",\"@id\":\"https:\\\/\\\/www.arcon-software.com\\\/de\\\/#organization\",\"name\":\"ArCon Software\",\"url\":\"https:\\\/\\\/www.arcon-software.com\\\/de\\\/\",\"logo\":{\"@type\":\"ImageObject\",\"inLanguage\":\"de\",\"@id\":\"https:\\\/\\\/www.arcon-software.com\\\/de\\\/#\\\/schema\\\/logo\\\/image\\\/\",\"url\":\"https:\\\/\\\/www.arcon-software.com\\\/wp-content\\\/uploads\\\/arcon_plantek24.png\",\"contentUrl\":\"https:\\\/\\\/www.arcon-software.com\\\/wp-content\\\/uploads\\\/arcon_plantek24.png\",\"width\":24,\"height\":24,\"caption\":\"ArCon Software\"},\"image\":{\"@id\":\"https:\\\/\\\/www.arcon-software.com\\\/de\\\/#\\\/schema\\\/logo\\\/image\\\/\"}}]}<\/script>\n<!-- \/ Yoast SEO plugin. -->","yoast_head_json":{"title":"Grundriss zeichnen - Expos\u00e9pl\u00e4ne zeichnen","description":"Zeichnen sie Ihre Grundrisse selbst oder lassen ihre Expos\u00e9pl\u00e4ne durch uns erstellen - alle Infos dazu hier","robots":{"index":"index","follow":"follow","max-snippet":"max-snippet:-1","max-image-preview":"max-image-preview:large","max-video-preview":"max-video-preview:-1"},"canonical":"https:\/\/www.arcon-software.com\/de\/grundriss_zeichnen_service\/","og_locale":"de_DE","og_type":"article","og_title":"Grundriss zeichnen - Expos\u00e9pl\u00e4ne zeichnen","og_description":"Zeichnen sie Ihre Grundrisse selbst oder lassen ihre Expos\u00e9pl\u00e4ne durch uns erstellen - alle Infos dazu hier","og_url":"https:\/\/www.arcon-software.com\/de\/grundriss_zeichnen_service\/","og_site_name":"ArCon Software","article_modified_time":"2020-07-07T13:11:24+00:00","og_image":[{"url":"https:\/\/www.arcon-software.com\/wp-content\/uploads\/fp_colored_fix-350x263.gif","type":"","width":"","height":""}],"twitter_card":"summary_large_image","twitter_misc":{"Gesch\u00e4tzte Lesezeit":"2\u00a0Minuten"},"schema":{"@context":"https:\/\/schema.org","@graph":[{"@type":"WebPage","@id":"https:\/\/www.arcon-software.com\/de\/grundriss_zeichnen_service\/","url":"https:\/\/www.arcon-software.com\/de\/grundriss_zeichnen_service\/","name":"Grundriss zeichnen - Expos\u00e9pl\u00e4ne zeichnen","isPartOf":{"@id":"https:\/\/www.arcon-software.com\/de\/#website"},"primaryImageOfPage":{"@id":"https:\/\/www.arcon-software.com\/de\/grundriss_zeichnen_service\/#primaryimage"},"image":{"@id":"https:\/\/www.arcon-software.com\/de\/grundriss_zeichnen_service\/#primaryimage"},"thumbnailUrl":"https:\/\/www.arcon-software.com\/wp-content\/uploads\/fp_colored_fix-350x263.gif","datePublished":"2020-05-03T09:26:17+00:00","dateModified":"2020-07-07T13:11:24+00:00","description":"Zeichnen sie Ihre Grundrisse selbst oder lassen ihre Expos\u00e9pl\u00e4ne durch uns erstellen - alle Infos dazu hier","breadcrumb":{"@id":"https:\/\/www.arcon-software.com\/de\/grundriss_zeichnen_service\/#breadcrumb"},"inLanguage":"de","potentialAction":[{"@type":"ReadAction","target":["https:\/\/www.arcon-software.com\/de\/grundriss_zeichnen_service\/"]}]},{"@type":"ImageObject","inLanguage":"de","@id":"https:\/\/www.arcon-software.com\/de\/grundriss_zeichnen_service\/#primaryimage","url":"https:\/\/www.arcon-software.com\/wp-content\/uploads\/fp_colored_fix-350x263.gif","contentUrl":"https:\/\/www.arcon-software.com\/wp-content\/uploads\/fp_colored_fix-350x263.gif"},{"@type":"BreadcrumbList","@id":"https:\/\/www.arcon-software.com\/de\/grundriss_zeichnen_service\/#breadcrumb","itemListElement":[{"@type":"ListItem","position":1,"name":"Startseite","item":"https:\/\/www.arcon-software.com\/de\/"},{"@type":"ListItem","position":2,"name":"Grundriss zeichnen &#8211; Expos\u00e9pl\u00e4ne zeichnen"}]},{"@type":"WebSite","@id":"https:\/\/www.arcon-software.com\/de\/#website","url":"https:\/\/www.arcon-software.com\/de\/","name":"ArCon Software","description":"","publisher":{"@id":"https:\/\/www.arcon-software.com\/de\/#organization"},"potentialAction":[{"@type":"SearchAction","target":{"@type":"EntryPoint","urlTemplate":"https:\/\/www.arcon-software.com\/de\/?s={search_term_string}"},"query-input":{"@type":"PropertyValueSpecification","valueRequired":true,"valueName":"search_term_string"}}],"inLanguage":"de"},{"@type":"Organization","@id":"https:\/\/www.arcon-software.com\/de\/#organization","name":"ArCon Software","url":"https:\/\/www.arcon-software.com\/de\/","logo":{"@type":"ImageObject","inLanguage":"de","@id":"https:\/\/www.arcon-software.com\/de\/#\/schema\/logo\/image\/","url":"https:\/\/www.arcon-software.com\/wp-content\/uploads\/arcon_plantek24.png","contentUrl":"https:\/\/www.arcon-software.com\/wp-content\/uploads\/arcon_plantek24.png","width":24,"height":24,"caption":"ArCon Software"},"image":{"@id":"https:\/\/www.arcon-software.com\/de\/#\/schema\/logo\/image\/"}}]}},"_links":{"self":[{"href":"https:\/\/www.arcon-software.com\/de\/wp-json\/wp\/v2\/pages\/366","targetHints":{"allow":["GET"]}}],"collection":[{"href":"https:\/\/www.arcon-software.com\/de\/wp-json\/wp\/v2\/pages"}],"about":[{"href":"https:\/\/www.arcon-software.com\/de\/wp-json\/wp\/v2\/types\/page"}],"author":[{"embeddable":true,"href":"https:\/\/www.arcon-software.com\/de\/wp-json\/wp\/v2\/users\/1"}],"replies":[{"embeddable":true,"href":"https:\/\/www.arcon-software.com\/de\/wp-json\/wp\/v2\/comments?post=366"}],"version-history":[{"count":0,"href":"https:\/\/www.arcon-software.com\/de\/wp-json\/wp\/v2\/pages\/366\/revisions"}],"wp:attachment":[{"href":"https:\/\/www.arcon-software.com\/de\/wp-json\/wp\/v2\/media?parent=366"}],"curies":[{"name":"wp","href":"https:\/\/api.w.org\/{rel}","templated":true}]}}