{"id":403,"date":"2020-05-03T13:52:57","date_gmt":"2020-05-03T11:52:57","guid":{"rendered":"http:\/\/www.arcon-software.de\/?page_id=403"},"modified":"2020-10-21T16:32:49","modified_gmt":"2020-10-21T14:32:49","slug":"arcon_start","status":"publish","type":"page","link":"https:\/\/www.arcon-software.com\/de\/arcon_start\/","title":{"rendered":"Allgemeines zu ArCon &#8211; Software f\u00fcr Architektur"},"content":{"rendered":"<section class=\"l-section wpb_row as-headerbackground0 height_medium\"><div class=\"l-section-h i-cf\"><div class=\"g-cols vc_row via_grid cols_1 laptops-cols_inherit tablets-cols_inherit mobiles-cols_1 valign_bottom type_default stacking_default\"><div class=\"wpb_column vc_column_container\"><div class=\"vc_column-inner\"><\/div><\/div><\/div><\/div><\/section><section class=\"l-section wpb_row height_auto\"><div class=\"l-section-h i-cf\"><div class=\"g-cols vc_row via_grid cols_1 laptops-cols_inherit tablets-cols_inherit mobiles-cols_1 valign_top type_default stacking_default\"><div class=\"wpb_column vc_column_container\"><div class=\"vc_column-inner\"><\/div><\/div><\/div><\/div><\/section><section class=\"l-section wpb_row as-headerbg height_small\" id=\"begin\"><div class=\"l-section-h i-cf\"><div class=\"g-cols vc_row via_grid cols_1 laptops-cols_inherit tablets-cols_inherit mobiles-cols_1 valign_top type_default stacking_default\"><div class=\"wpb_column vc_column_container\"><div class=\"vc_column-inner\"><div class=\"wpb_text_column as-heading1\"><div class=\"wpb_wrapper\"><h1>Allgemeines zu ArCon &#8211; Software f\u00fcr Architektur<\/h1>\n<\/div><\/div><\/div><\/div><\/div><\/div><\/section><section class=\"l-section wpb_row height_medium\"><div class=\"l-section-h i-cf\"><div class=\"g-cols vc_row via_grid cols_1 laptops-cols_inherit tablets-cols_inherit mobiles-cols_1 valign_top type_default stacking_default\"><div class=\"wpb_column vc_column_container\"><div class=\"vc_column-inner\"><div class=\"g-cols wpb_row via_grid cols_1 laptops-cols_inherit tablets-cols_inherit mobiles-cols_1 valign_top type_default stacking_default\" style=\"--columns-gap:3rem;\"><div class=\"wpb_column vc_column_container\"><div class=\"vc_column-inner\"><div class=\"wpb_text_column\"><div class=\"wpb_wrapper\"><h2>Allgemeine Informationen zu ArCon<\/h2>\n<p><img loading=\"lazy\" decoding=\"async\" class=\"as-object-library_sample-pics alignright wp-image-404 size-full\" src=\"https:\/\/www.arcon-software.com\/wp-content\/uploads\/haus-tag.jpg\" alt=\"Visualisierung von einem Haus\" width=\"238\" height=\"166\" srcset=\"https:\/\/www.arcon-software.com\/wp-content\/uploads\/haus-tag.jpg 238w, https:\/\/www.arcon-software.com\/wp-content\/uploads\/haus-tag-80x56.jpg 80w\" sizes=\"auto, (max-width: 238px) 100vw, 238px\" \/>ArCon ist eine moderne Planungs- und Designsoftware f\u00fcr Architekten, Innenarchitekten, Fertighaus- und M\u00f6belhersteller, Immobilienmakler, den privaten Bauherrn, Hausplaner und Wohnungsplaner &#8211; kurz um f\u00fcr jeden, der etwas mit Planung von Geb\u00e4uden zu tun hat.<\/p>\n<p>ArCon nimmt Abstand vom herk\u00f6mmlichen Linienzeichnen, denn das Konstruieren und Einrichten erfolgt dreidimensional. Die urspr\u00fcngliche Trennung von Konstruktion und Visualisierung ist in diesen Software-Paketen vollends aufgehoben.<\/p>\n<p>Mithilfe von Rastern, Linealen und Hilfslinien k\u00f6nnen Sie schnell beliebige Grundrisse planen, einrichten und gestalten.<\/p>\n<p>Mit <a href=\"https:\/\/www.arcon-software.com\/de\/\">ArCon<\/a> k\u00f6nnen sie eine komplette Etage planen, konstruieren und einrichten und brauchen trotzdem nicht auf viele au\u00dfergew\u00f6hnliche Funktionen zu verzichten.<\/p>\n<p>Es wird vom Keller bis zum Dachgeschoss, einschlie\u00dflich Au\u00dfenanlagen konstruiert und das Bauvorhaben in die entsprechende Umgebung mittels Gel\u00e4ndemodellierung eingepasst.<\/p>\n<p>F\u00fcr W\u00e4nde, D\u00e4cher, Treppen, Fenster, T\u00fcren und weitere Konstruktionselemente stehen eine Vielzahl vorgegebener Varianten zur Verf\u00fcgung welche aber auch nach eigenen Vorstellungen selbst gestaltet werden k\u00f6nnen.<\/p>\n<p>Ein umfangreicher Objekte- und Texturenkatalog f\u00fcr die Einrichtung mit \u00fcber 3.000 Objekte und Texturen in verschiedenen Stilkatalogen von der M\u00f6blierung bis hin zu Tapeten, Bodenbel\u00e4gen und Au\u00dfenobjekten ist in allen Versionen enthalten.<\/p>\n<p>Die Berechnung von Licht, Schatten, Transparenz und Spiegelungen und die Ber\u00fccksichtigung des Sonnen- und Mondstandes nach geografischem Standort vermitteln eine realit\u00e4tsnahe und detailgetreue Darstellung.<\/p>\n<p>Weiters k\u00f6nnen die Innenr\u00e4ume und Au\u00dfenanlagen am PC dreidimensional virtuell &#8222;Durchwandern&#8220;. Die r\u00e4umliche Pr\u00e4sentation des Projektes l\u00e4sst somit m\u00f6gliche Planungsmissverst\u00e4ndnisse schon fr\u00fch erkennen und ausschlie\u00dfen.<\/p>\n<\/div><\/div><div class=\"w-actionbox color_primary controls_right\"><div class=\"w-actionbox-text\"><h3 class=\"w-actionbox-title\">Architektur-Software zum Zeichnen Ihrer Grundrisse<\/h3><div class=\"w-actionbox-description\"><p>Erstellen Sie Ihren Grundriss mit allen dazu geh\u00f6rigen Schnitten und Seitenansichten mit der einfach zu bedienenden Architektur-Software von ArCon planTEK.<\/p>\n<\/div><\/div><div class=\"w-actionbox-controls\"><a class=\"w-btn us-btn-style_1\" title=\"ArCon jetzt bestellen\" href=\"https:\/\/www.arcon-software.com\/de\/arcon_plantek\/\"><span class=\"w-btn-label\">ArCon jetzt bestellen<\/span><\/a><\/div><\/div><\/div><\/div><\/div><\/div><\/div><\/div><\/div><\/section>\n","protected":false},"excerpt":{"rendered":"Allgemeines zu ArCon &#8211; Software f\u00fcr Architektur Allgemeine Informationen zu ArCon ArCon ist eine moderne Planungs- und Designsoftware f\u00fcr Architekten, Innenarchitekten, Fertighaus- und M\u00f6belhersteller, Immobilienmakler, den privaten Bauherrn, Hausplaner und Wohnungsplaner &#8211; kurz um f\u00fcr jeden, der etwas mit Planung von Geb\u00e4uden zu tun hat. ArCon nimmt Abstand vom herk\u00f6mmlichen Linienzeichnen, denn das Konstruieren und...","protected":false},"author":1,"featured_media":0,"parent":0,"menu_order":0,"comment_status":"closed","ping_status":"closed","template":"","meta":{"footnotes":""},"class_list":["post-403","page","type-page","status-publish","hentry"],"yoast_head":"<!-- This site is optimized with the Yoast SEO plugin v27.4 - https:\/\/yoast.com\/product\/yoast-seo-wordpress\/ -->\n<title>Allgemeines zu ArCon - Software f\u00fcr Architektur<\/title>\n<meta name=\"description\" content=\"Die moderne Konstruktions- und Design-Software ArCon ist das ideale Programm zum Entwerfen,Planen und Gestalten von H\u00e4usern, Wohnungen, R\u00e4umen und Inneneinrichtungen.\" \/>\n<meta name=\"robots\" content=\"index, follow, max-snippet:-1, max-image-preview:large, max-video-preview:-1\" \/>\n<link rel=\"canonical\" href=\"https:\/\/www.arcon-software.com\/de\/arcon_start\/\" \/>\n<meta property=\"og:locale\" content=\"de_DE\" \/>\n<meta property=\"og:type\" content=\"article\" \/>\n<meta property=\"og:title\" content=\"Allgemeines zu ArCon - Software f\u00fcr Architektur\" \/>\n<meta property=\"og:description\" content=\"Die moderne Konstruktions- und Design-Software ArCon ist das ideale Programm zum Entwerfen,Planen und Gestalten von H\u00e4usern, Wohnungen, R\u00e4umen und Inneneinrichtungen.\" \/>\n<meta property=\"og:url\" content=\"https:\/\/www.arcon-software.com\/de\/arcon_start\/\" \/>\n<meta property=\"og:site_name\" content=\"ArCon Software\" \/>\n<meta property=\"article:modified_time\" content=\"2020-10-21T14:32:49+00:00\" \/>\n<meta property=\"og:image\" content=\"https:\/\/www.arcon-software.com\/wp-content\/uploads\/haus-tag.jpg\" \/>\n<meta name=\"twitter:card\" content=\"summary_large_image\" \/>\n<meta name=\"twitter:label1\" content=\"Gesch\u00e4tzte Lesezeit\" \/>\n\t<meta name=\"twitter:data1\" content=\"2\u00a0Minuten\" \/>\n<script type=\"application\/ld+json\" class=\"yoast-schema-graph\">{\"@context\":\"https:\\\/\\\/schema.org\",\"@graph\":[{\"@type\":\"WebPage\",\"@id\":\"https:\\\/\\\/www.arcon-software.com\\\/de\\\/arcon_start\\\/\",\"url\":\"https:\\\/\\\/www.arcon-software.com\\\/de\\\/arcon_start\\\/\",\"name\":\"Allgemeines zu ArCon - Software f\u00fcr Architektur\",\"isPartOf\":{\"@id\":\"https:\\\/\\\/www.arcon-software.com\\\/de\\\/#website\"},\"primaryImageOfPage\":{\"@id\":\"https:\\\/\\\/www.arcon-software.com\\\/de\\\/arcon_start\\\/#primaryimage\"},\"image\":{\"@id\":\"https:\\\/\\\/www.arcon-software.com\\\/de\\\/arcon_start\\\/#primaryimage\"},\"thumbnailUrl\":\"https:\\\/\\\/www.arcon-software.com\\\/wp-content\\\/uploads\\\/haus-tag.jpg\",\"datePublished\":\"2020-05-03T11:52:57+00:00\",\"dateModified\":\"2020-10-21T14:32:49+00:00\",\"description\":\"Die moderne Konstruktions- und Design-Software ArCon ist das ideale Programm zum Entwerfen,Planen und Gestalten von H\u00e4usern, Wohnungen, R\u00e4umen und Inneneinrichtungen.\",\"breadcrumb\":{\"@id\":\"https:\\\/\\\/www.arcon-software.com\\\/de\\\/arcon_start\\\/#breadcrumb\"},\"inLanguage\":\"de\",\"potentialAction\":[{\"@type\":\"ReadAction\",\"target\":[\"https:\\\/\\\/www.arcon-software.com\\\/de\\\/arcon_start\\\/\"]}]},{\"@type\":\"ImageObject\",\"inLanguage\":\"de\",\"@id\":\"https:\\\/\\\/www.arcon-software.com\\\/de\\\/arcon_start\\\/#primaryimage\",\"url\":\"https:\\\/\\\/www.arcon-software.com\\\/wp-content\\\/uploads\\\/haus-tag.jpg\",\"contentUrl\":\"https:\\\/\\\/www.arcon-software.com\\\/wp-content\\\/uploads\\\/haus-tag.jpg\"},{\"@type\":\"BreadcrumbList\",\"@id\":\"https:\\\/\\\/www.arcon-software.com\\\/de\\\/arcon_start\\\/#breadcrumb\",\"itemListElement\":[{\"@type\":\"ListItem\",\"position\":1,\"name\":\"Startseite\",\"item\":\"https:\\\/\\\/www.arcon-software.com\\\/de\\\/\"},{\"@type\":\"ListItem\",\"position\":2,\"name\":\"Allgemeines zu ArCon &#8211; Software f\u00fcr Architektur\"}]},{\"@type\":\"WebSite\",\"@id\":\"https:\\\/\\\/www.arcon-software.com\\\/de\\\/#website\",\"url\":\"https:\\\/\\\/www.arcon-software.com\\\/de\\\/\",\"name\":\"ArCon Software\",\"description\":\"\",\"publisher\":{\"@id\":\"https:\\\/\\\/www.arcon-software.com\\\/de\\\/#organization\"},\"potentialAction\":[{\"@type\":\"SearchAction\",\"target\":{\"@type\":\"EntryPoint\",\"urlTemplate\":\"https:\\\/\\\/www.arcon-software.com\\\/de\\\/?s={search_term_string}\"},\"query-input\":{\"@type\":\"PropertyValueSpecification\",\"valueRequired\":true,\"valueName\":\"search_term_string\"}}],\"inLanguage\":\"de\"},{\"@type\":\"Organization\",\"@id\":\"https:\\\/\\\/www.arcon-software.com\\\/de\\\/#organization\",\"name\":\"ArCon Software\",\"url\":\"https:\\\/\\\/www.arcon-software.com\\\/de\\\/\",\"logo\":{\"@type\":\"ImageObject\",\"inLanguage\":\"de\",\"@id\":\"https:\\\/\\\/www.arcon-software.com\\\/de\\\/#\\\/schema\\\/logo\\\/image\\\/\",\"url\":\"https:\\\/\\\/www.arcon-software.com\\\/wp-content\\\/uploads\\\/arcon_plantek24.png\",\"contentUrl\":\"https:\\\/\\\/www.arcon-software.com\\\/wp-content\\\/uploads\\\/arcon_plantek24.png\",\"width\":24,\"height\":24,\"caption\":\"ArCon Software\"},\"image\":{\"@id\":\"https:\\\/\\\/www.arcon-software.com\\\/de\\\/#\\\/schema\\\/logo\\\/image\\\/\"}}]}<\/script>\n<!-- \/ Yoast SEO plugin. -->","yoast_head_json":{"title":"Allgemeines zu ArCon - Software f\u00fcr Architektur","description":"Die moderne Konstruktions- und Design-Software ArCon ist das ideale Programm zum Entwerfen,Planen und Gestalten von H\u00e4usern, Wohnungen, R\u00e4umen und Inneneinrichtungen.","robots":{"index":"index","follow":"follow","max-snippet":"max-snippet:-1","max-image-preview":"max-image-preview:large","max-video-preview":"max-video-preview:-1"},"canonical":"https:\/\/www.arcon-software.com\/de\/arcon_start\/","og_locale":"de_DE","og_type":"article","og_title":"Allgemeines zu ArCon - Software f\u00fcr Architektur","og_description":"Die moderne Konstruktions- und Design-Software ArCon ist das ideale Programm zum Entwerfen,Planen und Gestalten von H\u00e4usern, Wohnungen, R\u00e4umen und Inneneinrichtungen.","og_url":"https:\/\/www.arcon-software.com\/de\/arcon_start\/","og_site_name":"ArCon Software","article_modified_time":"2020-10-21T14:32:49+00:00","og_image":[{"url":"https:\/\/www.arcon-software.com\/wp-content\/uploads\/haus-tag.jpg","type":"","width":"","height":""}],"twitter_card":"summary_large_image","twitter_misc":{"Gesch\u00e4tzte Lesezeit":"2\u00a0Minuten"},"schema":{"@context":"https:\/\/schema.org","@graph":[{"@type":"WebPage","@id":"https:\/\/www.arcon-software.com\/de\/arcon_start\/","url":"https:\/\/www.arcon-software.com\/de\/arcon_start\/","name":"Allgemeines zu ArCon - Software f\u00fcr Architektur","isPartOf":{"@id":"https:\/\/www.arcon-software.com\/de\/#website"},"primaryImageOfPage":{"@id":"https:\/\/www.arcon-software.com\/de\/arcon_start\/#primaryimage"},"image":{"@id":"https:\/\/www.arcon-software.com\/de\/arcon_start\/#primaryimage"},"thumbnailUrl":"https:\/\/www.arcon-software.com\/wp-content\/uploads\/haus-tag.jpg","datePublished":"2020-05-03T11:52:57+00:00","dateModified":"2020-10-21T14:32:49+00:00","description":"Die moderne Konstruktions- und Design-Software ArCon ist das ideale Programm zum Entwerfen,Planen und Gestalten von H\u00e4usern, Wohnungen, R\u00e4umen und Inneneinrichtungen.","breadcrumb":{"@id":"https:\/\/www.arcon-software.com\/de\/arcon_start\/#breadcrumb"},"inLanguage":"de","potentialAction":[{"@type":"ReadAction","target":["https:\/\/www.arcon-software.com\/de\/arcon_start\/"]}]},{"@type":"ImageObject","inLanguage":"de","@id":"https:\/\/www.arcon-software.com\/de\/arcon_start\/#primaryimage","url":"https:\/\/www.arcon-software.com\/wp-content\/uploads\/haus-tag.jpg","contentUrl":"https:\/\/www.arcon-software.com\/wp-content\/uploads\/haus-tag.jpg"},{"@type":"BreadcrumbList","@id":"https:\/\/www.arcon-software.com\/de\/arcon_start\/#breadcrumb","itemListElement":[{"@type":"ListItem","position":1,"name":"Startseite","item":"https:\/\/www.arcon-software.com\/de\/"},{"@type":"ListItem","position":2,"name":"Allgemeines zu ArCon &#8211; Software f\u00fcr Architektur"}]},{"@type":"WebSite","@id":"https:\/\/www.arcon-software.com\/de\/#website","url":"https:\/\/www.arcon-software.com\/de\/","name":"ArCon Software","description":"","publisher":{"@id":"https:\/\/www.arcon-software.com\/de\/#organization"},"potentialAction":[{"@type":"SearchAction","target":{"@type":"EntryPoint","urlTemplate":"https:\/\/www.arcon-software.com\/de\/?s={search_term_string}"},"query-input":{"@type":"PropertyValueSpecification","valueRequired":true,"valueName":"search_term_string"}}],"inLanguage":"de"},{"@type":"Organization","@id":"https:\/\/www.arcon-software.com\/de\/#organization","name":"ArCon Software","url":"https:\/\/www.arcon-software.com\/de\/","logo":{"@type":"ImageObject","inLanguage":"de","@id":"https:\/\/www.arcon-software.com\/de\/#\/schema\/logo\/image\/","url":"https:\/\/www.arcon-software.com\/wp-content\/uploads\/arcon_plantek24.png","contentUrl":"https:\/\/www.arcon-software.com\/wp-content\/uploads\/arcon_plantek24.png","width":24,"height":24,"caption":"ArCon Software"},"image":{"@id":"https:\/\/www.arcon-software.com\/de\/#\/schema\/logo\/image\/"}}]}},"_links":{"self":[{"href":"https:\/\/www.arcon-software.com\/de\/wp-json\/wp\/v2\/pages\/403","targetHints":{"allow":["GET"]}}],"collection":[{"href":"https:\/\/www.arcon-software.com\/de\/wp-json\/wp\/v2\/pages"}],"about":[{"href":"https:\/\/www.arcon-software.com\/de\/wp-json\/wp\/v2\/types\/page"}],"author":[{"embeddable":true,"href":"https:\/\/www.arcon-software.com\/de\/wp-json\/wp\/v2\/users\/1"}],"replies":[{"embeddable":true,"href":"https:\/\/www.arcon-software.com\/de\/wp-json\/wp\/v2\/comments?post=403"}],"version-history":[{"count":0,"href":"https:\/\/www.arcon-software.com\/de\/wp-json\/wp\/v2\/pages\/403\/revisions"}],"wp:attachment":[{"href":"https:\/\/www.arcon-software.com\/de\/wp-json\/wp\/v2\/media?parent=403"}],"curies":[{"name":"wp","href":"https:\/\/api.w.org\/{rel}","templated":true}]}}