{"id":440,"date":"2020-05-04T18:20:27","date_gmt":"2020-05-04T16:20:27","guid":{"rendered":"http:\/\/www.arcon-software.de\/?page_id=440"},"modified":"2020-09-08T14:43:06","modified_gmt":"2020-09-08T12:43:06","slug":"cadvilla_professional_plus","status":"publish","type":"page","link":"https:\/\/www.arcon-software.com\/de\/cadvilla_professional_plus\/","title":{"rendered":"cadvilla professional plus &#8211; 3D CAD Programm f\u00fcr Architektur"},"content":{"rendered":"<section class=\"l-section wpb_row as-headerbackground0 height_medium\"><div class=\"l-section-h i-cf\"><div class=\"g-cols vc_row via_grid cols_1 laptops-cols_inherit tablets-cols_inherit mobiles-cols_1 valign_bottom type_default stacking_default\"><div class=\"wpb_column vc_column_container\"><div class=\"vc_column-inner\"><\/div><\/div><\/div><\/div><\/section><section class=\"l-section wpb_row height_auto\"><div class=\"l-section-h i-cf\"><div class=\"g-cols vc_row via_grid cols_1 laptops-cols_inherit tablets-cols_inherit mobiles-cols_1 valign_top type_default stacking_default\"><div class=\"wpb_column vc_column_container\"><div class=\"vc_column-inner\"><\/div><\/div><\/div><\/div><\/section><section class=\"l-section wpb_row as-headerbg height_small\" id=\"begin\"><div class=\"l-section-h i-cf\"><div class=\"g-cols vc_row via_grid cols_1 laptops-cols_inherit tablets-cols_inherit mobiles-cols_1 valign_top type_default stacking_default\"><div class=\"wpb_column vc_column_container\"><div class=\"vc_column-inner\"><div class=\"wpb_text_column as-heading1\"><div class=\"wpb_wrapper\"><h1>cadvilla professional plus &#8211; 3D CAD Programm f\u00fcr Architektur<\/h1>\n<\/div><\/div><\/div><\/div><\/div><\/div><\/section><section class=\"l-section wpb_row height_medium\"><div class=\"l-section-h i-cf\"><div class=\"g-cols vc_row via_grid cols_1 laptops-cols_inherit tablets-cols_inherit mobiles-cols_1 valign_top type_default stacking_default\"><div class=\"wpb_column vc_column_container\"><div class=\"vc_column-inner\"><div class=\"g-cols wpb_row via_grid cols_1 laptops-cols_inherit tablets-cols_inherit mobiles-cols_1 valign_top type_default stacking_default\" style=\"--columns-gap:3rem;\"><div class=\"wpb_column vc_column_container\"><div class=\"vc_column-inner\"><div class=\"wpb_text_column\"><div class=\"wpb_wrapper\"><h2>Kurzinformation zu cadvilla professional plus<\/h2>\n<figure id=\"attachment_1423\" aria-describedby=\"caption-attachment-1423\" style=\"width: 350px\" class=\"wp-caption alignright\"><a href=\"https:\/\/www.arcon-software.com\/de\/galerie\/#cadvilla\"><img loading=\"lazy\" decoding=\"async\" class=\"wp-image-1423 size-full\" src=\"https:\/\/www.arcon-software.com\/wp-content\/uploads\/cadvilla_small.jpg\" alt=\"cadvilla Benutzeroberfl\u00e4che\" width=\"350\" height=\"211\" srcset=\"https:\/\/www.arcon-software.com\/wp-content\/uploads\/cadvilla_small.jpg 350w, https:\/\/www.arcon-software.com\/wp-content\/uploads\/cadvilla_small-80x48.jpg 80w\" sizes=\"auto, (max-width: 350px) 100vw, 350px\" \/><\/a><figcaption id=\"caption-attachment-1423\" class=\"wp-caption-text\">F\u00fcr weitere Bilder zur Benutzeroberfl\u00e4che von cadvilla auf das Bild klicken<\/figcaption><\/figure>\n<p><strong>cadvilla<\/strong> ist ein integratives und komplett <strong>neu entwickeltes CAD Programm<\/strong> f\u00fcr alle am Bauen und Einrichten beteiligten Interessengruppen wie z.B. Architekten, Innenarchitekten, Planer, Hersteller, Handwerker, Immobilienmakler und private Bauherren. Die <strong>durchgehende Neuentwicklung von cadvilla<\/strong> beinhaltet gegen\u00fcber ArCon (planTEK) zahlreiche Erweiterungen beim 3D-Modell, bei den 2D-Funktionalit\u00e4ten und beim Geb\u00e4udemodell.<\/p>\n<p>Der Ablauf der Bedienung gegen\u00fcber ArCon (planTEK) wurde neu gestaltet &#8211; die Einfachheit der Bedienung jedoch beibehalten. <strong>Cadvilla professionell plus<\/strong> l\u00e4sst Gestaltungs- und Raumpl\u00e4ne zur Visitenkarte des Architekten, des Innenarchitekten oder aber des Immobilienmaklers werden! Cadvilla professionell plus beinhaltet alle Leistungsmerkmale von cadvilla professional und zus\u00e4tzlich noch wichtige Funktionen zum Daten-Export in Fremdprogramme (z.B. AUTOCAD) und freie Fensterkonstruktionen.<\/p>\n<p>Die Erg\u00e4nzung durch das DXF und DWG Export Modul erm\u00f6glicht es dem innovativen Planungsb\u00fcro, Grundrisse aktueller Objekte zur Weiterbearbeitung an ausf\u00fchrende Unternehmen am Bau weiterzugeben, auch wenn die Zeichensysteme jeweils unterschiedlich sind. Dies garantiert nicht nur eine Kosten- und Zeitersparnis f\u00fcr alle Beteiligten, sondern verhindert auch Fehlerquellen w\u00e4hrend der Zusammenarbeit und garantiert einen reibungslosen Ablauf bei der Realisation Ihres Projektes.<\/p>\n<p>Projekte die noch mit \u00e4lteren ArCon Versionen gezeichnet wurden und die <a href=\"https:\/\/www.arcon-software.com\/de\/arcon-oder-cadvilla\/#arcon-uebernahme\">Voraussetzungen f\u00fcr eine \u00dcbernahme<\/a> erf\u00fcllen, k\u00f6nnen mit cadvilla professional plus in das neue cadvilla Dateiformat konvertiert und somit \u00fcbernommen werden.<\/p>\n<p><img loading=\"lazy\" decoding=\"async\" class=\"alignnone wp-image-25 size-full\" title=\"ArCon planTEK\" src=\"https:\/\/www.arcon-software.com\/wp-content\/uploads\/favicon.png\" alt=\"ArCon planTEK\" width=\"32\" height=\"32\" \/> &#8211; Import von ArCon planTEK Projekten und ArCon Objekten (*.ACO) m\u00f6glich<\/p>\n<\/div><\/div><div class=\"w-btn-wrapper align_none\"><a class=\"w-btn us-btn-style_1\" href=\"https:\/\/www.cadvilla.com\/de\/\"><span class=\"w-btn-label\">Zur Webseite von cadvilla wechseln<\/span><\/a><\/div><div class=\"w-btn-wrapper align_none\"><a class=\"w-btn us-btn-style_1 icon_atleft\" title=\"Vergleich von ArCon planTEK und cadvilla\" href=\"https:\/\/www.cadvilla.com\/de\/arcon_plantek\/\"><i class=\"fas fa-arrow-alt-circle-right\"><\/i><span class=\"w-btn-label\">Vergleich ArCon planTEK \/ cadvilla<\/span><\/a><\/div><div class=\"w-separator size_small\"><\/div><div class=\"wpb_text_column\"><div class=\"wpb_wrapper\"><p>Weitere detaillierte Informationen zu cadvilla professional plus finden Sie auf unserer Internetseite <a href=\"https:\/\/www.cadvilla.com\/de\/cadvilla_pro_plus\/\" target=\"_top\" rel=\"noopener noreferrer\">www.cadvilla.com<\/a><\/p>\n<\/div><\/div><div class=\"wpb_text_column\"><div class=\"wpb_wrapper\"><h3>Fotorealistische Beispiele die mit cadvilla professional plus generiert werden k\u00f6nnen<\/h3>\n<p><img loading=\"lazy\" decoding=\"async\" class=\"as-object-library_sample-pics alignnone wp-image-444 size-full\" src=\"https:\/\/www.arcon-software.com\/wp-content\/uploads\/cadvilla_2.jpg\" alt=\"Beispiel aus cadvilla - Modernes Haus mit Flachdach\" width=\"284\" height=\"169\" srcset=\"https:\/\/www.arcon-software.com\/wp-content\/uploads\/cadvilla_2.jpg 284w, https:\/\/www.arcon-software.com\/wp-content\/uploads\/cadvilla_2-80x48.jpg 80w\" sizes=\"auto, (max-width: 284px) 100vw, 284px\" \/><img loading=\"lazy\" decoding=\"async\" class=\"as-object-library_sample-pics alignnone wp-image-441 size-full\" src=\"https:\/\/www.arcon-software.com\/wp-content\/uploads\/cadvilla_6.jpg\" alt=\"Beispiel aus cadvilla - Modernes Stadthaus\" width=\"284\" height=\"169\" srcset=\"https:\/\/www.arcon-software.com\/wp-content\/uploads\/cadvilla_6.jpg 284w, https:\/\/www.arcon-software.com\/wp-content\/uploads\/cadvilla_6-80x48.jpg 80w\" sizes=\"auto, (max-width: 284px) 100vw, 284px\" \/><\/p>\n<\/div><\/div><\/div><\/div><\/div><div class=\"wpb_text_column\"><div class=\"wpb_wrapper\"><h2>Weiterf\u00fchrende Informationen:<\/h2>\n<p><strong><a href=\"https:\/\/www.arcon-software.com\/de\/arcon-oder-cadvilla\/\">ArCon oder cadvilla<\/a><\/strong> \u2013 Welches Produkt ist das Richtige f\u00fcr Sie? Hier haben wir haben die h\u00e4ufigsten Fagen dazu beantwortet.<br \/>\n<a href=\"https:\/\/www.arcon-software.com\/de\/grundriss-zeichnen\/\">Grundriss zeichnen<\/a> &#8211; Wie sie mit cadvilla beim Erstellen von einem Grundriss am besten vorgehen<\/p>\n<\/div><\/div><\/div><\/div><\/div><\/div><\/section>\n","protected":false},"excerpt":{"rendered":"cadvilla professional plus &#8211; 3D CAD Programm f\u00fcr Architektur Kurzinformation zu cadvilla professional plus F\u00fcr weitere Bilder zur Benutzeroberfl\u00e4che von cadvilla auf das Bild klicken cadvilla ist ein integratives und komplett neu entwickeltes CAD Programm f\u00fcr alle am Bauen und Einrichten beteiligten Interessengruppen wie z.B. Architekten, Innenarchitekten, Planer, Hersteller, Handwerker, Immobilienmakler und private Bauherren. Die...","protected":false},"author":1,"featured_media":0,"parent":0,"menu_order":0,"comment_status":"closed","ping_status":"closed","template":"","meta":{"footnotes":""},"class_list":["post-440","page","type-page","status-publish","hentry"],"yoast_head":"<!-- This site is optimized with the Yoast SEO plugin v27.5 - https:\/\/yoast.com\/product\/yoast-seo-wordpress\/ -->\n<title>cadvilla professional plus - 3D CAD Programm f\u00fcr Architektur<\/title>\n<meta name=\"description\" content=\"Alle infos zu cadvilla professional plus, die 3D Hausplaner Software zum kleinen Preis mit gro\u00dfem Leistungsumfang. Hier geht\u00b4s zum Download!\" \/>\n<meta name=\"robots\" content=\"index, follow, max-snippet:-1, max-image-preview:large, max-video-preview:-1\" \/>\n<link rel=\"canonical\" href=\"https:\/\/www.arcon-software.com\/de\/cadvilla_professional_plus\/\" \/>\n<meta property=\"og:locale\" content=\"de_DE\" \/>\n<meta property=\"og:type\" content=\"article\" \/>\n<meta property=\"og:title\" content=\"cadvilla professional plus - 3D CAD Programm f\u00fcr Architektur\" \/>\n<meta property=\"og:description\" content=\"Alle infos zu cadvilla professional plus, die 3D Hausplaner Software zum kleinen Preis mit gro\u00dfem Leistungsumfang. Hier geht\u00b4s zum Download!\" \/>\n<meta property=\"og:url\" content=\"https:\/\/www.arcon-software.com\/de\/cadvilla_professional_plus\/\" \/>\n<meta property=\"og:site_name\" content=\"ArCon Software\" \/>\n<meta property=\"article:modified_time\" content=\"2020-09-08T12:43:06+00:00\" \/>\n<meta property=\"og:image\" content=\"https:\/\/www.arcon-software.com\/wp-content\/uploads\/cadvilla_small.jpg\" \/>\n<meta name=\"twitter:card\" content=\"summary_large_image\" \/>\n<meta name=\"twitter:label1\" content=\"Gesch\u00e4tzte Lesezeit\" \/>\n\t<meta name=\"twitter:data1\" content=\"2\u00a0Minuten\" \/>\n<script type=\"application\/ld+json\" class=\"yoast-schema-graph\">{\"@context\":\"https:\\\/\\\/schema.org\",\"@graph\":[{\"@type\":\"WebPage\",\"@id\":\"https:\\\/\\\/www.arcon-software.com\\\/de\\\/cadvilla_professional_plus\\\/\",\"url\":\"https:\\\/\\\/www.arcon-software.com\\\/de\\\/cadvilla_professional_plus\\\/\",\"name\":\"cadvilla professional plus - 3D CAD Programm f\u00fcr Architektur\",\"isPartOf\":{\"@id\":\"https:\\\/\\\/www.arcon-software.com\\\/de\\\/#website\"},\"primaryImageOfPage\":{\"@id\":\"https:\\\/\\\/www.arcon-software.com\\\/de\\\/cadvilla_professional_plus\\\/#primaryimage\"},\"image\":{\"@id\":\"https:\\\/\\\/www.arcon-software.com\\\/de\\\/cadvilla_professional_plus\\\/#primaryimage\"},\"thumbnailUrl\":\"https:\\\/\\\/www.arcon-software.com\\\/wp-content\\\/uploads\\\/cadvilla_small.jpg\",\"datePublished\":\"2020-05-04T16:20:27+00:00\",\"dateModified\":\"2020-09-08T12:43:06+00:00\",\"description\":\"Alle infos zu cadvilla professional plus, die 3D Hausplaner Software zum kleinen Preis mit gro\u00dfem Leistungsumfang. Hier geht\u00b4s zum Download!\",\"breadcrumb\":{\"@id\":\"https:\\\/\\\/www.arcon-software.com\\\/de\\\/cadvilla_professional_plus\\\/#breadcrumb\"},\"inLanguage\":\"de\",\"potentialAction\":[{\"@type\":\"ReadAction\",\"target\":[\"https:\\\/\\\/www.arcon-software.com\\\/de\\\/cadvilla_professional_plus\\\/\"]}]},{\"@type\":\"ImageObject\",\"inLanguage\":\"de\",\"@id\":\"https:\\\/\\\/www.arcon-software.com\\\/de\\\/cadvilla_professional_plus\\\/#primaryimage\",\"url\":\"https:\\\/\\\/www.arcon-software.com\\\/wp-content\\\/uploads\\\/cadvilla_small.jpg\",\"contentUrl\":\"https:\\\/\\\/www.arcon-software.com\\\/wp-content\\\/uploads\\\/cadvilla_small.jpg\"},{\"@type\":\"BreadcrumbList\",\"@id\":\"https:\\\/\\\/www.arcon-software.com\\\/de\\\/cadvilla_professional_plus\\\/#breadcrumb\",\"itemListElement\":[{\"@type\":\"ListItem\",\"position\":1,\"name\":\"Startseite\",\"item\":\"https:\\\/\\\/www.arcon-software.com\\\/de\\\/\"},{\"@type\":\"ListItem\",\"position\":2,\"name\":\"cadvilla professional plus &#8211; 3D CAD Programm f\u00fcr Architektur\"}]},{\"@type\":\"WebSite\",\"@id\":\"https:\\\/\\\/www.arcon-software.com\\\/de\\\/#website\",\"url\":\"https:\\\/\\\/www.arcon-software.com\\\/de\\\/\",\"name\":\"ArCon Software\",\"description\":\"\",\"publisher\":{\"@id\":\"https:\\\/\\\/www.arcon-software.com\\\/de\\\/#organization\"},\"potentialAction\":[{\"@type\":\"SearchAction\",\"target\":{\"@type\":\"EntryPoint\",\"urlTemplate\":\"https:\\\/\\\/www.arcon-software.com\\\/de\\\/?s={search_term_string}\"},\"query-input\":{\"@type\":\"PropertyValueSpecification\",\"valueRequired\":true,\"valueName\":\"search_term_string\"}}],\"inLanguage\":\"de\"},{\"@type\":\"Organization\",\"@id\":\"https:\\\/\\\/www.arcon-software.com\\\/de\\\/#organization\",\"name\":\"ArCon Software\",\"url\":\"https:\\\/\\\/www.arcon-software.com\\\/de\\\/\",\"logo\":{\"@type\":\"ImageObject\",\"inLanguage\":\"de\",\"@id\":\"https:\\\/\\\/www.arcon-software.com\\\/de\\\/#\\\/schema\\\/logo\\\/image\\\/\",\"url\":\"https:\\\/\\\/www.arcon-software.com\\\/wp-content\\\/uploads\\\/arcon_plantek24.png\",\"contentUrl\":\"https:\\\/\\\/www.arcon-software.com\\\/wp-content\\\/uploads\\\/arcon_plantek24.png\",\"width\":24,\"height\":24,\"caption\":\"ArCon Software\"},\"image\":{\"@id\":\"https:\\\/\\\/www.arcon-software.com\\\/de\\\/#\\\/schema\\\/logo\\\/image\\\/\"}}]}<\/script>\n<!-- \/ Yoast SEO plugin. -->","yoast_head_json":{"title":"cadvilla professional plus - 3D CAD Programm f\u00fcr Architektur","description":"Alle infos zu cadvilla professional plus, die 3D Hausplaner Software zum kleinen Preis mit gro\u00dfem Leistungsumfang. Hier geht\u00b4s zum Download!","robots":{"index":"index","follow":"follow","max-snippet":"max-snippet:-1","max-image-preview":"max-image-preview:large","max-video-preview":"max-video-preview:-1"},"canonical":"https:\/\/www.arcon-software.com\/de\/cadvilla_professional_plus\/","og_locale":"de_DE","og_type":"article","og_title":"cadvilla professional plus - 3D CAD Programm f\u00fcr Architektur","og_description":"Alle infos zu cadvilla professional plus, die 3D Hausplaner Software zum kleinen Preis mit gro\u00dfem Leistungsumfang. Hier geht\u00b4s zum Download!","og_url":"https:\/\/www.arcon-software.com\/de\/cadvilla_professional_plus\/","og_site_name":"ArCon Software","article_modified_time":"2020-09-08T12:43:06+00:00","og_image":[{"url":"https:\/\/www.arcon-software.com\/wp-content\/uploads\/cadvilla_small.jpg","type":"","width":"","height":""}],"twitter_card":"summary_large_image","twitter_misc":{"Gesch\u00e4tzte Lesezeit":"2\u00a0Minuten"},"schema":{"@context":"https:\/\/schema.org","@graph":[{"@type":"WebPage","@id":"https:\/\/www.arcon-software.com\/de\/cadvilla_professional_plus\/","url":"https:\/\/www.arcon-software.com\/de\/cadvilla_professional_plus\/","name":"cadvilla professional plus - 3D CAD Programm f\u00fcr Architektur","isPartOf":{"@id":"https:\/\/www.arcon-software.com\/de\/#website"},"primaryImageOfPage":{"@id":"https:\/\/www.arcon-software.com\/de\/cadvilla_professional_plus\/#primaryimage"},"image":{"@id":"https:\/\/www.arcon-software.com\/de\/cadvilla_professional_plus\/#primaryimage"},"thumbnailUrl":"https:\/\/www.arcon-software.com\/wp-content\/uploads\/cadvilla_small.jpg","datePublished":"2020-05-04T16:20:27+00:00","dateModified":"2020-09-08T12:43:06+00:00","description":"Alle infos zu cadvilla professional plus, die 3D Hausplaner Software zum kleinen Preis mit gro\u00dfem Leistungsumfang. Hier geht\u00b4s zum Download!","breadcrumb":{"@id":"https:\/\/www.arcon-software.com\/de\/cadvilla_professional_plus\/#breadcrumb"},"inLanguage":"de","potentialAction":[{"@type":"ReadAction","target":["https:\/\/www.arcon-software.com\/de\/cadvilla_professional_plus\/"]}]},{"@type":"ImageObject","inLanguage":"de","@id":"https:\/\/www.arcon-software.com\/de\/cadvilla_professional_plus\/#primaryimage","url":"https:\/\/www.arcon-software.com\/wp-content\/uploads\/cadvilla_small.jpg","contentUrl":"https:\/\/www.arcon-software.com\/wp-content\/uploads\/cadvilla_small.jpg"},{"@type":"BreadcrumbList","@id":"https:\/\/www.arcon-software.com\/de\/cadvilla_professional_plus\/#breadcrumb","itemListElement":[{"@type":"ListItem","position":1,"name":"Startseite","item":"https:\/\/www.arcon-software.com\/de\/"},{"@type":"ListItem","position":2,"name":"cadvilla professional plus &#8211; 3D CAD Programm f\u00fcr Architektur"}]},{"@type":"WebSite","@id":"https:\/\/www.arcon-software.com\/de\/#website","url":"https:\/\/www.arcon-software.com\/de\/","name":"ArCon Software","description":"","publisher":{"@id":"https:\/\/www.arcon-software.com\/de\/#organization"},"potentialAction":[{"@type":"SearchAction","target":{"@type":"EntryPoint","urlTemplate":"https:\/\/www.arcon-software.com\/de\/?s={search_term_string}"},"query-input":{"@type":"PropertyValueSpecification","valueRequired":true,"valueName":"search_term_string"}}],"inLanguage":"de"},{"@type":"Organization","@id":"https:\/\/www.arcon-software.com\/de\/#organization","name":"ArCon Software","url":"https:\/\/www.arcon-software.com\/de\/","logo":{"@type":"ImageObject","inLanguage":"de","@id":"https:\/\/www.arcon-software.com\/de\/#\/schema\/logo\/image\/","url":"https:\/\/www.arcon-software.com\/wp-content\/uploads\/arcon_plantek24.png","contentUrl":"https:\/\/www.arcon-software.com\/wp-content\/uploads\/arcon_plantek24.png","width":24,"height":24,"caption":"ArCon Software"},"image":{"@id":"https:\/\/www.arcon-software.com\/de\/#\/schema\/logo\/image\/"}}]}},"_links":{"self":[{"href":"https:\/\/www.arcon-software.com\/de\/wp-json\/wp\/v2\/pages\/440","targetHints":{"allow":["GET"]}}],"collection":[{"href":"https:\/\/www.arcon-software.com\/de\/wp-json\/wp\/v2\/pages"}],"about":[{"href":"https:\/\/www.arcon-software.com\/de\/wp-json\/wp\/v2\/types\/page"}],"author":[{"embeddable":true,"href":"https:\/\/www.arcon-software.com\/de\/wp-json\/wp\/v2\/users\/1"}],"replies":[{"embeddable":true,"href":"https:\/\/www.arcon-software.com\/de\/wp-json\/wp\/v2\/comments?post=440"}],"version-history":[{"count":0,"href":"https:\/\/www.arcon-software.com\/de\/wp-json\/wp\/v2\/pages\/440\/revisions"}],"wp:attachment":[{"href":"https:\/\/www.arcon-software.com\/de\/wp-json\/wp\/v2\/media?parent=440"}],"curies":[{"name":"wp","href":"https:\/\/api.w.org\/{rel}","templated":true}]}}