{"id":540,"date":"2020-05-05T12:26:59","date_gmt":"2020-05-05T10:26:59","guid":{"rendered":"http:\/\/www.arcon-software.de\/?page_id=540"},"modified":"2020-05-05T14:42:03","modified_gmt":"2020-05-05T12:42:03","slug":"weto_holzhausplaner","status":"publish","type":"page","link":"https:\/\/www.arcon-software.com\/de\/weto_holzhausplaner\/","title":{"rendered":"Weto Holzhausplaner &#8211; ein Zusatzmodul f\u00fcr ArCon"},"content":{"rendered":"<section class=\"l-section wpb_row as-headerbackground0 height_medium\"><div class=\"l-section-h i-cf\"><div class=\"g-cols vc_row via_grid cols_1 laptops-cols_inherit tablets-cols_inherit mobiles-cols_1 valign_bottom type_default stacking_default\"><div class=\"wpb_column vc_column_container\"><div class=\"vc_column-inner\"><\/div><\/div><\/div><\/div><\/section><section class=\"l-section wpb_row height_auto\"><div class=\"l-section-h i-cf\"><div class=\"g-cols vc_row via_grid cols_1 laptops-cols_inherit tablets-cols_inherit mobiles-cols_1 valign_top type_default stacking_default\"><div class=\"wpb_column vc_column_container\"><div class=\"vc_column-inner\"><\/div><\/div><\/div><\/div><\/section><section class=\"l-section wpb_row as-headerbg height_small\" id=\"begin\"><div class=\"l-section-h i-cf\"><div class=\"g-cols vc_row via_grid cols_1 laptops-cols_inherit tablets-cols_inherit mobiles-cols_1 valign_top type_default stacking_default\"><div class=\"wpb_column vc_column_container\"><div class=\"vc_column-inner\"><div class=\"wpb_text_column as-heading1\"><div class=\"wpb_wrapper\"><h1>ArCon und ArCon (planTEK) Zusatzmodul von WETO<\/h1>\n<\/div><\/div><\/div><\/div><\/div><\/div><\/section><section class=\"l-section wpb_row height_medium\"><div class=\"l-section-h i-cf\"><div class=\"g-cols vc_row via_grid cols_1 laptops-cols_inherit tablets-cols_inherit mobiles-cols_1 valign_top type_default stacking_default\"><div class=\"wpb_column vc_column_container\"><div class=\"vc_column-inner\"><div class=\"g-cols wpb_row via_grid cols_1 laptops-cols_inherit tablets-cols_inherit mobiles-cols_1 valign_top type_default stacking_default\" style=\"--columns-gap:3rem;\"><div class=\"wpb_column vc_column_container\"><div class=\"vc_column-inner\"><div class=\"wpb_text_column\"><div class=\"wpb_wrapper\"><h2>Der WETO-Holzhausplaner 2<\/h2>\n<p>Der WETO-Holzhausplaner ist ein Zusatzmodul f\u00fcr Holzrahmen-, St\u00e4nder-, Fachwerk-, Blockbauh\u00e4user und Holzverschalungen. Lauff\u00e4hig ist der WETO-Holzhausplaner 2 ab der Version ArCon+ 6.<\/p>\n<p>Immer mehr Bauherren entscheiden sich f\u00fcr den Baustoff Holz, denn er bietet viele Vorteile: Holz ist vielseitig verwendbar, d\u00e4mmt gut und schafft ein behagliches, gesundes Wohnklima.<\/p>\n<p>Mit dem &#8222;WETO-Holzhausplaner 2&#8220; ist ein einfaches, dreidimensionales Entwerfen und Visualisieren von Holzh\u00e4usern am PC m\u00f6glich. Der WETO-Holzhausplaner ist in Kombination der ArCon-Version das ideale Werkzeug f\u00fcr Architekten, Planer und Handwerker, vor allem Zimmereien und Holzbaufirmen zur Planung von Holzh\u00e4usern.<\/p>\n<p>Der WETO-Holzhausplaner dient der Erstellung von Holzkonstruktionen f\u00fcr W\u00e4nde und Decken. Die in ArCon erstellten Grundrisse werden mit der entsprechenden Dachform, den T\u00fcren, Fenstern, Treppen\u00f6ffnungen und mit Schornstein auf Knopfdruck an den WETO-Holzhausplaner \u00fcbergeben. Der Anwender kann zwischen Fachwerk-, Blockbau-, St\u00e4nderbau- oder Holzverschalungskonstruktionen w\u00e4hlen.<\/p>\n<p><img loading=\"lazy\" decoding=\"async\" class=\"alignright wp-image-541 size-full\" src=\"https:\/\/www.arcon-software.com\/wp-content\/uploads\/holzhausplaner1.jpg\" alt=\"Holzhausplaner\" width=\"248\" height=\"180\" srcset=\"https:\/\/www.arcon-software.com\/wp-content\/uploads\/holzhausplaner1.jpg 248w, https:\/\/www.arcon-software.com\/wp-content\/uploads\/holzhausplaner1-80x58.jpg 80w\" sizes=\"auto, (max-width: 248px) 100vw, 248px\" \/>Das Erzeugen von Balkenlagen ist ebenfalls m\u00f6glich. Die Holzkonstruktion wird automatisch von ArCon \u00fcbernommen und kann mit allen ArCon-Funktionalit\u00e4ten weiterbearbeitet werden. Damit ist es m\u00f6glich, flie\u00dfend von der Architektur in den Holzbau zu wechseln und nach technischer Begutachtung und den entsprechenden \u00c4nderungen wieder in die Planung zu wechseln um das Resultat virtuell d. h. fotorealistisch darzustellen.<\/p>\n<p>Holzhausprojekte k\u00f6nnen im WETO-Format direkt an holzverarbeitende Betriebe bis zur Maschinenansteuerung (CNC-Ansteuerung) weitergeleitet werden.<\/p>\n<h2>Die Leistungen des WETO-Holzhausplaners 2 im Detail:<\/h2>\n<p>Das komplette Projekt wird aus ArCon in den Holzhausplaner \u00fcbernommen. F\u00fcr das Erzeugen der Holzteile stehen eine Reihe effizienter Funktionen zur Verf\u00fcgung. Elementieren Sie die Holzrahmenbauw\u00e4nde im Rastersystem. Durch das Setzen von Streben k\u00f6nnen Wandversteifungen und komplette Fachwerkw\u00e4nde erstellt werden.<\/p>\n<ul>\n<li>\n<h3>Holzrahmenbau<\/h3>\n<\/li>\n<\/ul>\n<p style=\"padding-left: 40px;\"><img loading=\"lazy\" decoding=\"async\" class=\"alignright wp-image-544 size-full\" src=\"https:\/\/www.arcon-software.com\/wp-content\/uploads\/holzhausplaner4.gif\" alt=\"Holzhausplaner\" width=\"200\" height=\"153\" \/>Alle W\u00e4nde k\u00f6nnen einzeln oder automatisch mit einer St\u00e4nder- und einer Plattenteilung versehen werden. Fenster und T\u00fcren werden bei der St\u00e4nderteilung ber\u00fccksichtigt. St\u00e4nder bzw. Streben sowie Platten k\u00f6nnen einzeln erzeugt und ver\u00e4ndert werden.<\/p>\n<ul>\n<li>\n<h3>Fachwerk<\/h3>\n<\/li>\n<\/ul>\n<p style=\"padding-left: 40px;\"><img loading=\"lazy\" decoding=\"async\" class=\"alignright wp-image-547 size-full\" src=\"https:\/\/www.arcon-software.com\/wp-content\/uploads\/holzhausplaner5.jpg\" alt=\"Fachwerk\" width=\"148\" height=\"111\" srcset=\"https:\/\/www.arcon-software.com\/wp-content\/uploads\/holzhausplaner5.jpg 148w, https:\/\/www.arcon-software.com\/wp-content\/uploads\/holzhausplaner5-80x60.jpg 80w\" sizes=\"auto, (max-width: 148px) 100vw, 148px\" \/>Im Fachwerkmodul k\u00f6nnen die W\u00e4nde einzeln oder automatisch mit einer St\u00e4nderteilung versehen werden. Fenster und T\u00fcren werden bei der St\u00e4nderteilung ber\u00fccksichtigt.<\/p>\n<ul>\n<li>\n<h3>Fassadengestaltung<\/h3>\n<\/li>\n<\/ul>\n<p style=\"padding-left: 40px;\"><img loading=\"lazy\" decoding=\"async\" class=\"alignright wp-image-550 size-full\" src=\"https:\/\/www.arcon-software.com\/wp-content\/uploads\/holzhausplaner4.jpg\" alt=\"Fassadengestaltung eines Holzhauses\" width=\"200\" height=\"90\" srcset=\"https:\/\/www.arcon-software.com\/wp-content\/uploads\/holzhausplaner4.jpg 200w, https:\/\/www.arcon-software.com\/wp-content\/uploads\/holzhausplaner4-80x36.jpg 80w\" sizes=\"auto, (max-width: 200px) 100vw, 200px\" \/>Im Bereich der Fassadengestaltung k\u00f6nnen beliebige polygonale Querschnitte verwendet werden . Somit sind im Blockbau auch Rundbohlen oder abgefaste Bohlen darstellbar.<\/p>\n<ul>\n<li>\n<h3>Einzelholzbearbeitung<\/h3>\n<\/li>\n<\/ul>\n<p style=\"padding-left: 40px;\">Mit Hilfe einer speziellen Einzelholzbearbeitung kann jedes Holzteil, gleich ob St\u00e4nder, Schwelle, Strebe, Brett, Blockbohle oder Balken beliebig angepasst werden. Sie k\u00f6nnen jedes Holzteil trennen, l\u00f6schen, verl\u00e4ngern oder verk\u00fcrzen, verschiedene Materialien zuordnen und anpassen an ein anderes Holzteil oder eine Wand.<\/p>\n<ul>\n<li>\n<h3>Blockhaus<\/h3>\n<\/li>\n<\/ul>\n<p style=\"padding-left: 40px;\"><img loading=\"lazy\" decoding=\"async\" class=\"alignright wp-image-553 size-full\" src=\"https:\/\/www.arcon-software.com\/wp-content\/uploads\/holzhausplaner6.jpg\" alt=\"Blockhaus\" width=\"148\" height=\"99\" srcset=\"https:\/\/www.arcon-software.com\/wp-content\/uploads\/holzhausplaner6.jpg 148w, https:\/\/www.arcon-software.com\/wp-content\/uploads\/holzhausplaner6-80x54.jpg 80w\" sizes=\"auto, (max-width: 148px) 100vw, 148px\" \/>Im Blockhausmodul k\u00f6nnen einzelne W\u00e4nde mit Blockbohlen versehen werden, wobei aneinander grenzende W\u00e4nde mit unterschiedlichen \u00fcberst\u00e4nden konstruiert werden k\u00f6nnen. Durch die Vergabe von beliebigen Profilen k\u00f6nnen unter anderem auch runde Blockbohlen erzeugt werden.<\/p>\n<ul>\n<li>\n<h3>Verbindungen<\/h3>\n<\/li>\n<\/ul>\n<p style=\"padding-left: 40px;\">Der Holzhausplaner enth\u00e4lt verschiedene Holzverbindungen. Bauteile k\u00f6nnen durch Zapfen, Bl\u00e4tter, Gerberst\u00f6\u00dfe, Hackenbl\u00e4tter, Schwalbenschwanz verbunden werden.<\/p>\n<ul>\n<li>\n<h3>Holzverschalung<\/h3>\n<\/li>\n<\/ul>\n<p style=\"padding-left: 40px;\"><img loading=\"lazy\" decoding=\"async\" class=\"alignright wp-image-556 size-full\" src=\"https:\/\/www.arcon-software.com\/wp-content\/uploads\/holzhausplaner7.jpg\" alt=\"Holzverschalung erstellen\" width=\"148\" height=\"102\" srcset=\"https:\/\/www.arcon-software.com\/wp-content\/uploads\/holzhausplaner7.jpg 148w, https:\/\/www.arcon-software.com\/wp-content\/uploads\/holzhausplaner7-80x55.jpg 80w\" sizes=\"auto, (max-width: 148px) 100vw, 148px\" \/>Im Holzverschalungsmodul k\u00f6nnen unterschiedliche Verschalungen als Au\u00dfenverschalung f\u00fcr die von ArCon erzeugten W\u00e4nde konstruiert werden. Die Art der Verschalung kann dabei beliebig variiert werden (Deckelschalung, horizontal, schr\u00e4g, vertikal, St\u00fclpschalung).<\/p>\n<ul>\n<li>\n<h3>3D-Vorschau<\/h3>\n<\/li>\n<\/ul>\n<p style=\"padding-left: 40px;\"><img loading=\"lazy\" decoding=\"async\" class=\"alignright wp-image-559 size-full\" src=\"https:\/\/www.arcon-software.com\/wp-content\/uploads\/holzhausplaner3.jpg\" alt=\"Dach 6-eckig\" width=\"200\" height=\"148\" srcset=\"https:\/\/www.arcon-software.com\/wp-content\/uploads\/holzhausplaner3.jpg 200w, https:\/\/www.arcon-software.com\/wp-content\/uploads\/holzhausplaner3-80x59.jpg 80w\" sizes=\"auto, (max-width: 200px) 100vw, 200px\" \/>Auf Basis O2C Durch die Integration eines 3D-Viewers auf Basis der O2C-Technologie k\u00f6nnen die Dachkonstruktionen jederzeit dreidimensional fotorealistisch kontrolliert werden. Eine weiterer Vorteil ist, dass die Holzkonstruktionen jederzeit als Objekt abgespeichert und in der ArCon-Version eingelesen werden kann. Somit kann der Anwender eigene Bibliotheken (z.B. f\u00fcr Carports, Vord\u00e4cher usw.) erstellen. Durch das Zuweisen von Materialien wie Nadelholz, BSH, KVH usw. k\u00f6nnen die Holzlisten jetzt materialabh\u00e4ngig erstellt werden.<\/p>\n<ul>\n<li>\n<h3>Balkenlage<\/h3>\n<\/li>\n<\/ul>\n<p style=\"padding-left: 40px;\"><img loading=\"lazy\" decoding=\"async\" class=\"alignright wp-image-562 size-full\" src=\"https:\/\/www.arcon-software.com\/wp-content\/uploads\/holzhausplaner8.gif\" alt=\"Balkenlage Decke\" width=\"150\" height=\"101\" \/>Die Balkenlage kann \u00fcber den gesamten Grundriss oder f\u00fcr jeden Raum einzeln gelegt werden. Erzeugen Sie Ringbalken, Wechselbalken, Unterz\u00fcge f\u00fcr eine fachgerechte Konstruktion.<\/p>\n<ul>\n<li>\n<h3>Freie Holzteilprofilierung<\/h3>\n<\/li>\n<\/ul>\n<p style=\"padding-left: 40px;\"><img loading=\"lazy\" decoding=\"async\" class=\"alignright wp-image-565 size-full\" src=\"https:\/\/www.arcon-software.com\/wp-content\/uploads\/holzhausplaner9.gif\" alt=\"Holzteilprofilierung\" width=\"200\" height=\"127\" \/>Im Holzhausplaner 2 kann allen Holzteilen ein beliebiges Profil zugeordnet werden. So k\u00f6nnen z.B. Blockbohlen nicht nur mit rechteckigem Querschnitt dargestellt werden, sondern auch runde Bohlen, mit Fase oder mit Nut und Feder.<\/p>\n<ul>\n<li>\n<h3>Freie Materialzuordnung<\/h3>\n<\/li>\n<\/ul>\n<p style=\"padding-left: 40px;\">\u00e4hnlich wie bei der Vergabe von Profilen l\u00e4sst sich jedem Holzteil ein beliebiges Material \/ Textur zuordnen.<\/p>\n<ul>\n<li>\n<h3>Elementieren<\/h3>\n<\/li>\n<\/ul>\n<p style=\"padding-left: 40px;\"><img loading=\"lazy\" decoding=\"async\" class=\"alignright wp-image-568 size-full\" src=\"https:\/\/www.arcon-software.com\/wp-content\/uploads\/holzhausplaner10.gif\" alt=\"Elementieren von H\u00f6lzern\" width=\"150\" height=\"135\" \/>Ablegen beliebiger Elemente in einer Objektbibliothek &#8211; Durch diese Funktion hat man die M\u00f6glichkeit, sich beliebig viele Elemente (z.B. Fenster- oder T\u00fcrelemente, Wandteile ect.) zu erstellen und diese in einer Bibliothek abzulegen. Diese Elemente k\u00f6nnen in verschiedenen Projekten beliebig oft eingef\u00fcgt werden und dabei frei positioniert, kopiert oder gespiegelt werden.<\/p>\n<ul>\n<li>\n<h3>Beitrag zur effizienteren Kostenermittlung<\/h3>\n<\/li>\n<\/ul>\n<p style=\"padding-left: 40px;\"><img loading=\"lazy\" decoding=\"async\" class=\"alignright wp-image-571 size-full\" src=\"https:\/\/www.arcon-software.com\/wp-content\/uploads\/holzhausplaner2.jpg\" alt=\"Holzhaus mit Holzrahmenbau\" width=\"200\" height=\"107\" srcset=\"https:\/\/www.arcon-software.com\/wp-content\/uploads\/holzhausplaner2.jpg 200w, https:\/\/www.arcon-software.com\/wp-content\/uploads\/holzhausplaner2-80x43.jpg 80w\" sizes=\"auto, (max-width: 200px) 100vw, 200px\" \/>F\u00fcr die effektive Planung der Holzrahmenbauw\u00e4nde wurde eine Wandschicht f\u00fcr die Beplankung mit Platten eingebaut. Die Platten werden in der Massenausgabe ber\u00fccksichtigt. Das Gruppieren von Wandbauteilen in der neuen Version erm\u00f6glicht die Planung von individuellen Bauweisen. Aus einer vom Anwender erstellten Bibliothek von Wandelementen k\u00f6nnen die Wandelemente ausgew\u00e4hlt und modulartig aneinander gesetzt werden.<\/p>\n<ul>\n<li>\n<h3>Schnittstellen<\/h3>\n<\/li>\n<\/ul>\n<p style=\"padding-left: 40px;\">Der Dachdesigner 2 enth\u00e4lt Schnittstellen zu folgenden Programmen und Datei-Formaten: Dachabbund W-Abbund-Meister<br \/>\nHolzausbau W-Stand-Meister<br \/>\n2D-DXF Dateiausgabe<br \/>\n3D-DXF Dateiausgabe<br \/>\ncreativeLines (mba-Format) \u00dcbergabe<\/p>\n<\/div><\/div><\/div><\/div><\/div><\/div><\/div><\/div><\/div><\/section>\n","protected":false},"excerpt":{"rendered":"ArCon und ArCon (planTEK) Zusatzmodul von WETO Der WETO-Holzhausplaner 2 Der WETO-Holzhausplaner ist ein Zusatzmodul f\u00fcr Holzrahmen-, St\u00e4nder-, Fachwerk-, Blockbauh\u00e4user und Holzverschalungen. Lauff\u00e4hig ist der WETO-Holzhausplaner 2 ab der Version ArCon+ 6. Immer mehr Bauherren entscheiden sich f\u00fcr den Baustoff Holz, denn er bietet viele Vorteile: Holz ist vielseitig verwendbar, d\u00e4mmt gut und schafft ein...","protected":false},"author":1,"featured_media":0,"parent":0,"menu_order":0,"comment_status":"closed","ping_status":"closed","template":"","meta":{"footnotes":""},"class_list":["post-540","page","type-page","status-publish","hentry"],"yoast_head":"<!-- This site is optimized with the Yoast SEO plugin v27.4 - https:\/\/yoast.com\/product\/yoast-seo-wordpress\/ -->\n<title>Weto Holzhausplaner - ein Zusatzmodul f\u00fcr ArCon<\/title>\n<meta name=\"description\" content=\"Der WETO - Holzhausplaner ist ein ArCon-Zusatzmodul fuer die Erstellung von Holzverschalungen, Holzhaeuser und Balkenlagen in ArCon.\" \/>\n<meta name=\"robots\" content=\"index, follow, max-snippet:-1, max-image-preview:large, max-video-preview:-1\" \/>\n<link rel=\"canonical\" href=\"https:\/\/www.arcon-software.com\/de\/weto_holzhausplaner\/\" \/>\n<meta property=\"og:locale\" content=\"de_DE\" \/>\n<meta property=\"og:type\" content=\"article\" \/>\n<meta property=\"og:title\" content=\"Weto Holzhausplaner - ein Zusatzmodul f\u00fcr ArCon\" \/>\n<meta property=\"og:description\" content=\"Der WETO - Holzhausplaner ist ein ArCon-Zusatzmodul fuer die Erstellung von Holzverschalungen, Holzhaeuser und Balkenlagen in ArCon.\" \/>\n<meta property=\"og:url\" content=\"https:\/\/www.arcon-software.com\/de\/weto_holzhausplaner\/\" \/>\n<meta property=\"og:site_name\" content=\"ArCon Software\" \/>\n<meta property=\"article:modified_time\" content=\"2020-05-05T12:42:03+00:00\" \/>\n<meta property=\"og:image\" content=\"https:\/\/www.arcon-software.com\/wp-content\/uploads\/holzhausplaner1.jpg\" \/>\n<meta name=\"twitter:card\" content=\"summary_large_image\" \/>\n<meta name=\"twitter:label1\" content=\"Gesch\u00e4tzte Lesezeit\" \/>\n\t<meta name=\"twitter:data1\" content=\"4\u00a0Minuten\" \/>\n<script type=\"application\/ld+json\" class=\"yoast-schema-graph\">{\"@context\":\"https:\\\/\\\/schema.org\",\"@graph\":[{\"@type\":\"WebPage\",\"@id\":\"https:\\\/\\\/www.arcon-software.com\\\/de\\\/weto_holzhausplaner\\\/\",\"url\":\"https:\\\/\\\/www.arcon-software.com\\\/de\\\/weto_holzhausplaner\\\/\",\"name\":\"Weto Holzhausplaner - ein Zusatzmodul f\u00fcr ArCon\",\"isPartOf\":{\"@id\":\"https:\\\/\\\/www.arcon-software.com\\\/de\\\/#website\"},\"primaryImageOfPage\":{\"@id\":\"https:\\\/\\\/www.arcon-software.com\\\/de\\\/weto_holzhausplaner\\\/#primaryimage\"},\"image\":{\"@id\":\"https:\\\/\\\/www.arcon-software.com\\\/de\\\/weto_holzhausplaner\\\/#primaryimage\"},\"thumbnailUrl\":\"https:\\\/\\\/www.arcon-software.com\\\/wp-content\\\/uploads\\\/holzhausplaner1.jpg\",\"datePublished\":\"2020-05-05T10:26:59+00:00\",\"dateModified\":\"2020-05-05T12:42:03+00:00\",\"description\":\"Der WETO - Holzhausplaner ist ein ArCon-Zusatzmodul fuer die Erstellung von Holzverschalungen, Holzhaeuser und Balkenlagen in ArCon.\",\"breadcrumb\":{\"@id\":\"https:\\\/\\\/www.arcon-software.com\\\/de\\\/weto_holzhausplaner\\\/#breadcrumb\"},\"inLanguage\":\"de\",\"potentialAction\":[{\"@type\":\"ReadAction\",\"target\":[\"https:\\\/\\\/www.arcon-software.com\\\/de\\\/weto_holzhausplaner\\\/\"]}]},{\"@type\":\"ImageObject\",\"inLanguage\":\"de\",\"@id\":\"https:\\\/\\\/www.arcon-software.com\\\/de\\\/weto_holzhausplaner\\\/#primaryimage\",\"url\":\"https:\\\/\\\/www.arcon-software.com\\\/wp-content\\\/uploads\\\/holzhausplaner1.jpg\",\"contentUrl\":\"https:\\\/\\\/www.arcon-software.com\\\/wp-content\\\/uploads\\\/holzhausplaner1.jpg\"},{\"@type\":\"BreadcrumbList\",\"@id\":\"https:\\\/\\\/www.arcon-software.com\\\/de\\\/weto_holzhausplaner\\\/#breadcrumb\",\"itemListElement\":[{\"@type\":\"ListItem\",\"position\":1,\"name\":\"Startseite\",\"item\":\"https:\\\/\\\/www.arcon-software.com\\\/de\\\/\"},{\"@type\":\"ListItem\",\"position\":2,\"name\":\"Weto Holzhausplaner &#8211; ein Zusatzmodul f\u00fcr ArCon\"}]},{\"@type\":\"WebSite\",\"@id\":\"https:\\\/\\\/www.arcon-software.com\\\/de\\\/#website\",\"url\":\"https:\\\/\\\/www.arcon-software.com\\\/de\\\/\",\"name\":\"ArCon Software\",\"description\":\"\",\"publisher\":{\"@id\":\"https:\\\/\\\/www.arcon-software.com\\\/de\\\/#organization\"},\"potentialAction\":[{\"@type\":\"SearchAction\",\"target\":{\"@type\":\"EntryPoint\",\"urlTemplate\":\"https:\\\/\\\/www.arcon-software.com\\\/de\\\/?s={search_term_string}\"},\"query-input\":{\"@type\":\"PropertyValueSpecification\",\"valueRequired\":true,\"valueName\":\"search_term_string\"}}],\"inLanguage\":\"de\"},{\"@type\":\"Organization\",\"@id\":\"https:\\\/\\\/www.arcon-software.com\\\/de\\\/#organization\",\"name\":\"ArCon Software\",\"url\":\"https:\\\/\\\/www.arcon-software.com\\\/de\\\/\",\"logo\":{\"@type\":\"ImageObject\",\"inLanguage\":\"de\",\"@id\":\"https:\\\/\\\/www.arcon-software.com\\\/de\\\/#\\\/schema\\\/logo\\\/image\\\/\",\"url\":\"https:\\\/\\\/www.arcon-software.com\\\/wp-content\\\/uploads\\\/arcon_plantek24.png\",\"contentUrl\":\"https:\\\/\\\/www.arcon-software.com\\\/wp-content\\\/uploads\\\/arcon_plantek24.png\",\"width\":24,\"height\":24,\"caption\":\"ArCon Software\"},\"image\":{\"@id\":\"https:\\\/\\\/www.arcon-software.com\\\/de\\\/#\\\/schema\\\/logo\\\/image\\\/\"}}]}<\/script>\n<!-- \/ Yoast SEO plugin. -->","yoast_head_json":{"title":"Weto Holzhausplaner - ein Zusatzmodul f\u00fcr ArCon","description":"Der WETO - Holzhausplaner ist ein ArCon-Zusatzmodul fuer die Erstellung von Holzverschalungen, Holzhaeuser und Balkenlagen in ArCon.","robots":{"index":"index","follow":"follow","max-snippet":"max-snippet:-1","max-image-preview":"max-image-preview:large","max-video-preview":"max-video-preview:-1"},"canonical":"https:\/\/www.arcon-software.com\/de\/weto_holzhausplaner\/","og_locale":"de_DE","og_type":"article","og_title":"Weto Holzhausplaner - ein Zusatzmodul f\u00fcr ArCon","og_description":"Der WETO - Holzhausplaner ist ein ArCon-Zusatzmodul fuer die Erstellung von Holzverschalungen, Holzhaeuser und Balkenlagen in ArCon.","og_url":"https:\/\/www.arcon-software.com\/de\/weto_holzhausplaner\/","og_site_name":"ArCon Software","article_modified_time":"2020-05-05T12:42:03+00:00","og_image":[{"url":"https:\/\/www.arcon-software.com\/wp-content\/uploads\/holzhausplaner1.jpg","type":"","width":"","height":""}],"twitter_card":"summary_large_image","twitter_misc":{"Gesch\u00e4tzte Lesezeit":"4\u00a0Minuten"},"schema":{"@context":"https:\/\/schema.org","@graph":[{"@type":"WebPage","@id":"https:\/\/www.arcon-software.com\/de\/weto_holzhausplaner\/","url":"https:\/\/www.arcon-software.com\/de\/weto_holzhausplaner\/","name":"Weto Holzhausplaner - ein Zusatzmodul f\u00fcr ArCon","isPartOf":{"@id":"https:\/\/www.arcon-software.com\/de\/#website"},"primaryImageOfPage":{"@id":"https:\/\/www.arcon-software.com\/de\/weto_holzhausplaner\/#primaryimage"},"image":{"@id":"https:\/\/www.arcon-software.com\/de\/weto_holzhausplaner\/#primaryimage"},"thumbnailUrl":"https:\/\/www.arcon-software.com\/wp-content\/uploads\/holzhausplaner1.jpg","datePublished":"2020-05-05T10:26:59+00:00","dateModified":"2020-05-05T12:42:03+00:00","description":"Der WETO - Holzhausplaner ist ein ArCon-Zusatzmodul fuer die Erstellung von Holzverschalungen, Holzhaeuser und Balkenlagen in ArCon.","breadcrumb":{"@id":"https:\/\/www.arcon-software.com\/de\/weto_holzhausplaner\/#breadcrumb"},"inLanguage":"de","potentialAction":[{"@type":"ReadAction","target":["https:\/\/www.arcon-software.com\/de\/weto_holzhausplaner\/"]}]},{"@type":"ImageObject","inLanguage":"de","@id":"https:\/\/www.arcon-software.com\/de\/weto_holzhausplaner\/#primaryimage","url":"https:\/\/www.arcon-software.com\/wp-content\/uploads\/holzhausplaner1.jpg","contentUrl":"https:\/\/www.arcon-software.com\/wp-content\/uploads\/holzhausplaner1.jpg"},{"@type":"BreadcrumbList","@id":"https:\/\/www.arcon-software.com\/de\/weto_holzhausplaner\/#breadcrumb","itemListElement":[{"@type":"ListItem","position":1,"name":"Startseite","item":"https:\/\/www.arcon-software.com\/de\/"},{"@type":"ListItem","position":2,"name":"Weto Holzhausplaner &#8211; ein Zusatzmodul f\u00fcr ArCon"}]},{"@type":"WebSite","@id":"https:\/\/www.arcon-software.com\/de\/#website","url":"https:\/\/www.arcon-software.com\/de\/","name":"ArCon Software","description":"","publisher":{"@id":"https:\/\/www.arcon-software.com\/de\/#organization"},"potentialAction":[{"@type":"SearchAction","target":{"@type":"EntryPoint","urlTemplate":"https:\/\/www.arcon-software.com\/de\/?s={search_term_string}"},"query-input":{"@type":"PropertyValueSpecification","valueRequired":true,"valueName":"search_term_string"}}],"inLanguage":"de"},{"@type":"Organization","@id":"https:\/\/www.arcon-software.com\/de\/#organization","name":"ArCon Software","url":"https:\/\/www.arcon-software.com\/de\/","logo":{"@type":"ImageObject","inLanguage":"de","@id":"https:\/\/www.arcon-software.com\/de\/#\/schema\/logo\/image\/","url":"https:\/\/www.arcon-software.com\/wp-content\/uploads\/arcon_plantek24.png","contentUrl":"https:\/\/www.arcon-software.com\/wp-content\/uploads\/arcon_plantek24.png","width":24,"height":24,"caption":"ArCon Software"},"image":{"@id":"https:\/\/www.arcon-software.com\/de\/#\/schema\/logo\/image\/"}}]}},"_links":{"self":[{"href":"https:\/\/www.arcon-software.com\/de\/wp-json\/wp\/v2\/pages\/540","targetHints":{"allow":["GET"]}}],"collection":[{"href":"https:\/\/www.arcon-software.com\/de\/wp-json\/wp\/v2\/pages"}],"about":[{"href":"https:\/\/www.arcon-software.com\/de\/wp-json\/wp\/v2\/types\/page"}],"author":[{"embeddable":true,"href":"https:\/\/www.arcon-software.com\/de\/wp-json\/wp\/v2\/users\/1"}],"replies":[{"embeddable":true,"href":"https:\/\/www.arcon-software.com\/de\/wp-json\/wp\/v2\/comments?post=540"}],"version-history":[{"count":0,"href":"https:\/\/www.arcon-software.com\/de\/wp-json\/wp\/v2\/pages\/540\/revisions"}],"wp:attachment":[{"href":"https:\/\/www.arcon-software.com\/de\/wp-json\/wp\/v2\/media?parent=540"}],"curies":[{"name":"wp","href":"https:\/\/api.w.org\/{rel}","templated":true}]}}