{"id":580,"date":"2020-05-05T13:29:48","date_gmt":"2020-05-05T11:29:48","guid":{"rendered":"http:\/\/www.arcon-software.de\/?page_id=580"},"modified":"2022-03-28T16:29:19","modified_gmt":"2022-03-28T14:29:19","slug":"thouvis-arch","status":"publish","type":"page","link":"https:\/\/www.arcon-software.com\/de\/thouvis-arch\/","title":{"rendered":"ThouVis Arch &#8211; Ein Zusatzmodul zu ArCon zur Planzusammenstellung"},"content":{"rendered":"<section class=\"l-section wpb_row as-headerbackground0 height_medium\"><div class=\"l-section-h i-cf\"><div class=\"g-cols vc_row via_grid cols_1 laptops-cols_inherit tablets-cols_inherit mobiles-cols_1 valign_bottom type_default stacking_default\"><div class=\"wpb_column vc_column_container\"><div class=\"vc_column-inner\"><\/div><\/div><\/div><\/div><\/section><section class=\"l-section wpb_row height_auto\"><div class=\"l-section-h i-cf\"><div class=\"g-cols vc_row via_grid cols_1 laptops-cols_inherit tablets-cols_inherit mobiles-cols_1 valign_top type_default stacking_default\"><div class=\"wpb_column vc_column_container\"><div class=\"vc_column-inner\"><\/div><\/div><\/div><\/div><\/section><section class=\"l-section wpb_row as-headerbg height_small\" id=\"begin\"><div class=\"l-section-h i-cf\"><div class=\"g-cols vc_row via_grid cols_1 laptops-cols_inherit tablets-cols_inherit mobiles-cols_1 valign_top type_default stacking_default\"><div class=\"wpb_column vc_column_container\"><div class=\"vc_column-inner\"><div class=\"wpb_text_column as-heading1\"><div class=\"wpb_wrapper\"><h1>ThouVis Arch &#8211; Ein Zusatzmodul zu ArCon zur Planzusammenstellung<\/h1>\n<\/div><\/div><\/div><\/div><\/div><\/div><\/section><section class=\"l-section wpb_row height_medium\"><div class=\"l-section-overlay\" style=\"background:#eeeeee\"><\/div><div class=\"l-section-h i-cf\"><div class=\"g-cols vc_row via_grid cols_1-2-1 laptops-cols_inherit tablets-cols_inherit mobiles-cols_1 valign_top type_default stacking_default\"><div class=\"wpb_column vc_column_container us_custom_ddbf5b25 has_bg_color\"><div class=\"vc_column-inner\"><div class=\"wpb_text_column as-product-small_info\"><div class=\"wpb_wrapper\"><p><img loading=\"lazy\" decoding=\"async\" class=\"alignnone wp-image-735\" src=\"\/wp-content\/uploads\/zusatz-module.png\" alt=\"Zus\u00e4tzliche Module f\u00fcr ArCon\" width=\"200\" height=\"259\" \/><br \/>\nAuslieferung als Download<br \/>\n(ca. 30 MB)<\/p>\n<\/div><\/div><\/div><\/div><div class=\"wpb_column vc_column_container\"><div class=\"vc_column-inner\"><div class=\"g-cols wpb_row via_grid cols_1 laptops-cols_inherit tablets-cols_inherit mobiles-cols_1 valign_top type_default stacking_default\" style=\"--columns-gap:3rem;\"><div class=\"wpb_column vc_column_container\"><div class=\"vc_column-inner\"><div class=\"wpb_text_column\"><div class=\"wpb_wrapper\"><p class=\"as-h2style\"><strong>Thouvis Arch 6.50 TRIXL Edition<\/strong><\/p>\n<p class=\"as-h4style\"><strong><span style=\"color: #ff9900;\">99,00 \u20ac *<br \/>\n<\/span><\/strong><\/p>\n<p><span style=\"color: #999999;\">(Der empfohlene Listenpreis betr\u00e4gt 110,00 \u20ac )<br \/>\n<\/span><\/p>\n<p>&#8211; alle Preisangaben sind inkl. der gesetzlich vorgeschriebenen MwSt.<br \/>\n&#8211; zus\u00e4tzliche Software f\u00fcr ArCon und ArCon (planTEK)<br \/>\n&#8211; BACKUP-DVD ist optional im Warenkorb verf\u00fcgbar<\/p>\n<\/div><\/div><div class=\"wpb_text_column us_custom_821ea863 as-advtext1_de\"><div class=\"wpb_wrapper\"><p style=\"margin-top: 0px; margin-bottom: 0px;\"><img loading=\"lazy\" decoding=\"async\" src=\"https:\/\/www.arcon-software.com\/wp-content\/uploads\/leerzeichen.png\" alt=\"\" width=\"1\" height=\"1\" \/><\/p>\n<\/div><\/div><div class=\"wpb_text_column us_custom_821ea863 as-advtext2_de\"><div class=\"wpb_wrapper\"><p><span style=\"color: #ff9900;\"><strong>* <\/strong><\/span><\/p>\n<\/div><\/div><div class=\"w-btn-wrapper align_justify\"><a class=\"w-btn us-btn-style_1\" href=\"https:\/\/www.cleverbridge.com\/1106\/?tracking=arcon&amp;cookie=true&amp;currency=EUR&amp;language=de&amp;cfg=design_2020&amp;scope=checkout&amp;cart=180384\"><span class=\"w-btn-label\">KAUFEN und zum DOWNLOAD<\/span><\/a><\/div><\/div><\/div><\/div><\/div><\/div><div class=\"wpb_column vc_column_container\"><div class=\"vc_column-inner\"><div class=\"wpb_text_column\"><div class=\"wpb_wrapper\"><p class=\"as-h5style\"><span class=\"as-headertext-seitenleiste\">Kaufabwicklung<\/span><\/p>\n<\/div><\/div><div class=\"wpb_text_column\"><div class=\"wpb_wrapper\"><p style=\"text-align: center;\"><span style=\"color: #999999;\">Die Kaufabwicklung und Auslieferung des Produktes erfolgt \u00fcber unseren Vertragspartner <span style=\"color: #808080;\">cleverbridge AG<span style=\"color: #999999;\"> mit Sitz in K\u00f6ln<\/span><\/span>.<\/span><\/p>\n<\/div><\/div><div class=\"w-separator size_small\"><\/div><div class=\"wpb_text_column\"><div class=\"wpb_wrapper\"><p class=\"as-h5style\"><span class=\"as-headertext-seitenleiste\">Zahlungsoptionen<\/span><\/p>\n<\/div><\/div><div class=\"w-image align_center\"><div class=\"w-image-h\"><img decoding=\"async\" width=\"300\" height=\"105\" src=\"https:\/\/www.arcon-software.com\/wp-content\/uploads\/de-pp_plus-logo-hoch_ohne_PUI_300x105px.png\" class=\"attachment-full size-full\" alt=\"\" loading=\"lazy\" srcset=\"https:\/\/www.arcon-software.com\/wp-content\/uploads\/de-pp_plus-logo-hoch_ohne_PUI_300x105px.png 300w, https:\/\/www.arcon-software.com\/wp-content\/uploads\/de-pp_plus-logo-hoch_ohne_PUI_300x105px-80x28.png 80w\" sizes=\"auto, (max-width: 300px) 100vw, 300px\" \/><\/div><\/div><div class=\"w-image align_center\"><div class=\"w-image-h\"><img decoding=\"async\" width=\"300\" height=\"62\" src=\"https:\/\/www.arcon-software.com\/wp-content\/uploads\/vorkasse.png\" class=\"attachment-full size-full\" alt=\"\" loading=\"lazy\" srcset=\"https:\/\/www.arcon-software.com\/wp-content\/uploads\/vorkasse.png 300w, https:\/\/www.arcon-software.com\/wp-content\/uploads\/vorkasse-80x17.png 80w\" sizes=\"auto, (max-width: 300px) 100vw, 300px\" \/><\/div><\/div><\/div><\/div><\/div><\/div><\/section><section class=\"l-section wpb_row height_medium\"><div class=\"l-section-h i-cf\"><div class=\"g-cols vc_row via_grid cols_1 laptops-cols_inherit tablets-cols_inherit mobiles-cols_1 valign_top type_default stacking_default\"><div class=\"wpb_column vc_column_container\"><div class=\"vc_column-inner\"><div class=\"g-cols wpb_row via_grid cols_1 laptops-cols_inherit tablets-cols_inherit mobiles-cols_1 valign_top type_default stacking_default\" style=\"--columns-gap:3rem;\"><div class=\"wpb_column vc_column_container\"><div class=\"vc_column-inner\"><div class=\"wpb_text_column\"><div class=\"wpb_wrapper\"><h2>Die Leistungsmerkmale von ThouVis Arch 6.50 &#8211; TRIXL Edition<\/h2>\n<p><strong>ThouVis 6.5 Arch Trixl Edition<\/strong> ist das moderne Werkzeug f\u00fcr Architekten, Planer, Hausverwalter, Makler und Bauzeichner zum komfortablen Erstellen, Bearbeiten und Ausgeben von professionellen Planzusammenstellungen, Ausf\u00fchrungs- Werk- oder Detailpl\u00e4nen und grafisch aufwendigen Expos\u00e9s.<\/p>\n<p>Leistungsf\u00e4hige CAD-Funktionen in Kombination mit den gestalterischen M\u00f6glichkeiten eines Grafikprogramms erm\u00f6glichen Ihnen professionelle Ergebnisse mit individueller Note.<\/p>\n<p>Vielf\u00e4ltige Schnittstellen machen ThouVis Arch zur idealen Erg\u00e4nzung zu Ihrem vorhandenen 3D-Visualisierungs- oder Konstruktionsprogramm.<\/p>\n<p>Mit <em>ThouVis 6.5 Arch<\/em> k\u00f6nnen sie \u00fcber die MBA-Schnittstelle direkt <strong>aus <a href=\"https:\/\/www.arcon-software.com\/de\/arcon_plantek\/\">ArCon planTEK<\/a> Projekte \u00fcbernehmen<\/strong> und dann 2D m\u00e4\u00dfig erg\u00e4nzen, \u00fcberarbeiten oder und beispielsweise Expos\u00e9pl\u00e4ne, Ausf\u00fchrungspl\u00e4ne, Werkpl\u00e4ne oder <strong>Planzusammenstellungen erstellen<\/strong>.<\/p>\n<p>Zeichnungen, Ebenen oder Unterebenen k\u00f6nnen danach auch wieder im MBA Format exportiert werden.<\/p>\n<p>Neben dem PLA, MBA- und DXF-Format lassen sich auch die Formate DWG, SVG, GVG und DVG importieren, wodurch ThouVis Arch zu vielen anderen CAD-Produkten kompatibel ist. Ein erweiterter Bitmapexport mit Vorschau und das GVG-Format erg\u00e4nzen die Exportfunktionen.<\/p>\n<p>Durch die Verwendung von Texturen, erweiterten Farbverl\u00e4ufen, frei einstellbaren Schraffurwinkeln, transparenten Objekten, und speziellen Texteffekten haben Sie mehr M\u00f6glichkeiten zur Ausgestaltung Ihrer Pl\u00e4ne.<\/p>\n<p>Durchgef\u00fchrte \u00c4nderungen an Ihren Zeichnungen lassen sich in der erweiterten Zeichnungsinformation protokollieren. Durch Verwendung von Platzhaltern lassen sich diese Informationen automatisch in Schriftfelder (auch in Schriftfelder die von der <a href=\"https:\/\/www.arcon-software.com\/de\/\">ArCon Software<\/a> \u00fcbernommen wurden) \u00fcbernehmen.<\/p>\n<p>Zus\u00e4tzliche Bema\u00dfungsfunktionen wie H\u00f6henkoten und erweiterte Einstellungen bieten ihnen mehr Flexibilit\u00e4t beim Bema\u00dfen Ihrer Zeichnungen. Individuelle Bema\u00dfungsprofile lassen sich abspeichern und bei Bedarf jederzeit wieder aufrufen.<\/p>\n<\/div><\/div><div class=\"w-separator size_medium\"><\/div><\/div><\/div><\/div><div class=\"g-cols wpb_row via_grid cols_2 laptops-cols_inherit tablets-cols_inherit mobiles-cols_1 valign_bottom type_default stacking_default\" style=\"--columns-gap:3rem;\"><div class=\"wpb_column vc_column_container\"><div class=\"vc_column-inner\"><div class=\"w-image align_center meta_simple\"><div class=\"w-image-h\"><img decoding=\"async\" width=\"320\" height=\"227\" src=\"https:\/\/www.arcon-software.com\/wp-content\/uploads\/thouvis-arch-1.jpg\" class=\"attachment-full size-full\" alt=\"Expos\u00e9 Zeichnung\" loading=\"lazy\" srcset=\"https:\/\/www.arcon-software.com\/wp-content\/uploads\/thouvis-arch-1.jpg 320w, https:\/\/www.arcon-software.com\/wp-content\/uploads\/thouvis-arch-1-80x57.jpg 80w\" sizes=\"auto, (max-width: 320px) 100vw, 320px\" \/><\/div><div class=\"w-image-meta\"><div class=\"w-image-title\">Expos\u00e9-Zeichnung, erstellt von L. Pontai<\/div><\/div><\/div><div class=\"w-separator size_small\"><\/div><\/div><\/div><div class=\"wpb_column vc_column_container\"><div class=\"vc_column-inner\"><div class=\"w-image align_center meta_simple\"><div class=\"w-image-h\"><img decoding=\"async\" width=\"320\" height=\"226\" src=\"https:\/\/www.arcon-software.com\/wp-content\/uploads\/thouvis-arch-2.jpg\" class=\"attachment-full size-full\" alt=\"Ausf\u00fchrungsplanung\" loading=\"lazy\" srcset=\"https:\/\/www.arcon-software.com\/wp-content\/uploads\/thouvis-arch-2.jpg 320w, https:\/\/www.arcon-software.com\/wp-content\/uploads\/thouvis-arch-2-80x57.jpg 80w\" sizes=\"auto, (max-width: 320px) 100vw, 320px\" \/><\/div><div class=\"w-image-meta\"><div class=\"w-image-title\">Ausf\u00fchrungsplanung, gezeichnet: L. Pontai<\/div><\/div><\/div><div class=\"w-separator size_small\"><\/div><\/div><\/div><\/div><div class=\"g-cols wpb_row via_grid cols_2 laptops-cols_inherit tablets-cols_inherit mobiles-cols_1 valign_bottom type_default stacking_default\" style=\"--columns-gap:3rem;\"><div class=\"wpb_column vc_column_container\"><div class=\"vc_column-inner\"><div class=\"w-image align_center meta_simple\"><div class=\"w-image-h\"><img decoding=\"async\" width=\"320\" height=\"226\" src=\"https:\/\/www.arcon-software.com\/wp-content\/uploads\/thouvis-arch-3.jpg\" class=\"attachment-full size-full\" alt=\"Werkplanung\" loading=\"lazy\" srcset=\"https:\/\/www.arcon-software.com\/wp-content\/uploads\/thouvis-arch-3.jpg 320w, https:\/\/www.arcon-software.com\/wp-content\/uploads\/thouvis-arch-3-80x57.jpg 80w\" sizes=\"auto, (max-width: 320px) 100vw, 320px\" \/><\/div><div class=\"w-image-meta\"><div class=\"w-image-title\">Werkplanung, gezeichnet L. Pontai<\/div><\/div><\/div><div class=\"w-separator size_small\"><\/div><\/div><\/div><div class=\"wpb_column vc_column_container\"><div class=\"vc_column-inner\"><div class=\"w-image align_center meta_simple\"><div class=\"w-image-h\"><img decoding=\"async\" width=\"320\" height=\"104\" src=\"https:\/\/www.arcon-software.com\/wp-content\/uploads\/thouvis-arch-4.jpg\" class=\"attachment-full size-full\" alt=\"Ansicht coloriert\" loading=\"lazy\" srcset=\"https:\/\/www.arcon-software.com\/wp-content\/uploads\/thouvis-arch-4.jpg 320w, https:\/\/www.arcon-software.com\/wp-content\/uploads\/thouvis-arch-4-80x26.jpg 80w\" sizes=\"auto, (max-width: 320px) 100vw, 320px\" \/><\/div><div class=\"w-image-meta\"><div class=\"w-image-title\">Ansicht coloriert, gezeichnet von L. Pontai<\/div><\/div><\/div><div class=\"w-separator size_small\"><\/div><\/div><\/div><\/div><div class=\"wpb_text_column\"><div class=\"wpb_wrapper\"><p><strong>ThouVis 6.5 Arch TRIXL Edition<\/strong> bietet Ihnen den vollst\u00e4ndigen Funktionsumfang von <strong>Creativelines 3.5<\/strong> und dar\u00fcber hinaus noch \u00fcber 200 weitere wichtige Funktionen.<\/p>\n<\/div><\/div><div class=\"wpb_text_column\"><div class=\"wpb_wrapper\"><h2>Die wichtigsten zus\u00e4tzlichen Funktionen von Thouvis Arch 6.50 gegen\u00fcber Creativelines 3.5<\/h2>\n<ul>\n<li>Zus\u00e4tzliche Markierfunktionen: Polygonf\u00f6rmig Markieren, Markieren von Objekten die nur teilweise im Rahmen liegen, Auswahl erweitern, Auswahl aller nach Objekttyp, Auswahl nach Objekteigenschaft<\/li>\n<li>Komfortables numerisches Verschieben, Skalieren, Drehen und Spiegeln<\/li>\n<li>Paralleldrehen zum schnellen Ausrichten an schr\u00e4gen Kanten<\/li>\n<li>Eigenschaften ersetzen kann auch Schraffuren ersetzen<\/li>\n<li>Winkelhalbierende, runde und konzentrische Hilfslinien<\/li>\n<li>Zus\u00e4tzliche Zeichenfunktionen z.B.: Kreis durch zwei Punkte, Vieleck, Spline durch Definitionspunkte<\/li>\n<li>Selbstdefinierbare komplexe Linienmuster<\/li>\n<li>Linien lassen sich mit 20 verschiedenen Endst\u00fccken in 5 Gr\u00f6\u00dfen versehen.<\/li>\n<li>Zus\u00e4tzliche Fl\u00e4chenfunktionen<\/li>\n<li>Fl\u00e4chenobjekte lassen sich bei der Erstellung optional automatisch in den Hintergrund setzen<\/li>\n<li>Objektf\u00fcllung mit Texturen<\/li>\n<li>Farbverlauf \u00fcber regelm\u00e4\u00dfiges Vieleck und \u00fcber zwei Polygon<\/li>\n<li>Zus\u00e4tzliche Konstruktions- und Werkzeugfunktionen<\/li>\n<li>Architekturmodus zum Zeichnen von W\u00e4nden mit automatischer Verschneidefunktion, Fenstern, T\u00fcren, Wandnischen und Wandschlitzen. Die Wandfunktionen arbeiten optional mit Mauernennma\u00dfen<\/li>\n<li>Leistungsf\u00e4higere Textfunktion mit speziellen Texteffekten, Hoch- und Tiefschrift und farbigem Hintergrund<\/li>\n<li>Zus\u00e4tzliche Platzhalter in der Textfunktion<\/li>\n<li>Stark erweiterte Einstellm\u00f6glichkeiten bei der Bema\u00dfung, Verwaltung von Bema\u00dfungsprofilen<\/li>\n<li>Bema\u00dfung mit optionaler H\u00f6henangabe, Mehrfachbema\u00dfung, Pfeilbema\u00dfungen f\u00fcr kleine Objekte, Kotenbema\u00dfungen, Bema\u00dfung von Bogenl\u00e4ngen, Winkelbema\u00dfung mit Bogen und vollautomatische Ma\u00dfketten<\/li>\n<li>Fl\u00e4chenmessen mit optionalem Putzabzug<\/li>\n<li>Freies Drehen von Bitmaps und Metafiles &#8211; Bitmaps mit transparentem Hintergrund<\/li>\n<li>Bitmaps einpassen und beschneiden<\/li>\n<li>Mehr Importformate bei Pixel- und Vektorgrafiken<\/li>\n<li>Import von DXF- und DWG-Dateien als Bild &#8211; Leistungsst\u00e4rkerer und konfigurierbarer DXF-Export<\/li>\n<li>Schraffur- und Liniendefinitionen werden in der Zeichnungsdatei abgelegt, keine Weitergabe zus\u00e4tzlichen Dateien mehr notwendig<\/li>\n<li>24 frei definierbare Ansichten<\/li>\n<li>Zus\u00e4tzliche und beschleunigte Fangfunktionen<\/li>\n<\/ul>\n<\/div><\/div><\/div><\/div><\/div><\/div><\/section>\n","protected":false},"excerpt":{"rendered":"ThouVis Arch &#8211; Ein Zusatzmodul zu ArCon zur Planzusammenstellung Auslieferung als Download (ca. 30 MB) Thouvis Arch 6.50 TRIXL Edition 99,00 \u20ac * (Der empfohlene Listenpreis betr\u00e4gt 110,00 \u20ac ) &#8211; alle Preisangaben sind inkl. der gesetzlich vorgeschriebenen MwSt. &#8211; zus\u00e4tzliche Software f\u00fcr ArCon und ArCon (planTEK) &#8211; BACKUP-DVD ist optional im Warenkorb verf\u00fcgbar *...","protected":false},"author":1,"featured_media":0,"parent":0,"menu_order":0,"comment_status":"closed","ping_status":"closed","template":"","meta":{"footnotes":""},"class_list":["post-580","page","type-page","status-publish","hentry"],"yoast_head":"<!-- This site is optimized with the Yoast SEO plugin v27.5 - https:\/\/yoast.com\/product\/yoast-seo-wordpress\/ -->\n<title>ThouVis Arch - Ein Zusatzmodul zu ArCon zur Planzusammenstellung<\/title>\n<meta name=\"description\" content=\"Leistungsf\u00e4hige CAD-Funktionen in Kombination mit den gestalterischen M\u00f6glichkeiten eines Grafikprogramms erm\u00f6glichen Ihnen professionelle Pl\u00e4ne.\" \/>\n<meta name=\"robots\" content=\"index, follow, max-snippet:-1, max-image-preview:large, max-video-preview:-1\" \/>\n<link rel=\"canonical\" href=\"https:\/\/www.arcon-software.com\/de\/thouvis-arch\/\" \/>\n<meta property=\"og:locale\" content=\"de_DE\" \/>\n<meta property=\"og:type\" content=\"article\" \/>\n<meta property=\"og:title\" content=\"ThouVis Arch - Ein Zusatzmodul zu ArCon zur Planzusammenstellung\" \/>\n<meta property=\"og:description\" content=\"Leistungsf\u00e4hige CAD-Funktionen in Kombination mit den gestalterischen M\u00f6glichkeiten eines Grafikprogramms erm\u00f6glichen Ihnen professionelle Pl\u00e4ne.\" \/>\n<meta property=\"og:url\" content=\"https:\/\/www.arcon-software.com\/de\/thouvis-arch\/\" \/>\n<meta property=\"og:site_name\" content=\"ArCon Software\" \/>\n<meta property=\"article:modified_time\" content=\"2022-03-28T14:29:19+00:00\" \/>\n<meta property=\"og:image\" content=\"https:\/\/www.arcon-software.com\/wp-content\/uploads\/zusatz-module.png\" \/>\n<meta name=\"twitter:card\" content=\"summary_large_image\" \/>\n<meta name=\"twitter:label1\" content=\"Gesch\u00e4tzte Lesezeit\" \/>\n\t<meta name=\"twitter:data1\" content=\"4\u00a0Minuten\" \/>\n<script type=\"application\/ld+json\" class=\"yoast-schema-graph\">{\"@context\":\"https:\\\/\\\/schema.org\",\"@graph\":[{\"@type\":\"WebPage\",\"@id\":\"https:\\\/\\\/www.arcon-software.com\\\/de\\\/thouvis-arch\\\/\",\"url\":\"https:\\\/\\\/www.arcon-software.com\\\/de\\\/thouvis-arch\\\/\",\"name\":\"ThouVis Arch - Ein Zusatzmodul zu ArCon zur Planzusammenstellung\",\"isPartOf\":{\"@id\":\"https:\\\/\\\/www.arcon-software.com\\\/de\\\/#website\"},\"primaryImageOfPage\":{\"@id\":\"https:\\\/\\\/www.arcon-software.com\\\/de\\\/thouvis-arch\\\/#primaryimage\"},\"image\":{\"@id\":\"https:\\\/\\\/www.arcon-software.com\\\/de\\\/thouvis-arch\\\/#primaryimage\"},\"thumbnailUrl\":\"https:\\\/\\\/www.arcon-software.com\\\/wp-content\\\/uploads\\\/leerzeichen.png\",\"datePublished\":\"2020-05-05T11:29:48+00:00\",\"dateModified\":\"2022-03-28T14:29:19+00:00\",\"description\":\"Leistungsf\u00e4hige CAD-Funktionen in Kombination mit den gestalterischen M\u00f6glichkeiten eines Grafikprogramms erm\u00f6glichen Ihnen professionelle Pl\u00e4ne.\",\"breadcrumb\":{\"@id\":\"https:\\\/\\\/www.arcon-software.com\\\/de\\\/thouvis-arch\\\/#breadcrumb\"},\"inLanguage\":\"de\",\"potentialAction\":[{\"@type\":\"ReadAction\",\"target\":[\"https:\\\/\\\/www.arcon-software.com\\\/de\\\/thouvis-arch\\\/\"]}]},{\"@type\":\"ImageObject\",\"inLanguage\":\"de\",\"@id\":\"https:\\\/\\\/www.arcon-software.com\\\/de\\\/thouvis-arch\\\/#primaryimage\",\"url\":\"https:\\\/\\\/www.arcon-software.com\\\/wp-content\\\/uploads\\\/leerzeichen.png\",\"contentUrl\":\"https:\\\/\\\/www.arcon-software.com\\\/wp-content\\\/uploads\\\/leerzeichen.png\"},{\"@type\":\"BreadcrumbList\",\"@id\":\"https:\\\/\\\/www.arcon-software.com\\\/de\\\/thouvis-arch\\\/#breadcrumb\",\"itemListElement\":[{\"@type\":\"ListItem\",\"position\":1,\"name\":\"Startseite\",\"item\":\"https:\\\/\\\/www.arcon-software.com\\\/de\\\/\"},{\"@type\":\"ListItem\",\"position\":2,\"name\":\"ThouVis Arch &#8211; Ein Zusatzmodul zu ArCon zur Planzusammenstellung\"}]},{\"@type\":\"WebSite\",\"@id\":\"https:\\\/\\\/www.arcon-software.com\\\/de\\\/#website\",\"url\":\"https:\\\/\\\/www.arcon-software.com\\\/de\\\/\",\"name\":\"ArCon Software\",\"description\":\"\",\"publisher\":{\"@id\":\"https:\\\/\\\/www.arcon-software.com\\\/de\\\/#organization\"},\"potentialAction\":[{\"@type\":\"SearchAction\",\"target\":{\"@type\":\"EntryPoint\",\"urlTemplate\":\"https:\\\/\\\/www.arcon-software.com\\\/de\\\/?s={search_term_string}\"},\"query-input\":{\"@type\":\"PropertyValueSpecification\",\"valueRequired\":true,\"valueName\":\"search_term_string\"}}],\"inLanguage\":\"de\"},{\"@type\":\"Organization\",\"@id\":\"https:\\\/\\\/www.arcon-software.com\\\/de\\\/#organization\",\"name\":\"ArCon Software\",\"url\":\"https:\\\/\\\/www.arcon-software.com\\\/de\\\/\",\"logo\":{\"@type\":\"ImageObject\",\"inLanguage\":\"de\",\"@id\":\"https:\\\/\\\/www.arcon-software.com\\\/de\\\/#\\\/schema\\\/logo\\\/image\\\/\",\"url\":\"https:\\\/\\\/www.arcon-software.com\\\/wp-content\\\/uploads\\\/arcon_plantek24.png\",\"contentUrl\":\"https:\\\/\\\/www.arcon-software.com\\\/wp-content\\\/uploads\\\/arcon_plantek24.png\",\"width\":24,\"height\":24,\"caption\":\"ArCon Software\"},\"image\":{\"@id\":\"https:\\\/\\\/www.arcon-software.com\\\/de\\\/#\\\/schema\\\/logo\\\/image\\\/\"}}]}<\/script>\n<!-- \/ Yoast SEO plugin. -->","yoast_head_json":{"title":"ThouVis Arch - Ein Zusatzmodul zu ArCon zur Planzusammenstellung","description":"Leistungsf\u00e4hige CAD-Funktionen in Kombination mit den gestalterischen M\u00f6glichkeiten eines Grafikprogramms erm\u00f6glichen Ihnen professionelle Pl\u00e4ne.","robots":{"index":"index","follow":"follow","max-snippet":"max-snippet:-1","max-image-preview":"max-image-preview:large","max-video-preview":"max-video-preview:-1"},"canonical":"https:\/\/www.arcon-software.com\/de\/thouvis-arch\/","og_locale":"de_DE","og_type":"article","og_title":"ThouVis Arch - Ein Zusatzmodul zu ArCon zur Planzusammenstellung","og_description":"Leistungsf\u00e4hige CAD-Funktionen in Kombination mit den gestalterischen M\u00f6glichkeiten eines Grafikprogramms erm\u00f6glichen Ihnen professionelle Pl\u00e4ne.","og_url":"https:\/\/www.arcon-software.com\/de\/thouvis-arch\/","og_site_name":"ArCon Software","article_modified_time":"2022-03-28T14:29:19+00:00","og_image":[{"url":"https:\/\/www.arcon-software.com\/wp-content\/uploads\/zusatz-module.png","type":"","width":"","height":""}],"twitter_card":"summary_large_image","twitter_misc":{"Gesch\u00e4tzte Lesezeit":"4\u00a0Minuten"},"schema":{"@context":"https:\/\/schema.org","@graph":[{"@type":"WebPage","@id":"https:\/\/www.arcon-software.com\/de\/thouvis-arch\/","url":"https:\/\/www.arcon-software.com\/de\/thouvis-arch\/","name":"ThouVis Arch - Ein Zusatzmodul zu ArCon zur Planzusammenstellung","isPartOf":{"@id":"https:\/\/www.arcon-software.com\/de\/#website"},"primaryImageOfPage":{"@id":"https:\/\/www.arcon-software.com\/de\/thouvis-arch\/#primaryimage"},"image":{"@id":"https:\/\/www.arcon-software.com\/de\/thouvis-arch\/#primaryimage"},"thumbnailUrl":"https:\/\/www.arcon-software.com\/wp-content\/uploads\/leerzeichen.png","datePublished":"2020-05-05T11:29:48+00:00","dateModified":"2022-03-28T14:29:19+00:00","description":"Leistungsf\u00e4hige CAD-Funktionen in Kombination mit den gestalterischen M\u00f6glichkeiten eines Grafikprogramms erm\u00f6glichen Ihnen professionelle Pl\u00e4ne.","breadcrumb":{"@id":"https:\/\/www.arcon-software.com\/de\/thouvis-arch\/#breadcrumb"},"inLanguage":"de","potentialAction":[{"@type":"ReadAction","target":["https:\/\/www.arcon-software.com\/de\/thouvis-arch\/"]}]},{"@type":"ImageObject","inLanguage":"de","@id":"https:\/\/www.arcon-software.com\/de\/thouvis-arch\/#primaryimage","url":"https:\/\/www.arcon-software.com\/wp-content\/uploads\/leerzeichen.png","contentUrl":"https:\/\/www.arcon-software.com\/wp-content\/uploads\/leerzeichen.png"},{"@type":"BreadcrumbList","@id":"https:\/\/www.arcon-software.com\/de\/thouvis-arch\/#breadcrumb","itemListElement":[{"@type":"ListItem","position":1,"name":"Startseite","item":"https:\/\/www.arcon-software.com\/de\/"},{"@type":"ListItem","position":2,"name":"ThouVis Arch &#8211; Ein Zusatzmodul zu ArCon zur Planzusammenstellung"}]},{"@type":"WebSite","@id":"https:\/\/www.arcon-software.com\/de\/#website","url":"https:\/\/www.arcon-software.com\/de\/","name":"ArCon Software","description":"","publisher":{"@id":"https:\/\/www.arcon-software.com\/de\/#organization"},"potentialAction":[{"@type":"SearchAction","target":{"@type":"EntryPoint","urlTemplate":"https:\/\/www.arcon-software.com\/de\/?s={search_term_string}"},"query-input":{"@type":"PropertyValueSpecification","valueRequired":true,"valueName":"search_term_string"}}],"inLanguage":"de"},{"@type":"Organization","@id":"https:\/\/www.arcon-software.com\/de\/#organization","name":"ArCon Software","url":"https:\/\/www.arcon-software.com\/de\/","logo":{"@type":"ImageObject","inLanguage":"de","@id":"https:\/\/www.arcon-software.com\/de\/#\/schema\/logo\/image\/","url":"https:\/\/www.arcon-software.com\/wp-content\/uploads\/arcon_plantek24.png","contentUrl":"https:\/\/www.arcon-software.com\/wp-content\/uploads\/arcon_plantek24.png","width":24,"height":24,"caption":"ArCon Software"},"image":{"@id":"https:\/\/www.arcon-software.com\/de\/#\/schema\/logo\/image\/"}}]}},"_links":{"self":[{"href":"https:\/\/www.arcon-software.com\/de\/wp-json\/wp\/v2\/pages\/580","targetHints":{"allow":["GET"]}}],"collection":[{"href":"https:\/\/www.arcon-software.com\/de\/wp-json\/wp\/v2\/pages"}],"about":[{"href":"https:\/\/www.arcon-software.com\/de\/wp-json\/wp\/v2\/types\/page"}],"author":[{"embeddable":true,"href":"https:\/\/www.arcon-software.com\/de\/wp-json\/wp\/v2\/users\/1"}],"replies":[{"embeddable":true,"href":"https:\/\/www.arcon-software.com\/de\/wp-json\/wp\/v2\/comments?post=580"}],"version-history":[{"count":0,"href":"https:\/\/www.arcon-software.com\/de\/wp-json\/wp\/v2\/pages\/580\/revisions"}],"wp:attachment":[{"href":"https:\/\/www.arcon-software.com\/de\/wp-json\/wp\/v2\/media?parent=580"}],"curies":[{"name":"wp","href":"https:\/\/api.w.org\/{rel}","templated":true}]}}