{"id":601,"date":"2020-05-05T14:35:39","date_gmt":"2020-05-05T12:35:39","guid":{"rendered":"http:\/\/www.arcon-software.de\/?page_id=601"},"modified":"2022-03-28T16:27:47","modified_gmt":"2022-03-28T14:27:47","slug":"easy-tools","status":"publish","type":"page","link":"https:\/\/www.arcon-software.com\/de\/easy-tools\/","title":{"rendered":"easy tools &#8211; Zusatzmodul f\u00fcr ArCon und ArCon (planTEK)"},"content":{"rendered":"<section class=\"l-section wpb_row as-headerbackground0 height_medium\"><div class=\"l-section-h i-cf\"><div class=\"g-cols vc_row via_grid cols_1 laptops-cols_inherit tablets-cols_inherit mobiles-cols_1 valign_bottom type_default stacking_default\"><div class=\"wpb_column vc_column_container\"><div class=\"vc_column-inner\"><\/div><\/div><\/div><\/div><\/section><section class=\"l-section wpb_row height_auto\"><div class=\"l-section-h i-cf\"><div class=\"g-cols vc_row via_grid cols_1 laptops-cols_inherit tablets-cols_inherit mobiles-cols_1 valign_top type_default stacking_default\"><div class=\"wpb_column vc_column_container\"><div class=\"vc_column-inner\"><\/div><\/div><\/div><\/div><\/section><section class=\"l-section wpb_row as-headerbg height_small\" id=\"begin\"><div class=\"l-section-h i-cf\"><div class=\"g-cols vc_row via_grid cols_1 laptops-cols_inherit tablets-cols_inherit mobiles-cols_1 valign_top type_default stacking_default\"><div class=\"wpb_column vc_column_container\"><div class=\"vc_column-inner\"><div class=\"wpb_text_column as-heading1\"><div class=\"wpb_wrapper\"><h1>Easy Tools &#8211; Zusatzmodul f\u00fcr die Wohnungs- und Hausplaner Software ArCon<\/h1>\n<\/div><\/div><\/div><\/div><\/div><\/div><\/section><section class=\"l-section wpb_row height_medium\"><div class=\"l-section-overlay\" style=\"background:#eeeeee\"><\/div><div class=\"l-section-h i-cf\"><div class=\"g-cols vc_row via_grid cols_1-2-1 laptops-cols_inherit tablets-cols_inherit mobiles-cols_1 valign_top type_default stacking_default\"><div class=\"wpb_column vc_column_container us_custom_ddbf5b25 has_bg_color\"><div class=\"vc_column-inner\"><div class=\"wpb_text_column as-product-small_info\"><div class=\"wpb_wrapper\"><p><img loading=\"lazy\" decoding=\"async\" class=\"wp-image-735 alignnone\" src=\"\/wp-content\/uploads\/zusatz-module.png\" alt=\"Zus\u00e4tzliche Module f\u00fcr ArCon\" width=\"200\" height=\"259\" \/><br \/>\nAuslieferung als Download<br \/>\n(ca. 5,2 MB)<\/p>\n<\/div><\/div><\/div><\/div><div class=\"wpb_column vc_column_container\"><div class=\"vc_column-inner\"><div class=\"g-cols wpb_row via_grid cols_1 laptops-cols_inherit tablets-cols_inherit mobiles-cols_1 valign_top type_default stacking_default\" style=\"--columns-gap:3rem;\"><div class=\"wpb_column vc_column_container\"><div class=\"vc_column-inner\"><div class=\"wpb_text_column\"><div class=\"wpb_wrapper\"><p class=\"as-h2style\"><strong>Easy Tools &#8211; Zusatzmodul<\/strong><\/p>\n<p class=\"as-h4style\"><strong><span style=\"color: #ff9900;\">230,00 \u20ac *<br \/>\n<\/span><\/strong><\/p>\n<p><span style=\"color: #999999;\">(Der empfohlene Listenpreis betr\u00e4gt 235,00 \u20ac )<br \/>\n<\/span><\/p>\n<p>&#8211; alle Preisangaben sind inkl. der gesetzlich vorgeschriebenen MwSt.<br \/>\n&#8211; zus\u00e4tzliches Modul f\u00fcr ArCon und ArCon (planTEK)<br \/>\n&#8211; BACKUP-DVD ist optional im Warenkorb verf\u00fcgbar<\/p>\n<\/div><\/div><div class=\"wpb_text_column us_custom_821ea863 as-advtext1_de\"><div class=\"wpb_wrapper\"><p style=\"margin-top: 0px; margin-bottom: 0px;\"><img loading=\"lazy\" decoding=\"async\" src=\"https:\/\/www.arcon-software.com\/wp-content\/uploads\/leerzeichen.png\" alt=\"\" width=\"1\" height=\"1\" \/><\/p>\n<\/div><\/div><div class=\"wpb_text_column us_custom_821ea863 as-advtext2_de\"><div class=\"wpb_wrapper\"><p><span style=\"color: #ff9900;\"><strong>* <\/strong><\/span><\/p>\n<\/div><\/div><div class=\"w-btn-wrapper align_justify\"><a class=\"w-btn us-btn-style_1\" href=\"https:\/\/www.cleverbridge.com\/1106\/?tracking=arcon&amp;cookie=true&amp;currency=EUR&amp;language=de&amp;cfg=design_2020&amp;scope=checkout&amp;cart=134015\"><span class=\"w-btn-label\">KAUFEN und zum DOWNLOAD<\/span><\/a><\/div><\/div><\/div><\/div><\/div><\/div><div class=\"wpb_column vc_column_container\"><div class=\"vc_column-inner\"><div class=\"wpb_text_column\"><div class=\"wpb_wrapper\"><p class=\"as-h5style\"><span class=\"as-headertext-seitenleiste\">Kaufabwicklung<\/span><\/p>\n<\/div><\/div><div class=\"wpb_text_column\"><div class=\"wpb_wrapper\"><p style=\"text-align: center;\"><span style=\"color: #999999;\">Die Kaufabwicklung und Auslieferung des Produktes erfolgt \u00fcber unseren Vertragspartner <span style=\"color: #808080;\">cleverbridge AG<span style=\"color: #999999;\"> mit Sitz in K\u00f6ln<\/span><\/span>.<\/span><\/p>\n<\/div><\/div><div class=\"w-separator size_small\"><\/div><div class=\"wpb_text_column\"><div class=\"wpb_wrapper\"><p class=\"as-h5style\"><span class=\"as-headertext-seitenleiste\">Zahlungsoptionen<\/span><\/p>\n<\/div><\/div><div class=\"w-image align_center\"><div class=\"w-image-h\"><img decoding=\"async\" width=\"300\" height=\"105\" src=\"https:\/\/www.arcon-software.com\/wp-content\/uploads\/de-pp_plus-logo-hoch_ohne_PUI_300x105px.png\" class=\"attachment-full size-full\" alt=\"\" loading=\"lazy\" srcset=\"https:\/\/www.arcon-software.com\/wp-content\/uploads\/de-pp_plus-logo-hoch_ohne_PUI_300x105px.png 300w, https:\/\/www.arcon-software.com\/wp-content\/uploads\/de-pp_plus-logo-hoch_ohne_PUI_300x105px-80x28.png 80w\" sizes=\"auto, (max-width: 300px) 100vw, 300px\" \/><\/div><\/div><div class=\"w-image align_center\"><div class=\"w-image-h\"><img decoding=\"async\" width=\"300\" height=\"62\" src=\"https:\/\/www.arcon-software.com\/wp-content\/uploads\/vorkasse.png\" class=\"attachment-full size-full\" alt=\"\" loading=\"lazy\" srcset=\"https:\/\/www.arcon-software.com\/wp-content\/uploads\/vorkasse.png 300w, https:\/\/www.arcon-software.com\/wp-content\/uploads\/vorkasse-80x17.png 80w\" sizes=\"auto, (max-width: 300px) 100vw, 300px\" \/><\/div><\/div><\/div><\/div><\/div><\/div><\/section><section class=\"l-section wpb_row height_medium\"><div class=\"l-section-h i-cf\"><div class=\"g-cols vc_row via_grid cols_1 laptops-cols_inherit tablets-cols_inherit mobiles-cols_1 valign_top type_default stacking_default\"><div class=\"wpb_column vc_column_container\"><div class=\"vc_column-inner\"><div class=\"g-cols wpb_row via_grid cols_1 laptops-cols_inherit tablets-cols_inherit mobiles-cols_1 valign_top type_default stacking_default\" style=\"--columns-gap:3rem;\"><div class=\"wpb_column vc_column_container\"><div class=\"vc_column-inner\"><div class=\"wpb_text_column\"><div class=\"wpb_wrapper\"><h2>easy-tools 3.0 &#8211; Ein Zusatzmodul f\u00fcr die Hausplanungssoftware ArCon (planTEK)<\/h2>\n<p>EASY-Tools ist eine fast unverzichtbare Sammlung n\u00fctzlicher Tools zu der Wohnungs- und Hausplanungssoftware ArCon (planTEK), welche ArCon und ArCon (planTEK) um zus\u00e4tzliche Funktionen erweitert und Arbeitsabl\u00e4ufe beschleunigt.<\/p>\n<h2>Die Leistungen im Detail:<\/h2>\n<ul>\n<li>\n<h3>Schriftzug-Objekte<\/h3>\n<\/li>\n<\/ul>\n<p style=\"padding-left: 40px;\">Mit der Funktion &#8218;<em>Schriftzug-Objekte erstellen<\/em>&#8218; generieren Sie aus normalem Text Einrichtungsobjekte f\u00fcr <a href=\"https:\/\/www.arcon-software.com\/de\/\">ArCon<\/a>, die lediglich aus diesem Schriftzug bestehen. Die Objekte stehen anschlie\u00dfend im Objektkatalog zur Verf\u00fcgung und k\u00f6nnen wie alle anderen ArCon-Objekte benutzt werden. Zur Erzeugung stehen Ihnen alle installierten Schriftarten von Windows zur Verf\u00fcgung.<\/p>\n<p style=\"padding-left: 40px;\">&#8211; Formatieren Sie den Text fett, kursiv oder unterstrichen.<br \/>\n&#8211; Legen Sie die Aufl\u00f6sung und die Abmessungen des Schriftzugs fest, die dieser sp\u00e4ter in der Planungssoftware haben soll.<br \/>\n&#8211; W\u00e4hlen Sie Vorder- und Hintergrundfarbe des Schriftzuges.<br \/>\n&#8211; Entscheiden Sie, ob der Hintergrund transparent wird, oder (z.B. f\u00fcr ein T\u00fcrschild) mit dargestellt werden soll.<\/p>\n<ul>\n<li>\n<h3>Gel\u00e4nde-Funktionen<\/h3>\n<\/li>\n<\/ul>\n<p style=\"padding-left: 40px;\"><img loading=\"lazy\" decoding=\"async\" class=\"alignright wp-image-604 size-full\" src=\"https:\/\/www.arcon-software.com\/wp-content\/uploads\/et-gelaende.jpg\" alt=\"Easy Tools - Gel\u00e4nde-Funktion\" width=\"198\" height=\"159\" srcset=\"https:\/\/www.arcon-software.com\/wp-content\/uploads\/et-gelaende.jpg 198w, https:\/\/www.arcon-software.com\/wp-content\/uploads\/et-gelaende-80x64.jpg 80w\" sizes=\"auto, (max-width: 198px) 100vw, 198px\" \/>Importieren Sie Gel\u00e4ndeh\u00f6henpunkte aus ASCII-Dateien (Textdateien) direkt nach ArCon und generieren daraus automatisch das Gel\u00e4ndemodell.<br \/>\nSie sind dabei unabh\u00e4ngig vom Datenformat der zu importierenden Datei, die Importschnittstelle ist f\u00fcr nahezu alle Datenformate anzupassen, Voraussetzung sind lediglich zeilenweise Datens\u00e4tze.<br \/>\nFiltern Sie die Importdaten nach Wertebereichen, Bezeichnungen u.\u00e4.<br \/>\nGauss-Kr\u00fcger-Koordinaten und NN-H\u00f6hen werden beim Import an die ArCon-Welt angepasst.<br \/>\nDefinieren Sie Ihre Gel\u00e4ndeform durch die polygonale Eingabe von H\u00f6henlinien. Dabei werden in definiertem Abstand H\u00f6henpunkte in ArCon eingef\u00fcgt und das Gel\u00e4ndemodell entsprechend manipuliert.<br \/>\nSchneller Zugriff auf H\u00f6heninformationen: Lassen Sie sich exakte Koordinaten und H\u00f6henkoten an jedem Punkt in ArCon anzeigen.<\/p>\n<ul>\n<li>\n<h3>Hintergrundbild im Konstruktionsmodus<\/h3>\n<\/li>\n<\/ul>\n<p style=\"padding-left: 40px;\"><img loading=\"lazy\" decoding=\"async\" class=\"size-full wp-image-607 alignright\" src=\"https:\/\/www.arcon-software.com\/wp-content\/uploads\/et-hintergrundbild.gif\" alt=\"Hintergrundbild im Konstruktionsmodus\" width=\"198\" height=\"125\" \/>Mit EASY-Tools 3.0 lesen Sie Bitmaps (Lagepl\u00e4ne o.\u00e4.) als Hintergrund im Konstruktionsmodus ein.<br \/>\nDie Bitmaps m\u00fcssen nicht quadratisch sein, wie bisher von ArCon gewohnt.<br \/>\nBeim Einlesen oder nachtr\u00e4glich k\u00f6nnen Sie die Bilder frei drehen, skalieren und verschieben, sowohl numerisch als auch per Maus.<br \/>\nDas Hintergrundbild kann au\u00dferdem am Nordpfeil ausgerichtet werden.<br \/>\nSie k\u00f6nnen festlegen, in welcher Ebene das Hintergrundbild liegen soll.<br \/>\nDas Hintergrundbild wird auch nach erneutem Laden des Projektes angezeigt.<\/p>\n<ul>\n<li>\n<h3>Gauben numerisch verschieben<\/h3>\n<\/li>\n<\/ul>\n<p style=\"padding-left: 40px;\">Gauben haben bisher in ArCon eine Fixposition. Mit Hilfe der EASY-Tools k\u00f6nnen alle Gaubentypen nun millimetergenau nach rechts oder links verschoben werden.<\/p>\n<ul>\n<li>\n<h3>Aussenwand &#8211; 2D-Mehrschaligkeit<\/h3>\n<\/li>\n<\/ul>\n<p style=\"padding-left: 40px;\"><img loading=\"lazy\" decoding=\"async\" class=\"alignright wp-image-610 size-full\" src=\"https:\/\/www.arcon-software.com\/wp-content\/uploads\/et-mehrschal_dlg.gif\" alt=\"Mehrschalige W\u00e4nde\" width=\"198\" height=\"275\" \/>Diese Funktion dient zur automatischen Darstellung einer mehrschaligen 2D-H\u00fclle in der Grundrissansicht des Konstruktionsmoduses um die Au\u00dfenkontur Ihrer Au\u00dfenw\u00e4nde herum oder diese \u00fcberdeckend.<br \/>\nSelektieren Sie einfach eine Au\u00dfenwand, stellen Sie Schichtdicken, Schraffuren, Farben, Stiftgr\u00f6\u00dfen und Linientypen ein und lassen Sie die zus\u00e4tzlichen Schalen um die gesamte Au\u00dfenkontur des Geschosses automatisch inklusive aller Anschl\u00e4ge erzeugen.<br \/>\nDie 2D-Darstellung wird mit dem Projekt gespeichert und steht auch nach erneutem Laden wieder zur Verf\u00fcgung.<br \/>\nEs werden keine \u00c4nderungen an der ArCon-Projektstruktur vorgenommen, d.h. alle W\u00e4nde, Massen und Rauminformationen bleiben erhalten. Die Darstellung kann mit einem Klick<br \/>\nwieder gel\u00f6scht werden.<br \/>\n<img loading=\"lazy\" decoding=\"async\" class=\"as-object-library-pics alignnone wp-image-613 size-full\" src=\"https:\/\/www.arcon-software.com\/wp-content\/uploads\/et-mehrschal3.gif\" alt=\"Mehrschalige W\u00e4nde\" width=\"80\" height=\"68\" \/><img loading=\"lazy\" decoding=\"async\" class=\"as-object-library-pics alignnone wp-image-616 size-full\" src=\"https:\/\/www.arcon-software.com\/wp-content\/uploads\/et-mehrschal1.gif\" alt=\"Mehrschalige W\u00e4nde\" width=\"80\" height=\"73\" \/><img loading=\"lazy\" decoding=\"async\" class=\"as-object-library-pics alignnone wp-image-619 size-full\" src=\"https:\/\/www.arcon-software.com\/wp-content\/uploads\/et-mehrschal2.gif\" alt=\"Mehrschalige W\u00e4nde\" width=\"80\" height=\"67\" \/><\/p>\n<ul>\n<li>\n<h3>Bild-Objekte<\/h3>\n<\/li>\n<\/ul>\n<p><img loading=\"lazy\" decoding=\"async\" class=\"alignright wp-image-1080 size-full\" src=\"https:\/\/www.arcon-software.com\/wp-content\/uploads\/bild_objekte.gif\" alt=\"Bild-Objekte (Foto als 3D Bild)\" width=\"200\" height=\"138\" \/><\/p>\n<p style=\"padding-left: 40px;\">Erstellen Sie aus einem beliebigen .bmp- oder .jpg-Bild ein 3D-Objekt, das anschlie\u00dfend wie jedes andere ArCon-Objekt zu handhaben ist.<br \/>\nLegen Sie bei der Erzeugung die Aufl\u00f6sung und damit die sp\u00e4tere Gr\u00f6\u00dfe des Objekts in ArCon fest.<br \/>\nDie erzeugten Objekte stehen anschlie\u00dfend im Objektkatalog zur Verf\u00fcgung.<\/p>\n<ul>\n<li>\n<h3>Schornstein-H\u00f6heneditor<\/h3>\n<\/li>\n<\/ul>\n<p style=\"padding-left: 40px;\"><img loading=\"lazy\" decoding=\"async\" class=\"size-full wp-image-622 alignright\" src=\"https:\/\/www.arcon-software.com\/wp-content\/uploads\/et-schornstein.gif\" alt=\"Schornstein-Editor\" width=\"198\" height=\"151\" \/>Legen Sie die H\u00f6he von Schornsteinen elegant anhand verschiedener Bezugsh\u00f6hen fest:<br \/>\n&#8211; \u00fcber First<br \/>\n&#8211; \u00fcber Dacheindeckung<br \/>\n&#8211; \u00fcber der H\u00f6he des Geschosses, in dem der Schornstein erzeugt wurde<br \/>\n&#8211; \u00fcber dem Null-Level<\/p>\n<ul>\n<li>\n<h3>Objektketten entlang von Polygonen auf Gel\u00e4ndeh\u00f6he<\/h3>\n<\/li>\n<\/ul>\n<p style=\"padding-left: 40px;\"><img loading=\"lazy\" decoding=\"async\" class=\"size-full wp-image-625 alignright\" src=\"https:\/\/www.arcon-software.com\/wp-content\/uploads\/et-objektkette.jpg\" alt=\"Objektkette\" width=\"198\" height=\"129\" srcset=\"https:\/\/www.arcon-software.com\/wp-content\/uploads\/et-objektkette.jpg 198w, https:\/\/www.arcon-software.com\/wp-content\/uploads\/et-objektkette-80x52.jpg 80w\" sizes=\"auto, (max-width: 198px) 100vw, 198px\" \/>Beschleunigen Sie mit dieser Funktion das Einsetzen von aufgereihten Objekten in ArCon:<br \/>\nW\u00e4hlen Sie ein beliebiges ArCon kompatibles Objekt.<br \/>\nGeben Sie den gew\u00fcnschten Objektabstand ein.<br \/>\nLegen Sie den Drehwinkel der Objekte um die Z-Achse fest, entweder absolut oder relativ zur Richtung der Objektkette.<br \/>\nW\u00e4hlen Sie, ob die Objekte sich in ihrer H\u00f6he dem Gel\u00e4nde anpassen sollen.<br \/>\nGeben Sie anschlie\u00dfend im Konstruktionsmodus das Polygon ein, entlang dem die Objekte platziert werden sollen.<\/p>\n<ul>\n<li>\n<h3>Dach-H\u00f6henlinien<\/h3>\n<\/li>\n<\/ul>\n<p style=\"padding-left: 40px;\"><img loading=\"lazy\" decoding=\"async\" class=\"alignright wp-image-628 size-full\" src=\"https:\/\/www.arcon-software.com\/wp-content\/uploads\/et-hoehenlinien.gif\" alt=\"Dachh\u00f6henlinien\" width=\"198\" height=\"105\" \/>Diese Funktion zeichnet H\u00f6henlinien als einzeln l\u00f6schbare 2D-Linien in D\u00e4cher ein. Die Ausgangsh\u00f6he kann dabei Oberkante Rohdecke oder Oberkante Fertigfu\u00dfboden eines beliebigen Geschosses sein. Die eingegebene H\u00f6he bezeichnet wahlweise die UK der Innenverkleidung, die OK des Dachstuhls oder die OK der Dacheindeckung.<\/p>\n<ul>\n<li>\n<h3>Textur- und Objekttausch<\/h3>\n<\/li>\n<\/ul>\n<p style=\"padding-left: 40px;\"><img loading=\"lazy\" decoding=\"async\" class=\"size-full wp-image-631 alignright\" src=\"https:\/\/www.arcon-software.com\/wp-content\/uploads\/et-objektaustausch.gif\" alt=\"Textur- und Objekttausch\" width=\"198\" height=\"155\" \/>Mit dieser Funktion k\u00f6nnen Sie sehr schnell bestimmte Einrichtungsobjekte gegen andere austauschen, also z.B. alle B\u00e4ume des Typs &#8218;Baum1&#8216; gegen den Typ &#8218;B\u00e4umchen2&#8216;.<br \/>\nDie neuen Objekte erhalten dabei die H\u00f6he, Position und Drehung der ausgetauschten Objekte.<br \/>\nSelbiges ist auch mit allen verwendeten Texturen der Einrichtungsobjekte m\u00f6glich, um z.B. Sitzbez\u00fcge aller St\u00fchle auf einmal auszutauschen.<\/p>\n<ul>\n<li>\n<h3>Fensterneigung am Dach anpassen<\/h3>\n<\/li>\n<\/ul>\n<p style=\"padding-left: 40px;\"><img loading=\"lazy\" decoding=\"async\" class=\"size-full wp-image-634 alignright\" src=\"https:\/\/www.arcon-software.com\/wp-content\/uploads\/et-fensterneigung.gif\" alt=\"\" width=\"198\" height=\"116\" \/>Mit dieser Funktion wird die obere Fensterneigung von beliebigen Fenstern des Typs &#8218;Fensterkonstruktion, erweitert&#8216; an das dar\u00fcber liegende Dach angepasst. Die mittlere H\u00f6he bleibt dabei erhalten.<\/p>\n<\/div><\/div><\/div><\/div><\/div><\/div><\/div><\/div><\/div><\/section>\n","protected":false},"excerpt":{"rendered":"Easy Tools &#8211; Zusatzmodul f\u00fcr die Wohnungs- und Hausplaner Software ArCon Auslieferung als Download (ca. 5,2 MB) Easy Tools &#8211; Zusatzmodul 230,00 \u20ac * (Der empfohlene Listenpreis betr\u00e4gt 235,00 \u20ac ) &#8211; alle Preisangaben sind inkl. der gesetzlich vorgeschriebenen MwSt. &#8211; zus\u00e4tzliches Modul f\u00fcr ArCon und ArCon (planTEK) &#8211; BACKUP-DVD ist optional im Warenkorb verf\u00fcgbar...","protected":false},"author":1,"featured_media":0,"parent":0,"menu_order":0,"comment_status":"closed","ping_status":"closed","template":"","meta":{"footnotes":""},"class_list":["post-601","page","type-page","status-publish","hentry"],"yoast_head":"<!-- This site is optimized with the Yoast SEO plugin v27.5 - https:\/\/yoast.com\/product\/yoast-seo-wordpress\/ -->\n<title>easy-tools - Zusatzmodul f\u00fcr ArCon und ArCon (planTEK)<\/title>\n<meta name=\"description\" content=\"EASY-Tools ist eine fast unverzichtbare Sammlung n\u00fctzlicher Tools f\u00fcr ArCon, erweitert diese um zus\u00e4tzliche Funktionen und beschleunigt Arbeitsabl\u00e4ufe.\" \/>\n<meta name=\"robots\" content=\"index, follow, max-snippet:-1, max-image-preview:large, max-video-preview:-1\" \/>\n<link rel=\"canonical\" href=\"https:\/\/www.arcon-software.com\/de\/easy-tools\/\" \/>\n<meta property=\"og:locale\" content=\"de_DE\" \/>\n<meta property=\"og:type\" content=\"article\" \/>\n<meta property=\"og:title\" content=\"easy-tools - Zusatzmodul f\u00fcr ArCon und ArCon (planTEK)\" \/>\n<meta property=\"og:description\" content=\"EASY-Tools ist eine fast unverzichtbare Sammlung n\u00fctzlicher Tools f\u00fcr ArCon, erweitert diese um zus\u00e4tzliche Funktionen und beschleunigt Arbeitsabl\u00e4ufe.\" \/>\n<meta property=\"og:url\" content=\"https:\/\/www.arcon-software.com\/de\/easy-tools\/\" \/>\n<meta property=\"og:site_name\" content=\"ArCon Software\" \/>\n<meta property=\"article:modified_time\" content=\"2022-03-28T14:27:47+00:00\" \/>\n<meta property=\"og:image\" content=\"https:\/\/www.arcon-software.com\/wp-content\/uploads\/zusatz-module.png\" \/>\n<meta name=\"twitter:card\" content=\"summary_large_image\" \/>\n<meta name=\"twitter:label1\" content=\"Gesch\u00e4tzte Lesezeit\" \/>\n\t<meta name=\"twitter:data1\" content=\"6\u00a0Minuten\" \/>\n<script type=\"application\/ld+json\" class=\"yoast-schema-graph\">{\"@context\":\"https:\\\/\\\/schema.org\",\"@graph\":[{\"@type\":\"WebPage\",\"@id\":\"https:\\\/\\\/www.arcon-software.com\\\/de\\\/easy-tools\\\/\",\"url\":\"https:\\\/\\\/www.arcon-software.com\\\/de\\\/easy-tools\\\/\",\"name\":\"easy-tools - Zusatzmodul f\u00fcr ArCon und ArCon (planTEK)\",\"isPartOf\":{\"@id\":\"https:\\\/\\\/www.arcon-software.com\\\/de\\\/#website\"},\"primaryImageOfPage\":{\"@id\":\"https:\\\/\\\/www.arcon-software.com\\\/de\\\/easy-tools\\\/#primaryimage\"},\"image\":{\"@id\":\"https:\\\/\\\/www.arcon-software.com\\\/de\\\/easy-tools\\\/#primaryimage\"},\"thumbnailUrl\":\"https:\\\/\\\/www.arcon-software.com\\\/wp-content\\\/uploads\\\/leerzeichen.png\",\"datePublished\":\"2020-05-05T12:35:39+00:00\",\"dateModified\":\"2022-03-28T14:27:47+00:00\",\"description\":\"EASY-Tools ist eine fast unverzichtbare Sammlung n\u00fctzlicher Tools f\u00fcr ArCon, erweitert diese um zus\u00e4tzliche Funktionen und beschleunigt Arbeitsabl\u00e4ufe.\",\"breadcrumb\":{\"@id\":\"https:\\\/\\\/www.arcon-software.com\\\/de\\\/easy-tools\\\/#breadcrumb\"},\"inLanguage\":\"de\",\"potentialAction\":[{\"@type\":\"ReadAction\",\"target\":[\"https:\\\/\\\/www.arcon-software.com\\\/de\\\/easy-tools\\\/\"]}]},{\"@type\":\"ImageObject\",\"inLanguage\":\"de\",\"@id\":\"https:\\\/\\\/www.arcon-software.com\\\/de\\\/easy-tools\\\/#primaryimage\",\"url\":\"https:\\\/\\\/www.arcon-software.com\\\/wp-content\\\/uploads\\\/leerzeichen.png\",\"contentUrl\":\"https:\\\/\\\/www.arcon-software.com\\\/wp-content\\\/uploads\\\/leerzeichen.png\"},{\"@type\":\"BreadcrumbList\",\"@id\":\"https:\\\/\\\/www.arcon-software.com\\\/de\\\/easy-tools\\\/#breadcrumb\",\"itemListElement\":[{\"@type\":\"ListItem\",\"position\":1,\"name\":\"Startseite\",\"item\":\"https:\\\/\\\/www.arcon-software.com\\\/de\\\/\"},{\"@type\":\"ListItem\",\"position\":2,\"name\":\"easy tools &#8211; Zusatzmodul f\u00fcr ArCon und ArCon (planTEK)\"}]},{\"@type\":\"WebSite\",\"@id\":\"https:\\\/\\\/www.arcon-software.com\\\/de\\\/#website\",\"url\":\"https:\\\/\\\/www.arcon-software.com\\\/de\\\/\",\"name\":\"ArCon Software\",\"description\":\"\",\"publisher\":{\"@id\":\"https:\\\/\\\/www.arcon-software.com\\\/de\\\/#organization\"},\"potentialAction\":[{\"@type\":\"SearchAction\",\"target\":{\"@type\":\"EntryPoint\",\"urlTemplate\":\"https:\\\/\\\/www.arcon-software.com\\\/de\\\/?s={search_term_string}\"},\"query-input\":{\"@type\":\"PropertyValueSpecification\",\"valueRequired\":true,\"valueName\":\"search_term_string\"}}],\"inLanguage\":\"de\"},{\"@type\":\"Organization\",\"@id\":\"https:\\\/\\\/www.arcon-software.com\\\/de\\\/#organization\",\"name\":\"ArCon Software\",\"url\":\"https:\\\/\\\/www.arcon-software.com\\\/de\\\/\",\"logo\":{\"@type\":\"ImageObject\",\"inLanguage\":\"de\",\"@id\":\"https:\\\/\\\/www.arcon-software.com\\\/de\\\/#\\\/schema\\\/logo\\\/image\\\/\",\"url\":\"https:\\\/\\\/www.arcon-software.com\\\/wp-content\\\/uploads\\\/arcon_plantek24.png\",\"contentUrl\":\"https:\\\/\\\/www.arcon-software.com\\\/wp-content\\\/uploads\\\/arcon_plantek24.png\",\"width\":24,\"height\":24,\"caption\":\"ArCon Software\"},\"image\":{\"@id\":\"https:\\\/\\\/www.arcon-software.com\\\/de\\\/#\\\/schema\\\/logo\\\/image\\\/\"}}]}<\/script>\n<!-- \/ Yoast SEO plugin. -->","yoast_head_json":{"title":"easy-tools - Zusatzmodul f\u00fcr ArCon und ArCon (planTEK)","description":"EASY-Tools ist eine fast unverzichtbare Sammlung n\u00fctzlicher Tools f\u00fcr ArCon, erweitert diese um zus\u00e4tzliche Funktionen und beschleunigt Arbeitsabl\u00e4ufe.","robots":{"index":"index","follow":"follow","max-snippet":"max-snippet:-1","max-image-preview":"max-image-preview:large","max-video-preview":"max-video-preview:-1"},"canonical":"https:\/\/www.arcon-software.com\/de\/easy-tools\/","og_locale":"de_DE","og_type":"article","og_title":"easy-tools - Zusatzmodul f\u00fcr ArCon und ArCon (planTEK)","og_description":"EASY-Tools ist eine fast unverzichtbare Sammlung n\u00fctzlicher Tools f\u00fcr ArCon, erweitert diese um zus\u00e4tzliche Funktionen und beschleunigt Arbeitsabl\u00e4ufe.","og_url":"https:\/\/www.arcon-software.com\/de\/easy-tools\/","og_site_name":"ArCon Software","article_modified_time":"2022-03-28T14:27:47+00:00","og_image":[{"url":"https:\/\/www.arcon-software.com\/wp-content\/uploads\/zusatz-module.png","type":"","width":"","height":""}],"twitter_card":"summary_large_image","twitter_misc":{"Gesch\u00e4tzte Lesezeit":"6\u00a0Minuten"},"schema":{"@context":"https:\/\/schema.org","@graph":[{"@type":"WebPage","@id":"https:\/\/www.arcon-software.com\/de\/easy-tools\/","url":"https:\/\/www.arcon-software.com\/de\/easy-tools\/","name":"easy-tools - Zusatzmodul f\u00fcr ArCon und ArCon (planTEK)","isPartOf":{"@id":"https:\/\/www.arcon-software.com\/de\/#website"},"primaryImageOfPage":{"@id":"https:\/\/www.arcon-software.com\/de\/easy-tools\/#primaryimage"},"image":{"@id":"https:\/\/www.arcon-software.com\/de\/easy-tools\/#primaryimage"},"thumbnailUrl":"https:\/\/www.arcon-software.com\/wp-content\/uploads\/leerzeichen.png","datePublished":"2020-05-05T12:35:39+00:00","dateModified":"2022-03-28T14:27:47+00:00","description":"EASY-Tools ist eine fast unverzichtbare Sammlung n\u00fctzlicher Tools f\u00fcr ArCon, erweitert diese um zus\u00e4tzliche Funktionen und beschleunigt Arbeitsabl\u00e4ufe.","breadcrumb":{"@id":"https:\/\/www.arcon-software.com\/de\/easy-tools\/#breadcrumb"},"inLanguage":"de","potentialAction":[{"@type":"ReadAction","target":["https:\/\/www.arcon-software.com\/de\/easy-tools\/"]}]},{"@type":"ImageObject","inLanguage":"de","@id":"https:\/\/www.arcon-software.com\/de\/easy-tools\/#primaryimage","url":"https:\/\/www.arcon-software.com\/wp-content\/uploads\/leerzeichen.png","contentUrl":"https:\/\/www.arcon-software.com\/wp-content\/uploads\/leerzeichen.png"},{"@type":"BreadcrumbList","@id":"https:\/\/www.arcon-software.com\/de\/easy-tools\/#breadcrumb","itemListElement":[{"@type":"ListItem","position":1,"name":"Startseite","item":"https:\/\/www.arcon-software.com\/de\/"},{"@type":"ListItem","position":2,"name":"easy tools &#8211; Zusatzmodul f\u00fcr ArCon und ArCon (planTEK)"}]},{"@type":"WebSite","@id":"https:\/\/www.arcon-software.com\/de\/#website","url":"https:\/\/www.arcon-software.com\/de\/","name":"ArCon Software","description":"","publisher":{"@id":"https:\/\/www.arcon-software.com\/de\/#organization"},"potentialAction":[{"@type":"SearchAction","target":{"@type":"EntryPoint","urlTemplate":"https:\/\/www.arcon-software.com\/de\/?s={search_term_string}"},"query-input":{"@type":"PropertyValueSpecification","valueRequired":true,"valueName":"search_term_string"}}],"inLanguage":"de"},{"@type":"Organization","@id":"https:\/\/www.arcon-software.com\/de\/#organization","name":"ArCon Software","url":"https:\/\/www.arcon-software.com\/de\/","logo":{"@type":"ImageObject","inLanguage":"de","@id":"https:\/\/www.arcon-software.com\/de\/#\/schema\/logo\/image\/","url":"https:\/\/www.arcon-software.com\/wp-content\/uploads\/arcon_plantek24.png","contentUrl":"https:\/\/www.arcon-software.com\/wp-content\/uploads\/arcon_plantek24.png","width":24,"height":24,"caption":"ArCon Software"},"image":{"@id":"https:\/\/www.arcon-software.com\/de\/#\/schema\/logo\/image\/"}}]}},"_links":{"self":[{"href":"https:\/\/www.arcon-software.com\/de\/wp-json\/wp\/v2\/pages\/601","targetHints":{"allow":["GET"]}}],"collection":[{"href":"https:\/\/www.arcon-software.com\/de\/wp-json\/wp\/v2\/pages"}],"about":[{"href":"https:\/\/www.arcon-software.com\/de\/wp-json\/wp\/v2\/types\/page"}],"author":[{"embeddable":true,"href":"https:\/\/www.arcon-software.com\/de\/wp-json\/wp\/v2\/users\/1"}],"replies":[{"embeddable":true,"href":"https:\/\/www.arcon-software.com\/de\/wp-json\/wp\/v2\/comments?post=601"}],"version-history":[{"count":0,"href":"https:\/\/www.arcon-software.com\/de\/wp-json\/wp\/v2\/pages\/601\/revisions"}],"wp:attachment":[{"href":"https:\/\/www.arcon-software.com\/de\/wp-json\/wp\/v2\/media?parent=601"}],"curies":[{"name":"wp","href":"https:\/\/api.w.org\/{rel}","templated":true}]}}