{"id":672,"date":"2020-05-05T17:31:01","date_gmt":"2020-05-05T15:31:01","guid":{"rendered":"http:\/\/www.arcon-software.de\/?page_id=672"},"modified":"2022-03-28T16:28:12","modified_gmt":"2022-03-28T14:28:12","slug":"texturbereiche","status":"publish","type":"page","link":"https:\/\/www.arcon-software.com\/de\/texturbereiche\/","title":{"rendered":"Freie Texturbereiche &#8211; Zusatzmodul f\u00fcr ArCon"},"content":{"rendered":"<section class=\"l-section wpb_row as-headerbackground0 height_medium\"><div class=\"l-section-h i-cf\"><div class=\"g-cols vc_row via_grid cols_1 laptops-cols_inherit tablets-cols_inherit mobiles-cols_1 valign_bottom type_default stacking_default\"><div class=\"wpb_column vc_column_container\"><div class=\"vc_column-inner\"><\/div><\/div><\/div><\/div><\/section><section class=\"l-section wpb_row height_auto\"><div class=\"l-section-h i-cf\"><div class=\"g-cols vc_row via_grid cols_1 laptops-cols_inherit tablets-cols_inherit mobiles-cols_1 valign_top type_default stacking_default\"><div class=\"wpb_column vc_column_container\"><div class=\"vc_column-inner\"><\/div><\/div><\/div><\/div><\/section><section class=\"l-section wpb_row as-headerbg height_small\" id=\"begin\"><div class=\"l-section-h i-cf\"><div class=\"g-cols vc_row via_grid cols_1 laptops-cols_inherit tablets-cols_inherit mobiles-cols_1 valign_top type_default stacking_default\"><div class=\"wpb_column vc_column_container\"><div class=\"vc_column-inner\"><div class=\"wpb_text_column as-heading1\"><div class=\"wpb_wrapper\"><h1>ArCon und ArCon (planTEK) Zusatzmodul &#8211; Texturbereiche<\/h1>\n<\/div><\/div><\/div><\/div><\/div><\/div><\/section><section class=\"l-section wpb_row height_medium\"><div class=\"l-section-overlay\" style=\"background:#eeeeee\"><\/div><div class=\"l-section-h i-cf\"><div class=\"g-cols vc_row via_grid cols_1-2-1 laptops-cols_inherit tablets-cols_inherit mobiles-cols_1 valign_top type_default stacking_default\"><div class=\"wpb_column vc_column_container us_custom_ddbf5b25 has_bg_color\"><div class=\"vc_column-inner\"><div class=\"wpb_text_column as-product-small_info\"><div class=\"wpb_wrapper\"><p><img loading=\"lazy\" decoding=\"async\" class=\"wp-image-735 alignnone\" src=\"\/wp-content\/uploads\/zusatz-module.png\" alt=\"Zus\u00e4tzliche Module f\u00fcr ArCon\" width=\"200\" height=\"259\" \/><br \/>\nAuslieferung als Download<br \/>\n(ca. 7 MB)<\/p>\n<\/div><\/div><\/div><\/div><div class=\"wpb_column vc_column_container\"><div class=\"vc_column-inner\"><div class=\"g-cols wpb_row via_grid cols_1 laptops-cols_inherit tablets-cols_inherit mobiles-cols_1 valign_top type_default stacking_default\" style=\"--columns-gap:3rem;\"><div class=\"wpb_column vc_column_container\"><div class=\"vc_column-inner\"><div class=\"wpb_text_column\"><div class=\"wpb_wrapper\"><p class=\"as-h2style\"><strong>Freie Texturbereiche &#8211; Zusatzmodul<\/strong><\/p>\n<p class=\"as-h4style\"><strong><span style=\"color: #ff9900;\">101,15 \u20ac *<br \/>\n<\/span><\/strong><\/p>\n<p><span style=\"color: #999999;\">(Der empfohlene Listenpreis betr\u00e4gt 109,95 \u20ac )<br \/>\n<\/span><\/p>\n<p>&#8211; alle Preisangaben sind inkl. der gesetzlich vorgeschriebenen MwSt.<br \/>\n&#8211; zus\u00e4tzliches Modul f\u00fcr ArCon und ArCon (planTEK)<br \/>\n&#8211; BACKUP-DVD ist optional im Warenkorb verf\u00fcgbar<\/p>\n<\/div><\/div><div class=\"wpb_text_column us_custom_821ea863 as-advtext1_de\"><div class=\"wpb_wrapper\"><p style=\"margin-top: 0px; margin-bottom: 0px;\"><img loading=\"lazy\" decoding=\"async\" src=\"https:\/\/www.arcon-software.com\/wp-content\/uploads\/leerzeichen.png\" alt=\"\" width=\"1\" height=\"1\" \/><\/p>\n<\/div><\/div><div class=\"wpb_text_column us_custom_821ea863 as-advtext2_de\"><div class=\"wpb_wrapper\"><p><span style=\"color: #ff9900;\"><strong>* <\/strong><\/span><\/p>\n<\/div><\/div><div class=\"w-btn-wrapper align_justify\"><a class=\"w-btn us-btn-style_1\" href=\"https:\/\/www.cleverbridge.com\/1106\/?tracking=arcon&amp;cookie=true&amp;currency=EUR&amp;language=de&amp;cfg=design_2020&amp;scope=checkout&amp;cart=134011\"><span class=\"w-btn-label\">KAUFEN und zum DOWNLOAD<\/span><\/a><\/div><\/div><\/div><\/div><\/div><\/div><div class=\"wpb_column vc_column_container\"><div class=\"vc_column-inner\"><div class=\"wpb_text_column\"><div class=\"wpb_wrapper\"><p class=\"as-h5style\"><span class=\"as-headertext-seitenleiste\">Kaufabwicklung<\/span><\/p>\n<\/div><\/div><div class=\"wpb_text_column\"><div class=\"wpb_wrapper\"><p style=\"text-align: center;\"><span style=\"color: #999999;\">Die Kaufabwicklung und Auslieferung des Produktes erfolgt \u00fcber unseren Vertragspartner <span style=\"color: #808080;\">cleverbridge AG<span style=\"color: #999999;\"> mit Sitz in K\u00f6ln<\/span><\/span>.<\/span><\/p>\n<\/div><\/div><div class=\"w-separator size_small\"><\/div><div class=\"wpb_text_column\"><div class=\"wpb_wrapper\"><p class=\"as-h5style\"><span class=\"as-headertext-seitenleiste\">Zahlungsoptionen<\/span><\/p>\n<\/div><\/div><div class=\"w-image align_center\"><div class=\"w-image-h\"><img decoding=\"async\" width=\"300\" height=\"105\" src=\"https:\/\/www.arcon-software.com\/wp-content\/uploads\/de-pp_plus-logo-hoch_ohne_PUI_300x105px.png\" class=\"attachment-full size-full\" alt=\"\" loading=\"lazy\" srcset=\"https:\/\/www.arcon-software.com\/wp-content\/uploads\/de-pp_plus-logo-hoch_ohne_PUI_300x105px.png 300w, https:\/\/www.arcon-software.com\/wp-content\/uploads\/de-pp_plus-logo-hoch_ohne_PUI_300x105px-80x28.png 80w\" sizes=\"auto, (max-width: 300px) 100vw, 300px\" \/><\/div><\/div><div class=\"w-image align_center\"><div class=\"w-image-h\"><img decoding=\"async\" width=\"300\" height=\"62\" src=\"https:\/\/www.arcon-software.com\/wp-content\/uploads\/vorkasse.png\" class=\"attachment-full size-full\" alt=\"\" loading=\"lazy\" srcset=\"https:\/\/www.arcon-software.com\/wp-content\/uploads\/vorkasse.png 300w, https:\/\/www.arcon-software.com\/wp-content\/uploads\/vorkasse-80x17.png 80w\" sizes=\"auto, (max-width: 300px) 100vw, 300px\" \/><\/div><\/div><\/div><\/div><\/div><\/div><\/section><section class=\"l-section wpb_row height_medium\"><div class=\"l-section-h i-cf\"><div class=\"g-cols vc_row via_grid cols_1 laptops-cols_inherit tablets-cols_inherit mobiles-cols_1 valign_top type_default stacking_default\"><div class=\"wpb_column vc_column_container\"><div class=\"vc_column-inner\"><div class=\"g-cols wpb_row via_grid cols_1 laptops-cols_inherit tablets-cols_inherit mobiles-cols_1 valign_top type_default stacking_default\" style=\"--columns-gap:3rem;\"><div class=\"wpb_column vc_column_container\"><div class=\"vc_column-inner\"><div class=\"wpb_text_column\"><div class=\"wpb_wrapper\"><h2>Freie Texturbereiche &#8211; Ein Zusatzmodul f\u00fcr ArCon und ArCon (planTEK)<\/h2>\n<p><img loading=\"lazy\" decoding=\"async\" class=\"size-full wp-image-673 alignright\" src=\"https:\/\/www.arcon-software.com\/wp-content\/uploads\/texturbereiche_01.jpg\" alt=\"Texturbereiche\" width=\"150\" height=\"90\" srcset=\"https:\/\/www.arcon-software.com\/wp-content\/uploads\/texturbereiche_01.jpg 150w, https:\/\/www.arcon-software.com\/wp-content\/uploads\/texturbereiche_01-80x48.jpg 80w\" sizes=\"auto, (max-width: 150px) 100vw, 150px\" \/>&#8222;<em>Freie Texturbereiche<\/em>&#8220; ist ein sinnvolles Zusatzmodul f\u00fcr <a href=\"https:\/\/www.arcon-software.com\/de\/\">ArCon<\/a> oder ArCon (planTEK) und bietet Ihnen die M\u00f6glichkeit, einzelne Wandseiten, Fu\u00dfbodenfl\u00e4chen oder Deckenfl\u00e4chen in einem speziellen Texturbereichseditor zu \u00f6ffnen, darauf neue Texturbereiche zu definieren, diese mit einer Textur Ihrer Wahl zu belegen und die Texturkoordinaten exakt einzustellen.<\/p>\n<p>Dadurch stellen Sie ab jetzt in ArCon Sockelfliesen, Teppichleisten, Klinkerrollschichten, Fliesenpl\u00e4ne, Bord\u00fcren, Holzverschalungen, Patchwork-Fl\u00e4chen, Fashcen um Fenster u. \u00e4. ohne gro\u00dfen Aufwand dar.<\/p>\n<h2>Das Zusatzmodul &#8218;<em>Freie Texturbereiche&#8216;<\/em>\u00a0erm\u00f6glicht Ihnen:<\/h2>\n<ul>\n<li>einzelne Wandseiten, Fu\u00dfbodenfl\u00e4chen oder Deckenfl\u00e4chen in einem speziellen Texturbereichseditor zu \u00f6ffnen<\/li>\n<li><img loading=\"lazy\" decoding=\"async\" class=\"size-full wp-image-676 alignright\" src=\"https:\/\/www.arcon-software.com\/wp-content\/uploads\/texturbereiche_02.jpg\" alt=\"Texturbereiche\" width=\"150\" height=\"90\" srcset=\"https:\/\/www.arcon-software.com\/wp-content\/uploads\/texturbereiche_02.jpg 150w, https:\/\/www.arcon-software.com\/wp-content\/uploads\/texturbereiche_02-80x48.jpg 80w\" sizes=\"auto, (max-width: 150px) 100vw, 150px\" \/>auf dieser gleichm\u00e4\u00dfig texturierten Fl\u00e4che neue Texturbereiche zu definieren: rund, rechteckig oder polygonal<\/li>\n<li>Zur exakten Definition stehen Snap-Funktion, Raster, numerische Kontrolle sowie nachtr\u00e4gliches Verschieben zur Verf\u00fcgung.<\/li>\n<li>Jeder neu definierte Texturbereich kann mit einer beliebigen Textur (aus einer Datei oder einer an ArCon angeschlossenen Datenbank) belegt werden.<\/li>\n<li>Texturparameter wie Skalierung, Verschiebung, Rotation oder Bezugspunkt sind sofort oder sp\u00e4ter frei einstellbar.<\/li>\n<li><img loading=\"lazy\" decoding=\"async\" class=\"size-full wp-image-679 alignright\" src=\"https:\/\/www.arcon-software.com\/wp-content\/uploads\/texturbereiche_03.jpg\" alt=\"Texturbereiche\" width=\"150\" height=\"90\" srcset=\"https:\/\/www.arcon-software.com\/wp-content\/uploads\/texturbereiche_03.jpg 150w, https:\/\/www.arcon-software.com\/wp-content\/uploads\/texturbereiche_03-80x48.jpg 80w\" sizes=\"auto, (max-width: 150px) 100vw, 150px\" \/>Die einzelnen Texturbereiche liegen auf Layern, deren Reihenfolge nachtr\u00e4glich justierbar ist.<\/li>\n<li>Nach Beenden des Editors stehen die neuen Bereiche visuell zur Verf\u00fcgung.<\/li>\n<li>Durch Doppelklick im Designmodus auf so einen Bereich wird er erneut im Editor ge\u00f6ffnet und kann bearbeitet werden.<\/li>\n<li>Die Geometrieinformationen der freien Texturbereiche werden im Projekt gespeichert und mit diesem wieder geladen, dadurch k\u00f6nnen die Texturbereich auch danach noch weiterbearbeitet werden.<\/li>\n<\/ul>\n<p><img loading=\"lazy\" decoding=\"async\" class=\"size-full wp-image-682 alignright\" src=\"https:\/\/www.arcon-software.com\/wp-content\/uploads\/texturbereiche_04.jpg\" alt=\"Texturbereiche\" width=\"150\" height=\"90\" srcset=\"https:\/\/www.arcon-software.com\/wp-content\/uploads\/texturbereiche_04.jpg 150w, https:\/\/www.arcon-software.com\/wp-content\/uploads\/texturbereiche_04-80x48.jpg 80w\" sizes=\"auto, (max-width: 150px) 100vw, 150px\" \/><\/p>\n<p>Stellen Sie ab jetzt Sockelfliesen, Teppichleisten, Klinkerrollschichten, Fliesenpl\u00e4ne, Bord\u00fcren, Holzverschalungen, Patchwork-Fl\u00e4chen u. \u00e4. ohne gro\u00dfen Aufwand dar.<\/p>\n<p>Hinweis: Auf einem Rechner ohne das Makro &#8218;Freie Texturbereiche&#8216; werden die Texturbereiche in <a href=\"https:\/\/www.arcon-software.com\/de\/arcon_plantek\/\">ArCon open (planTEK)<\/a> zwar noch angezeigt, k\u00f6nnen aber nicht mehr bearbeitet werden.<\/p>\n<p>ACHTUNG: Durch Speichern des Projekts auf einem Rechner ohne dem Makro &#8218;Freie Texturbereiche&#8216; gehen die Geometrieinformationen der freien Texturbereiche endg\u00fcltig verloren und k\u00f6nnen danach nicht mehr weiterbearbeitet werden.<\/p>\n<\/div><\/div><\/div><\/div><\/div><\/div><\/div><\/div><\/div><\/section>\n","protected":false},"excerpt":{"rendered":"ArCon und ArCon (planTEK) Zusatzmodul &#8211; Texturbereiche Auslieferung als Download (ca. 7 MB) Freie Texturbereiche &#8211; Zusatzmodul 101,15 \u20ac * (Der empfohlene Listenpreis betr\u00e4gt 109,95 \u20ac ) &#8211; alle Preisangaben sind inkl. der gesetzlich vorgeschriebenen MwSt. &#8211; zus\u00e4tzliches Modul f\u00fcr ArCon und ArCon (planTEK) &#8211; BACKUP-DVD ist optional im Warenkorb verf\u00fcgbar * KAUFEN und zum...","protected":false},"author":1,"featured_media":0,"parent":0,"menu_order":0,"comment_status":"closed","ping_status":"closed","template":"","meta":{"footnotes":""},"class_list":["post-672","page","type-page","status-publish","hentry"],"yoast_head":"<!-- This site is optimized with the Yoast SEO plugin v27.4 - https:\/\/yoast.com\/product\/yoast-seo-wordpress\/ -->\n<title>Freie Texturbereiche - Zusatzmodul f\u00fcr ArCon<\/title>\n<meta name=\"description\" content=\"Das Zusatzmodul f\u00fcr ArCon bietet Ihnen die M\u00f6glichkeit, auf einzelnen Wandseiten, Fu\u00dfbodenfl\u00e4chen oder Deckenfl\u00e4chen neue Texturbereiche zu definieren.\" \/>\n<meta name=\"robots\" content=\"index, follow, max-snippet:-1, max-image-preview:large, max-video-preview:-1\" \/>\n<link rel=\"canonical\" href=\"https:\/\/www.arcon-software.com\/de\/texturbereiche\/\" \/>\n<meta property=\"og:locale\" content=\"de_DE\" \/>\n<meta property=\"og:type\" content=\"article\" \/>\n<meta property=\"og:title\" content=\"Freie Texturbereiche - Zusatzmodul f\u00fcr ArCon\" \/>\n<meta property=\"og:description\" content=\"Das Zusatzmodul f\u00fcr ArCon bietet Ihnen die M\u00f6glichkeit, auf einzelnen Wandseiten, Fu\u00dfbodenfl\u00e4chen oder Deckenfl\u00e4chen neue Texturbereiche zu definieren.\" \/>\n<meta property=\"og:url\" content=\"https:\/\/www.arcon-software.com\/de\/texturbereiche\/\" \/>\n<meta property=\"og:site_name\" content=\"ArCon Software\" \/>\n<meta property=\"article:modified_time\" content=\"2022-03-28T14:28:12+00:00\" \/>\n<meta property=\"og:image\" content=\"https:\/\/www.arcon-software.com\/wp-content\/uploads\/zusatz-module.png\" \/>\n<meta name=\"twitter:card\" content=\"summary_large_image\" \/>\n<meta name=\"twitter:label1\" content=\"Gesch\u00e4tzte Lesezeit\" \/>\n\t<meta name=\"twitter:data1\" content=\"4\u00a0Minuten\" \/>\n<script type=\"application\/ld+json\" class=\"yoast-schema-graph\">{\"@context\":\"https:\\\/\\\/schema.org\",\"@graph\":[{\"@type\":\"WebPage\",\"@id\":\"https:\\\/\\\/www.arcon-software.com\\\/de\\\/texturbereiche\\\/\",\"url\":\"https:\\\/\\\/www.arcon-software.com\\\/de\\\/texturbereiche\\\/\",\"name\":\"Freie Texturbereiche - Zusatzmodul f\u00fcr ArCon\",\"isPartOf\":{\"@id\":\"https:\\\/\\\/www.arcon-software.com\\\/de\\\/#website\"},\"primaryImageOfPage\":{\"@id\":\"https:\\\/\\\/www.arcon-software.com\\\/de\\\/texturbereiche\\\/#primaryimage\"},\"image\":{\"@id\":\"https:\\\/\\\/www.arcon-software.com\\\/de\\\/texturbereiche\\\/#primaryimage\"},\"thumbnailUrl\":\"https:\\\/\\\/www.arcon-software.com\\\/wp-content\\\/uploads\\\/leerzeichen.png\",\"datePublished\":\"2020-05-05T15:31:01+00:00\",\"dateModified\":\"2022-03-28T14:28:12+00:00\",\"description\":\"Das Zusatzmodul f\u00fcr ArCon bietet Ihnen die M\u00f6glichkeit, auf einzelnen Wandseiten, Fu\u00dfbodenfl\u00e4chen oder Deckenfl\u00e4chen neue Texturbereiche zu definieren.\",\"breadcrumb\":{\"@id\":\"https:\\\/\\\/www.arcon-software.com\\\/de\\\/texturbereiche\\\/#breadcrumb\"},\"inLanguage\":\"de\",\"potentialAction\":[{\"@type\":\"ReadAction\",\"target\":[\"https:\\\/\\\/www.arcon-software.com\\\/de\\\/texturbereiche\\\/\"]}]},{\"@type\":\"ImageObject\",\"inLanguage\":\"de\",\"@id\":\"https:\\\/\\\/www.arcon-software.com\\\/de\\\/texturbereiche\\\/#primaryimage\",\"url\":\"https:\\\/\\\/www.arcon-software.com\\\/wp-content\\\/uploads\\\/leerzeichen.png\",\"contentUrl\":\"https:\\\/\\\/www.arcon-software.com\\\/wp-content\\\/uploads\\\/leerzeichen.png\"},{\"@type\":\"BreadcrumbList\",\"@id\":\"https:\\\/\\\/www.arcon-software.com\\\/de\\\/texturbereiche\\\/#breadcrumb\",\"itemListElement\":[{\"@type\":\"ListItem\",\"position\":1,\"name\":\"Startseite\",\"item\":\"https:\\\/\\\/www.arcon-software.com\\\/de\\\/\"},{\"@type\":\"ListItem\",\"position\":2,\"name\":\"Freie Texturbereiche &#8211; Zusatzmodul f\u00fcr ArCon\"}]},{\"@type\":\"WebSite\",\"@id\":\"https:\\\/\\\/www.arcon-software.com\\\/de\\\/#website\",\"url\":\"https:\\\/\\\/www.arcon-software.com\\\/de\\\/\",\"name\":\"ArCon Software\",\"description\":\"\",\"publisher\":{\"@id\":\"https:\\\/\\\/www.arcon-software.com\\\/de\\\/#organization\"},\"potentialAction\":[{\"@type\":\"SearchAction\",\"target\":{\"@type\":\"EntryPoint\",\"urlTemplate\":\"https:\\\/\\\/www.arcon-software.com\\\/de\\\/?s={search_term_string}\"},\"query-input\":{\"@type\":\"PropertyValueSpecification\",\"valueRequired\":true,\"valueName\":\"search_term_string\"}}],\"inLanguage\":\"de\"},{\"@type\":\"Organization\",\"@id\":\"https:\\\/\\\/www.arcon-software.com\\\/de\\\/#organization\",\"name\":\"ArCon Software\",\"url\":\"https:\\\/\\\/www.arcon-software.com\\\/de\\\/\",\"logo\":{\"@type\":\"ImageObject\",\"inLanguage\":\"de\",\"@id\":\"https:\\\/\\\/www.arcon-software.com\\\/de\\\/#\\\/schema\\\/logo\\\/image\\\/\",\"url\":\"https:\\\/\\\/www.arcon-software.com\\\/wp-content\\\/uploads\\\/arcon_plantek24.png\",\"contentUrl\":\"https:\\\/\\\/www.arcon-software.com\\\/wp-content\\\/uploads\\\/arcon_plantek24.png\",\"width\":24,\"height\":24,\"caption\":\"ArCon Software\"},\"image\":{\"@id\":\"https:\\\/\\\/www.arcon-software.com\\\/de\\\/#\\\/schema\\\/logo\\\/image\\\/\"}}]}<\/script>\n<!-- \/ Yoast SEO plugin. -->","yoast_head_json":{"title":"Freie Texturbereiche - Zusatzmodul f\u00fcr ArCon","description":"Das Zusatzmodul f\u00fcr ArCon bietet Ihnen die M\u00f6glichkeit, auf einzelnen Wandseiten, Fu\u00dfbodenfl\u00e4chen oder Deckenfl\u00e4chen neue Texturbereiche zu definieren.","robots":{"index":"index","follow":"follow","max-snippet":"max-snippet:-1","max-image-preview":"max-image-preview:large","max-video-preview":"max-video-preview:-1"},"canonical":"https:\/\/www.arcon-software.com\/de\/texturbereiche\/","og_locale":"de_DE","og_type":"article","og_title":"Freie Texturbereiche - Zusatzmodul f\u00fcr ArCon","og_description":"Das Zusatzmodul f\u00fcr ArCon bietet Ihnen die M\u00f6glichkeit, auf einzelnen Wandseiten, Fu\u00dfbodenfl\u00e4chen oder Deckenfl\u00e4chen neue Texturbereiche zu definieren.","og_url":"https:\/\/www.arcon-software.com\/de\/texturbereiche\/","og_site_name":"ArCon Software","article_modified_time":"2022-03-28T14:28:12+00:00","og_image":[{"url":"https:\/\/www.arcon-software.com\/wp-content\/uploads\/zusatz-module.png","type":"","width":"","height":""}],"twitter_card":"summary_large_image","twitter_misc":{"Gesch\u00e4tzte Lesezeit":"4\u00a0Minuten"},"schema":{"@context":"https:\/\/schema.org","@graph":[{"@type":"WebPage","@id":"https:\/\/www.arcon-software.com\/de\/texturbereiche\/","url":"https:\/\/www.arcon-software.com\/de\/texturbereiche\/","name":"Freie Texturbereiche - Zusatzmodul f\u00fcr ArCon","isPartOf":{"@id":"https:\/\/www.arcon-software.com\/de\/#website"},"primaryImageOfPage":{"@id":"https:\/\/www.arcon-software.com\/de\/texturbereiche\/#primaryimage"},"image":{"@id":"https:\/\/www.arcon-software.com\/de\/texturbereiche\/#primaryimage"},"thumbnailUrl":"https:\/\/www.arcon-software.com\/wp-content\/uploads\/leerzeichen.png","datePublished":"2020-05-05T15:31:01+00:00","dateModified":"2022-03-28T14:28:12+00:00","description":"Das Zusatzmodul f\u00fcr ArCon bietet Ihnen die M\u00f6glichkeit, auf einzelnen Wandseiten, Fu\u00dfbodenfl\u00e4chen oder Deckenfl\u00e4chen neue Texturbereiche zu definieren.","breadcrumb":{"@id":"https:\/\/www.arcon-software.com\/de\/texturbereiche\/#breadcrumb"},"inLanguage":"de","potentialAction":[{"@type":"ReadAction","target":["https:\/\/www.arcon-software.com\/de\/texturbereiche\/"]}]},{"@type":"ImageObject","inLanguage":"de","@id":"https:\/\/www.arcon-software.com\/de\/texturbereiche\/#primaryimage","url":"https:\/\/www.arcon-software.com\/wp-content\/uploads\/leerzeichen.png","contentUrl":"https:\/\/www.arcon-software.com\/wp-content\/uploads\/leerzeichen.png"},{"@type":"BreadcrumbList","@id":"https:\/\/www.arcon-software.com\/de\/texturbereiche\/#breadcrumb","itemListElement":[{"@type":"ListItem","position":1,"name":"Startseite","item":"https:\/\/www.arcon-software.com\/de\/"},{"@type":"ListItem","position":2,"name":"Freie Texturbereiche &#8211; Zusatzmodul f\u00fcr ArCon"}]},{"@type":"WebSite","@id":"https:\/\/www.arcon-software.com\/de\/#website","url":"https:\/\/www.arcon-software.com\/de\/","name":"ArCon Software","description":"","publisher":{"@id":"https:\/\/www.arcon-software.com\/de\/#organization"},"potentialAction":[{"@type":"SearchAction","target":{"@type":"EntryPoint","urlTemplate":"https:\/\/www.arcon-software.com\/de\/?s={search_term_string}"},"query-input":{"@type":"PropertyValueSpecification","valueRequired":true,"valueName":"search_term_string"}}],"inLanguage":"de"},{"@type":"Organization","@id":"https:\/\/www.arcon-software.com\/de\/#organization","name":"ArCon Software","url":"https:\/\/www.arcon-software.com\/de\/","logo":{"@type":"ImageObject","inLanguage":"de","@id":"https:\/\/www.arcon-software.com\/de\/#\/schema\/logo\/image\/","url":"https:\/\/www.arcon-software.com\/wp-content\/uploads\/arcon_plantek24.png","contentUrl":"https:\/\/www.arcon-software.com\/wp-content\/uploads\/arcon_plantek24.png","width":24,"height":24,"caption":"ArCon Software"},"image":{"@id":"https:\/\/www.arcon-software.com\/de\/#\/schema\/logo\/image\/"}}]}},"_links":{"self":[{"href":"https:\/\/www.arcon-software.com\/de\/wp-json\/wp\/v2\/pages\/672","targetHints":{"allow":["GET"]}}],"collection":[{"href":"https:\/\/www.arcon-software.com\/de\/wp-json\/wp\/v2\/pages"}],"about":[{"href":"https:\/\/www.arcon-software.com\/de\/wp-json\/wp\/v2\/types\/page"}],"author":[{"embeddable":true,"href":"https:\/\/www.arcon-software.com\/de\/wp-json\/wp\/v2\/users\/1"}],"replies":[{"embeddable":true,"href":"https:\/\/www.arcon-software.com\/de\/wp-json\/wp\/v2\/comments?post=672"}],"version-history":[{"count":0,"href":"https:\/\/www.arcon-software.com\/de\/wp-json\/wp\/v2\/pages\/672\/revisions"}],"wp:attachment":[{"href":"https:\/\/www.arcon-software.com\/de\/wp-json\/wp\/v2\/media?parent=672"}],"curies":[{"name":"wp","href":"https:\/\/api.w.org\/{rel}","templated":true}]}}