{"id":798,"date":"2020-05-08T11:38:15","date_gmt":"2020-05-08T09:38:15","guid":{"rendered":"http:\/\/www.arcon-software.de\/?page_id=798"},"modified":"2023-02-18T10:37:08","modified_gmt":"2023-02-18T09:37:08","slug":"arcon_plantek","status":"publish","type":"page","link":"https:\/\/www.arcon-software.com\/de\/arcon_plantek\/","title":{"rendered":"Architektursoftware ArCon open + 6.30 (planTEK)"},"content":{"rendered":"<section class=\"l-section wpb_row as-headerbackground0 height_medium\"><div class=\"l-section-h i-cf\"><div class=\"g-cols vc_row via_grid cols_1 laptops-cols_inherit tablets-cols_inherit mobiles-cols_1 valign_bottom type_default stacking_default\"><div class=\"wpb_column vc_column_container\"><div class=\"vc_column-inner\"><\/div><\/div><\/div><\/div><\/section><section class=\"l-section wpb_row height_auto\"><div class=\"l-section-h i-cf\"><div class=\"g-cols vc_row via_grid cols_1 laptops-cols_inherit tablets-cols_inherit mobiles-cols_1 valign_top type_default stacking_default\"><div class=\"wpb_column vc_column_container\"><div class=\"vc_column-inner\"><\/div><\/div><\/div><\/div><\/section><section class=\"l-section wpb_row as-headerbg height_small\" id=\"begin\"><div class=\"l-section-h i-cf\"><div class=\"g-cols vc_row via_grid cols_1 laptops-cols_inherit tablets-cols_inherit mobiles-cols_1 valign_top type_default stacking_default\"><div class=\"wpb_column vc_column_container\"><div class=\"vc_column-inner\"><div class=\"wpb_text_column as-heading1\"><div class=\"wpb_wrapper\"><h1>Architektursoftware ArCon open + 6.30 (planTEK)<\/h1>\n<\/div><\/div><\/div><\/div><\/div><\/div><\/section><section class=\"l-section wpb_row height_medium\"><div class=\"l-section-overlay\" style=\"background:#eeeeee\"><\/div><div class=\"l-section-h i-cf\"><div class=\"g-cols vc_row via_grid cols_1-2-1 laptops-cols_inherit tablets-cols_inherit mobiles-cols_1 valign_top type_default stacking_default\"><div class=\"wpb_column vc_column_container us_custom_ddbf5b25 has_bg_color\"><div class=\"vc_column-inner\"><div class=\"wpb_text_column as-product-small_info\"><div class=\"wpb_wrapper\"><p><img loading=\"lazy\" decoding=\"async\" class=\"alignnone wp-image-735\" src=\"\/wp-content\/uploads\/arcon-software.png\" alt=\"ArCon Software von planTEK\" width=\"200\" height=\"259\" \/><br \/>\nAuslieferung als Download<br \/>\n(ca. 175 MB)<\/p>\n<p><img loading=\"lazy\" decoding=\"async\" class=\"alignnone wp-image-135 size-full\" src=\"https:\/\/www.arcon-software.com\/wp-content\/uploads\/cd_small.png\" alt=\"DVD von ArCon planTEK\" width=\"100\" height=\"101\" \/><\/p>\n<\/div><\/div><\/div><\/div><div class=\"wpb_column vc_column_container\"><div class=\"vc_column-inner\"><div class=\"g-cols wpb_row via_grid cols_1 laptops-cols_inherit tablets-cols_inherit mobiles-cols_1 valign_top type_default stacking_default\" style=\"--columns-gap:3rem;\"><div class=\"wpb_column vc_column_container\"><div class=\"vc_column-inner\"><div class=\"wpb_text_column\"><div class=\"wpb_wrapper\"><p class=\"as-h2style\"><strong>ArCon open +6.30 (planTEK)<br \/>\n<\/strong><\/p>\n<p class=\"as-h4style\"><strong><span style=\"color: #ff9900;\">189,00 \u20ac *<br \/>\n<\/span><\/strong><\/p>\n<p><span style=\"color: #999999;\">(Der empfohlene Listenpreis betr\u00e4gt 355,00 \u20ac )<br \/>\n<\/span><\/p>\n<p>&#8211; alle Preisangaben sind inkl. der gesetzlich vorgeschriebenen MwSt.<br \/>\n&#8211; professionelle Wohnungs- und Hausplaner Software<br \/>\n&#8211; Ben\u00f6tigt keinen Dongle und l\u00e4uft ohne zus\u00e4tzliche Freischaltung<br \/>\n&#8211; BACKUP-DVD \u2013 <strong>optional<\/strong> im Warenkorb verf\u00fcgbar, oder die Installations-Datei nach dem Download selber sichern **<\/p>\n<\/div><\/div><div class=\"wpb_text_column us_custom_821ea863 as-advtext1_de\"><div class=\"wpb_wrapper\"><p style=\"margin-top: 0px; margin-bottom: 0px;\"><img loading=\"lazy\" decoding=\"async\" src=\"https:\/\/www.arcon-software.com\/wp-content\/uploads\/leerzeichen.png\" alt=\"\" width=\"1\" height=\"1\" \/><\/p>\n<\/div><\/div><div class=\"wpb_text_column us_custom_36724591 as-advtext2_de\"><div class=\"wpb_wrapper\"><p><span style=\"color: #ff9900;\"><strong>* <\/strong><\/span><\/p>\n<\/div><\/div><div class=\"w-btn-wrapper align_justify\"><a class=\"w-btn us-btn-style_1\" href=\"https:\/\/www.cleverbridge.com\/1106\/?tracking=arcon&amp;cookie=true&amp;currency=EUR&amp;language=de&amp;cfg=design_2020&amp;scope=checkout&amp;cart=142234&amp;recommendation=addbackup-ArCon\"><span class=\"w-btn-label\">KAUFEN und zum DOWNLOAD<\/span><\/a><\/div><\/div><\/div><\/div><\/div><\/div><div class=\"wpb_column vc_column_container\"><div class=\"vc_column-inner\"><div class=\"wpb_text_column\"><div class=\"wpb_wrapper\"><p class=\"as-h5style\"><span class=\"as-headertext-seitenleiste\">Kaufabwicklung<\/span><\/p>\n<\/div><\/div><div class=\"wpb_text_column\"><div class=\"wpb_wrapper\"><p style=\"text-align: center;\"><span style=\"color: #999999;\">Die Kaufabwicklung und Auslieferung des Produktes erfolgt \u00fcber unseren Vertragspartner <span style=\"color: #808080;\">cleverbridge AG<span style=\"color: #999999;\"> mit Sitz in K\u00f6ln<\/span><\/span>.<\/span><\/p>\n<\/div><\/div><div class=\"w-separator size_small\"><\/div><div class=\"wpb_text_column\"><div class=\"wpb_wrapper\"><p class=\"as-h5style\"><span class=\"as-headertext-seitenleiste\">Zahlungsoptionen<\/span><\/p>\n<\/div><\/div><div class=\"w-image align_center\"><div class=\"w-image-h\"><img decoding=\"async\" width=\"300\" height=\"105\" src=\"https:\/\/www.arcon-software.com\/wp-content\/uploads\/de-pp_plus-logo-hoch_ohne_PUI_300x105px.png\" class=\"attachment-full size-full\" alt=\"\" loading=\"lazy\" srcset=\"https:\/\/www.arcon-software.com\/wp-content\/uploads\/de-pp_plus-logo-hoch_ohne_PUI_300x105px.png 300w, https:\/\/www.arcon-software.com\/wp-content\/uploads\/de-pp_plus-logo-hoch_ohne_PUI_300x105px-80x28.png 80w\" sizes=\"auto, (max-width: 300px) 100vw, 300px\" \/><\/div><\/div><div class=\"w-image align_center\"><div class=\"w-image-h\"><img decoding=\"async\" width=\"300\" height=\"62\" src=\"https:\/\/www.arcon-software.com\/wp-content\/uploads\/vorkasse.png\" class=\"attachment-full size-full\" alt=\"\" loading=\"lazy\" srcset=\"https:\/\/www.arcon-software.com\/wp-content\/uploads\/vorkasse.png 300w, https:\/\/www.arcon-software.com\/wp-content\/uploads\/vorkasse-80x17.png 80w\" sizes=\"auto, (max-width: 300px) 100vw, 300px\" \/><\/div><\/div><\/div><\/div><\/div><\/div><\/section><section class=\"l-section wpb_row height_medium\"><div class=\"l-section-h i-cf\"><div class=\"g-cols vc_row via_grid cols_1 laptops-cols_inherit tablets-cols_inherit mobiles-cols_1 valign_top type_default stacking_default\"><div class=\"wpb_column vc_column_container\"><div class=\"vc_column-inner\"><div class=\"g-cols wpb_row via_grid cols_1 laptops-cols_inherit tablets-cols_inherit mobiles-cols_1 valign_top type_default stacking_default\" style=\"--columns-gap:3rem;\"><div class=\"wpb_column vc_column_container\"><div class=\"vc_column-inner\"><div class=\"wpb_text_column\"><div class=\"wpb_wrapper\"><h2>Die Leistungsmerkmale von ArCon open + 6.30 (planTEK)<\/h2>\n<p>ArCon +6.30 (planTEK) ist die aktuelle Version der ArCon (planTEK) Reihe &#8211; <strong>Versionsstand<\/strong> ist vom <strong>September 2021<\/strong> &#8211; und die Nachfolgeversion von ArCon +6.0 (planTEK). Diese ArCon Version ist eine professionelle Wohnungs- und Hausplaner Software, die keine W\u00fcnsche offen l\u00e4sst.<\/p>\n<p>Mit dieser Software kann sowohl der Architekt und Innenarchitekt als auch der Fertighaus- oder M\u00f6belhersteller, somit jeder der mit Planen und Gestalten zu tun hat, seine kreativen Ideen verwirklichen und anschaulich machen, noch ehe der erste Baustein gesetzt wurde.<\/p>\n<p>Pl\u00e4ne, Grundrisse, Ansichten und Schnitte sind durch ihre Zwei-Dimensionalit\u00e4t f\u00fcr die menschliche Vorstellung in vielen Beziehungen eingeschr\u00e4nkt. Das Zeitalter der Computer er\u00f6ffnet durch drei-dimensionales Planen und computerunterst\u00fctztes Design v\u00f6llig neue Dialogm\u00f6glichkeiten zwischen Architekten und Bauherren, Planern und Kunden. ArCon vermittelt eine r\u00e4umliche Vorstellung, denn das Konstruieren erfolgt dreidimensional und nimmt Abstand vom herk\u00f6mmlichen Linien zeichnen.<\/p>\n<p>ArCon planTEK +6.30 l\u00e4uft unter WIN XP, WIN7, WIN8, WIN10, Windows 11<br \/>\n** Die Installationsdatei kann nach dem Download f\u00fcr eine sp\u00e4tere Installation (auch ohne Internetzugang) auf einen externen Datentr\u00e4ger gesichert werden.<\/p>\n<\/div><\/div><div class=\"wpb_text_column us_custom_821ea863 as-advtext1_de\"><div class=\"wpb_wrapper\"><p style=\"margin-top: 0px; margin-bottom: 0px;\"><img loading=\"lazy\" decoding=\"async\" src=\"\/wp-content\/uploads\/leerzeichen.png\" alt=\"\" width=\"1\" height=\"1\" \/><\/p>\n<\/div><\/div><div class=\"wpb_text_column us_custom_36724591 as-advtext2_de\"><div class=\"wpb_wrapper\"><p><span style=\"color: #ff9900;\"><strong>* <\/strong><\/span><\/p>\n<\/div><\/div><\/div><\/div><\/div><div class=\"w-separator size_small\"><\/div><div class=\"wpb_text_column\"><div class=\"wpb_wrapper\"><p><em>Weitere Informationen zu ArCon+ 6.30 (planTEK) finden Sie weiter unten.<\/em><\/p>\n<p><img loading=\"lazy\" decoding=\"async\" class=\"as-object-library_pics alignnone wp-image-803 size-full\" src=\"https:\/\/www.arcon-software.com\/wp-content\/uploads\/arcon6open_2.jpg\" alt=\"ArCon (planTEK)\" width=\"210\" height=\"152\" srcset=\"https:\/\/www.arcon-software.com\/wp-content\/uploads\/arcon6open_2.jpg 210w, https:\/\/www.arcon-software.com\/wp-content\/uploads\/arcon6open_2-80x58.jpg 80w\" sizes=\"auto, (max-width: 210px) 100vw, 210px\" \/><img loading=\"lazy\" decoding=\"async\" class=\"as-object-library_pics alignnone wp-image-806 size-full\" src=\"https:\/\/www.arcon-software.com\/wp-content\/uploads\/arcon6open_1.jpg\" alt=\"Visualisierung Inneneinrichtung mit ArCon (planTEK)\" width=\"210\" height=\"152\" srcset=\"https:\/\/www.arcon-software.com\/wp-content\/uploads\/arcon6open_1.jpg 210w, https:\/\/www.arcon-software.com\/wp-content\/uploads\/arcon6open_1-80x58.jpg 80w\" sizes=\"auto, (max-width: 210px) 100vw, 210px\" \/><\/p>\n<\/div><\/div><div class=\"wpb_text_column\"><div class=\"wpb_wrapper\"><p>Per Maus oder Joystick &#8222;bewegt&#8220; sich der Betrachter, alle Innenr\u00e4ume und Au\u00dfenanlagen sind &#8222;begehbar&#8220;. Somit hat der Architekt als auch der Bauherr ein Werkzeug zum Planen, Konstruieren und zum Visualisieren, also zum Erlebbarmachen dessen, was eigentlich noch gar nicht real ist, sondern vorerst allein aus der Vorstellung am Bildschirm entsteht.<\/p>\n<p>Die Planung und Konstruktion wird f\u00fcr den Anwender deutlich leichter, Ergebnisse werden schneller erzielt. Durch effektvolle Visualisierung und Pr\u00e4sentation erh\u00e4lt der Bauherr eine realit\u00e4tsnahe Vorstellung der Architekturplanung. Missverst\u00e4ndnisse werden vermieden. Baukosten sind jederzeit \u00fcberschau- und kalkulierbar.<br \/>\nSie k\u00f6nnen Ihr Traumhaus einfach und schnell am PC entwerfen und mit <strong>\u00fcber 3000 3D Objekten und Texturen<\/strong> nach Ihren individuellen Vorstellungen komplett einrichten, gestalten und in der <strong>3D Ansicht durchwandern<\/strong>.<\/p>\n<p>Zum schnellen Erlernen der Software k\u00f6nnen wir Ihnen unser <a href=\"https:\/\/www.arcon-software.com\/de\/tutorial\/\">TUTORIAL<\/a> empfehlen.<\/p>\n<p>Bei ArCon planTEK wird, wie auch schon bei fr\u00fcheren ArCon-Versionen, <strong>kein Softwareschutz<\/strong> eingesetzt. Daher wird die Version auch als <strong>ArCon open<\/strong> [planTEK] bezeichnet.<\/p>\n<\/div><\/div><div class=\"w-actionbox color_primary controls_right\"><div class=\"w-actionbox-text\"><h2 class=\"w-actionbox-title\">Informationen zu ArCon im Detail<\/h2><div class=\"w-actionbox-description\"><p>Allgemeiner \u00dcberblick \u00fcber die vielf\u00e4ltigen Funktionen von ArCon und die Anforderungen an die Hardware<\/p>\n<\/div><\/div><div class=\"w-actionbox-controls\"><a class=\"w-btn us-btn-style_1\" title=\"Leistungsumfang und Funktionen von ArCon open planTEK\" href=\"https:\/\/www.arcon-software.com\/de\/arcon_leistungsumfang\/\"><span class=\"w-btn-label\">Funktionen im Detail<\/span><\/a><a class=\"w-btn us-btn-style_1\" title=\"Hardwarevoraussetzungen f\u00fcr ArCon (planTEK)\" href=\"https:\/\/www.arcon-software.com\/de\/arcon_hardware\/\"><span class=\"w-btn-label\">ben\u00f6tigte Hardware<\/span><\/a><\/div><\/div><\/div><\/div><\/div><\/div><\/section>\n","protected":false},"excerpt":{"rendered":"Architektursoftware ArCon open + 6.30 (planTEK) Auslieferung als Download (ca. 175 MB) ArCon open +6.30 (planTEK) 189,00 \u20ac * (Der empfohlene Listenpreis betr\u00e4gt 355,00 \u20ac ) &#8211; alle Preisangaben sind inkl. der gesetzlich vorgeschriebenen MwSt. &#8211; professionelle Wohnungs- und Hausplaner Software &#8211; Ben\u00f6tigt keinen Dongle und l\u00e4uft ohne zus\u00e4tzliche Freischaltung &#8211; BACKUP-DVD \u2013 optional im...","protected":false},"author":1,"featured_media":0,"parent":0,"menu_order":0,"comment_status":"closed","ping_status":"closed","template":"","meta":{"footnotes":""},"class_list":["post-798","page","type-page","status-publish","hentry"],"yoast_head":"<!-- This site is optimized with the Yoast SEO plugin v27.5 - https:\/\/yoast.com\/product\/yoast-seo-wordpress\/ -->\n<title>Architektursoftware ArCon open + 6.30 (planTEK)<\/title>\n<meta name=\"description\" content=\"Arcon+ 6.3 open (planTEK), die neueste Version von ArCon open (planTEK)\" \/>\n<meta name=\"robots\" content=\"index, follow, max-snippet:-1, max-image-preview:large, max-video-preview:-1\" \/>\n<link rel=\"canonical\" href=\"https:\/\/www.arcon-software.com\/de\/arcon_plantek\/\" \/>\n<meta property=\"og:locale\" content=\"de_DE\" \/>\n<meta property=\"og:type\" content=\"article\" \/>\n<meta property=\"og:title\" content=\"Architektursoftware ArCon open + 6.30 (planTEK)\" \/>\n<meta property=\"og:description\" content=\"Arcon+ 6.3 open (planTEK), die neueste Version von ArCon open (planTEK)\" \/>\n<meta property=\"og:url\" content=\"https:\/\/www.arcon-software.com\/de\/arcon_plantek\/\" \/>\n<meta property=\"og:site_name\" content=\"ArCon Software\" \/>\n<meta property=\"article:modified_time\" content=\"2023-02-18T09:37:08+00:00\" \/>\n<meta property=\"og:image\" content=\"https:\/\/www.arcon-software.com\/wp-content\/uploads\/cd_small.png\" \/>\n<meta name=\"twitter:card\" content=\"summary_large_image\" \/>\n<meta name=\"twitter:label1\" content=\"Gesch\u00e4tzte Lesezeit\" \/>\n\t<meta name=\"twitter:data1\" content=\"4\u00a0Minuten\" \/>\n<script type=\"application\/ld+json\" class=\"yoast-schema-graph\">{\"@context\":\"https:\\\/\\\/schema.org\",\"@graph\":[{\"@type\":\"WebPage\",\"@id\":\"https:\\\/\\\/www.arcon-software.com\\\/de\\\/arcon_plantek\\\/\",\"url\":\"https:\\\/\\\/www.arcon-software.com\\\/de\\\/arcon_plantek\\\/\",\"name\":\"Architektursoftware ArCon open + 6.30 (planTEK)\",\"isPartOf\":{\"@id\":\"https:\\\/\\\/www.arcon-software.com\\\/de\\\/#website\"},\"primaryImageOfPage\":{\"@id\":\"https:\\\/\\\/www.arcon-software.com\\\/de\\\/arcon_plantek\\\/#primaryimage\"},\"image\":{\"@id\":\"https:\\\/\\\/www.arcon-software.com\\\/de\\\/arcon_plantek\\\/#primaryimage\"},\"thumbnailUrl\":\"https:\\\/\\\/www.arcon-software.com\\\/wp-content\\\/uploads\\\/cd_small.png\",\"datePublished\":\"2020-05-08T09:38:15+00:00\",\"dateModified\":\"2023-02-18T09:37:08+00:00\",\"description\":\"Arcon+ 6.3 open (planTEK), die neueste Version von ArCon open (planTEK)\",\"breadcrumb\":{\"@id\":\"https:\\\/\\\/www.arcon-software.com\\\/de\\\/arcon_plantek\\\/#breadcrumb\"},\"inLanguage\":\"de\",\"potentialAction\":[{\"@type\":\"ReadAction\",\"target\":[\"https:\\\/\\\/www.arcon-software.com\\\/de\\\/arcon_plantek\\\/\"]}]},{\"@type\":\"ImageObject\",\"inLanguage\":\"de\",\"@id\":\"https:\\\/\\\/www.arcon-software.com\\\/de\\\/arcon_plantek\\\/#primaryimage\",\"url\":\"https:\\\/\\\/www.arcon-software.com\\\/wp-content\\\/uploads\\\/cd_small.png\",\"contentUrl\":\"https:\\\/\\\/www.arcon-software.com\\\/wp-content\\\/uploads\\\/cd_small.png\"},{\"@type\":\"BreadcrumbList\",\"@id\":\"https:\\\/\\\/www.arcon-software.com\\\/de\\\/arcon_plantek\\\/#breadcrumb\",\"itemListElement\":[{\"@type\":\"ListItem\",\"position\":1,\"name\":\"Startseite\",\"item\":\"https:\\\/\\\/www.arcon-software.com\\\/de\\\/\"},{\"@type\":\"ListItem\",\"position\":2,\"name\":\"Architektursoftware ArCon open + 6.30 (planTEK)\"}]},{\"@type\":\"WebSite\",\"@id\":\"https:\\\/\\\/www.arcon-software.com\\\/de\\\/#website\",\"url\":\"https:\\\/\\\/www.arcon-software.com\\\/de\\\/\",\"name\":\"ArCon Software\",\"description\":\"\",\"publisher\":{\"@id\":\"https:\\\/\\\/www.arcon-software.com\\\/de\\\/#organization\"},\"potentialAction\":[{\"@type\":\"SearchAction\",\"target\":{\"@type\":\"EntryPoint\",\"urlTemplate\":\"https:\\\/\\\/www.arcon-software.com\\\/de\\\/?s={search_term_string}\"},\"query-input\":{\"@type\":\"PropertyValueSpecification\",\"valueRequired\":true,\"valueName\":\"search_term_string\"}}],\"inLanguage\":\"de\"},{\"@type\":\"Organization\",\"@id\":\"https:\\\/\\\/www.arcon-software.com\\\/de\\\/#organization\",\"name\":\"ArCon Software\",\"url\":\"https:\\\/\\\/www.arcon-software.com\\\/de\\\/\",\"logo\":{\"@type\":\"ImageObject\",\"inLanguage\":\"de\",\"@id\":\"https:\\\/\\\/www.arcon-software.com\\\/de\\\/#\\\/schema\\\/logo\\\/image\\\/\",\"url\":\"https:\\\/\\\/www.arcon-software.com\\\/wp-content\\\/uploads\\\/arcon_plantek24.png\",\"contentUrl\":\"https:\\\/\\\/www.arcon-software.com\\\/wp-content\\\/uploads\\\/arcon_plantek24.png\",\"width\":24,\"height\":24,\"caption\":\"ArCon Software\"},\"image\":{\"@id\":\"https:\\\/\\\/www.arcon-software.com\\\/de\\\/#\\\/schema\\\/logo\\\/image\\\/\"}}]}<\/script>\n<!-- \/ Yoast SEO plugin. -->","yoast_head_json":{"title":"Architektursoftware ArCon open + 6.30 (planTEK)","description":"Arcon+ 6.3 open (planTEK), die neueste Version von ArCon open (planTEK)","robots":{"index":"index","follow":"follow","max-snippet":"max-snippet:-1","max-image-preview":"max-image-preview:large","max-video-preview":"max-video-preview:-1"},"canonical":"https:\/\/www.arcon-software.com\/de\/arcon_plantek\/","og_locale":"de_DE","og_type":"article","og_title":"Architektursoftware ArCon open + 6.30 (planTEK)","og_description":"Arcon+ 6.3 open (planTEK), die neueste Version von ArCon open (planTEK)","og_url":"https:\/\/www.arcon-software.com\/de\/arcon_plantek\/","og_site_name":"ArCon Software","article_modified_time":"2023-02-18T09:37:08+00:00","og_image":[{"url":"https:\/\/www.arcon-software.com\/wp-content\/uploads\/cd_small.png","type":"","width":"","height":""}],"twitter_card":"summary_large_image","twitter_misc":{"Gesch\u00e4tzte Lesezeit":"4\u00a0Minuten"},"schema":{"@context":"https:\/\/schema.org","@graph":[{"@type":"WebPage","@id":"https:\/\/www.arcon-software.com\/de\/arcon_plantek\/","url":"https:\/\/www.arcon-software.com\/de\/arcon_plantek\/","name":"Architektursoftware ArCon open + 6.30 (planTEK)","isPartOf":{"@id":"https:\/\/www.arcon-software.com\/de\/#website"},"primaryImageOfPage":{"@id":"https:\/\/www.arcon-software.com\/de\/arcon_plantek\/#primaryimage"},"image":{"@id":"https:\/\/www.arcon-software.com\/de\/arcon_plantek\/#primaryimage"},"thumbnailUrl":"https:\/\/www.arcon-software.com\/wp-content\/uploads\/cd_small.png","datePublished":"2020-05-08T09:38:15+00:00","dateModified":"2023-02-18T09:37:08+00:00","description":"Arcon+ 6.3 open (planTEK), die neueste Version von ArCon open (planTEK)","breadcrumb":{"@id":"https:\/\/www.arcon-software.com\/de\/arcon_plantek\/#breadcrumb"},"inLanguage":"de","potentialAction":[{"@type":"ReadAction","target":["https:\/\/www.arcon-software.com\/de\/arcon_plantek\/"]}]},{"@type":"ImageObject","inLanguage":"de","@id":"https:\/\/www.arcon-software.com\/de\/arcon_plantek\/#primaryimage","url":"https:\/\/www.arcon-software.com\/wp-content\/uploads\/cd_small.png","contentUrl":"https:\/\/www.arcon-software.com\/wp-content\/uploads\/cd_small.png"},{"@type":"BreadcrumbList","@id":"https:\/\/www.arcon-software.com\/de\/arcon_plantek\/#breadcrumb","itemListElement":[{"@type":"ListItem","position":1,"name":"Startseite","item":"https:\/\/www.arcon-software.com\/de\/"},{"@type":"ListItem","position":2,"name":"Architektursoftware ArCon open + 6.30 (planTEK)"}]},{"@type":"WebSite","@id":"https:\/\/www.arcon-software.com\/de\/#website","url":"https:\/\/www.arcon-software.com\/de\/","name":"ArCon Software","description":"","publisher":{"@id":"https:\/\/www.arcon-software.com\/de\/#organization"},"potentialAction":[{"@type":"SearchAction","target":{"@type":"EntryPoint","urlTemplate":"https:\/\/www.arcon-software.com\/de\/?s={search_term_string}"},"query-input":{"@type":"PropertyValueSpecification","valueRequired":true,"valueName":"search_term_string"}}],"inLanguage":"de"},{"@type":"Organization","@id":"https:\/\/www.arcon-software.com\/de\/#organization","name":"ArCon Software","url":"https:\/\/www.arcon-software.com\/de\/","logo":{"@type":"ImageObject","inLanguage":"de","@id":"https:\/\/www.arcon-software.com\/de\/#\/schema\/logo\/image\/","url":"https:\/\/www.arcon-software.com\/wp-content\/uploads\/arcon_plantek24.png","contentUrl":"https:\/\/www.arcon-software.com\/wp-content\/uploads\/arcon_plantek24.png","width":24,"height":24,"caption":"ArCon Software"},"image":{"@id":"https:\/\/www.arcon-software.com\/de\/#\/schema\/logo\/image\/"}}]}},"_links":{"self":[{"href":"https:\/\/www.arcon-software.com\/de\/wp-json\/wp\/v2\/pages\/798","targetHints":{"allow":["GET"]}}],"collection":[{"href":"https:\/\/www.arcon-software.com\/de\/wp-json\/wp\/v2\/pages"}],"about":[{"href":"https:\/\/www.arcon-software.com\/de\/wp-json\/wp\/v2\/types\/page"}],"author":[{"embeddable":true,"href":"https:\/\/www.arcon-software.com\/de\/wp-json\/wp\/v2\/users\/1"}],"replies":[{"embeddable":true,"href":"https:\/\/www.arcon-software.com\/de\/wp-json\/wp\/v2\/comments?post=798"}],"version-history":[{"count":0,"href":"https:\/\/www.arcon-software.com\/de\/wp-json\/wp\/v2\/pages\/798\/revisions"}],"wp:attachment":[{"href":"https:\/\/www.arcon-software.com\/de\/wp-json\/wp\/v2\/media?parent=798"}],"curies":[{"name":"wp","href":"https:\/\/api.w.org\/{rel}","templated":true}]}}