{"id":840,"date":"2020-05-08T17:51:01","date_gmt":"2020-05-08T15:51:01","guid":{"rendered":"http:\/\/www.arcon-software.de\/?page_id=840"},"modified":"2020-06-17T13:49:01","modified_gmt":"2020-06-17T11:49:01","slug":"arcon_erwmodule","status":"publish","type":"page","link":"https:\/\/www.arcon-software.com\/de\/arcon_erwmodule\/","title":{"rendered":"Zusatzmodule f\u00fcr ArCon Architektursoftware"},"content":{"rendered":"<section class=\"l-section wpb_row as-headerbackground0 height_medium\"><div class=\"l-section-h i-cf\"><div class=\"g-cols vc_row via_grid cols_1 laptops-cols_inherit tablets-cols_inherit mobiles-cols_1 valign_bottom type_default stacking_default\"><div class=\"wpb_column vc_column_container\"><div class=\"vc_column-inner\"><\/div><\/div><\/div><\/div><\/section><section class=\"l-section wpb_row height_auto\"><div class=\"l-section-h i-cf\"><div class=\"g-cols vc_row via_grid cols_1 laptops-cols_inherit tablets-cols_inherit mobiles-cols_1 valign_top type_default stacking_default\"><div class=\"wpb_column vc_column_container\"><div class=\"vc_column-inner\"><\/div><\/div><\/div><\/div><\/section><section class=\"l-section wpb_row as-headerbg height_small\" id=\"begin\"><div class=\"l-section-h i-cf\"><div class=\"g-cols vc_row via_grid cols_1 laptops-cols_inherit tablets-cols_inherit mobiles-cols_1 valign_top type_default stacking_default\"><div class=\"wpb_column vc_column_container\"><div class=\"vc_column-inner\"><div class=\"wpb_text_column as-heading1\"><div class=\"wpb_wrapper\"><h1>Zusatzmodule f\u00fcr professionelle Wohnungs- und Hausplaner Software<\/h1>\n<\/div><\/div><\/div><\/div><\/div><\/div><\/section><section class=\"l-section wpb_row height_medium\"><div class=\"l-section-h i-cf\"><div class=\"g-cols vc_row via_grid cols_1 laptops-cols_inherit tablets-cols_inherit mobiles-cols_1 valign_top type_default stacking_default\"><div class=\"wpb_column vc_column_container\"><div class=\"vc_column-inner\"><div class=\"g-cols wpb_row via_grid cols_1 laptops-cols_inherit tablets-cols_inherit mobiles-cols_1 valign_top type_default stacking_default\" style=\"--columns-gap:3rem;\"><div class=\"wpb_column vc_column_container\"><div class=\"vc_column-inner\"><div class=\"wpb_text_column\"><div class=\"wpb_wrapper\"><h2>Zusatzmodule und Erweiterungen f\u00fcr ArCon und ArCon (planTEK)<\/h2>\n<p>Zu ArCon gibt es mehrere Zusatzmodule. Anbei finden sie eine Kurzbeschreibung zu den einzelnen Modulen. F\u00fcr detaillierte Informationen klicken sie bitte auf den entsprechenden Men\u00fcpunkt im Auswahlmen\u00fc links.<\/p>\n<h2>Kurzbeschreibung der Zusatzmodule:<\/h2>\n<ul>\n<li>\n<h3>ThouVis Arch (Nachfolge-Programm von creativelines und elines)<\/h3>\n<\/li>\n<\/ul>\n<p style=\"padding-left: 40px;\">ThouVis 6.5 Arch Trixl Edition ist ein modernes Werkzeug f\u00fcr Architekten, Planer, Hausverwalter, Makler und Bauzeichner zum komfortablen Erstellen, Bearbeiten und Ausgeben von professionellen Planzusammenstellungen, Ausf\u00fchrungspl\u00e4nen, Detailpl\u00e4nen und grafisch aufwendigen Expos\u00e9s.<\/p>\n<p style=\"padding-left: 40px;\">Weitere Infos zu <a href=\"https:\/\/www.arcon-software.com\/de\/thouvis-arch\/\">ThouVis 6.5 Arch Trixl Edition<\/a><\/p>\n<ul>\n<li>\n<h3>WETO-Dachdesigner<\/h3>\n<\/li>\n<\/ul>\n<p style=\"padding-left: 40px;\">Der WETO-Dachdesigner ist ein Zusatzmodul f\u00fcr die spezielle Weiterbearbeitung der in ArCon erstellten D\u00e4cher. Auf Knopfdruck werden die erzeugten D\u00e4cher mit Gauben, Schornsteinen und Dachfenster\u00f6ffnungen an den WETO-Dachdesigner \u00fcbergeben und zur weiteren Bearbeitung bereitgestellt.<\/p>\n<p style=\"padding-left: 40px;\">Weitere Infos zum <a href=\"https:\/\/www.arcon-software.com\/de\/weto_dachdesigner\/\">WETO-Dachdesigner<\/a><\/p>\n<ul>\n<li>\n<h3>WETO-Holzhausplaner<\/h3>\n<\/li>\n<\/ul>\n<p style=\"padding-left: 40px;\">Der WETO &#8211; Holzhausplaner ist ein Zusatzmodul f\u00fcr die Erstellung von Holzverschalungen, Holzh\u00e4user und Balkenlagen in ArCon. Auf Knopfdruck werden die erzeugten H\u00e4user an den WETO-Holzhausplaner \u00fcbergeben und zur weiteren Bearbeitung bereitgestellt.<\/p>\n<p style=\"padding-left: 40px;\">Weitere Infos zum <a href=\"https:\/\/www.arcon-software.com\/de\/weto_holzhausplaner\/\">WETO Holzhausplaner<\/a><\/p>\n<ul>\n<li>\n<h3>Wintergartendesigner<\/h3>\n<\/li>\n<\/ul>\n<p style=\"padding-left: 40px;\">Der Wintergartendesigner\u00a0ist ein Zusatzmodul zur komfortablen Erstellung von Winterg\u00e4rten.<\/p>\n<p style=\"padding-left: 40px;\">Weitere Infos zum <a href=\"https:\/\/www.arcon-software.com\/de\/wintergarten\/\">Wintergartendesigner<\/a><\/p>\n<ul>\n<li>\n<h3>Schrank- und RegalDesigner (M\u00f6belDesigner)<\/h3>\n<\/li>\n<\/ul>\n<p style=\"padding-left: 40px;\">Mit dem Schrank- &amp; Regaldesigner lassen sich auf einfache Art und Weise sehr vielf\u00e4ltige M\u00f6belst\u00fccke erstellen, die anschlie\u00dfend im Objektkatalog zur Verf\u00fcgung stehen.<\/p>\n<p style=\"padding-left: 40px;\">Weitere Infos zum <a href=\"https:\/\/www.arcon-software.com\/de\/regaldesigner\/\">Schrank- und Regaldesigner<\/a><\/p>\n<ul>\n<li>\n<h3><span style=\"font-family: inherit;\">Freie Texturbereiche<\/span><\/h3>\n<\/li>\n<\/ul>\n<p style=\"padding-left: 40px;\">&#8222;Freie Texturbereiche ist ein sinnvolles Zusatzmodul und bietet Ihnen die M\u00f6glichkeit, einzelne Wandseiten, Fu\u00dfbodenfl\u00e4chen oder Deckenfl\u00e4chen in einem speziellen Texturbereicheditor zu \u00f6ffnen, darauf neue Texturbereiche zu definieren, diese mit einer Textur Ihrer Wahl zu belegen und die Texturkoordinaten exakt einzustellen.<\/p>\n<p style=\"padding-left: 40px;\">Weitere Infos zum Modul &#8222;<a href=\"https:\/\/www.arcon-software.com\/de\/texturbereiche\/\">Freie Texturbereiche<\/a>&#8222;<\/p>\n<\/div><\/div><\/div><\/div><\/div><\/div><\/div><\/div><\/div><\/section>\n","protected":false},"excerpt":{"rendered":"Zusatzmodule f\u00fcr professionelle Wohnungs- und Hausplaner Software Zusatzmodule und Erweiterungen f\u00fcr ArCon und ArCon (planTEK) Zu ArCon gibt es mehrere Zusatzmodule. Anbei finden sie eine Kurzbeschreibung zu den einzelnen Modulen. F\u00fcr detaillierte Informationen klicken sie bitte auf den entsprechenden Men\u00fcpunkt im Auswahlmen\u00fc links. Kurzbeschreibung der Zusatzmodule: ThouVis Arch (Nachfolge-Programm von creativelines und elines) ThouVis 6.5...","protected":false},"author":1,"featured_media":0,"parent":0,"menu_order":0,"comment_status":"closed","ping_status":"closed","template":"","meta":{"footnotes":""},"class_list":["post-840","page","type-page","status-publish","hentry"],"yoast_head":"<!-- This site is optimized with the Yoast SEO plugin v27.5 - https:\/\/yoast.com\/product\/yoast-seo-wordpress\/ -->\n<title>Zusatzmodule f\u00fcr ArCon Architektur-Software<\/title>\n<meta name=\"description\" content=\"Zu ArCon (planTEK) gibt es jede Menge Zusatzmodule wie den Dachdesigner, Holzhausplaner, DHD Vista, Wintergartendesigner, M\u00f6beldesigner, freie texturbereiche, EASY-Tools, die Objektdatenbanken 3DGaLa, Schenker und Interior 3D, der 3ds-Importfilter, das VR Modul und vieles mehr.\" \/>\n<meta name=\"robots\" content=\"index, follow, max-snippet:-1, max-image-preview:large, max-video-preview:-1\" \/>\n<link rel=\"canonical\" href=\"https:\/\/www.arcon-software.com\/de\/arcon_erwmodule\/\" \/>\n<meta property=\"og:locale\" content=\"de_DE\" \/>\n<meta property=\"og:type\" content=\"article\" \/>\n<meta property=\"og:title\" content=\"Zusatzmodule f\u00fcr ArCon Architektur-Software\" \/>\n<meta property=\"og:description\" content=\"Zu ArCon (planTEK) gibt es jede Menge Zusatzmodule wie den Dachdesigner, Holzhausplaner, DHD Vista, Wintergartendesigner, M\u00f6beldesigner, freie texturbereiche, EASY-Tools, die Objektdatenbanken 3DGaLa, Schenker und Interior 3D, der 3ds-Importfilter, das VR Modul und vieles mehr.\" \/>\n<meta property=\"og:url\" content=\"https:\/\/www.arcon-software.com\/de\/arcon_erwmodule\/\" \/>\n<meta property=\"og:site_name\" content=\"ArCon Software\" \/>\n<meta property=\"article:modified_time\" content=\"2020-06-17T11:49:01+00:00\" \/>\n<meta name=\"twitter:card\" content=\"summary_large_image\" \/>\n<meta name=\"twitter:label1\" content=\"Gesch\u00e4tzte Lesezeit\" \/>\n\t<meta name=\"twitter:data1\" content=\"2\u00a0Minuten\" \/>\n<script type=\"application\/ld+json\" class=\"yoast-schema-graph\">{\"@context\":\"https:\\\/\\\/schema.org\",\"@graph\":[{\"@type\":\"WebPage\",\"@id\":\"https:\\\/\\\/www.arcon-software.com\\\/de\\\/arcon_erwmodule\\\/\",\"url\":\"https:\\\/\\\/www.arcon-software.com\\\/de\\\/arcon_erwmodule\\\/\",\"name\":\"Zusatzmodule f\u00fcr ArCon Architektur-Software\",\"isPartOf\":{\"@id\":\"https:\\\/\\\/www.arcon-software.com\\\/de\\\/#website\"},\"datePublished\":\"2020-05-08T15:51:01+00:00\",\"dateModified\":\"2020-06-17T11:49:01+00:00\",\"description\":\"Zu ArCon (planTEK) gibt es jede Menge Zusatzmodule wie den Dachdesigner, Holzhausplaner, DHD Vista, Wintergartendesigner, M\u00f6beldesigner, freie texturbereiche, EASY-Tools, die Objektdatenbanken 3DGaLa, Schenker und Interior 3D, der 3ds-Importfilter, das VR Modul und vieles mehr.\",\"breadcrumb\":{\"@id\":\"https:\\\/\\\/www.arcon-software.com\\\/de\\\/arcon_erwmodule\\\/#breadcrumb\"},\"inLanguage\":\"de\",\"potentialAction\":[{\"@type\":\"ReadAction\",\"target\":[\"https:\\\/\\\/www.arcon-software.com\\\/de\\\/arcon_erwmodule\\\/\"]}]},{\"@type\":\"BreadcrumbList\",\"@id\":\"https:\\\/\\\/www.arcon-software.com\\\/de\\\/arcon_erwmodule\\\/#breadcrumb\",\"itemListElement\":[{\"@type\":\"ListItem\",\"position\":1,\"name\":\"Startseite\",\"item\":\"https:\\\/\\\/www.arcon-software.com\\\/de\\\/\"},{\"@type\":\"ListItem\",\"position\":2,\"name\":\"Zusatzmodule f\u00fcr ArCon Architektursoftware\"}]},{\"@type\":\"WebSite\",\"@id\":\"https:\\\/\\\/www.arcon-software.com\\\/de\\\/#website\",\"url\":\"https:\\\/\\\/www.arcon-software.com\\\/de\\\/\",\"name\":\"ArCon Software\",\"description\":\"\",\"publisher\":{\"@id\":\"https:\\\/\\\/www.arcon-software.com\\\/de\\\/#organization\"},\"potentialAction\":[{\"@type\":\"SearchAction\",\"target\":{\"@type\":\"EntryPoint\",\"urlTemplate\":\"https:\\\/\\\/www.arcon-software.com\\\/de\\\/?s={search_term_string}\"},\"query-input\":{\"@type\":\"PropertyValueSpecification\",\"valueRequired\":true,\"valueName\":\"search_term_string\"}}],\"inLanguage\":\"de\"},{\"@type\":\"Organization\",\"@id\":\"https:\\\/\\\/www.arcon-software.com\\\/de\\\/#organization\",\"name\":\"ArCon Software\",\"url\":\"https:\\\/\\\/www.arcon-software.com\\\/de\\\/\",\"logo\":{\"@type\":\"ImageObject\",\"inLanguage\":\"de\",\"@id\":\"https:\\\/\\\/www.arcon-software.com\\\/de\\\/#\\\/schema\\\/logo\\\/image\\\/\",\"url\":\"https:\\\/\\\/www.arcon-software.com\\\/wp-content\\\/uploads\\\/arcon_plantek24.png\",\"contentUrl\":\"https:\\\/\\\/www.arcon-software.com\\\/wp-content\\\/uploads\\\/arcon_plantek24.png\",\"width\":24,\"height\":24,\"caption\":\"ArCon Software\"},\"image\":{\"@id\":\"https:\\\/\\\/www.arcon-software.com\\\/de\\\/#\\\/schema\\\/logo\\\/image\\\/\"}}]}<\/script>\n<!-- \/ Yoast SEO plugin. -->","yoast_head_json":{"title":"Zusatzmodule f\u00fcr ArCon Architektur-Software","description":"Zu ArCon (planTEK) gibt es jede Menge Zusatzmodule wie den Dachdesigner, Holzhausplaner, DHD Vista, Wintergartendesigner, M\u00f6beldesigner, freie texturbereiche, EASY-Tools, die Objektdatenbanken 3DGaLa, Schenker und Interior 3D, der 3ds-Importfilter, das VR Modul und vieles mehr.","robots":{"index":"index","follow":"follow","max-snippet":"max-snippet:-1","max-image-preview":"max-image-preview:large","max-video-preview":"max-video-preview:-1"},"canonical":"https:\/\/www.arcon-software.com\/de\/arcon_erwmodule\/","og_locale":"de_DE","og_type":"article","og_title":"Zusatzmodule f\u00fcr ArCon Architektur-Software","og_description":"Zu ArCon (planTEK) gibt es jede Menge Zusatzmodule wie den Dachdesigner, Holzhausplaner, DHD Vista, Wintergartendesigner, M\u00f6beldesigner, freie texturbereiche, EASY-Tools, die Objektdatenbanken 3DGaLa, Schenker und Interior 3D, der 3ds-Importfilter, das VR Modul und vieles mehr.","og_url":"https:\/\/www.arcon-software.com\/de\/arcon_erwmodule\/","og_site_name":"ArCon Software","article_modified_time":"2020-06-17T11:49:01+00:00","twitter_card":"summary_large_image","twitter_misc":{"Gesch\u00e4tzte Lesezeit":"2\u00a0Minuten"},"schema":{"@context":"https:\/\/schema.org","@graph":[{"@type":"WebPage","@id":"https:\/\/www.arcon-software.com\/de\/arcon_erwmodule\/","url":"https:\/\/www.arcon-software.com\/de\/arcon_erwmodule\/","name":"Zusatzmodule f\u00fcr ArCon Architektur-Software","isPartOf":{"@id":"https:\/\/www.arcon-software.com\/de\/#website"},"datePublished":"2020-05-08T15:51:01+00:00","dateModified":"2020-06-17T11:49:01+00:00","description":"Zu ArCon (planTEK) gibt es jede Menge Zusatzmodule wie den Dachdesigner, Holzhausplaner, DHD Vista, Wintergartendesigner, M\u00f6beldesigner, freie texturbereiche, EASY-Tools, die Objektdatenbanken 3DGaLa, Schenker und Interior 3D, der 3ds-Importfilter, das VR Modul und vieles mehr.","breadcrumb":{"@id":"https:\/\/www.arcon-software.com\/de\/arcon_erwmodule\/#breadcrumb"},"inLanguage":"de","potentialAction":[{"@type":"ReadAction","target":["https:\/\/www.arcon-software.com\/de\/arcon_erwmodule\/"]}]},{"@type":"BreadcrumbList","@id":"https:\/\/www.arcon-software.com\/de\/arcon_erwmodule\/#breadcrumb","itemListElement":[{"@type":"ListItem","position":1,"name":"Startseite","item":"https:\/\/www.arcon-software.com\/de\/"},{"@type":"ListItem","position":2,"name":"Zusatzmodule f\u00fcr ArCon Architektursoftware"}]},{"@type":"WebSite","@id":"https:\/\/www.arcon-software.com\/de\/#website","url":"https:\/\/www.arcon-software.com\/de\/","name":"ArCon Software","description":"","publisher":{"@id":"https:\/\/www.arcon-software.com\/de\/#organization"},"potentialAction":[{"@type":"SearchAction","target":{"@type":"EntryPoint","urlTemplate":"https:\/\/www.arcon-software.com\/de\/?s={search_term_string}"},"query-input":{"@type":"PropertyValueSpecification","valueRequired":true,"valueName":"search_term_string"}}],"inLanguage":"de"},{"@type":"Organization","@id":"https:\/\/www.arcon-software.com\/de\/#organization","name":"ArCon Software","url":"https:\/\/www.arcon-software.com\/de\/","logo":{"@type":"ImageObject","inLanguage":"de","@id":"https:\/\/www.arcon-software.com\/de\/#\/schema\/logo\/image\/","url":"https:\/\/www.arcon-software.com\/wp-content\/uploads\/arcon_plantek24.png","contentUrl":"https:\/\/www.arcon-software.com\/wp-content\/uploads\/arcon_plantek24.png","width":24,"height":24,"caption":"ArCon Software"},"image":{"@id":"https:\/\/www.arcon-software.com\/de\/#\/schema\/logo\/image\/"}}]}},"_links":{"self":[{"href":"https:\/\/www.arcon-software.com\/de\/wp-json\/wp\/v2\/pages\/840","targetHints":{"allow":["GET"]}}],"collection":[{"href":"https:\/\/www.arcon-software.com\/de\/wp-json\/wp\/v2\/pages"}],"about":[{"href":"https:\/\/www.arcon-software.com\/de\/wp-json\/wp\/v2\/types\/page"}],"author":[{"embeddable":true,"href":"https:\/\/www.arcon-software.com\/de\/wp-json\/wp\/v2\/users\/1"}],"replies":[{"embeddable":true,"href":"https:\/\/www.arcon-software.com\/de\/wp-json\/wp\/v2\/comments?post=840"}],"version-history":[{"count":0,"href":"https:\/\/www.arcon-software.com\/de\/wp-json\/wp\/v2\/pages\/840\/revisions"}],"wp:attachment":[{"href":"https:\/\/www.arcon-software.com\/de\/wp-json\/wp\/v2\/media?parent=840"}],"curies":[{"name":"wp","href":"https:\/\/api.w.org\/{rel}","templated":true}]}}