{"id":879,"date":"2020-05-11T15:58:57","date_gmt":"2020-05-11T13:58:57","guid":{"rendered":"http:\/\/www.arcon-software.de\/?page_id=879"},"modified":"2023-03-27T12:06:31","modified_gmt":"2023-03-27T10:06:31","slug":"arcon_neues","status":"publish","type":"page","link":"https:\/\/www.arcon-software.com\/de\/","title":{"rendered":"ArCon Software \u2013 Architektursoftware zur Hausplanung"},"content":{"rendered":"<section class=\"l-section wpb_row as-headerbackground0 height_medium\"><div class=\"l-section-h i-cf\"><div class=\"g-cols vc_row via_grid cols_1 laptops-cols_inherit tablets-cols_inherit mobiles-cols_1 valign_bottom type_default stacking_default\"><div class=\"wpb_column vc_column_container\"><div class=\"vc_column-inner\"><\/div><\/div><\/div><\/div><\/section><section class=\"l-section wpb_row height_auto\"><div class=\"l-section-h i-cf\"><div class=\"g-cols vc_row via_grid cols_1 laptops-cols_inherit tablets-cols_inherit mobiles-cols_1 valign_top type_default stacking_default\"><div class=\"wpb_column vc_column_container\"><div class=\"vc_column-inner\"><\/div><\/div><\/div><\/div><\/section><section class=\"l-section wpb_row as-headerbg height_small\" id=\"begin\"><div class=\"l-section-h i-cf\"><div class=\"g-cols vc_row via_grid cols_1 laptops-cols_inherit tablets-cols_inherit mobiles-cols_1 valign_top type_default stacking_default\"><div class=\"wpb_column vc_column_container\"><div class=\"vc_column-inner\"><div class=\"wpb_text_column as-heading1\"><div class=\"wpb_wrapper\"><h1>ArCon Software \u2013 Architektursoftware zur Hausplanung<\/h1>\n<\/div><\/div><\/div><\/div><\/div><\/div><\/section><section class=\"l-section wpb_row height_medium\"><div class=\"l-section-h i-cf\"><div class=\"g-cols vc_row via_grid cols_1 laptops-cols_inherit tablets-cols_inherit mobiles-cols_1 valign_top type_default stacking_default\"><div class=\"wpb_column vc_column_container\"><div class=\"vc_column-inner\"><div class=\"g-cols wpb_row via_grid cols_1 laptops-cols_inherit tablets-cols_inherit mobiles-cols_1 valign_top type_default stacking_default\" style=\"--columns-gap:3rem;\"><div class=\"wpb_column vc_column_container\"><div class=\"vc_column-inner\"><div class=\"wpb_text_column\"><div class=\"wpb_wrapper\"><h2>Neuigkeiten \u00fcber ArCon &#8211; Professionelles CAD Programm f\u00fcr Architektur<\/h2>\n<\/div><\/div><\/div><\/div><\/div><div class=\"g-cols wpb_row via_grid cols_1 laptops-cols_inherit tablets-cols_inherit mobiles-cols_1 valign_top type_default stacking_default\" style=\"--columns-gap:3rem;\"><div class=\"wpb_column vc_column_container us_custom_ef941c6f\"><div class=\"vc_column-inner\"><div class=\"wpb_text_column\"><div class=\"wpb_wrapper\"><h3 style=\"text-align: left;\">ArCon +6.30 (planTEK) Architektur-Software<\/h3>\n<figure id=\"attachment_1420\" aria-describedby=\"caption-attachment-1420\" style=\"width: 350px\" class=\"wp-caption alignright\"><a ref=\"magnificPopup\" href=\"https:\/\/www.arcon-software.com\/wp-content\/uploads\/arcon-designmodus.jpg\"><img loading=\"lazy\" decoding=\"async\" class=\"wp-image-1420 size-full\" src=\"https:\/\/www.arcon-software.com\/wp-content\/uploads\/arcon_designmodus_small.jpg\" alt=\"ArCon Designmodus\" width=\"350\" height=\"210\" \/><\/a><figcaption id=\"caption-attachment-1420\" class=\"wp-caption-text\">Benutzeroberfl\u00e4che von ArCon, hier in der 3D Ansicht<\/figcaption><\/figure>\n<p>ArCon +6.30 (planTEK) ist die aktuelle Version der ArCon (planTEK) Reihe. Versionsstand ist von <strong>September 2021<\/strong>.<\/p>\n<p>Mit dieser Software kann sowohl der Architekt und Innenarchitekt als auch der Fertighaus- oder M\u00f6belhersteller, somit jeder der mit Planen und Gestalten zu tun hat, seine kreativen Ideen verwirklichen und anschaulich machen, noch ehe der erste Baustein gesetzt wurde.<\/p>\n<p style=\"text-align: left;\"><a href=\"https:\/\/www.arcon-software.com\/de\/arcon_plantek\/\">ArCon planTEK<\/a> +6.30 l\u00e4uft unter WIN XP, WIN7, WIN8, WIN10, Windows 11<\/p>\n<\/div><\/div><div class=\"w-btn-wrapper align_none\"><a class=\"w-btn us-btn-style_1 icon_atleft\" title=\"ArCon open + 6.30 (planTEK) \u2013 Architektursoftware\" href=\"https:\/\/www.arcon-software.com\/de\/arcon_plantek\/\"><i class=\"fas fa-arrow-alt-circle-right\"><\/i><span class=\"w-btn-label\">Weitere Informationen<\/span><\/a><\/div><\/div><\/div><\/div><div class=\"g-cols wpb_row via_grid cols_1 laptops-cols_inherit tablets-cols_inherit mobiles-cols_1 valign_top type_default stacking_default\" style=\"--columns-gap:3rem;\"><div class=\"wpb_column vc_column_container us_custom_ef941c6f\"><div class=\"vc_column-inner\"><div class=\"wpb_text_column\"><div class=\"wpb_wrapper\"><h3>ThouVis 6.5 Arch Trixl Edition<\/h3>\n<figure id=\"attachment_1417\" aria-describedby=\"caption-attachment-1417\" style=\"width: 350px\" class=\"wp-caption alignright\"><a ref=\"magnificPopup\" href=\"https:\/\/www.arcon-software.com\/wp-content\/uploads\/thouvis_benutzeroberflaeche.png\"><img loading=\"lazy\" decoding=\"async\" class=\"wp-image-1417 size-full\" src=\"https:\/\/www.arcon-software.com\/wp-content\/uploads\/thouvis_small.jpg\" alt=\"Benutzeroberfl\u00e4che von Thouvis (zur Planzusammenstellung)\" width=\"350\" height=\"210\" srcset=\"https:\/\/www.arcon-software.com\/wp-content\/uploads\/thouvis_small.jpg 350w, https:\/\/www.arcon-software.com\/wp-content\/uploads\/thouvis_small-80x48.jpg 80w\" sizes=\"auto, (max-width: 350px) 100vw, 350px\" \/><\/a><figcaption id=\"caption-attachment-1417\" class=\"wp-caption-text\">Benutzeroberfl\u00e4che von Thouvis (zur Planzusammenstellung)<\/figcaption><\/figure>\n<p>M\u00f6chten Sie Ihren mit ArCon erstellten Pl\u00e4nen noch den letzten Schliff verleihen?<\/p>\n<p><a href=\"https:\/\/www.arcon-software.com\/de\/thouvis-arch\/\"><strong>ThouVis 6.5 Arch Trixl Edition<\/strong><\/a> ist eine Programmerg\u00e4nzung zu ArCon planTEK zum komfortablen Erstellen und Ausgeben von umfangreichen Planzusammenstellungen, Detailpl\u00e4nen und grafisch aufwendigen Expos\u00e9s.<\/p>\n<p><strong>Zur Einf\u00fchrung<\/strong> gibt es diese Programmerweiterung zu einem Sonderpreis von <strong>nur \u20ac 99,- inkl. MWST!<\/strong><\/p>\n<\/div><\/div><div class=\"w-btn-wrapper align_none\"><a class=\"w-btn us-btn-style_1 icon_atleft\" title=\"ThouVis 6.5 Arch Trixl Edition\" href=\"https:\/\/www.arcon-software.com\/de\/thouvis-arch\/\"><i class=\"fas fa-arrow-alt-circle-right\"><\/i><span class=\"w-btn-label\">Weitere Informationen<\/span><\/a><\/div><\/div><\/div><\/div><div class=\"g-cols wpb_row via_grid cols_1 laptops-cols_inherit tablets-cols_inherit mobiles-cols_1 valign_top type_default stacking_default\" style=\"--columns-gap:3rem;\"><div class=\"wpb_column vc_column_container us_custom_0d27fa57\"><div class=\"vc_column-inner\"><div class=\"wpb_text_column\"><div class=\"wpb_wrapper\"><h3>cadvilla &#8211; CAD Programm f\u00fcr Architektur &#8211; <span style=\"color: #f04927;\">NEU<\/span><\/h3>\n<p>Eine neue \u00c4ra im Bereich Architektur-Software hat begonnen.<\/p>\n<figure id=\"attachment_1423\" aria-describedby=\"caption-attachment-1423\" style=\"width: 350px\" class=\"wp-caption alignright\"><a ref=\"magnificPopup\" href=\"https:\/\/www.arcon-software.com\/wp-content\/uploads\/boehne-cadvilla3.jpg\"><img loading=\"lazy\" decoding=\"async\" class=\"wp-image-1423 size-full\" src=\"https:\/\/www.arcon-software.com\/wp-content\/uploads\/cadvilla_small.jpg\" alt=\"Benutzeroberfl\u00e4che von cadvilla\" width=\"350\" height=\"211\" srcset=\"https:\/\/www.arcon-software.com\/wp-content\/uploads\/cadvilla_small.jpg 350w, https:\/\/www.arcon-software.com\/wp-content\/uploads\/cadvilla_small-80x48.jpg 80w\" sizes=\"auto, (max-width: 350px) 100vw, 350px\" \/><\/a><figcaption id=\"caption-attachment-1423\" class=\"wp-caption-text\">Benutzeroberfl\u00e4che von cadvilla (parallele Darstellung von mehreren 2D\/3D Ansichten m\u00f6glich)<\/figcaption><\/figure>\n<p><strong>cadvilla<\/strong> ist ein vollkommen neu entwickeltes CAD Programm f\u00fcr Architektur, Planung und Visualisierung auf Basis modernster Entwicklungstools von Microsoft.<\/p>\n<p>Bei der Neuentwicklung sind viele W\u00fcnsche unserer Anwender mit eingeflossen und wir sind \u00fcberzeugt, Ihnen mit cadvilla ein hervorragendes Produkt anbieten zu k\u00f6nnen.<\/p>\n<p><strong>Basic-Versionen <\/strong>in den Varianten<br \/>\n<a href=\"https:\/\/www.arcon-software.com\/de\/cadvilla_basic\/\">cadvilla basic<\/a> und <a href=\"https:\/\/www.arcon-software.com\/de\/cadvilla_basic_plus\/\">basic plus<\/a><br \/>\ngibt es bereits <strong><span style=\"color: #f04927;\">ab \u20ac 29,95<\/span><\/strong> inkl. MWST<\/p>\n<p><strong>Professionelle Versionen <\/strong>in den Varianten<br \/>\n<a href=\"https:\/\/www.arcon-software.com\/de\/cadvilla_professional\/\">cadvilla professional<\/a> und <a href=\"https:\/\/www.arcon-software.com\/de\/cadvilla_professional_plus\/\">professional plus<\/a><br \/>\nsind<strong><span style=\"color: #f04927;\"> ab \u20ac 124,95<\/span><\/strong> inkl. MWST verf\u00fcgbar<\/p>\n<p>Projektdateien auf Basis von ArCon (planTEK) k\u00f6nnen ab cadvilla professional eingelesen und weiter bearbeitet werden. Dabei erfolgt nach der \u00dcbernahme eine Konvertierung in ein neues, vollwertiges 3D Dateiformat (*.cvp). Neben der reinen Grundrisserfassung kann unsere neue Architektur-Software auch noch f\u00fcr viele andere Anwendungsbereiche eingesetzt werden.<\/p>\n<p>F\u00fcr einf\u00fchrende Details klicken Sie bitte auf eine der oben angef\u00fchrten Versionen. Weitere detaillierte Informationen finden Sie auf der Internetseite von cadvilla.<\/p>\n<\/div><\/div><div class=\"w-btn-wrapper align_none\"><a class=\"w-btn us-btn-style_1 icon_atleft\" title=\"Cadvilla oder ArCon - Welche Software ist die Richtige f\u00fcr mich?\" href=\"https:\/\/www.arcon-software.com\/de\/arcon-oder-cadvilla\/\"><i class=\"fas fa-arrow-alt-circle-right\"><\/i><span class=\"w-btn-label\">Cadvilla oder ArCon &#8211; Welche Software ist die Richtige f\u00fcr mich?<\/span><\/a><\/div><\/div><\/div><\/div><div class=\"wpb_text_column\"><div class=\"wpb_wrapper\"><h2>CAD Programm f\u00fcr Architektur zur Planung am eigenen Windows PC<\/h2>\n<figure id=\"attachment_1420\" aria-describedby=\"caption-attachment-1420\" style=\"width: 350px\" class=\"wp-caption alignright\"><a ref=\"magnificPopup\" href=\"https:\/\/www.arcon-software.com\/wp-content\/uploads\/arcon-konstruktionsmodus-2.png\"><img loading=\"lazy\" decoding=\"async\" class=\"wp-image-1420 size-full\" src=\"https:\/\/www.arcon-software.com\/wp-content\/uploads\/arcon_small.jpg\" alt=\"ArCon Konstruktionsmodus\" width=\"350\" height=\"210\" srcset=\"https:\/\/www.arcon-software.com\/wp-content\/uploads\/arcon_small.jpg 350w, https:\/\/www.arcon-software.com\/wp-content\/uploads\/arcon_small-80x48.jpg 80w\" sizes=\"auto, (max-width: 350px) 100vw, 350px\" \/><\/a><figcaption id=\"caption-attachment-1420\" class=\"wp-caption-text\">Benutzeroberfl\u00e4che von ArCon, hier im Konstruktionsmodus<\/figcaption><\/figure>\n<p>ArCon Software ist ein <strong>3D CAD Programm<\/strong> f\u00fcr Architektur und wurde speziell f\u00fcr Architekten, Innenarchitekten, Hausplaner und private Bauherrn entwickelt \u2013 also jeden, der professionelle Pl\u00e4ne am PC mit einer Software herstellen muss. Das Computerprogramm ist einfach zu bedienen und umfasst alle notwendigen Funktionen, um perfekte Zeichnungen von Hausplanungen zur Einreichung f\u00fcr den Bauantrag in 2D und 3D zu erzeugen.<\/p>\n<p>Mit der <strong>3D Architektur-Software<\/strong> von ArCon k\u00f6nnen neben den Planunterlagen f\u00fcr die Wohnungs- und Hausplanung auch Einrichtungsvorschl\u00e4ge f\u00fcr Innen und Au\u00dfen erstellt werden. Dabei greifen Sie auf eine umfangreiche Bibliothek von 3D Modellen zur\u00fcck oder importieren externe 3D Objekte \u00fcber die in ArCon planTEK integrierte 3DS Schnittstelle. Die Eingabe der Grundriss-Planung erfolgt weitestgehend in 2D. Danach k\u00f6nnen die zweidimensionalen Pl\u00e4ne in einer 3D-Ansicht gerendert und visualisiert werden.<\/p>\n<p>Jetzt <a href=\"https:\/\/www.arcon-software.com\/de\/arcon_plantek\/\">ArCon Architektur-Software herunterladen<\/a> und professionelle 3D-Ansichten am PC erstellen!<\/p>\n<\/div><\/div><\/div><\/div><\/div><\/div><\/section>\n","protected":false},"excerpt":{"rendered":"ArCon Software \u2013 Architektursoftware zur Hausplanung Neuigkeiten \u00fcber ArCon &#8211; Professionelles CAD Programm f\u00fcr Architektur ArCon +6.30 (planTEK) Architektur-Software Benutzeroberfl\u00e4che von ArCon, hier in der 3D Ansicht ArCon +6.30 (planTEK) ist die aktuelle Version der ArCon (planTEK) Reihe. Versionsstand ist von September 2021. Mit dieser Software kann sowohl der Architekt und Innenarchitekt als auch der...","protected":false},"author":1,"featured_media":1426,"parent":0,"menu_order":0,"comment_status":"closed","ping_status":"closed","template":"","meta":{"footnotes":""},"class_list":["post-879","page","type-page","status-publish","has-post-thumbnail","hentry"],"yoast_head":"<!-- This site is optimized with the Yoast SEO plugin v27.5 - https:\/\/yoast.com\/product\/yoast-seo-wordpress\/ -->\n<title>ArCon Software \u2013 Architektursoftware zur Hausplanung<\/title>\n<meta name=\"description\" content=\"Aktuelles rund um ArCon - Virtual Architecture, neueste Version von ArCon planTEK und viele Zusatzmodule f\u00fcr ArCon. Jetzt Downloaden!\" \/>\n<meta name=\"robots\" content=\"index, follow, max-snippet:-1, max-image-preview:large, max-video-preview:-1\" \/>\n<link rel=\"canonical\" href=\"https:\/\/www.arcon-software.com\/de\/\" \/>\n<meta property=\"og:locale\" content=\"de_DE\" \/>\n<meta property=\"og:type\" content=\"article\" \/>\n<meta property=\"og:title\" content=\"ArCon Software \u2013 Architektursoftware zur Hausplanung\" \/>\n<meta property=\"og:description\" content=\"Aktuelles rund um ArCon - Virtual Architecture, neueste Version von ArCon planTEK und viele Zusatzmodule f\u00fcr ArCon. Jetzt Downloaden!\" \/>\n<meta property=\"og:url\" content=\"https:\/\/www.arcon-software.com\/de\/\" \/>\n<meta property=\"og:site_name\" content=\"ArCon Software\" \/>\n<meta property=\"article:modified_time\" content=\"2023-03-27T10:06:31+00:00\" \/>\n<meta property=\"og:image\" content=\"https:\/\/www.arcon-software.com\/wp-content\/uploads\/arcon_designmodus_small.jpg\" \/>\n\t<meta property=\"og:image:width\" content=\"350\" \/>\n\t<meta property=\"og:image:height\" content=\"210\" \/>\n\t<meta property=\"og:image:type\" content=\"image\/jpeg\" \/>\n<meta name=\"twitter:card\" content=\"summary_large_image\" \/>\n<meta name=\"twitter:label1\" content=\"Gesch\u00e4tzte Lesezeit\" \/>\n\t<meta name=\"twitter:data1\" content=\"4\u00a0Minuten\" \/>\n<script type=\"application\/ld+json\" class=\"yoast-schema-graph\">{\"@context\":\"https:\\\/\\\/schema.org\",\"@graph\":[{\"@type\":\"WebPage\",\"@id\":\"https:\\\/\\\/www.arcon-software.com\\\/de\\\/\",\"url\":\"https:\\\/\\\/www.arcon-software.com\\\/de\\\/\",\"name\":\"ArCon Software \u2013 Architektursoftware zur Hausplanung\",\"isPartOf\":{\"@id\":\"https:\\\/\\\/www.arcon-software.com\\\/de\\\/#website\"},\"primaryImageOfPage\":{\"@id\":\"https:\\\/\\\/www.arcon-software.com\\\/de\\\/#primaryimage\"},\"image\":{\"@id\":\"https:\\\/\\\/www.arcon-software.com\\\/de\\\/#primaryimage\"},\"thumbnailUrl\":\"https:\\\/\\\/www.arcon-software.com\\\/wp-content\\\/uploads\\\/arcon_designmodus_small.jpg\",\"datePublished\":\"2020-05-11T13:58:57+00:00\",\"dateModified\":\"2023-03-27T10:06:31+00:00\",\"description\":\"Aktuelles rund um ArCon - Virtual Architecture, neueste Version von ArCon planTEK und viele Zusatzmodule f\u00fcr ArCon. Jetzt Downloaden!\",\"breadcrumb\":{\"@id\":\"https:\\\/\\\/www.arcon-software.com\\\/de\\\/#breadcrumb\"},\"inLanguage\":\"de\",\"potentialAction\":[{\"@type\":\"ReadAction\",\"target\":[\"https:\\\/\\\/www.arcon-software.com\\\/de\\\/\"]}]},{\"@type\":\"ImageObject\",\"inLanguage\":\"de\",\"@id\":\"https:\\\/\\\/www.arcon-software.com\\\/de\\\/#primaryimage\",\"url\":\"https:\\\/\\\/www.arcon-software.com\\\/wp-content\\\/uploads\\\/arcon_designmodus_small.jpg\",\"contentUrl\":\"https:\\\/\\\/www.arcon-software.com\\\/wp-content\\\/uploads\\\/arcon_designmodus_small.jpg\",\"width\":350,\"height\":210,\"caption\":\"ArCon mit 3D Darstellung\"},{\"@type\":\"BreadcrumbList\",\"@id\":\"https:\\\/\\\/www.arcon-software.com\\\/de\\\/#breadcrumb\",\"itemListElement\":[{\"@type\":\"ListItem\",\"position\":1,\"name\":\"Startseite\",\"item\":\"https:\\\/\\\/www.arcon-software.com\\\/de\\\/\"},{\"@type\":\"ListItem\",\"position\":2,\"name\":\"ArCon Software \u2013 Architektursoftware zur Hausplanung\"}]},{\"@type\":\"WebSite\",\"@id\":\"https:\\\/\\\/www.arcon-software.com\\\/de\\\/#website\",\"url\":\"https:\\\/\\\/www.arcon-software.com\\\/de\\\/\",\"name\":\"ArCon Software\",\"description\":\"\",\"publisher\":{\"@id\":\"https:\\\/\\\/www.arcon-software.com\\\/de\\\/#organization\"},\"potentialAction\":[{\"@type\":\"SearchAction\",\"target\":{\"@type\":\"EntryPoint\",\"urlTemplate\":\"https:\\\/\\\/www.arcon-software.com\\\/de\\\/?s={search_term_string}\"},\"query-input\":{\"@type\":\"PropertyValueSpecification\",\"valueRequired\":true,\"valueName\":\"search_term_string\"}}],\"inLanguage\":\"de\"},{\"@type\":\"Organization\",\"@id\":\"https:\\\/\\\/www.arcon-software.com\\\/de\\\/#organization\",\"name\":\"ArCon Software\",\"url\":\"https:\\\/\\\/www.arcon-software.com\\\/de\\\/\",\"logo\":{\"@type\":\"ImageObject\",\"inLanguage\":\"de\",\"@id\":\"https:\\\/\\\/www.arcon-software.com\\\/de\\\/#\\\/schema\\\/logo\\\/image\\\/\",\"url\":\"https:\\\/\\\/www.arcon-software.com\\\/wp-content\\\/uploads\\\/arcon_plantek24.png\",\"contentUrl\":\"https:\\\/\\\/www.arcon-software.com\\\/wp-content\\\/uploads\\\/arcon_plantek24.png\",\"width\":24,\"height\":24,\"caption\":\"ArCon Software\"},\"image\":{\"@id\":\"https:\\\/\\\/www.arcon-software.com\\\/de\\\/#\\\/schema\\\/logo\\\/image\\\/\"}}]}<\/script>\n<!-- \/ Yoast SEO plugin. -->","yoast_head_json":{"title":"ArCon Software \u2013 Architektursoftware zur Hausplanung","description":"Aktuelles rund um ArCon - Virtual Architecture, neueste Version von ArCon planTEK und viele Zusatzmodule f\u00fcr ArCon. Jetzt Downloaden!","robots":{"index":"index","follow":"follow","max-snippet":"max-snippet:-1","max-image-preview":"max-image-preview:large","max-video-preview":"max-video-preview:-1"},"canonical":"https:\/\/www.arcon-software.com\/de\/","og_locale":"de_DE","og_type":"article","og_title":"ArCon Software \u2013 Architektursoftware zur Hausplanung","og_description":"Aktuelles rund um ArCon - Virtual Architecture, neueste Version von ArCon planTEK und viele Zusatzmodule f\u00fcr ArCon. Jetzt Downloaden!","og_url":"https:\/\/www.arcon-software.com\/de\/","og_site_name":"ArCon Software","article_modified_time":"2023-03-27T10:06:31+00:00","og_image":[{"width":350,"height":210,"url":"https:\/\/www.arcon-software.com\/wp-content\/uploads\/arcon_designmodus_small.jpg","type":"image\/jpeg"}],"twitter_card":"summary_large_image","twitter_misc":{"Gesch\u00e4tzte Lesezeit":"4\u00a0Minuten"},"schema":{"@context":"https:\/\/schema.org","@graph":[{"@type":"WebPage","@id":"https:\/\/www.arcon-software.com\/de\/","url":"https:\/\/www.arcon-software.com\/de\/","name":"ArCon Software \u2013 Architektursoftware zur Hausplanung","isPartOf":{"@id":"https:\/\/www.arcon-software.com\/de\/#website"},"primaryImageOfPage":{"@id":"https:\/\/www.arcon-software.com\/de\/#primaryimage"},"image":{"@id":"https:\/\/www.arcon-software.com\/de\/#primaryimage"},"thumbnailUrl":"https:\/\/www.arcon-software.com\/wp-content\/uploads\/arcon_designmodus_small.jpg","datePublished":"2020-05-11T13:58:57+00:00","dateModified":"2023-03-27T10:06:31+00:00","description":"Aktuelles rund um ArCon - Virtual Architecture, neueste Version von ArCon planTEK und viele Zusatzmodule f\u00fcr ArCon. Jetzt Downloaden!","breadcrumb":{"@id":"https:\/\/www.arcon-software.com\/de\/#breadcrumb"},"inLanguage":"de","potentialAction":[{"@type":"ReadAction","target":["https:\/\/www.arcon-software.com\/de\/"]}]},{"@type":"ImageObject","inLanguage":"de","@id":"https:\/\/www.arcon-software.com\/de\/#primaryimage","url":"https:\/\/www.arcon-software.com\/wp-content\/uploads\/arcon_designmodus_small.jpg","contentUrl":"https:\/\/www.arcon-software.com\/wp-content\/uploads\/arcon_designmodus_small.jpg","width":350,"height":210,"caption":"ArCon mit 3D Darstellung"},{"@type":"BreadcrumbList","@id":"https:\/\/www.arcon-software.com\/de\/#breadcrumb","itemListElement":[{"@type":"ListItem","position":1,"name":"Startseite","item":"https:\/\/www.arcon-software.com\/de\/"},{"@type":"ListItem","position":2,"name":"ArCon Software \u2013 Architektursoftware zur Hausplanung"}]},{"@type":"WebSite","@id":"https:\/\/www.arcon-software.com\/de\/#website","url":"https:\/\/www.arcon-software.com\/de\/","name":"ArCon Software","description":"","publisher":{"@id":"https:\/\/www.arcon-software.com\/de\/#organization"},"potentialAction":[{"@type":"SearchAction","target":{"@type":"EntryPoint","urlTemplate":"https:\/\/www.arcon-software.com\/de\/?s={search_term_string}"},"query-input":{"@type":"PropertyValueSpecification","valueRequired":true,"valueName":"search_term_string"}}],"inLanguage":"de"},{"@type":"Organization","@id":"https:\/\/www.arcon-software.com\/de\/#organization","name":"ArCon Software","url":"https:\/\/www.arcon-software.com\/de\/","logo":{"@type":"ImageObject","inLanguage":"de","@id":"https:\/\/www.arcon-software.com\/de\/#\/schema\/logo\/image\/","url":"https:\/\/www.arcon-software.com\/wp-content\/uploads\/arcon_plantek24.png","contentUrl":"https:\/\/www.arcon-software.com\/wp-content\/uploads\/arcon_plantek24.png","width":24,"height":24,"caption":"ArCon Software"},"image":{"@id":"https:\/\/www.arcon-software.com\/de\/#\/schema\/logo\/image\/"}}]}},"_links":{"self":[{"href":"https:\/\/www.arcon-software.com\/de\/wp-json\/wp\/v2\/pages\/879","targetHints":{"allow":["GET"]}}],"collection":[{"href":"https:\/\/www.arcon-software.com\/de\/wp-json\/wp\/v2\/pages"}],"about":[{"href":"https:\/\/www.arcon-software.com\/de\/wp-json\/wp\/v2\/types\/page"}],"author":[{"embeddable":true,"href":"https:\/\/www.arcon-software.com\/de\/wp-json\/wp\/v2\/users\/1"}],"replies":[{"embeddable":true,"href":"https:\/\/www.arcon-software.com\/de\/wp-json\/wp\/v2\/comments?post=879"}],"version-history":[{"count":0,"href":"https:\/\/www.arcon-software.com\/de\/wp-json\/wp\/v2\/pages\/879\/revisions"}],"wp:featuredmedia":[{"embeddable":true,"href":"https:\/\/www.arcon-software.com\/de\/wp-json\/wp\/v2\/media\/1426"}],"wp:attachment":[{"href":"https:\/\/www.arcon-software.com\/de\/wp-json\/wp\/v2\/media?parent=879"}],"curies":[{"name":"wp","href":"https:\/\/api.w.org\/{rel}","templated":true}]}}