{"id":1015,"date":"2020-05-13T12:15:39","date_gmt":"2020-05-13T10:15:39","guid":{"rendered":"http:\/\/www.arcon-software.de\/?page_id=1015"},"modified":"2020-07-07T09:58:09","modified_gmt":"2020-07-07T07:58:09","slug":"arcon_plus","status":"publish","type":"page","link":"https:\/\/www.arcon-software.com\/pl\/arcon_plus\/","title":{"rendered":"ArCon open \u2014 wszystkie dodatkowe funkcje"},"content":{"rendered":"<section class=\"l-section wpb_row as-headerbackground0 height_medium\"><div class=\"l-section-h i-cf\"><div class=\"g-cols vc_row via_grid cols_1 laptops-cols_inherit tablets-cols_inherit mobiles-cols_1 valign_bottom type_default stacking_default\"><div class=\"wpb_column vc_column_container\"><div class=\"vc_column-inner\"><\/div><\/div><\/div><\/div><\/section><section class=\"l-section wpb_row height_auto\"><div class=\"l-section-h i-cf\"><div class=\"g-cols vc_row via_grid cols_1 laptops-cols_inherit tablets-cols_inherit mobiles-cols_1 valign_top type_default stacking_default\"><div class=\"wpb_column vc_column_container\"><div class=\"vc_column-inner\"><\/div><\/div><\/div><\/div><\/section><section class=\"l-section wpb_row as-headerbg height_small\" id=\"begin\"><div class=\"l-section-h i-cf\"><div class=\"g-cols vc_row via_grid cols_1 laptops-cols_inherit tablets-cols_inherit mobiles-cols_1 valign_top type_default stacking_default\"><div class=\"wpb_column vc_column_container\"><div class=\"vc_column-inner\"><div class=\"wpb_text_column as-heading1\"><div class=\"wpb_wrapper\"><h1>ArCon open \u2014 wszystkie dodatkowe funkcje<\/h1>\n<\/div><\/div><\/div><\/div><\/div><\/div><\/section><section class=\"l-section wpb_row height_medium\"><div class=\"l-section-h i-cf\"><div class=\"g-cols vc_row via_grid cols_1 laptops-cols_inherit tablets-cols_inherit mobiles-cols_1 valign_top type_default stacking_default\"><div class=\"wpb_column vc_column_container\"><div class=\"vc_column-inner\"><div class=\"g-cols wpb_row via_grid cols_1 laptops-cols_inherit tablets-cols_inherit mobiles-cols_1 valign_top type_default stacking_default\" style=\"--columns-gap:3rem;\"><div class=\"wpb_column vc_column_container\"><div class=\"vc_column-inner\"><div class=\"wpb_text_column\"><div class=\"wpb_wrapper\"><h2>ArCon open planTEK \u2014 funkcje podstawowe i rozszerzone<\/h2>\n<ul>\n<li><a href=\"https:\/\/www.arcon-software.com\/pl\/arcon_standard\/\"><strong>Podstawowe funkcje<\/strong><\/a> programu ArCon (standardowy zakres programu ArCon)<\/li>\n<li><strong>Rozszerzone funkcje<\/strong> programu ArCon open planTEK<br \/>\nRozszerzony zakres zawiera wszystkie funkcje standardowego zakresu i funkcje dodatkowe.<\/li>\n<\/ul>\n<p>Dost\u0119pna u nas wersja <strong>ArCon open planTEK<\/strong> zawiera wszystkie wymienione <a href=\"https:\/\/www.arcon-software.com\/pl\/arcon_standard\/\">funkcje podstawowe<\/a> oraz funkcje rozszerzone. Program ArCon [planTEK] funkcjonuje BEZ ochrony oprogramowania.<\/p>\n<\/div><\/div><\/div><\/div><\/div><\/div><\/div><\/div><\/div><\/section><section class=\"l-section wpb_row height_auto\"><div class=\"l-section-h i-cf\"><div class=\"g-cols vc_row via_grid cols_1 laptops-cols_inherit tablets-cols_inherit mobiles-cols_1 valign_top type_default stacking_default\"><div class=\"wpb_column vc_column_container\"><div class=\"vc_column-inner\"><div class=\"w-tabs us_custom_89477bc8 style_default switch_click accordion type_togglable has_scrolling\" style=\"--sections-title-size:18px\"><div class=\"w-tabs-sections titles-align_none icon_chevron cpos_right\"><div class=\"w-tabs-section vergleich_header\" id=\"u8d8\"><button class=\"w-tabs-section-header with_icon\" aria-controls=\"content-u8d8\" aria-expanded=\"false\"><i class=\"fas fa-table\"><\/i><div class=\"w-tabs-section-title\">Rozszerzone funkcje<\/div><div class=\"w-tabs-section-control\"><\/div><\/button><div  class=\"w-tabs-section-content\" id=\"content-u8d8\"><div class=\"w-tabs-section-content-h i-cf\"><div class=\"wpb_text_column\"><div class=\"wpb_wrapper\"><\/div><\/div><\/div><\/div><\/div><div class=\"w-tabs-section\" id=\"cd51\"><button class=\"w-tabs-section-header with_icon\" aria-controls=\"content-cd51\" aria-expanded=\"false\"><i class=\"fas fa-plus\"><\/i><div class=\"w-tabs-section-title\">Wszystkie funkcje standardowego zakresu<\/div><div class=\"w-tabs-section-control\"><\/div><\/button><div  class=\"w-tabs-section-content\" id=\"content-cd51\"><div class=\"w-tabs-section-content-h i-cf\"><div class=\"wpb_text_column\"><div class=\"wpb_wrapper\"><p>Rozszerzony zakres programu ArCon zawiera wszystkie funkcje standardowego zakresu i funkcje dodatkowe.<\/p>\n<\/div><\/div><\/div><\/div><\/div><div class=\"w-tabs-section\" id=\"y191\"><button class=\"w-tabs-section-header with_icon\" aria-controls=\"content-y191\" aria-expanded=\"false\"><i class=\"fas fa-plus\"><\/i><div class=\"w-tabs-section-title\">Numeryczne wprowadzanie danych<\/div><div class=\"w-tabs-section-control\"><\/div><\/button><div  class=\"w-tabs-section-content\" id=\"content-y191\"><div class=\"w-tabs-section-content-h i-cf\"><div class=\"wpb_text_column\"><div class=\"wpb_wrapper\"><p>jako uzupe\u0142nienie funkcji \u201cprecyzyjne wprowadzanie\u201d.<\/p>\n<\/div><\/div><\/div><\/div><\/div><div class=\"w-tabs-section\" id=\"b554\"><button class=\"w-tabs-section-header with_icon\" aria-controls=\"content-b554\" aria-expanded=\"false\"><i class=\"fas fa-plus\"><\/i><div class=\"w-tabs-section-title\">Import plik\u00f3w HPGL i 2D-DXF<\/div><div class=\"w-tabs-section-control\"><\/div><\/button><div  class=\"w-tabs-section-content\" id=\"content-b554\"><div class=\"w-tabs-section-content-h i-cf\"><div class=\"wpb_text_column\"><div class=\"wpb_wrapper\"><p>kt\u00f3re u\u017cywane s\u0105 jako podk\u0142ady podczas wprowadzania element\u00f3w rzutu, eksport plik\u00f3w HPGL oraz 2D-DXF, jak r\u00f3wnie\u017c folii ProCad (program CAD firmy mb-Software) jako model 3D do dalszej obr\u00f3bki w innych programach CAD.<\/p>\n<\/div><\/div><\/div><\/div><\/div><div class=\"w-tabs-section\" id=\"s7a1\"><button class=\"w-tabs-section-header with_icon\" aria-controls=\"content-s7a1\" aria-expanded=\"false\"><i class=\"fas fa-plus\"><\/i><div class=\"w-tabs-section-title\">Planowanie i konstruowanie wielu budynk\u00f3w na r\u00f3\u017cnych poziomach<\/div><div class=\"w-tabs-section-control\"><\/div><\/button><div  class=\"w-tabs-section-content\" id=\"content-s7a1\"><div class=\"w-tabs-section-content-h i-cf\"><div class=\"wpb_text_column\"><div class=\"wpb_wrapper\"><p>wykorzystywane np. w projektach dom\u00f3w szeregowych. <\/p>\n<\/div><\/div><\/div><\/div><\/div><div class=\"w-tabs-section\" id=\"n9e7\"><button class=\"w-tabs-section-header with_icon\" aria-controls=\"content-n9e7\" aria-expanded=\"false\"><i class=\"fas fa-plus\"><\/i><div class=\"w-tabs-section-title\">Tworzenie film\u00f3w video jako plik\u00f3w AVI<\/div><div class=\"w-tabs-section-control\"><\/div><\/button><div  class=\"w-tabs-section-content\" id=\"content-n9e7\"><div class=\"w-tabs-section-content-h i-cf\"><div class=\"wpb_text_column\"><div class=\"wpb_wrapper\"><p>w najpopularniejszym formacie video dla Windows. Narz\u0119dzie to umo\u017cliwia tworzenie profesjonalnych film\u00f3w video.<\/p>\n<\/div><\/div><\/div><\/div><\/div><div class=\"w-tabs-section\" id=\"bc45\"><button class=\"w-tabs-section-header with_icon\" aria-controls=\"content-bc45\" aria-expanded=\"false\"><i class=\"fas fa-plus\"><\/i><div class=\"w-tabs-section-title\">Szczeg\u00f3\u0142owa informacja o pomieszczeniach<\/div><div class=\"w-tabs-section-control\"><\/div><\/button><div  class=\"w-tabs-section-content\" id=\"content-bc45\"><div class=\"w-tabs-section-content-h i-cf\"><div class=\"wpb_text_column\"><div class=\"wpb_wrapper\"><p>jako dokumentacja tekstowa z nazwami i opisami pomieszcze\u0144, informacje i automatycznie obliczane wielko\u015bci takie jak np. powierzchnie, kubatury, obwody, powierzchnie \u015bcian; poprzez Microsoft Word dla Windows mo\u017cna wygenerowa\u0107 plik RTF, zawieraj\u0105cy zestawienie wszystkich pomieszcze\u0144, tak\u017ce w razie potrzeby z list\u0105 element\u00f3w w ka\u017cdym pomieszczeniu.<\/p>\n<\/div><\/div><\/div><\/div><\/div><div class=\"w-tabs-section\" id=\"ie9f\"><button class=\"w-tabs-section-header with_icon\" aria-controls=\"content-ie9f\" aria-expanded=\"false\"><i class=\"fas fa-plus\"><\/i><div class=\"w-tabs-section-title\">Facjatki dachowe<\/div><div class=\"w-tabs-section-control\"><\/div><\/button><div  class=\"w-tabs-section-content\" id=\"content-ie9f\"><div class=\"w-tabs-section-content-h i-cf\"><div class=\"wpb_text_column\"><div class=\"wpb_wrapper\"><p>Dost\u0119pnych jest 7 typ\u00f3w r\u00f3\u017cnych facjatek (\u0142acznie z konstrukcj\u0105 wi\u0119\u017aby). Frontowa \u015bciana mo\u017ce sta\u0107 na stropie lub opiera\u0107 sie na po\u0142aci dachu. Dostepne s\u0105 nastepuj\u0105ce typy facjatek: p\u0142aska, wyniesiona, nacz\u00f3\u0142kowa, tr\u00f3jk\u0105tna, trapezowa, \u0142ukowa, kolebkowa i wygi\u0119ta (\u201coko nietoperza\u201c). W \u015bciany facjatki mo\u017cna (jak w przypadku normalnych \u015bcian) wstawi\u0107 okna.<\/p>\n<\/div><\/div><\/div><\/div><\/div><div class=\"w-tabs-section\" id=\"k0e9\"><button class=\"w-tabs-section-header with_icon\" aria-controls=\"content-k0e9\" aria-expanded=\"false\"><i class=\"fas fa-plus\"><\/i><div class=\"w-tabs-section-title\">Przekroje i elewacje<\/div><div class=\"w-tabs-section-control\"><\/div><\/button><div  class=\"w-tabs-section-content\" id=\"content-k0e9\"><div class=\"w-tabs-section-content-h i-cf\"><div class=\"wpb_text_column\"><div class=\"wpb_wrapper\"><p>w trybie konstrukcji mo\u017cna zdefiniowa\u0107 dowoln\u0105 ilo\u015b\u0107 przekroj\u00f3w pionowych. Ka\u017cdy przekr\u00f3j mo\u017ce by\u0107 umieszczony jako rysunek na aktualnym arkuszu lub zosta\u0107 zdefiniowany jako osobny arkusz. Krojone powierzchnie s\u0105 zaznaczone szrafem. To samo dotyczy elewacji.<\/p>\n<\/div><\/div><\/div><\/div><\/div><div class=\"w-tabs-section\" id=\"f32f\"><button class=\"w-tabs-section-header with_icon\" aria-controls=\"content-f32f\" aria-expanded=\"false\"><i class=\"fas fa-plus\"><\/i><div class=\"w-tabs-section-title\">Przekroje w trybie projektowania<\/div><div class=\"w-tabs-section-control\"><\/div><\/button><div  class=\"w-tabs-section-content\" id=\"content-f32f\"><div class=\"w-tabs-section-content-h i-cf\"><div class=\"wpb_text_column\"><div class=\"wpb_wrapper\"><p>Zdefiniowane w trybie konstrukcji przekroje mo\u017cna ogl\u017cda\u0107 tak\u017ce w trybie projektowania. Dzieki temu mo\u017cna np. zajrze\u0107 do budynku tak jak do domku dla lalek.<\/p>\n<\/div><\/div><\/div><\/div><\/div><div class=\"w-tabs-section\" id=\"o577\"><button class=\"w-tabs-section-header with_icon\" aria-controls=\"content-o577\" aria-expanded=\"false\"><i class=\"fas fa-plus\"><\/i><div class=\"w-tabs-section-title\">Rozszerzenia funkcji wymiarowania<\/div><div class=\"w-tabs-section-control\"><\/div><\/button><div  class=\"w-tabs-section-content\" id=\"content-o577\"><div class=\"w-tabs-section-content-h i-cf\"><div class=\"wpb_text_column\"><div class=\"wpb_wrapper\"><p>w prezentacji architektonicznej mo\u017cna dowolnie przesuwa\u0107 napisy wymiarowe. Dalej zmieni\u0107 mo\u017cna tak\u017ce typ i wielko\u015b\u0107 czcionki.<\/p>\n<\/div><\/div><\/div><\/div><\/div><div class=\"w-tabs-section\" id=\"m7b9\"><button class=\"w-tabs-section-header with_icon\" aria-controls=\"content-m7b9\" aria-expanded=\"false\"><i class=\"fas fa-plus\"><\/i><div class=\"w-tabs-section-title\">Prezentacja architektoniczna 2D<\/div><div class=\"w-tabs-section-control\"><\/div><\/button><div  class=\"w-tabs-section-content\" id=\"content-m7b9\"><div class=\"w-tabs-section-content-h i-cf\"><div class=\"wpb_text_column\"><div class=\"wpb_wrapper\"><p>dla okien, drzwi, schod\u00f3w i dach\u00f3w.<\/p>\n<\/div><\/div><\/div><\/div><\/div><div class=\"w-tabs-section\" id=\"oa01\"><button class=\"w-tabs-section-header with_icon\" aria-controls=\"content-oa01\" aria-expanded=\"false\"><i class=\"fas fa-plus\"><\/i><div class=\"w-tabs-section-title\">Barwna prezentacja \u015bcian<\/div><div class=\"w-tabs-section-control\"><\/div><\/button><div  class=\"w-tabs-section-content\" id=\"content-oa01\"><div class=\"w-tabs-section-content-h i-cf\"><div class=\"wpb_text_column\"><div class=\"wpb_wrapper\"><p>w trybie konstrukcji mo\u017cna dla \u015bcian przyj\u0105\u0107 barwn\u0105 prezentacj\u0119 \u015bcian. Pozwala to \u0142atwo rozr\u00f3\u017cni\u0107 stan istniej\u0105cy, konstrukcje do wyburzenia i stan projektowany<\/p>\n<\/div><\/div><\/div><\/div><\/div><div class=\"w-tabs-section\" id=\"dc48\"><button class=\"w-tabs-section-header with_icon\" aria-controls=\"content-dc48\" aria-expanded=\"false\"><i class=\"fas fa-plus\"><\/i><div class=\"w-tabs-section-title\">Konwerter plik\u00f3w 3DS dla ArCon<\/div><div class=\"w-tabs-section-control\"><\/div><\/button><div  class=\"w-tabs-section-content\" id=\"content-dc48\"><div class=\"w-tabs-section-content-h i-cf\"><div class=\"wpb_text_column\"><div class=\"wpb_wrapper\"><p>Wszystkie obiekty stworzone w programach firmy Autodesk, kt\u00f3re s\u0105\u00a0zapisane jako pliki *.3ds, mozna wczytac za pomoca filtra importu 3DS. Wczytane obiekty s\u0105 \u015bci\u015ble zintegrowane z ArCon i sa automatycznie zarzadzane przez Exploratora ArCon<\/p>\n<\/div><\/div><\/div><\/div><\/div><\/div><\/div><div class=\"w-separator size_small\"><\/div><div class=\"w-actionbox color_primary controls_right\"><div class=\"w-actionbox-text\"><h3 class=\"w-actionbox-title\">ArCon open planTEK in Deutsch kaufen<\/h3><div class=\"w-actionbox-description\"><p>ArCon open planTEK ist nur in den Sprachen <strong>Deutsch und Englisch<\/strong> verf\u00fcgbar.<\/p>\n<\/div><\/div><div class=\"w-actionbox-controls\"><a class=\"w-btn us-btn-style_1\" title=\"ArCon jetzt bestellen\" href=\"https:\/\/www.cleverbridge.com\/1106\/?tracking=arcon&amp;cookie=true&amp;currency=EUR&amp;language=de&amp;cfg=design_2020&amp;scope=checkout&amp;cart=142234\"><span class=\"w-btn-label\">ArCon in Deutsch kaufen<\/span><\/a><\/div><\/div><div class=\"w-separator size_small\"><\/div><div class=\"w-actionbox color_primary controls_right\"><div class=\"w-actionbox-text\"><h3 class=\"w-actionbox-title\">Order ArCon open planTEK in English<\/h3><div class=\"w-actionbox-description\"><p>ArCon open planTEK is available only in the languages <strong>English and German<\/strong>.<\/p>\n<\/div><\/div><div class=\"w-actionbox-controls\"><a class=\"w-btn us-btn-style_1\" title=\"Order ArCon planTEK in English\" href=\"https:\/\/www.cleverbridge.com\/1106\/?tracking=arcon&amp;cookie=true&amp;currency=PLN&amp;language=pl&amp;cfg=design_2020&amp;scope=checkout&amp;cart=147122\"><span class=\"w-btn-label\">Order ArCon in English now<\/span><\/a><\/div><\/div><div class=\"w-separator size_small\"><\/div><\/div><\/div><\/div><\/div><\/section>\n","protected":false},"excerpt":{"rendered":"ArCon open \u2014 wszystkie dodatkowe funkcje ArCon open planTEK \u2014 funkcje podstawowe i rozszerzone Podstawowe funkcje programu ArCon (standardowy zakres programu ArCon) Rozszerzone funkcje programu ArCon open planTEK Rozszerzony zakres zawiera wszystkie funkcje standardowego zakresu i funkcje dodatkowe. Dost\u0119pna u nas wersja ArCon open planTEK zawiera wszystkie wymienione funkcje podstawowe oraz funkcje rozszerzone. Program ArCon...","protected":false},"author":1,"featured_media":0,"parent":0,"menu_order":0,"comment_status":"closed","ping_status":"closed","template":"","meta":{"footnotes":""},"class_list":["post-1015","page","type-page","status-publish","hentry"],"yoast_head":"<!-- This site is optimized with the Yoast SEO plugin v27.4 - https:\/\/yoast.com\/product\/yoast-seo-wordpress\/ -->\n<title>ArCon open \u2014 wszystkie dodatkowe funkcje<\/title>\n<meta name=\"description\" content=\"ArCon - virtual architecture - Polski - rozszerzone funkcje\" \/>\n<meta name=\"robots\" content=\"index, follow, max-snippet:-1, max-image-preview:large, max-video-preview:-1\" \/>\n<link rel=\"canonical\" href=\"https:\/\/www.arcon-software.com\/pl\/arcon_plus\/\" \/>\n<meta property=\"og:locale\" content=\"pl_PL\" \/>\n<meta property=\"og:type\" content=\"article\" \/>\n<meta property=\"og:title\" content=\"ArCon open \u2014 wszystkie dodatkowe funkcje\" \/>\n<meta property=\"og:description\" content=\"ArCon - virtual architecture - Polski - rozszerzone funkcje\" \/>\n<meta property=\"og:url\" content=\"https:\/\/www.arcon-software.com\/pl\/arcon_plus\/\" \/>\n<meta property=\"og:site_name\" content=\"ArCon Software\" \/>\n<meta property=\"article:modified_time\" content=\"2020-07-07T07:58:09+00:00\" \/>\n<meta name=\"twitter:card\" content=\"summary_large_image\" \/>\n<meta name=\"twitter:label1\" content=\"Szacowany czas czytania\" \/>\n\t<meta name=\"twitter:data1\" content=\"5 minut\" \/>\n<script type=\"application\/ld+json\" class=\"yoast-schema-graph\">{\"@context\":\"https:\\\/\\\/schema.org\",\"@graph\":[{\"@type\":\"WebPage\",\"@id\":\"https:\\\/\\\/www.arcon-software.com\\\/pl\\\/arcon_plus\\\/\",\"url\":\"https:\\\/\\\/www.arcon-software.com\\\/pl\\\/arcon_plus\\\/\",\"name\":\"ArCon open \u2014 wszystkie dodatkowe funkcje\",\"isPartOf\":{\"@id\":\"https:\\\/\\\/www.arcon-software.com\\\/pl\\\/#website\"},\"datePublished\":\"2020-05-13T10:15:39+00:00\",\"dateModified\":\"2020-07-07T07:58:09+00:00\",\"description\":\"ArCon - virtual architecture - Polski - rozszerzone funkcje\",\"breadcrumb\":{\"@id\":\"https:\\\/\\\/www.arcon-software.com\\\/pl\\\/arcon_plus\\\/#breadcrumb\"},\"inLanguage\":\"pl-PL\",\"potentialAction\":[{\"@type\":\"ReadAction\",\"target\":[\"https:\\\/\\\/www.arcon-software.com\\\/pl\\\/arcon_plus\\\/\"]}]},{\"@type\":\"BreadcrumbList\",\"@id\":\"https:\\\/\\\/www.arcon-software.com\\\/pl\\\/arcon_plus\\\/#breadcrumb\",\"itemListElement\":[{\"@type\":\"ListItem\",\"position\":1,\"name\":\"Startseite\",\"item\":\"https:\\\/\\\/www.arcon-software.com\\\/pl\\\/arcon_neues\\\/\"},{\"@type\":\"ListItem\",\"position\":2,\"name\":\"ArCon open \u2014 wszystkie dodatkowe funkcje\"}]},{\"@type\":\"WebSite\",\"@id\":\"https:\\\/\\\/www.arcon-software.com\\\/pl\\\/#website\",\"url\":\"https:\\\/\\\/www.arcon-software.com\\\/pl\\\/\",\"name\":\"ArCon Software\",\"description\":\"\",\"publisher\":{\"@id\":\"https:\\\/\\\/www.arcon-software.com\\\/pl\\\/#organization\"},\"potentialAction\":[{\"@type\":\"SearchAction\",\"target\":{\"@type\":\"EntryPoint\",\"urlTemplate\":\"https:\\\/\\\/www.arcon-software.com\\\/pl\\\/?s={search_term_string}\"},\"query-input\":{\"@type\":\"PropertyValueSpecification\",\"valueRequired\":true,\"valueName\":\"search_term_string\"}}],\"inLanguage\":\"pl-PL\"},{\"@type\":\"Organization\",\"@id\":\"https:\\\/\\\/www.arcon-software.com\\\/pl\\\/#organization\",\"name\":\"ArCon Software\",\"url\":\"https:\\\/\\\/www.arcon-software.com\\\/pl\\\/\",\"logo\":{\"@type\":\"ImageObject\",\"inLanguage\":\"pl-PL\",\"@id\":\"https:\\\/\\\/www.arcon-software.com\\\/pl\\\/#\\\/schema\\\/logo\\\/image\\\/\",\"url\":\"https:\\\/\\\/www.arcon-software.com\\\/wp-content\\\/uploads\\\/arcon_plantek24.png\",\"contentUrl\":\"https:\\\/\\\/www.arcon-software.com\\\/wp-content\\\/uploads\\\/arcon_plantek24.png\",\"width\":24,\"height\":24,\"caption\":\"ArCon Software\"},\"image\":{\"@id\":\"https:\\\/\\\/www.arcon-software.com\\\/pl\\\/#\\\/schema\\\/logo\\\/image\\\/\"}}]}<\/script>\n<!-- \/ Yoast SEO plugin. -->","yoast_head_json":{"title":"ArCon open \u2014 wszystkie dodatkowe funkcje","description":"ArCon - virtual architecture - Polski - rozszerzone funkcje","robots":{"index":"index","follow":"follow","max-snippet":"max-snippet:-1","max-image-preview":"max-image-preview:large","max-video-preview":"max-video-preview:-1"},"canonical":"https:\/\/www.arcon-software.com\/pl\/arcon_plus\/","og_locale":"pl_PL","og_type":"article","og_title":"ArCon open \u2014 wszystkie dodatkowe funkcje","og_description":"ArCon - virtual architecture - Polski - rozszerzone funkcje","og_url":"https:\/\/www.arcon-software.com\/pl\/arcon_plus\/","og_site_name":"ArCon Software","article_modified_time":"2020-07-07T07:58:09+00:00","twitter_card":"summary_large_image","twitter_misc":{"Szacowany czas czytania":"5 minut"},"schema":{"@context":"https:\/\/schema.org","@graph":[{"@type":"WebPage","@id":"https:\/\/www.arcon-software.com\/pl\/arcon_plus\/","url":"https:\/\/www.arcon-software.com\/pl\/arcon_plus\/","name":"ArCon open \u2014 wszystkie dodatkowe funkcje","isPartOf":{"@id":"https:\/\/www.arcon-software.com\/pl\/#website"},"datePublished":"2020-05-13T10:15:39+00:00","dateModified":"2020-07-07T07:58:09+00:00","description":"ArCon - virtual architecture - Polski - rozszerzone funkcje","breadcrumb":{"@id":"https:\/\/www.arcon-software.com\/pl\/arcon_plus\/#breadcrumb"},"inLanguage":"pl-PL","potentialAction":[{"@type":"ReadAction","target":["https:\/\/www.arcon-software.com\/pl\/arcon_plus\/"]}]},{"@type":"BreadcrumbList","@id":"https:\/\/www.arcon-software.com\/pl\/arcon_plus\/#breadcrumb","itemListElement":[{"@type":"ListItem","position":1,"name":"Startseite","item":"https:\/\/www.arcon-software.com\/pl\/arcon_neues\/"},{"@type":"ListItem","position":2,"name":"ArCon open \u2014 wszystkie dodatkowe funkcje"}]},{"@type":"WebSite","@id":"https:\/\/www.arcon-software.com\/pl\/#website","url":"https:\/\/www.arcon-software.com\/pl\/","name":"ArCon Software","description":"","publisher":{"@id":"https:\/\/www.arcon-software.com\/pl\/#organization"},"potentialAction":[{"@type":"SearchAction","target":{"@type":"EntryPoint","urlTemplate":"https:\/\/www.arcon-software.com\/pl\/?s={search_term_string}"},"query-input":{"@type":"PropertyValueSpecification","valueRequired":true,"valueName":"search_term_string"}}],"inLanguage":"pl-PL"},{"@type":"Organization","@id":"https:\/\/www.arcon-software.com\/pl\/#organization","name":"ArCon Software","url":"https:\/\/www.arcon-software.com\/pl\/","logo":{"@type":"ImageObject","inLanguage":"pl-PL","@id":"https:\/\/www.arcon-software.com\/pl\/#\/schema\/logo\/image\/","url":"https:\/\/www.arcon-software.com\/wp-content\/uploads\/arcon_plantek24.png","contentUrl":"https:\/\/www.arcon-software.com\/wp-content\/uploads\/arcon_plantek24.png","width":24,"height":24,"caption":"ArCon Software"},"image":{"@id":"https:\/\/www.arcon-software.com\/pl\/#\/schema\/logo\/image\/"}}]}},"_links":{"self":[{"href":"https:\/\/www.arcon-software.com\/pl\/wp-json\/wp\/v2\/pages\/1015","targetHints":{"allow":["GET"]}}],"collection":[{"href":"https:\/\/www.arcon-software.com\/pl\/wp-json\/wp\/v2\/pages"}],"about":[{"href":"https:\/\/www.arcon-software.com\/pl\/wp-json\/wp\/v2\/types\/page"}],"author":[{"embeddable":true,"href":"https:\/\/www.arcon-software.com\/pl\/wp-json\/wp\/v2\/users\/1"}],"replies":[{"embeddable":true,"href":"https:\/\/www.arcon-software.com\/pl\/wp-json\/wp\/v2\/comments?post=1015"}],"version-history":[{"count":0,"href":"https:\/\/www.arcon-software.com\/pl\/wp-json\/wp\/v2\/pages\/1015\/revisions"}],"wp:attachment":[{"href":"https:\/\/www.arcon-software.com\/pl\/wp-json\/wp\/v2\/media?parent=1015"}],"curies":[{"name":"wp","href":"https:\/\/api.w.org\/{rel}","templated":true}]}}