{"id":1067,"date":"2020-05-01T10:38:42","date_gmt":"2020-05-01T08:38:42","guid":{"rendered":"http:\/\/www.arcon-software.de\/arcon_support\/"},"modified":"2020-05-19T15:51:23","modified_gmt":"2020-05-19T13:51:23","slug":"arcon_support","status":"publish","type":"page","link":"https:\/\/www.arcon-software.com\/pl\/arcon_support\/","title":{"rendered":"Pomoc techniczna programu ArCon open [planTEK]"},"content":{"rendered":"<section class=\"l-section wpb_row as-headerbackground0 height_medium\"><div class=\"l-section-h i-cf\"><div class=\"g-cols vc_row via_grid cols_1 laptops-cols_inherit tablets-cols_inherit mobiles-cols_1 valign_bottom type_default stacking_default\"><div class=\"wpb_column vc_column_container\"><div class=\"vc_column-inner\"><\/div><\/div><\/div><\/div><\/section><section class=\"l-section wpb_row height_auto\"><div class=\"l-section-h i-cf\"><div class=\"g-cols vc_row via_grid cols_1 laptops-cols_inherit tablets-cols_inherit mobiles-cols_1 valign_top type_default stacking_default\"><div class=\"wpb_column vc_column_container\"><div class=\"vc_column-inner\"><\/div><\/div><\/div><\/div><\/section><section class=\"l-section wpb_row as-headerbg height_small\" id=\"begin\"><div class=\"l-section-h i-cf\"><div class=\"g-cols vc_row via_grid cols_1 laptops-cols_inherit tablets-cols_inherit mobiles-cols_1 valign_top type_default stacking_default\"><div class=\"wpb_column vc_column_container\"><div class=\"vc_column-inner\"><div class=\"wpb_text_column as-heading1\"><div class=\"wpb_wrapper\"><h1>Pomoc techniczna programu ArCon open [planTEK]<\/h1>\n<\/div><\/div><\/div><\/div><\/div><\/div><\/section><section class=\"l-section wpb_row height_medium\"><div class=\"l-section-h i-cf\"><div class=\"g-cols vc_row via_grid cols_1 laptops-cols_inherit tablets-cols_inherit mobiles-cols_1 valign_top type_default stacking_default\"><div class=\"wpb_column vc_column_container\"><div class=\"vc_column-inner\"><div class=\"wpb_text_column\"><div class=\"wpb_wrapper\"><h2>FAQ\u00b4s &#8211; Pomoc techniczna<\/h2>\n<p>Je\u015bli nie mo\u017cna uruchomi\u0107 poni\u017cszych plik\u00f3w pomocy technicznej w spos\u00f3b prawid\u0142owy, nale\u017cy najpierw zainstalowa\u0107 oprogramowanie Adobe Acrobat Reader. Mo\u017cna je pobra\u0107 bezp\u0142atnie ze strony domowej firmy Adobe.<\/p>\n<\/div><\/div><div class=\"g-cols wpb_row via_grid cols_custom laptops-cols_inherit tablets-cols_inherit mobiles-cols_1 valign_top type_default stacking_default\" style=\"--columns-gap:3rem;--custom-columns:0.5fr 2.5fr 2.5fr 0.5fr \"><div class=\"wpb_column vc_column_container\"><div class=\"vc_column-inner\"><\/div><\/div><div class=\"wpb_column vc_column_container\"><div class=\"vc_column-inner\"><div class=\"w-image align_center\"><a title=\"ArCon Remote Support\" href=\"https:\/\/www.arcon-software.com\/download\/cadvilla_remotesupport_de.exe\" aria-label=\"ArCon Remote Support\" class=\"w-image-h\"><img decoding=\"async\" width=\"174\" height=\"54\" src=\"https:\/\/www.arcon-software.com\/wp-content\/uploads\/quicksupport.png\" class=\"attachment-full size-full\" alt=\"ArCon Remote Support\" loading=\"lazy\" srcset=\"https:\/\/www.arcon-software.com\/wp-content\/uploads\/quicksupport.png 174w, https:\/\/www.arcon-software.com\/wp-content\/uploads\/quicksupport-80x25.png 80w\" sizes=\"auto, (max-width: 174px) 100vw, 174px\" \/><\/a><\/div><div class=\"wpb_text_column\"><div class=\"wpb_wrapper\"><p style=\"text-align: center;\"><em>Aby rozpocz\u0105\u0107 zdaln\u0105 konserwacj\u0119, kliknij na zdj\u0119cie<\/em><\/p>\n<\/div><\/div><\/div><\/div><div class=\"wpb_column vc_column_container\"><div class=\"vc_column-inner\"><div class=\"w-image align_center\"><a title=\"ArCon QuickJoin\" href=\"https:\/\/www.arcon-software.com\/download\/arcon_teamviewer_praesentation.exe\" aria-label=\"ArCon Quickjoin\" class=\"w-image-h\"><img decoding=\"async\" width=\"174\" height=\"54\" src=\"https:\/\/www.arcon-software.com\/wp-content\/uploads\/quickjoin.png\" class=\"attachment-full size-full\" alt=\"\" loading=\"lazy\" srcset=\"https:\/\/www.arcon-software.com\/wp-content\/uploads\/quickjoin.png 174w, https:\/\/www.arcon-software.com\/wp-content\/uploads\/quickjoin-80x25.png 80w\" sizes=\"auto, (max-width: 174px) 100vw, 174px\" \/><\/a><\/div><div class=\"wpb_text_column\"><div class=\"wpb_wrapper\"><p style=\"text-align: center;\"><em>Aby uruchomi\u0107 ArCon QuickJoin, kliknij na zdj\u0119cie<\/em><\/p>\n<\/div><\/div><\/div><\/div><div class=\"wpb_column vc_column_container\"><div class=\"vc_column-inner\"><\/div><\/div><\/div><div class=\"g-cols wpb_row via_grid cols_1 laptops-cols_inherit tablets-cols_inherit mobiles-cols_1 valign_top type_default stacking_default\" style=\"--columns-gap:3rem;\"><div class=\"wpb_column vc_column_container\"><div class=\"vc_column-inner\"><div class=\"w-separator size_medium\"><\/div><div class=\"wpb_text_column\"><div class=\"wpb_wrapper\"><h2>Opis r\u00f3\u017cnych rodzaj\u00f3w pomocy technicznej:<\/h2>\n<ul>\n<li>\n<h3>Filmy szkoleniowe programu ArCon planTEK<\/h3>\n<\/li>\n<\/ul>\n<p style=\"padding-left: 40px;\">Obszerny, internetowy zbi\u00f3r film\u00f3w dotycz\u0105cych obs\u0142ugi programu ArCon planTEK znajduje si\u0119 w serwisie<br \/>\nyoutube na kanale <a href=\"https:\/\/www.youtube.com\/user\/arconplantek\">arcon-software<\/a><\/p>\n<ul>\n<li>\n<h3>W systemie XP lub VISTA nie s\u0105 wy\u015bwietlane r\u00f3\u017cne funkcje<\/h3>\n<\/li>\n<\/ul>\n<p style=\"padding-left: 40px;\">Nie wy\u015bwietla si\u0119 kilka funkcji, jak np. okna i drzwi. Wida\u0107 cz\u0119\u015bciowo np. niebieskie, puste przyciski na pasku menu.<\/p>\n<p style=\"padding-left: 40px;\">Istniej\u0105 2 rozwi\u0105zania tego problemu:<\/p>\n<p style=\"padding-left: 40px;\">Rozwi\u0105zanie 1: Nale\u017cy zmieni\u0107 tryb wy\u015bwietlania w systemie Windows na \u201eKlasyczny Windows\u201d.<\/p>\n<p style=\"padding-left: 40px;\">Rozwi\u0105zanie 2: Nale\u017cy przej\u015b\u0107 do podkatalogu, w kt\u00f3rym zainstalowano program ArCon (np. c:\\programy\\arcon), a nast\u0119pnie do podkatalogu Program. Znajduje si\u0119 tam plik exe programu ArCon. Nale\u017cy klikn\u0105\u0107 ten plik prawym przyciskiem myszy. Nast\u0119pnie nale\u017cy zaznaczy\u0107 opcj\u0119 Wy\u0142\u0105cz kompozycje wizualne w oknie W\u0142a\u015bciwo\u015bci -&gt; Zgodno\u015b\u0107.<\/p>\n<ul>\n<li>\n<h3>Podr\u0119cznik dotycz\u0105cy programu ArCon open planTEK<\/h3>\n<\/li>\n<\/ul>\n<p style=\"padding-left: 40px;\">Aby pobra\u0107 podr\u0119cznik dotycz\u0105cy programu ArCon open planTEK, nale\u017cy klikn\u0105\u0107 tutaj.<\/p>\n<ul>\n<li>\n<h3>Nie ma dost\u0119pu do plik\u00f3w pomocy<\/h3>\n<\/li>\n<\/ul>\n<p style=\"padding-left: 40px;\">Nale\u017cy zainstalowa\u0107 program WinHlp32.exe firmy Microsoft. Plik do pobrania znajduje si\u0119 na stronie firmy Microsoft albo <a href=\"https:\/\/support.microsoft.com\/de-de\/help\/917607\/feature-not-included-help-not-supported-error-opening-help-windows\">tutaj<\/a>.<\/p>\n<\/div><\/div><\/div><\/div><\/div><\/div><\/div><\/div><\/div><\/section>\n","protected":false},"excerpt":{"rendered":"Pomoc techniczna programu ArCon open [planTEK] FAQ\u00b4s &#8211; Pomoc techniczna Je\u015bli nie mo\u017cna uruchomi\u0107 poni\u017cszych plik\u00f3w pomocy technicznej w spos\u00f3b prawid\u0142owy, nale\u017cy najpierw zainstalowa\u0107 oprogramowanie Adobe Acrobat Reader. Mo\u017cna je pobra\u0107 bezp\u0142atnie ze strony domowej firmy Adobe. Aby rozpocz\u0105\u0107 zdaln\u0105 konserwacj\u0119, kliknij na zdj\u0119cie Aby uruchomi\u0107 ArCon QuickJoin, kliknij na zdj\u0119cie Opis r\u00f3\u017cnych rodzaj\u00f3w pomocy...","protected":false},"author":1,"featured_media":0,"parent":0,"menu_order":0,"comment_status":"closed","ping_status":"closed","template":"","meta":{"footnotes":""},"class_list":["post-1067","page","type-page","status-publish","hentry"],"yoast_head":"<!-- This site is optimized with the Yoast SEO plugin v27.4 - https:\/\/yoast.com\/product\/yoast-seo-wordpress\/ -->\n<title>Pomoc techniczna programu ArCon open [planTEK]<\/title>\n<meta name=\"description\" content=\"ArCon - virtual architecture - Polski - Support\" \/>\n<meta name=\"robots\" content=\"index, follow, max-snippet:-1, max-image-preview:large, max-video-preview:-1\" \/>\n<link rel=\"canonical\" href=\"https:\/\/www.arcon-software.com\/pl\/arcon_support\/\" \/>\n<meta property=\"og:locale\" content=\"pl_PL\" \/>\n<meta property=\"og:type\" content=\"article\" \/>\n<meta property=\"og:title\" content=\"Pomoc techniczna programu ArCon open [planTEK]\" \/>\n<meta property=\"og:description\" content=\"ArCon - virtual architecture - Polski - Support\" \/>\n<meta property=\"og:url\" content=\"https:\/\/www.arcon-software.com\/pl\/arcon_support\/\" \/>\n<meta property=\"og:site_name\" content=\"ArCon Software\" \/>\n<meta property=\"article:modified_time\" content=\"2020-05-19T13:51:23+00:00\" \/>\n<meta name=\"twitter:card\" content=\"summary_large_image\" \/>\n<meta name=\"twitter:label1\" content=\"Szacowany czas czytania\" \/>\n\t<meta name=\"twitter:data1\" content=\"2 minuty\" \/>\n<script type=\"application\/ld+json\" class=\"yoast-schema-graph\">{\"@context\":\"https:\\\/\\\/schema.org\",\"@graph\":[{\"@type\":\"WebPage\",\"@id\":\"https:\\\/\\\/www.arcon-software.com\\\/pl\\\/arcon_support\\\/\",\"url\":\"https:\\\/\\\/www.arcon-software.com\\\/pl\\\/arcon_support\\\/\",\"name\":\"Pomoc techniczna programu ArCon open [planTEK]\",\"isPartOf\":{\"@id\":\"https:\\\/\\\/www.arcon-software.com\\\/pl\\\/#website\"},\"datePublished\":\"2020-05-01T08:38:42+00:00\",\"dateModified\":\"2020-05-19T13:51:23+00:00\",\"description\":\"ArCon - virtual architecture - Polski - Support\",\"breadcrumb\":{\"@id\":\"https:\\\/\\\/www.arcon-software.com\\\/pl\\\/arcon_support\\\/#breadcrumb\"},\"inLanguage\":\"pl-PL\",\"potentialAction\":[{\"@type\":\"ReadAction\",\"target\":[\"https:\\\/\\\/www.arcon-software.com\\\/pl\\\/arcon_support\\\/\"]}]},{\"@type\":\"BreadcrumbList\",\"@id\":\"https:\\\/\\\/www.arcon-software.com\\\/pl\\\/arcon_support\\\/#breadcrumb\",\"itemListElement\":[{\"@type\":\"ListItem\",\"position\":1,\"name\":\"Startseite\",\"item\":\"https:\\\/\\\/www.arcon-software.com\\\/pl\\\/arcon_neues\\\/\"},{\"@type\":\"ListItem\",\"position\":2,\"name\":\"Pomoc techniczna programu ArCon open [planTEK]\"}]},{\"@type\":\"WebSite\",\"@id\":\"https:\\\/\\\/www.arcon-software.com\\\/pl\\\/#website\",\"url\":\"https:\\\/\\\/www.arcon-software.com\\\/pl\\\/\",\"name\":\"ArCon Software\",\"description\":\"\",\"publisher\":{\"@id\":\"https:\\\/\\\/www.arcon-software.com\\\/pl\\\/#organization\"},\"potentialAction\":[{\"@type\":\"SearchAction\",\"target\":{\"@type\":\"EntryPoint\",\"urlTemplate\":\"https:\\\/\\\/www.arcon-software.com\\\/pl\\\/?s={search_term_string}\"},\"query-input\":{\"@type\":\"PropertyValueSpecification\",\"valueRequired\":true,\"valueName\":\"search_term_string\"}}],\"inLanguage\":\"pl-PL\"},{\"@type\":\"Organization\",\"@id\":\"https:\\\/\\\/www.arcon-software.com\\\/pl\\\/#organization\",\"name\":\"ArCon Software\",\"url\":\"https:\\\/\\\/www.arcon-software.com\\\/pl\\\/\",\"logo\":{\"@type\":\"ImageObject\",\"inLanguage\":\"pl-PL\",\"@id\":\"https:\\\/\\\/www.arcon-software.com\\\/pl\\\/#\\\/schema\\\/logo\\\/image\\\/\",\"url\":\"https:\\\/\\\/www.arcon-software.com\\\/wp-content\\\/uploads\\\/arcon_plantek24.png\",\"contentUrl\":\"https:\\\/\\\/www.arcon-software.com\\\/wp-content\\\/uploads\\\/arcon_plantek24.png\",\"width\":24,\"height\":24,\"caption\":\"ArCon Software\"},\"image\":{\"@id\":\"https:\\\/\\\/www.arcon-software.com\\\/pl\\\/#\\\/schema\\\/logo\\\/image\\\/\"}}]}<\/script>\n<!-- \/ Yoast SEO plugin. -->","yoast_head_json":{"title":"Pomoc techniczna programu ArCon open [planTEK]","description":"ArCon - virtual architecture - Polski - Support","robots":{"index":"index","follow":"follow","max-snippet":"max-snippet:-1","max-image-preview":"max-image-preview:large","max-video-preview":"max-video-preview:-1"},"canonical":"https:\/\/www.arcon-software.com\/pl\/arcon_support\/","og_locale":"pl_PL","og_type":"article","og_title":"Pomoc techniczna programu ArCon open [planTEK]","og_description":"ArCon - virtual architecture - Polski - Support","og_url":"https:\/\/www.arcon-software.com\/pl\/arcon_support\/","og_site_name":"ArCon Software","article_modified_time":"2020-05-19T13:51:23+00:00","twitter_card":"summary_large_image","twitter_misc":{"Szacowany czas czytania":"2 minuty"},"schema":{"@context":"https:\/\/schema.org","@graph":[{"@type":"WebPage","@id":"https:\/\/www.arcon-software.com\/pl\/arcon_support\/","url":"https:\/\/www.arcon-software.com\/pl\/arcon_support\/","name":"Pomoc techniczna programu ArCon open [planTEK]","isPartOf":{"@id":"https:\/\/www.arcon-software.com\/pl\/#website"},"datePublished":"2020-05-01T08:38:42+00:00","dateModified":"2020-05-19T13:51:23+00:00","description":"ArCon - virtual architecture - Polski - Support","breadcrumb":{"@id":"https:\/\/www.arcon-software.com\/pl\/arcon_support\/#breadcrumb"},"inLanguage":"pl-PL","potentialAction":[{"@type":"ReadAction","target":["https:\/\/www.arcon-software.com\/pl\/arcon_support\/"]}]},{"@type":"BreadcrumbList","@id":"https:\/\/www.arcon-software.com\/pl\/arcon_support\/#breadcrumb","itemListElement":[{"@type":"ListItem","position":1,"name":"Startseite","item":"https:\/\/www.arcon-software.com\/pl\/arcon_neues\/"},{"@type":"ListItem","position":2,"name":"Pomoc techniczna programu ArCon open [planTEK]"}]},{"@type":"WebSite","@id":"https:\/\/www.arcon-software.com\/pl\/#website","url":"https:\/\/www.arcon-software.com\/pl\/","name":"ArCon Software","description":"","publisher":{"@id":"https:\/\/www.arcon-software.com\/pl\/#organization"},"potentialAction":[{"@type":"SearchAction","target":{"@type":"EntryPoint","urlTemplate":"https:\/\/www.arcon-software.com\/pl\/?s={search_term_string}"},"query-input":{"@type":"PropertyValueSpecification","valueRequired":true,"valueName":"search_term_string"}}],"inLanguage":"pl-PL"},{"@type":"Organization","@id":"https:\/\/www.arcon-software.com\/pl\/#organization","name":"ArCon Software","url":"https:\/\/www.arcon-software.com\/pl\/","logo":{"@type":"ImageObject","inLanguage":"pl-PL","@id":"https:\/\/www.arcon-software.com\/pl\/#\/schema\/logo\/image\/","url":"https:\/\/www.arcon-software.com\/wp-content\/uploads\/arcon_plantek24.png","contentUrl":"https:\/\/www.arcon-software.com\/wp-content\/uploads\/arcon_plantek24.png","width":24,"height":24,"caption":"ArCon Software"},"image":{"@id":"https:\/\/www.arcon-software.com\/pl\/#\/schema\/logo\/image\/"}}]}},"_links":{"self":[{"href":"https:\/\/www.arcon-software.com\/pl\/wp-json\/wp\/v2\/pages\/1067","targetHints":{"allow":["GET"]}}],"collection":[{"href":"https:\/\/www.arcon-software.com\/pl\/wp-json\/wp\/v2\/pages"}],"about":[{"href":"https:\/\/www.arcon-software.com\/pl\/wp-json\/wp\/v2\/types\/page"}],"author":[{"embeddable":true,"href":"https:\/\/www.arcon-software.com\/pl\/wp-json\/wp\/v2\/users\/1"}],"replies":[{"embeddable":true,"href":"https:\/\/www.arcon-software.com\/pl\/wp-json\/wp\/v2\/comments?post=1067"}],"version-history":[{"count":0,"href":"https:\/\/www.arcon-software.com\/pl\/wp-json\/wp\/v2\/pages\/1067\/revisions"}],"wp:attachment":[{"href":"https:\/\/www.arcon-software.com\/pl\/wp-json\/wp\/v2\/media?parent=1067"}],"curies":[{"name":"wp","href":"https:\/\/api.w.org\/{rel}","templated":true}]}}